{"id":5329,"date":"2025-05-09T16:20:55","date_gmt":"2025-05-09T14:20:55","guid":{"rendered":"https:\/\/derpsairer.it\/produkt\/aceto-balsamico-di-modena-igp-valpanaro\/"},"modified":"2025-11-04T11:07:50","modified_gmt":"2025-11-04T10:07:50","slug":"aceto-balsamico-di-modena-igp-valpanaro","status":"publish","type":"product","link":"https:\/\/derpsairer.it\/it\/produkt\/aceto-balsamico-di-modena-igp-valpanaro\/","title":{"rendered":"Aceto Balsamico di Modena IGP ValPanaro"},"content":{"rendered":"<p data-start=\"346\" data-end=\"647\">L&#8217;<strong data-start=\"381\" data-end=\"424\">Aceto Balsamico di Modena IGP ValPanaro<\/strong> \u00e8 una pregiata specialit\u00e0 di aceto di Modena, prodotto secondo il metodo tradizionale. Grazie all&#8217;invecchiamento in botti di legno, acquisisce il suo armonioso equilibrio tra dolcezza e acidit\u00e0 e un aroma intenso e rotondo.<\/p>\n<p data-start=\"649\" data-end=\"799\">Perfetto per insalate, verdure grigliate, carne, formaggi o persino dessert \u2013 questo balsamico conferisce a ogni piatto una nota elegante e italiana.<\/p>\n<ul>\n<li>profumo intenso, sapore pieno, acidulo nel finale<\/li>\n<li>ideale per insalate di ogni tipo<\/li>\n<li>conservato per circa 2 mesi in botti di rovere<\/li>\n<li>non contiene conservanti o coloranti<\/li>\n<li>da uve 100% italiane<\/li>\n<li>Certificato IGP (IGP)<\/li>\n<li>naturalmente senza glutine<\/li>\n<\/ul>\n<p>Contenuto: 250 ml \u2013 500 ml<\/p>\n","protected":false},"excerpt":{"rendered":"<article class=\"text-token-text-primary w-full focus:outline-none [--shadow-height:45px] has-data-writing-block:pointer-events-none has-data-writing-block:-mt-(--shadow-height) has-data-writing-block:pt-(--shadow-height) [&amp;:has([data-writing-block])&gt;*]:pointer-events-auto [content-visibility:auto] supports-[content-visibility:auto]:[contain-intrinsic-size:auto_100lvh] scroll-mt-[calc(var(--header-height)+min(200px,max(70px,20svh)))]\" dir=\"auto\" tabindex=\"-1\" data-turn-id=\"request-WEB:b1799254-2204-4d87-a4ad-e21e8c7eefe4-37\" data-testid=\"conversation-turn-54\" data-scroll-anchor=\"true\" data-turn=\"assistant\">\n<div class=\"text-base my-auto mx-auto pb-10 [--thread-content-margin:--spacing(4)] thread-sm:[--thread-content-margin:--spacing(6)] thread-lg:[--thread-content-margin:--spacing(16)] px-(--thread-content-margin)\">\n<div class=\"[--thread-content-max-width:40rem] thread-lg:[--thread-content-max-width:48rem] mx-auto max-w-(--thread-content-max-width) flex-1 group\/turn-messages focus-visible:outline-hidden relative flex w-full min-w-0 flex-col agent-turn\" tabindex=\"-1\">\n<div class=\"flex max-w-full flex-col grow\">\n<div class=\"min-h-8 text-message relative flex w-full flex-col items-end gap-2 text-start break-words whitespace-normal [.text-message+&amp;]:mt-1\" dir=\"auto\" data-message-author-role=\"assistant\" data-message-id=\"d7ac01f2-98b5-4ae3-bc58-88d905d3590b\" data-message-model-slug=\"gpt-5\">\n<div class=\"flex w-full flex-col gap-1 empty:hidden first:pt-[1px]\">\n<div class=\"markdown prose dark:prose-invert w-full break-words dark markdown-new-styling\">\n<ul data-start=\"801\" data-end=\"988\" data-is-last-node=\"\" data-is-only-node=\"\">\n<li data-start=\"819\" data-end=\"848\">\n<p data-start=\"821\" data-end=\"848\">Origine: Modena, Italia<\/p>\n<\/li>\n<li data-start=\"849\" data-end=\"889\">\n<p data-start=\"851\" data-end=\"889\">Indicazione Geografica Protetta (IGP)<\/p>\n<\/li>\n<li data-start=\"890\" data-end=\"933\">\n<p data-start=\"892\" data-end=\"933\">Invecchiato in botti di legno per un aroma pieno<\/p>\n<\/li>\n<li data-start=\"934\" data-end=\"988\" data-is-last-node=\"\">\n<p data-start=\"936\" data-end=\"988\" data-is-last-node=\"\">Versatile in piatti freddi e caldi<\/p>\n<\/li>\n<\/ul>\n<\/div>\n<\/div>\n<\/div>\n<\/div>\n<\/div>\n<\/div>\n<\/article>\n<div class=\"pointer-events-none h-px w-px\" aria-hidden=\"true\" data-edge=\"true\"><\/div>\n","protected":false},"featured_media":5715,"template":"","meta":[],"product_brand":[],"product_cat":[191],"product_tag":[2188,1787,1777,2563,2187,282,2434,2192,1784,1676],"class_list":{"0":"post-5329","1":"product","2":"type-product","3":"status-publish","4":"has-post-thumbnail","6":"product_cat-altre-delizie","7":"product_tag-aceto","8":"product_tag-agrodolce","9":"product_tag-balsamico","10":"product_tag-botte-di-legno","11":"product_tag-condimento-2","12":"product_tag-feinkost","13":"product_tag-igp","14":"product_tag-insalata","15":"product_tag-modena","16":"product_tag-specialita-italiana-2","18":"first","19":"instock","20":"shipping-taxable","21":"purchasable","22":"product-type-variable","23":"has-default-attributes"},"yoast_head":"<!-- This site is optimized with the Yoast SEO plugin v27.4 - https:\/\/yoast.com\/product\/yoast-seo-wordpress\/ -->\n<title>Aceto Balsamico di Modena IGP \u2013 Specialit\u00e0 di aceto ValPanaro - Der Psairer - Speck, Wurst, K\u00e4se<\/title>\n<meta name=\"description\" content=\"Aceto Balsamico di Modena IGP \u2013 pregiato balsamico ValPanaro di Modena. Corposo, equilibrato e ideale per insalate, carne e formaggi.\" \/>\n<meta name=\"robots\" content=\"index, follow, max-snippet:-1, max-image-preview:large, max-video-preview:-1\" \/>\n<link rel=\"canonical\" href=\"https:\/\/derpsairer.it\/it\/produkt\/aceto-balsamico-di-modena-igp-valpanaro\/\" \/>\n<meta property=\"og:locale\" content=\"it_IT\" \/>\n<meta property=\"og:type\" content=\"article\" \/>\n<meta property=\"og:title\" content=\"Aceto Balsamico di Modena IGP \u2013 Specialit\u00e0 di aceto ValPanaro - Der Psairer - Speck, Wurst, K\u00e4se\" \/>\n<meta property=\"og:description\" content=\"Aceto Balsamico di Modena IGP \u2013 pregiato balsamico ValPanaro di Modena. Corposo, equilibrato e ideale per insalate, carne e formaggi.\" \/>\n<meta property=\"og:url\" content=\"https:\/\/derpsairer.it\/it\/produkt\/aceto-balsamico-di-modena-igp-valpanaro\/\" \/>\n<meta property=\"og:site_name\" content=\"Der Psairer - Speck, Wurst, K\u00e4se\" \/>\n<meta property=\"article:publisher\" content=\"https:\/\/www.facebook.com\/profile.php?id=100063648246860\" \/>\n<meta property=\"article:modified_time\" content=\"2025-11-04T10:07:50+00:00\" \/>\n<meta property=\"og:image\" content=\"https:\/\/derpsairer.it\/wp-22\/wp-content\/uploads\/2025\/05\/aceto-balsamico-di-modena-igp-valpanaro-500-ml.webp\" \/>\n\t<meta property=\"og:image:width\" content=\"1200\" \/>\n\t<meta property=\"og:image:height\" content=\"1200\" \/>\n\t<meta property=\"og:image:type\" content=\"image\/webp\" \/>\n<script type=\"application\/ld+json\" class=\"yoast-schema-graph\">{\"@context\":\"https:\\\/\\\/schema.org\",\"@graph\":[{\"@type\":\"WebPage\",\"@id\":\"https:\\\/\\\/derpsairer.it\\\/it\\\/produkt\\\/aceto-balsamico-di-modena-igp-valpanaro\\\/\",\"url\":\"https:\\\/\\\/derpsairer.it\\\/it\\\/produkt\\\/aceto-balsamico-di-modena-igp-valpanaro\\\/\",\"name\":\"Aceto Balsamico di Modena IGP \u2013 Specialit\u00e0 di aceto ValPanaro - Der Psairer - Speck, Wurst, K\u00e4se\",\"isPartOf\":{\"@id\":\"https:\\\/\\\/derpsairer.it\\\/it\\\/#website\"},\"primaryImageOfPage\":{\"@id\":\"https:\\\/\\\/derpsairer.it\\\/it\\\/produkt\\\/aceto-balsamico-di-modena-igp-valpanaro\\\/#primaryimage\"},\"image\":{\"@id\":\"https:\\\/\\\/derpsairer.it\\\/it\\\/produkt\\\/aceto-balsamico-di-modena-igp-valpanaro\\\/#primaryimage\"},\"thumbnailUrl\":\"https:\\\/\\\/derpsairer.it\\\/wp-22\\\/wp-content\\\/uploads\\\/2025\\\/05\\\/aceto-balsamico-di-modena-igp-valpanaro-500-ml.webp\",\"datePublished\":\"2025-05-09T14:20:55+00:00\",\"dateModified\":\"2025-11-04T10:07:50+00:00\",\"description\":\"Aceto Balsamico di Modena IGP \u2013 pregiato balsamico ValPanaro di Modena. Corposo, equilibrato e ideale per insalate, carne e formaggi.\",\"breadcrumb\":{\"@id\":\"https:\\\/\\\/derpsairer.it\\\/it\\\/produkt\\\/aceto-balsamico-di-modena-igp-valpanaro\\\/#breadcrumb\"},\"inLanguage\":\"it-IT\",\"potentialAction\":[{\"@type\":\"ReadAction\",\"target\":[\"https:\\\/\\\/derpsairer.it\\\/it\\\/produkt\\\/aceto-balsamico-di-modena-igp-valpanaro\\\/\"]}]},{\"@type\":\"ImageObject\",\"inLanguage\":\"it-IT\",\"@id\":\"https:\\\/\\\/derpsairer.it\\\/it\\\/produkt\\\/aceto-balsamico-di-modena-igp-valpanaro\\\/#primaryimage\",\"url\":\"https:\\\/\\\/derpsairer.it\\\/wp-22\\\/wp-content\\\/uploads\\\/2025\\\/05\\\/aceto-balsamico-di-modena-igp-valpanaro-500-ml.webp\",\"contentUrl\":\"https:\\\/\\\/derpsairer.it\\\/wp-22\\\/wp-content\\\/uploads\\\/2025\\\/05\\\/aceto-balsamico-di-modena-igp-valpanaro-500-ml.webp\",\"width\":1200,\"height\":1200},{\"@type\":\"BreadcrumbList\",\"@id\":\"https:\\\/\\\/derpsairer.it\\\/it\\\/produkt\\\/aceto-balsamico-di-modena-igp-valpanaro\\\/#breadcrumb\",\"itemListElement\":[{\"@type\":\"ListItem\",\"position\":1,\"name\":\"Home\",\"item\":\"https:\\\/\\\/derpsairer.it\\\/it\\\/il-negozio-di-speck-der-psairer\\\/\"},{\"@type\":\"ListItem\",\"position\":2,\"name\":\"Shop\",\"item\":\"https:\\\/\\\/derpsairer.it\\\/shop\\\/\"},{\"@type\":\"ListItem\",\"position\":3,\"name\":\"Aceto Balsamico di Modena IGP ValPanaro\"}]},{\"@type\":\"WebSite\",\"@id\":\"https:\\\/\\\/derpsairer.it\\\/it\\\/#website\",\"url\":\"https:\\\/\\\/derpsairer.it\\\/it\\\/\",\"name\":\"Der Psairer - Speck, Wurst, K\u00e4se\",\"description\":\"Speck, Wurst und K\u00e4s aus Passeiertal in S\u00fcdtirol online bestellen.\",\"publisher\":{\"@id\":\"https:\\\/\\\/derpsairer.it\\\/it\\\/#organization\"},\"potentialAction\":[{\"@type\":\"SearchAction\",\"target\":{\"@type\":\"EntryPoint\",\"urlTemplate\":\"https:\\\/\\\/derpsairer.it\\\/it\\\/?s={search_term_string}\"},\"query-input\":{\"@type\":\"PropertyValueSpecification\",\"valueRequired\":true,\"valueName\":\"search_term_string\"}}],\"inLanguage\":\"it-IT\"},{\"@type\":\"Organization\",\"@id\":\"https:\\\/\\\/derpsairer.it\\\/it\\\/#organization\",\"name\":\"Der Psairer - Speck, Wurst, K\u00e4se\",\"url\":\"https:\\\/\\\/derpsairer.it\\\/it\\\/\",\"logo\":{\"@type\":\"ImageObject\",\"inLanguage\":\"it-IT\",\"@id\":\"https:\\\/\\\/derpsairer.it\\\/it\\\/#\\\/schema\\\/logo\\\/image\\\/\",\"url\":\"https:\\\/\\\/derpsairer.it\\\/wp-22\\\/wp-content\\\/uploads\\\/2020\\\/03\\\/DER-PSAIRER-LOGO-2x.png\",\"contentUrl\":\"https:\\\/\\\/derpsairer.it\\\/wp-22\\\/wp-content\\\/uploads\\\/2020\\\/03\\\/DER-PSAIRER-LOGO-2x.png\",\"width\":500,\"height\":500,\"caption\":\"Der Psairer - Speck, Wurst, K\u00e4se\"},\"image\":{\"@id\":\"https:\\\/\\\/derpsairer.it\\\/it\\\/#\\\/schema\\\/logo\\\/image\\\/\"},\"sameAs\":[\"https:\\\/\\\/www.facebook.com\\\/profile.php?id=100063648246860\"]}]}<\/script>\n<!-- \/ Yoast SEO plugin. -->","yoast_head_json":{"title":"Aceto Balsamico di Modena IGP \u2013 Specialit\u00e0 di aceto ValPanaro - Der Psairer - Speck, Wurst, K\u00e4se","description":"Aceto Balsamico di Modena IGP \u2013 pregiato balsamico ValPanaro di Modena. Corposo, equilibrato e ideale per insalate, carne e formaggi.","robots":{"index":"index","follow":"follow","max-snippet":"max-snippet:-1","max-image-preview":"max-image-preview:large","max-video-preview":"max-video-preview:-1"},"canonical":"https:\/\/derpsairer.it\/it\/produkt\/aceto-balsamico-di-modena-igp-valpanaro\/","og_locale":"it_IT","og_type":"article","og_title":"Aceto Balsamico di Modena IGP \u2013 Specialit\u00e0 di aceto ValPanaro - Der Psairer - Speck, Wurst, K\u00e4se","og_description":"Aceto Balsamico di Modena IGP \u2013 pregiato balsamico ValPanaro di Modena. Corposo, equilibrato e ideale per insalate, carne e formaggi.","og_url":"https:\/\/derpsairer.it\/it\/produkt\/aceto-balsamico-di-modena-igp-valpanaro\/","og_site_name":"Der Psairer - Speck, Wurst, K\u00e4se","article_publisher":"https:\/\/www.facebook.com\/profile.php?id=100063648246860","article_modified_time":"2025-11-04T10:07:50+00:00","og_image":[{"width":1200,"height":1200,"url":"https:\/\/derpsairer.it\/wp-22\/wp-content\/uploads\/2025\/05\/aceto-balsamico-di-modena-igp-valpanaro-500-ml.webp","type":"image\/webp"}],"schema":{"@context":"https:\/\/schema.org","@graph":[{"@type":"WebPage","@id":"https:\/\/derpsairer.it\/it\/produkt\/aceto-balsamico-di-modena-igp-valpanaro\/","url":"https:\/\/derpsairer.it\/it\/produkt\/aceto-balsamico-di-modena-igp-valpanaro\/","name":"Aceto Balsamico di Modena IGP \u2013 Specialit\u00e0 di aceto ValPanaro - Der Psairer - Speck, Wurst, K\u00e4se","isPartOf":{"@id":"https:\/\/derpsairer.it\/it\/#website"},"primaryImageOfPage":{"@id":"https:\/\/derpsairer.it\/it\/produkt\/aceto-balsamico-di-modena-igp-valpanaro\/#primaryimage"},"image":{"@id":"https:\/\/derpsairer.it\/it\/produkt\/aceto-balsamico-di-modena-igp-valpanaro\/#primaryimage"},"thumbnailUrl":"https:\/\/derpsairer.it\/wp-22\/wp-content\/uploads\/2025\/05\/aceto-balsamico-di-modena-igp-valpanaro-500-ml.webp","datePublished":"2025-05-09T14:20:55+00:00","dateModified":"2025-11-04T10:07:50+00:00","description":"Aceto Balsamico di Modena IGP \u2013 pregiato balsamico ValPanaro di Modena. Corposo, equilibrato e ideale per insalate, carne e formaggi.","breadcrumb":{"@id":"https:\/\/derpsairer.it\/it\/produkt\/aceto-balsamico-di-modena-igp-valpanaro\/#breadcrumb"},"inLanguage":"it-IT","potentialAction":[{"@type":"ReadAction","target":["https:\/\/derpsairer.it\/it\/produkt\/aceto-balsamico-di-modena-igp-valpanaro\/"]}]},{"@type":"ImageObject","inLanguage":"it-IT","@id":"https:\/\/derpsairer.it\/it\/produkt\/aceto-balsamico-di-modena-igp-valpanaro\/#primaryimage","url":"https:\/\/derpsairer.it\/wp-22\/wp-content\/uploads\/2025\/05\/aceto-balsamico-di-modena-igp-valpanaro-500-ml.webp","contentUrl":"https:\/\/derpsairer.it\/wp-22\/wp-content\/uploads\/2025\/05\/aceto-balsamico-di-modena-igp-valpanaro-500-ml.webp","width":1200,"height":1200},{"@type":"BreadcrumbList","@id":"https:\/\/derpsairer.it\/it\/produkt\/aceto-balsamico-di-modena-igp-valpanaro\/#breadcrumb","itemListElement":[{"@type":"ListItem","position":1,"name":"Home","item":"https:\/\/derpsairer.it\/it\/il-negozio-di-speck-der-psairer\/"},{"@type":"ListItem","position":2,"name":"Shop","item":"https:\/\/derpsairer.it\/shop\/"},{"@type":"ListItem","position":3,"name":"Aceto Balsamico di Modena IGP ValPanaro"}]},{"@type":"WebSite","@id":"https:\/\/derpsairer.it\/it\/#website","url":"https:\/\/derpsairer.it\/it\/","name":"Der Psairer - Speck, Wurst, K\u00e4se","description":"Speck, Wurst und K\u00e4s aus Passeiertal in S\u00fcdtirol online bestellen.","publisher":{"@id":"https:\/\/derpsairer.it\/it\/#organization"},"potentialAction":[{"@type":"SearchAction","target":{"@type":"EntryPoint","urlTemplate":"https:\/\/derpsairer.it\/it\/?s={search_term_string}"},"query-input":{"@type":"PropertyValueSpecification","valueRequired":true,"valueName":"search_term_string"}}],"inLanguage":"it-IT"},{"@type":"Organization","@id":"https:\/\/derpsairer.it\/it\/#organization","name":"Der Psairer - Speck, Wurst, K\u00e4se","url":"https:\/\/derpsairer.it\/it\/","logo":{"@type":"ImageObject","inLanguage":"it-IT","@id":"https:\/\/derpsairer.it\/it\/#\/schema\/logo\/image\/","url":"https:\/\/derpsairer.it\/wp-22\/wp-content\/uploads\/2020\/03\/DER-PSAIRER-LOGO-2x.png","contentUrl":"https:\/\/derpsairer.it\/wp-22\/wp-content\/uploads\/2020\/03\/DER-PSAIRER-LOGO-2x.png","width":500,"height":500,"caption":"Der Psairer - Speck, Wurst, K\u00e4se"},"image":{"@id":"https:\/\/derpsairer.it\/it\/#\/schema\/logo\/image\/"},"sameAs":["https:\/\/www.facebook.com\/profile.php?id=100063648246860"]}]}},"_links":{"self":[{"href":"https:\/\/derpsairer.it\/it\/wp-json\/wp\/v2\/product\/5329","targetHints":{"allow":["GET"]}}],"collection":[{"href":"https:\/\/derpsairer.it\/it\/wp-json\/wp\/v2\/product"}],"about":[{"href":"https:\/\/derpsairer.it\/it\/wp-json\/wp\/v2\/types\/product"}],"wp:featuredmedia":[{"embeddable":true,"href":"https:\/\/derpsairer.it\/it\/wp-json\/wp\/v2\/media\/5715"}],"wp:attachment":[{"href":"https:\/\/derpsairer.it\/it\/wp-json\/wp\/v2\/media?parent=5329"}],"wp:term":[{"taxonomy":"product_brand","embeddable":true,"href":"https:\/\/derpsairer.it\/it\/wp-json\/wp\/v2\/product_brand?post=5329"},{"taxonomy":"product_cat","embeddable":true,"href":"https:\/\/derpsairer.it\/it\/wp-json\/wp\/v2\/product_cat?post=5329"},{"taxonomy":"product_tag","embeddable":true,"href":"https:\/\/derpsairer.it\/it\/wp-json\/wp\/v2\/product_tag?post=5329"}],"curies":[{"name":"wp","href":"https:\/\/api.w.org\/{rel}","templated":true}]}}