{"id":5330,"date":"2025-05-09T15:17:30","date_gmt":"2025-05-09T13:17:30","guid":{"rendered":"https:\/\/derpsairer.it\/produkt\/sugo-con-nduja-calabrese\/"},"modified":"2025-12-03T17:17:01","modified_gmt":"2025-12-03T16:17:01","slug":"sugo-con-nduja-calabrese","status":"publish","type":"product","link":"https:\/\/derpsairer.it\/it\/produkt\/sugo-con-nduja-calabrese\/","title":{"rendered":"Sugo con Nduja \u2013 salsa di pomodoro piccante"},"content":{"rendered":"<p data-start=\"53\" data-end=\"445\">Questo sugo con Nduja unisce pomodori maturati al sole, olio d&#8217;oliva di alta qualit\u00e0, cipolle e Nduja calabrese originale per creare una salsa aromatica e saporita. La consistenza cremosa e il profilo deciso e piccante la rendono ideale per pasta, gnocchi o come base intensa per la pizza. Un&#8217;autentica specialit\u00e0 con una spiccata piccantezza e un fresco profumo di pomodoro.  <\/p>\n<ul>\n<li>Contenuto: 330 g.<\/li>\n<\/ul>\n","protected":false},"excerpt":{"rendered":"<p>\u2022 Salsa piccante<br data-start=\"832\" data-end=\"835\">\u2022 Consistenza cremosa<br data-start=\"851\" data-end=\"854\">\u2022 Nduja originale<br data-start=\"870\" data-end=\"873\">\u2022 Ideale per la pasta<br data-start=\"890\" data-end=\"893\">\u2022 Profumo aromatico di pomodoro<\/p>\n","protected":false},"featured_media":5333,"template":"","meta":[],"product_brand":[],"product_cat":[191],"product_tag":[2359,530,282,2942,1677,1845,556,702,1679,705],"class_list":{"0":"post-5330","1":"product","2":"type-product","3":"status-publish","4":"has-post-thumbnail","6":"product_cat-altre-delizie","7":"product_tag-calabria","8":"product_tag-cucina-mediterranea","9":"product_tag-feinkost","10":"product_tag-gnocchi","11":"product_tag-nduja","12":"product_tag-piccante-2","13":"product_tag-salsa-di-pomodoro","14":"product_tag-salsa-per-pasta-3","15":"product_tag-saporito","16":"product_tag-sugo","18":"first","19":"instock","20":"shipping-taxable","21":"purchasable","22":"product-type-simple"},"yoast_head":"<!-- This site is optimized with the Yoast SEO plugin v27.4 - https:\/\/yoast.com\/product\/yoast-seo-wordpress\/ -->\n<title>Sugo con Nduja \u2013 Salsa piccante dalla Calabria - Der Psairer - Speck, Wurst, K\u00e4se<\/title>\n<meta name=\"description\" content=\"Sugo con Nduja \u2013 salsa saporita e piccante dalla Calabria con Nduja piccante. Perfetto per la pasta per i veri amanti della cucina italiana.\" \/>\n<meta name=\"robots\" content=\"index, follow, max-snippet:-1, max-image-preview:large, max-video-preview:-1\" \/>\n<link rel=\"canonical\" href=\"https:\/\/derpsairer.it\/it\/produkt\/sugo-con-nduja-calabrese\/\" \/>\n<meta property=\"og:locale\" content=\"it_IT\" \/>\n<meta property=\"og:type\" content=\"article\" \/>\n<meta property=\"og:title\" content=\"Sugo con Nduja \u2013 Salsa piccante dalla Calabria - Der Psairer - Speck, Wurst, K\u00e4se\" \/>\n<meta property=\"og:description\" content=\"Sugo con Nduja \u2013 salsa saporita e piccante dalla Calabria con Nduja piccante. Perfetto per la pasta per i veri amanti della cucina italiana.\" \/>\n<meta property=\"og:url\" content=\"https:\/\/derpsairer.it\/it\/produkt\/sugo-con-nduja-calabrese\/\" \/>\n<meta property=\"og:site_name\" content=\"Der Psairer - Speck, Wurst, K\u00e4se\" \/>\n<meta property=\"article:publisher\" content=\"https:\/\/www.facebook.com\/profile.php?id=100063648246860\" \/>\n<meta property=\"article:modified_time\" content=\"2025-12-03T16:17:01+00:00\" \/>\n<meta property=\"og:image\" content=\"https:\/\/derpsairer.it\/wp-22\/wp-content\/uploads\/2025\/05\/pronto-sugo-mit-nduja-calabrese-330-g.webp\" \/>\n\t<meta property=\"og:image:width\" content=\"1200\" \/>\n\t<meta property=\"og:image:height\" content=\"1200\" \/>\n\t<meta property=\"og:image:type\" content=\"image\/webp\" \/>\n<script type=\"application\/ld+json\" class=\"yoast-schema-graph\">{\"@context\":\"https:\\\/\\\/schema.org\",\"@graph\":[{\"@type\":\"WebPage\",\"@id\":\"https:\\\/\\\/derpsairer.it\\\/it\\\/produkt\\\/sugo-con-nduja-calabrese\\\/\",\"url\":\"https:\\\/\\\/derpsairer.it\\\/it\\\/produkt\\\/sugo-con-nduja-calabrese\\\/\",\"name\":\"Sugo con Nduja \u2013 Salsa piccante dalla Calabria - Der Psairer - Speck, Wurst, K\u00e4se\",\"isPartOf\":{\"@id\":\"https:\\\/\\\/derpsairer.it\\\/it\\\/#website\"},\"primaryImageOfPage\":{\"@id\":\"https:\\\/\\\/derpsairer.it\\\/it\\\/produkt\\\/sugo-con-nduja-calabrese\\\/#primaryimage\"},\"image\":{\"@id\":\"https:\\\/\\\/derpsairer.it\\\/it\\\/produkt\\\/sugo-con-nduja-calabrese\\\/#primaryimage\"},\"thumbnailUrl\":\"https:\\\/\\\/derpsairer.it\\\/wp-22\\\/wp-content\\\/uploads\\\/2025\\\/05\\\/pronto-sugo-mit-nduja-calabrese-330-g.webp\",\"datePublished\":\"2025-05-09T13:17:30+00:00\",\"dateModified\":\"2025-12-03T16:17:01+00:00\",\"description\":\"Sugo con Nduja \u2013 salsa saporita e piccante dalla Calabria con Nduja piccante. Perfetto per la pasta per i veri amanti della cucina italiana.\",\"breadcrumb\":{\"@id\":\"https:\\\/\\\/derpsairer.it\\\/it\\\/produkt\\\/sugo-con-nduja-calabrese\\\/#breadcrumb\"},\"inLanguage\":\"it-IT\",\"potentialAction\":[{\"@type\":\"ReadAction\",\"target\":[\"https:\\\/\\\/derpsairer.it\\\/it\\\/produkt\\\/sugo-con-nduja-calabrese\\\/\"]}]},{\"@type\":\"ImageObject\",\"inLanguage\":\"it-IT\",\"@id\":\"https:\\\/\\\/derpsairer.it\\\/it\\\/produkt\\\/sugo-con-nduja-calabrese\\\/#primaryimage\",\"url\":\"https:\\\/\\\/derpsairer.it\\\/wp-22\\\/wp-content\\\/uploads\\\/2025\\\/05\\\/pronto-sugo-mit-nduja-calabrese-330-g.webp\",\"contentUrl\":\"https:\\\/\\\/derpsairer.it\\\/wp-22\\\/wp-content\\\/uploads\\\/2025\\\/05\\\/pronto-sugo-mit-nduja-calabrese-330-g.webp\",\"width\":1200,\"height\":1200},{\"@type\":\"BreadcrumbList\",\"@id\":\"https:\\\/\\\/derpsairer.it\\\/it\\\/produkt\\\/sugo-con-nduja-calabrese\\\/#breadcrumb\",\"itemListElement\":[{\"@type\":\"ListItem\",\"position\":1,\"name\":\"Home\",\"item\":\"https:\\\/\\\/derpsairer.it\\\/it\\\/il-negozio-di-speck-der-psairer\\\/\"},{\"@type\":\"ListItem\",\"position\":2,\"name\":\"Shop\",\"item\":\"https:\\\/\\\/derpsairer.it\\\/shop\\\/\"},{\"@type\":\"ListItem\",\"position\":3,\"name\":\"Sugo con Nduja \u2013 salsa di pomodoro piccante\"}]},{\"@type\":\"WebSite\",\"@id\":\"https:\\\/\\\/derpsairer.it\\\/it\\\/#website\",\"url\":\"https:\\\/\\\/derpsairer.it\\\/it\\\/\",\"name\":\"Der Psairer - Speck, Wurst, K\u00e4se\",\"description\":\"Speck, Wurst und K\u00e4s aus Passeiertal in S\u00fcdtirol online bestellen.\",\"publisher\":{\"@id\":\"https:\\\/\\\/derpsairer.it\\\/it\\\/#organization\"},\"potentialAction\":[{\"@type\":\"SearchAction\",\"target\":{\"@type\":\"EntryPoint\",\"urlTemplate\":\"https:\\\/\\\/derpsairer.it\\\/it\\\/?s={search_term_string}\"},\"query-input\":{\"@type\":\"PropertyValueSpecification\",\"valueRequired\":true,\"valueName\":\"search_term_string\"}}],\"inLanguage\":\"it-IT\"},{\"@type\":\"Organization\",\"@id\":\"https:\\\/\\\/derpsairer.it\\\/it\\\/#organization\",\"name\":\"Der Psairer - Speck, Wurst, K\u00e4se\",\"url\":\"https:\\\/\\\/derpsairer.it\\\/it\\\/\",\"logo\":{\"@type\":\"ImageObject\",\"inLanguage\":\"it-IT\",\"@id\":\"https:\\\/\\\/derpsairer.it\\\/it\\\/#\\\/schema\\\/logo\\\/image\\\/\",\"url\":\"https:\\\/\\\/derpsairer.it\\\/wp-22\\\/wp-content\\\/uploads\\\/2020\\\/03\\\/DER-PSAIRER-LOGO-2x.png\",\"contentUrl\":\"https:\\\/\\\/derpsairer.it\\\/wp-22\\\/wp-content\\\/uploads\\\/2020\\\/03\\\/DER-PSAIRER-LOGO-2x.png\",\"width\":500,\"height\":500,\"caption\":\"Der Psairer - Speck, Wurst, K\u00e4se\"},\"image\":{\"@id\":\"https:\\\/\\\/derpsairer.it\\\/it\\\/#\\\/schema\\\/logo\\\/image\\\/\"},\"sameAs\":[\"https:\\\/\\\/www.facebook.com\\\/profile.php?id=100063648246860\"]}]}<\/script>\n<!-- \/ Yoast SEO plugin. -->","yoast_head_json":{"title":"Sugo con Nduja \u2013 Salsa piccante dalla Calabria - Der Psairer - Speck, Wurst, K\u00e4se","description":"Sugo con Nduja \u2013 salsa saporita e piccante dalla Calabria con Nduja piccante. Perfetto per la pasta per i veri amanti della cucina italiana.","robots":{"index":"index","follow":"follow","max-snippet":"max-snippet:-1","max-image-preview":"max-image-preview:large","max-video-preview":"max-video-preview:-1"},"canonical":"https:\/\/derpsairer.it\/it\/produkt\/sugo-con-nduja-calabrese\/","og_locale":"it_IT","og_type":"article","og_title":"Sugo con Nduja \u2013 Salsa piccante dalla Calabria - Der Psairer - Speck, Wurst, K\u00e4se","og_description":"Sugo con Nduja \u2013 salsa saporita e piccante dalla Calabria con Nduja piccante. Perfetto per la pasta per i veri amanti della cucina italiana.","og_url":"https:\/\/derpsairer.it\/it\/produkt\/sugo-con-nduja-calabrese\/","og_site_name":"Der Psairer - Speck, Wurst, K\u00e4se","article_publisher":"https:\/\/www.facebook.com\/profile.php?id=100063648246860","article_modified_time":"2025-12-03T16:17:01+00:00","og_image":[{"width":1200,"height":1200,"url":"https:\/\/derpsairer.it\/wp-22\/wp-content\/uploads\/2025\/05\/pronto-sugo-mit-nduja-calabrese-330-g.webp","type":"image\/webp"}],"schema":{"@context":"https:\/\/schema.org","@graph":[{"@type":"WebPage","@id":"https:\/\/derpsairer.it\/it\/produkt\/sugo-con-nduja-calabrese\/","url":"https:\/\/derpsairer.it\/it\/produkt\/sugo-con-nduja-calabrese\/","name":"Sugo con Nduja \u2013 Salsa piccante dalla Calabria - Der Psairer - Speck, Wurst, K\u00e4se","isPartOf":{"@id":"https:\/\/derpsairer.it\/it\/#website"},"primaryImageOfPage":{"@id":"https:\/\/derpsairer.it\/it\/produkt\/sugo-con-nduja-calabrese\/#primaryimage"},"image":{"@id":"https:\/\/derpsairer.it\/it\/produkt\/sugo-con-nduja-calabrese\/#primaryimage"},"thumbnailUrl":"https:\/\/derpsairer.it\/wp-22\/wp-content\/uploads\/2025\/05\/pronto-sugo-mit-nduja-calabrese-330-g.webp","datePublished":"2025-05-09T13:17:30+00:00","dateModified":"2025-12-03T16:17:01+00:00","description":"Sugo con Nduja \u2013 salsa saporita e piccante dalla Calabria con Nduja piccante. Perfetto per la pasta per i veri amanti della cucina italiana.","breadcrumb":{"@id":"https:\/\/derpsairer.it\/it\/produkt\/sugo-con-nduja-calabrese\/#breadcrumb"},"inLanguage":"it-IT","potentialAction":[{"@type":"ReadAction","target":["https:\/\/derpsairer.it\/it\/produkt\/sugo-con-nduja-calabrese\/"]}]},{"@type":"ImageObject","inLanguage":"it-IT","@id":"https:\/\/derpsairer.it\/it\/produkt\/sugo-con-nduja-calabrese\/#primaryimage","url":"https:\/\/derpsairer.it\/wp-22\/wp-content\/uploads\/2025\/05\/pronto-sugo-mit-nduja-calabrese-330-g.webp","contentUrl":"https:\/\/derpsairer.it\/wp-22\/wp-content\/uploads\/2025\/05\/pronto-sugo-mit-nduja-calabrese-330-g.webp","width":1200,"height":1200},{"@type":"BreadcrumbList","@id":"https:\/\/derpsairer.it\/it\/produkt\/sugo-con-nduja-calabrese\/#breadcrumb","itemListElement":[{"@type":"ListItem","position":1,"name":"Home","item":"https:\/\/derpsairer.it\/it\/il-negozio-di-speck-der-psairer\/"},{"@type":"ListItem","position":2,"name":"Shop","item":"https:\/\/derpsairer.it\/shop\/"},{"@type":"ListItem","position":3,"name":"Sugo con Nduja \u2013 salsa di pomodoro piccante"}]},{"@type":"WebSite","@id":"https:\/\/derpsairer.it\/it\/#website","url":"https:\/\/derpsairer.it\/it\/","name":"Der Psairer - Speck, Wurst, K\u00e4se","description":"Speck, Wurst und K\u00e4s aus Passeiertal in S\u00fcdtirol online bestellen.","publisher":{"@id":"https:\/\/derpsairer.it\/it\/#organization"},"potentialAction":[{"@type":"SearchAction","target":{"@type":"EntryPoint","urlTemplate":"https:\/\/derpsairer.it\/it\/?s={search_term_string}"},"query-input":{"@type":"PropertyValueSpecification","valueRequired":true,"valueName":"search_term_string"}}],"inLanguage":"it-IT"},{"@type":"Organization","@id":"https:\/\/derpsairer.it\/it\/#organization","name":"Der Psairer - Speck, Wurst, K\u00e4se","url":"https:\/\/derpsairer.it\/it\/","logo":{"@type":"ImageObject","inLanguage":"it-IT","@id":"https:\/\/derpsairer.it\/it\/#\/schema\/logo\/image\/","url":"https:\/\/derpsairer.it\/wp-22\/wp-content\/uploads\/2020\/03\/DER-PSAIRER-LOGO-2x.png","contentUrl":"https:\/\/derpsairer.it\/wp-22\/wp-content\/uploads\/2020\/03\/DER-PSAIRER-LOGO-2x.png","width":500,"height":500,"caption":"Der Psairer - Speck, Wurst, K\u00e4se"},"image":{"@id":"https:\/\/derpsairer.it\/it\/#\/schema\/logo\/image\/"},"sameAs":["https:\/\/www.facebook.com\/profile.php?id=100063648246860"]}]}},"_links":{"self":[{"href":"https:\/\/derpsairer.it\/it\/wp-json\/wp\/v2\/product\/5330","targetHints":{"allow":["GET"]}}],"collection":[{"href":"https:\/\/derpsairer.it\/it\/wp-json\/wp\/v2\/product"}],"about":[{"href":"https:\/\/derpsairer.it\/it\/wp-json\/wp\/v2\/types\/product"}],"wp:featuredmedia":[{"embeddable":true,"href":"https:\/\/derpsairer.it\/it\/wp-json\/wp\/v2\/media\/5333"}],"wp:attachment":[{"href":"https:\/\/derpsairer.it\/it\/wp-json\/wp\/v2\/media?parent=5330"}],"wp:term":[{"taxonomy":"product_brand","embeddable":true,"href":"https:\/\/derpsairer.it\/it\/wp-json\/wp\/v2\/product_brand?post=5330"},{"taxonomy":"product_cat","embeddable":true,"href":"https:\/\/derpsairer.it\/it\/wp-json\/wp\/v2\/product_cat?post=5330"},{"taxonomy":"product_tag","embeddable":true,"href":"https:\/\/derpsairer.it\/it\/wp-json\/wp\/v2\/product_tag?post=5330"}],"curies":[{"name":"wp","href":"https:\/\/api.w.org\/{rel}","templated":true}]}}