{"id":5334,"date":"2025-04-12T14:18:21","date_gmt":"2025-04-12T12:18:21","guid":{"rendered":"https:\/\/derpsairer.it\/produkt\/primitivo-heracles\/"},"modified":"2025-11-04T11:07:32","modified_gmt":"2025-11-04T10:07:32","slug":"primitivo-heracles","status":"publish","type":"product","link":"https:\/\/derpsairer.it\/it\/produkt\/primitivo-heracles\/","title":{"rendered":"Primitivo Heracles"},"content":{"rendered":"<p>Rosso rubino intenso con riflessi granati. Al naso rivela una complessit\u00e0 affascinante: da aromi floreali come la violetta a note ricche e morbide di marasca, ciliegia nera e fragola, il tutto arricchito da vellutate sfumature balsamiche, liquirizia ed erbe aromatiche. Al palato \u00e8 corposo, generoso e fruttato, e convince con tannini fini e un finale vivace, sostenuto da una piacevole freschezza.  <\/p>\n<p><strong>Cantina<\/strong>:<br \/>\nMasseria Surani<\/p>\n<p><strong>Vitigno:<\/strong><\/p>\n<p>Primitivo<\/p>\n<p><strong>Affinamento:<\/strong><\/p>\n<p>La pigiatura e la diraspatura delle uve, la macerazione e la fermentazione avvengono a temperatura controllata di 22-26 \u00b0C per un periodo di 10-15 giorni. Successivamente si procede a una pressatura soffice. Il vino matura poi per 15 mesi in botti di rovere.  <\/p>\n<p><strong>ABBINAMENTI<\/strong>:<br \/>\nIdeale con carne alla griglia, arrosto d&#8217;agnello, formaggi stagionati e zuppe sostanziose con legumi e spezie.<\/p>\n<p><strong>TEMPERATURA DI SERVIZIO<\/strong>:<br \/>\n16 \u2013 18\u00b0C<\/p>\n<p>Contenuto: 0,75 l<\/p>\n<p>ALCOOL: 13,5 %<\/p>\n<p><strong>Contiene solfiti<\/strong><\/p>\n","protected":false},"excerpt":{"rendered":"<p>Rosso rubino intenso con riflessi granati. Al naso rivela una complessit\u00e0 affascinante: da aromi floreali come la violetta a note ricche e morbide di marasca, ciliegia nera e fragola, il&#8230;<\/p>\n","protected":false},"featured_media":5222,"template":"","meta":[],"product_brand":[],"product_cat":[188],"product_tag":[3871,2410,2189,3862,2564,1798,3870,869,2433,1679,3872,871],"class_list":{"0":"post-5334","1":"product","2":"type-product","3":"status-publish","4":"has-post-thumbnail","6":"product_cat-vino-distillati","7":"product_tag-con-formaggi-stagionati","8":"product_tag-corposo","9":"product_tag-fruttato","10":"product_tag-ideale-con-agnello","11":"product_tag-morbido","12":"product_tag-per-carne","13":"product_tag-per-grigliate","14":"product_tag-primitivo","15":"product_tag-puglia","16":"product_tag-saporito","17":"product_tag-vino-da-sera","18":"product_tag-vino-rosso-italiano","20":"first","21":"instock","22":"taxable","23":"shipping-taxable","24":"purchasable","25":"product-type-simple"},"yoast_head":"<!-- This site is optimized with the Yoast SEO plugin v27.5 - https:\/\/yoast.com\/product\/yoast-seo-wordpress\/ -->\n<title>Primitivo Heracles \u2013 Vino rosso corposo dalla Puglia - Der Psairer - Speck, Wurst, K\u00e4se<\/title>\n<meta name=\"description\" content=\"Primitivo Heracles \u2013 vino rosso corposo dalla Puglia con aromi intensi di frutti di bosco, spezie e vaniglia. Ideale con carne e formaggio.\" \/>\n<meta name=\"robots\" content=\"index, follow, max-snippet:-1, max-image-preview:large, max-video-preview:-1\" \/>\n<link rel=\"canonical\" href=\"https:\/\/derpsairer.it\/it\/produkt\/primitivo-heracles\/\" \/>\n<meta property=\"og:locale\" content=\"it_IT\" \/>\n<meta property=\"og:type\" content=\"article\" \/>\n<meta property=\"og:title\" content=\"Primitivo Heracles \u2013 Vino rosso corposo dalla Puglia - Der Psairer - Speck, Wurst, K\u00e4se\" \/>\n<meta property=\"og:description\" content=\"Primitivo Heracles \u2013 vino rosso corposo dalla Puglia con aromi intensi di frutti di bosco, spezie e vaniglia. Ideale con carne e formaggio.\" \/>\n<meta property=\"og:url\" content=\"https:\/\/derpsairer.it\/it\/produkt\/primitivo-heracles\/\" \/>\n<meta property=\"og:site_name\" content=\"Der Psairer - Speck, Wurst, K\u00e4se\" \/>\n<meta property=\"article:publisher\" content=\"https:\/\/www.facebook.com\/profile.php?id=100063648246860\" \/>\n<meta property=\"article:modified_time\" content=\"2025-11-04T10:07:32+00:00\" \/>\n<meta property=\"og:image\" content=\"https:\/\/derpsairer.it\/wp-22\/wp-content\/uploads\/2024\/03\/Surani_Heracles_Dionysos-Primitivo-Riserva-vino.webp\" \/>\n\t<meta property=\"og:image:width\" content=\"1084\" \/>\n\t<meta property=\"og:image:height\" content=\"1626\" \/>\n\t<meta property=\"og:image:type\" content=\"image\/webp\" \/>\n<meta name=\"twitter:label1\" content=\"Tempo di lettura stimato\" \/>\n\t<meta name=\"twitter:data1\" content=\"1 minute\" \/>\n<script type=\"application\/ld+json\" class=\"yoast-schema-graph\">{\"@context\":\"https:\\\/\\\/schema.org\",\"@graph\":[{\"@type\":\"WebPage\",\"@id\":\"https:\\\/\\\/derpsairer.it\\\/it\\\/produkt\\\/primitivo-heracles\\\/\",\"url\":\"https:\\\/\\\/derpsairer.it\\\/it\\\/produkt\\\/primitivo-heracles\\\/\",\"name\":\"Primitivo Heracles \u2013 Vino rosso corposo dalla Puglia - Der Psairer - Speck, Wurst, K\u00e4se\",\"isPartOf\":{\"@id\":\"https:\\\/\\\/derpsairer.it\\\/it\\\/#website\"},\"primaryImageOfPage\":{\"@id\":\"https:\\\/\\\/derpsairer.it\\\/it\\\/produkt\\\/primitivo-heracles\\\/#primaryimage\"},\"image\":{\"@id\":\"https:\\\/\\\/derpsairer.it\\\/it\\\/produkt\\\/primitivo-heracles\\\/#primaryimage\"},\"thumbnailUrl\":\"https:\\\/\\\/derpsairer.it\\\/wp-22\\\/wp-content\\\/uploads\\\/2024\\\/03\\\/Surani_Heracles_Dionysos-Primitivo-Riserva-vino.webp\",\"datePublished\":\"2025-04-12T12:18:21+00:00\",\"dateModified\":\"2025-11-04T10:07:32+00:00\",\"description\":\"Primitivo Heracles \u2013 vino rosso corposo dalla Puglia con aromi intensi di frutti di bosco, spezie e vaniglia. Ideale con carne e formaggio.\",\"breadcrumb\":{\"@id\":\"https:\\\/\\\/derpsairer.it\\\/it\\\/produkt\\\/primitivo-heracles\\\/#breadcrumb\"},\"inLanguage\":\"it-IT\",\"potentialAction\":[{\"@type\":\"ReadAction\",\"target\":[\"https:\\\/\\\/derpsairer.it\\\/it\\\/produkt\\\/primitivo-heracles\\\/\"]}]},{\"@type\":\"ImageObject\",\"inLanguage\":\"it-IT\",\"@id\":\"https:\\\/\\\/derpsairer.it\\\/it\\\/produkt\\\/primitivo-heracles\\\/#primaryimage\",\"url\":\"https:\\\/\\\/derpsairer.it\\\/wp-22\\\/wp-content\\\/uploads\\\/2024\\\/03\\\/Surani_Heracles_Dionysos-Primitivo-Riserva-vino.webp\",\"contentUrl\":\"https:\\\/\\\/derpsairer.it\\\/wp-22\\\/wp-content\\\/uploads\\\/2024\\\/03\\\/Surani_Heracles_Dionysos-Primitivo-Riserva-vino.webp\",\"width\":1084,\"height\":1626},{\"@type\":\"BreadcrumbList\",\"@id\":\"https:\\\/\\\/derpsairer.it\\\/it\\\/produkt\\\/primitivo-heracles\\\/#breadcrumb\",\"itemListElement\":[{\"@type\":\"ListItem\",\"position\":1,\"name\":\"Home\",\"item\":\"https:\\\/\\\/derpsairer.it\\\/it\\\/il-negozio-di-speck-der-psairer\\\/\"},{\"@type\":\"ListItem\",\"position\":2,\"name\":\"Shop\",\"item\":\"https:\\\/\\\/derpsairer.it\\\/shop\\\/\"},{\"@type\":\"ListItem\",\"position\":3,\"name\":\"Primitivo Heracles\"}]},{\"@type\":\"WebSite\",\"@id\":\"https:\\\/\\\/derpsairer.it\\\/it\\\/#website\",\"url\":\"https:\\\/\\\/derpsairer.it\\\/it\\\/\",\"name\":\"Der Psairer - Speck, Wurst, K\u00e4se\",\"description\":\"Speck, Wurst und K\u00e4s aus Passeiertal in S\u00fcdtirol online bestellen.\",\"publisher\":{\"@id\":\"https:\\\/\\\/derpsairer.it\\\/it\\\/#organization\"},\"potentialAction\":[{\"@type\":\"SearchAction\",\"target\":{\"@type\":\"EntryPoint\",\"urlTemplate\":\"https:\\\/\\\/derpsairer.it\\\/it\\\/?s={search_term_string}\"},\"query-input\":{\"@type\":\"PropertyValueSpecification\",\"valueRequired\":true,\"valueName\":\"search_term_string\"}}],\"inLanguage\":\"it-IT\"},{\"@type\":\"Organization\",\"@id\":\"https:\\\/\\\/derpsairer.it\\\/it\\\/#organization\",\"name\":\"Der Psairer - Speck, Wurst, K\u00e4se\",\"url\":\"https:\\\/\\\/derpsairer.it\\\/it\\\/\",\"logo\":{\"@type\":\"ImageObject\",\"inLanguage\":\"it-IT\",\"@id\":\"https:\\\/\\\/derpsairer.it\\\/it\\\/#\\\/schema\\\/logo\\\/image\\\/\",\"url\":\"https:\\\/\\\/derpsairer.it\\\/wp-22\\\/wp-content\\\/uploads\\\/2020\\\/03\\\/DER-PSAIRER-LOGO-2x.png\",\"contentUrl\":\"https:\\\/\\\/derpsairer.it\\\/wp-22\\\/wp-content\\\/uploads\\\/2020\\\/03\\\/DER-PSAIRER-LOGO-2x.png\",\"width\":500,\"height\":500,\"caption\":\"Der Psairer - Speck, Wurst, K\u00e4se\"},\"image\":{\"@id\":\"https:\\\/\\\/derpsairer.it\\\/it\\\/#\\\/schema\\\/logo\\\/image\\\/\"},\"sameAs\":[\"https:\\\/\\\/www.facebook.com\\\/profile.php?id=100063648246860\"]}]}<\/script>\n<!-- \/ Yoast SEO plugin. -->","yoast_head_json":{"title":"Primitivo Heracles \u2013 Vino rosso corposo dalla Puglia - Der Psairer - Speck, Wurst, K\u00e4se","description":"Primitivo Heracles \u2013 vino rosso corposo dalla Puglia con aromi intensi di frutti di bosco, spezie e vaniglia. Ideale con carne e formaggio.","robots":{"index":"index","follow":"follow","max-snippet":"max-snippet:-1","max-image-preview":"max-image-preview:large","max-video-preview":"max-video-preview:-1"},"canonical":"https:\/\/derpsairer.it\/it\/produkt\/primitivo-heracles\/","og_locale":"it_IT","og_type":"article","og_title":"Primitivo Heracles \u2013 Vino rosso corposo dalla Puglia - Der Psairer - Speck, Wurst, K\u00e4se","og_description":"Primitivo Heracles \u2013 vino rosso corposo dalla Puglia con aromi intensi di frutti di bosco, spezie e vaniglia. Ideale con carne e formaggio.","og_url":"https:\/\/derpsairer.it\/it\/produkt\/primitivo-heracles\/","og_site_name":"Der Psairer - Speck, Wurst, K\u00e4se","article_publisher":"https:\/\/www.facebook.com\/profile.php?id=100063648246860","article_modified_time":"2025-11-04T10:07:32+00:00","og_image":[{"width":1084,"height":1626,"url":"https:\/\/derpsairer.it\/wp-22\/wp-content\/uploads\/2024\/03\/Surani_Heracles_Dionysos-Primitivo-Riserva-vino.webp","type":"image\/webp"}],"twitter_misc":{"Tempo di lettura stimato":"1 minute"},"schema":{"@context":"https:\/\/schema.org","@graph":[{"@type":"WebPage","@id":"https:\/\/derpsairer.it\/it\/produkt\/primitivo-heracles\/","url":"https:\/\/derpsairer.it\/it\/produkt\/primitivo-heracles\/","name":"Primitivo Heracles \u2013 Vino rosso corposo dalla Puglia - Der Psairer - Speck, Wurst, K\u00e4se","isPartOf":{"@id":"https:\/\/derpsairer.it\/it\/#website"},"primaryImageOfPage":{"@id":"https:\/\/derpsairer.it\/it\/produkt\/primitivo-heracles\/#primaryimage"},"image":{"@id":"https:\/\/derpsairer.it\/it\/produkt\/primitivo-heracles\/#primaryimage"},"thumbnailUrl":"https:\/\/derpsairer.it\/wp-22\/wp-content\/uploads\/2024\/03\/Surani_Heracles_Dionysos-Primitivo-Riserva-vino.webp","datePublished":"2025-04-12T12:18:21+00:00","dateModified":"2025-11-04T10:07:32+00:00","description":"Primitivo Heracles \u2013 vino rosso corposo dalla Puglia con aromi intensi di frutti di bosco, spezie e vaniglia. Ideale con carne e formaggio.","breadcrumb":{"@id":"https:\/\/derpsairer.it\/it\/produkt\/primitivo-heracles\/#breadcrumb"},"inLanguage":"it-IT","potentialAction":[{"@type":"ReadAction","target":["https:\/\/derpsairer.it\/it\/produkt\/primitivo-heracles\/"]}]},{"@type":"ImageObject","inLanguage":"it-IT","@id":"https:\/\/derpsairer.it\/it\/produkt\/primitivo-heracles\/#primaryimage","url":"https:\/\/derpsairer.it\/wp-22\/wp-content\/uploads\/2024\/03\/Surani_Heracles_Dionysos-Primitivo-Riserva-vino.webp","contentUrl":"https:\/\/derpsairer.it\/wp-22\/wp-content\/uploads\/2024\/03\/Surani_Heracles_Dionysos-Primitivo-Riserva-vino.webp","width":1084,"height":1626},{"@type":"BreadcrumbList","@id":"https:\/\/derpsairer.it\/it\/produkt\/primitivo-heracles\/#breadcrumb","itemListElement":[{"@type":"ListItem","position":1,"name":"Home","item":"https:\/\/derpsairer.it\/it\/il-negozio-di-speck-der-psairer\/"},{"@type":"ListItem","position":2,"name":"Shop","item":"https:\/\/derpsairer.it\/shop\/"},{"@type":"ListItem","position":3,"name":"Primitivo Heracles"}]},{"@type":"WebSite","@id":"https:\/\/derpsairer.it\/it\/#website","url":"https:\/\/derpsairer.it\/it\/","name":"Der Psairer - Speck, Wurst, K\u00e4se","description":"Speck, Wurst und K\u00e4s aus Passeiertal in S\u00fcdtirol online bestellen.","publisher":{"@id":"https:\/\/derpsairer.it\/it\/#organization"},"potentialAction":[{"@type":"SearchAction","target":{"@type":"EntryPoint","urlTemplate":"https:\/\/derpsairer.it\/it\/?s={search_term_string}"},"query-input":{"@type":"PropertyValueSpecification","valueRequired":true,"valueName":"search_term_string"}}],"inLanguage":"it-IT"},{"@type":"Organization","@id":"https:\/\/derpsairer.it\/it\/#organization","name":"Der Psairer - Speck, Wurst, K\u00e4se","url":"https:\/\/derpsairer.it\/it\/","logo":{"@type":"ImageObject","inLanguage":"it-IT","@id":"https:\/\/derpsairer.it\/it\/#\/schema\/logo\/image\/","url":"https:\/\/derpsairer.it\/wp-22\/wp-content\/uploads\/2020\/03\/DER-PSAIRER-LOGO-2x.png","contentUrl":"https:\/\/derpsairer.it\/wp-22\/wp-content\/uploads\/2020\/03\/DER-PSAIRER-LOGO-2x.png","width":500,"height":500,"caption":"Der Psairer - Speck, Wurst, K\u00e4se"},"image":{"@id":"https:\/\/derpsairer.it\/it\/#\/schema\/logo\/image\/"},"sameAs":["https:\/\/www.facebook.com\/profile.php?id=100063648246860"]}]}},"_links":{"self":[{"href":"https:\/\/derpsairer.it\/it\/wp-json\/wp\/v2\/product\/5334","targetHints":{"allow":["GET"]}}],"collection":[{"href":"https:\/\/derpsairer.it\/it\/wp-json\/wp\/v2\/product"}],"about":[{"href":"https:\/\/derpsairer.it\/it\/wp-json\/wp\/v2\/types\/product"}],"wp:featuredmedia":[{"embeddable":true,"href":"https:\/\/derpsairer.it\/it\/wp-json\/wp\/v2\/media\/5222"}],"wp:attachment":[{"href":"https:\/\/derpsairer.it\/it\/wp-json\/wp\/v2\/media?parent=5334"}],"wp:term":[{"taxonomy":"product_brand","embeddable":true,"href":"https:\/\/derpsairer.it\/it\/wp-json\/wp\/v2\/product_brand?post=5334"},{"taxonomy":"product_cat","embeddable":true,"href":"https:\/\/derpsairer.it\/it\/wp-json\/wp\/v2\/product_cat?post=5334"},{"taxonomy":"product_tag","embeddable":true,"href":"https:\/\/derpsairer.it\/it\/wp-json\/wp\/v2\/product_tag?post=5334"}],"curies":[{"name":"wp","href":"https:\/\/api.w.org\/{rel}","templated":true}]}}