{"id":5335,"date":"2025-05-09T16:12:45","date_gmt":"2025-05-09T14:12:45","guid":{"rendered":"https:\/\/derpsairer.it\/produkt\/taralli-artigianali-con-pomodori-secchi\/"},"modified":"2026-03-25T18:34:20","modified_gmt":"2026-03-25T17:34:20","slug":"taralli-artigianali-con-pomodori-secchi","status":"publish","type":"product","link":"https:\/\/derpsairer.it\/it\/produkt\/taralli-artigianali-con-pomodori-secchi\/","title":{"rendered":"Taralli artigianali con pomodori secchi"},"content":{"rendered":"<div>\n<p data-start=\"368\" data-end=\"685\">I <strong data-start=\"403\" data-end=\"451\">Taralli Artigianali con pomodori secchi<\/strong> sono uno snack tradizionale pugliese \u2013 croccanti fuori, teneri dentro e pieni di sapore mediterraneo. Prodotti con farina di grano di alta qualit\u00e0, olio d&#8217;oliva e pomodori secchi, offrono un gusto autentico come nel Sud Italia.<\/p>\n<p data-start=\"687\" data-end=\"866\">Ideali come snack salato per uno spuntino, con antipasti, formaggi o un bicchiere di vino. Un pezzo di gioia di vivere italiana \u2013 cotti artigianalmente e dal gusto inconfondibile. <\/p>\n<ul data-start=\"868\" data-end=\"1041\" data-is-last-node=\"\" data-is-only-node=\"\">\n<li data-start=\"868\" data-end=\"884\">\n<p data-start=\"870\" data-end=\"884\">Contenuto: 250g<\/p>\n<\/li>\n<li data-start=\"885\" data-end=\"915\">\n<p data-start=\"887\" data-end=\"915\">Origine: Puglia, Italia<\/p>\n<\/li>\n<li data-start=\"916\" data-end=\"957\">\n<p data-start=\"918\" data-end=\"957\">Con pomodori secchi e olio d&#8217;oliva<\/p>\n<\/li>\n<li data-start=\"958\" data-end=\"1008\">\n<p data-start=\"960\" data-end=\"1008\">Croccanti, aromatici e cotti tradizionalmente<\/p>\n<\/li>\n<li data-start=\"1009\" data-end=\"1041\" data-is-last-node=\"\">\n<p data-start=\"1011\" data-end=\"1041\" data-is-last-node=\"\">Perfetti con antipasti o vino<\/p>\n<\/li>\n<\/ul>\n<\/div>\n<div class=\"kk-notifier-heading\">NOTA:<\/div>\n<div class=\"kk-notifier-message\">Questo prodotto \u00e8 molto leggero e fragile. Durante la spedizione, potrebbero verificarsi delle rotture. La qualit\u00e0 del prodotto non ne \u00e8 compromessa e non si accettano reclami.  <\/div>\n","protected":false},"excerpt":{"rendered":"<p>Contenuto: 250 g.<\/p>\n","protected":false},"featured_media":5336,"template":"","meta":[],"product_brand":[],"product_cat":[191],"product_tag":[673,2044,2345,2310,1831,2433,2428,810,2905,2061],"class_list":{"0":"post-5335","1":"product","2":"type-product","3":"status-publish","4":"has-post-thumbnail","6":"product_cat-altre-delizie","7":"product_tag-antipasti","8":"product_tag-biscotti","9":"product_tag-italia","10":"product_tag-mediterraneo","11":"product_tag-olio-doliva","12":"product_tag-puglia","13":"product_tag-snack","14":"product_tag-taralli","15":"product_tag-tradizione","16":"product_tag-vino","18":"first","19":"instock","20":"taxable","21":"shipping-taxable","22":"purchasable","23":"product-type-simple"},"yoast_head":"<!-- This site is optimized with the Yoast SEO plugin v27.5 - https:\/\/yoast.com\/product\/yoast-seo-wordpress\/ -->\n<title>Taralli con pomodori secchi \u2013 Classico snack italiano - Der Psairer - Speck, Wurst, K\u00e4se<\/title>\n<meta name=\"description\" content=\"Taralli con pomodori secchi \u2013 croccante specialit\u00e0 italiana dalla Puglia. Perfetti come snack, con antipasti o un bicchiere di vino.\" \/>\n<meta name=\"robots\" content=\"index, follow, max-snippet:-1, max-image-preview:large, max-video-preview:-1\" \/>\n<link rel=\"canonical\" href=\"https:\/\/derpsairer.it\/it\/produkt\/taralli-artigianali-con-pomodori-secchi\/\" \/>\n<meta property=\"og:locale\" content=\"it_IT\" \/>\n<meta property=\"og:type\" content=\"article\" \/>\n<meta property=\"og:title\" content=\"Taralli con pomodori secchi \u2013 Classico snack italiano - Der Psairer - Speck, Wurst, K\u00e4se\" \/>\n<meta property=\"og:description\" content=\"Taralli con pomodori secchi \u2013 croccante specialit\u00e0 italiana dalla Puglia. Perfetti come snack, con antipasti o un bicchiere di vino.\" \/>\n<meta property=\"og:url\" content=\"https:\/\/derpsairer.it\/it\/produkt\/taralli-artigianali-con-pomodori-secchi\/\" \/>\n<meta property=\"og:site_name\" content=\"Der Psairer - Speck, Wurst, K\u00e4se\" \/>\n<meta property=\"article:publisher\" content=\"https:\/\/www.facebook.com\/profile.php?id=100063648246860\" \/>\n<meta property=\"article:modified_time\" content=\"2026-03-25T17:34:20+00:00\" \/>\n<meta property=\"og:image\" content=\"https:\/\/derpsairer.it\/wp-22\/wp-content\/uploads\/2025\/05\/taralli-artigianali-mit-getrocknete-tomaten-in-oel-250-g.webp\" \/>\n\t<meta property=\"og:image:width\" content=\"1200\" \/>\n\t<meta property=\"og:image:height\" content=\"1200\" \/>\n\t<meta property=\"og:image:type\" content=\"image\/webp\" \/>\n<meta name=\"twitter:label1\" content=\"Tempo di lettura stimato\" \/>\n\t<meta name=\"twitter:data1\" content=\"1 minute\" \/>\n<script type=\"application\/ld+json\" class=\"yoast-schema-graph\">{\"@context\":\"https:\\\/\\\/schema.org\",\"@graph\":[{\"@type\":\"WebPage\",\"@id\":\"https:\\\/\\\/derpsairer.it\\\/it\\\/produkt\\\/taralli-artigianali-con-pomodori-secchi\\\/\",\"url\":\"https:\\\/\\\/derpsairer.it\\\/it\\\/produkt\\\/taralli-artigianali-con-pomodori-secchi\\\/\",\"name\":\"Taralli con pomodori secchi \u2013 Classico snack italiano - Der Psairer - Speck, Wurst, K\u00e4se\",\"isPartOf\":{\"@id\":\"https:\\\/\\\/derpsairer.it\\\/it\\\/#website\"},\"primaryImageOfPage\":{\"@id\":\"https:\\\/\\\/derpsairer.it\\\/it\\\/produkt\\\/taralli-artigianali-con-pomodori-secchi\\\/#primaryimage\"},\"image\":{\"@id\":\"https:\\\/\\\/derpsairer.it\\\/it\\\/produkt\\\/taralli-artigianali-con-pomodori-secchi\\\/#primaryimage\"},\"thumbnailUrl\":\"https:\\\/\\\/derpsairer.it\\\/wp-22\\\/wp-content\\\/uploads\\\/2025\\\/05\\\/taralli-artigianali-mit-getrocknete-tomaten-in-oel-250-g.webp\",\"datePublished\":\"2025-05-09T14:12:45+00:00\",\"dateModified\":\"2026-03-25T17:34:20+00:00\",\"description\":\"Taralli con pomodori secchi \u2013 croccante specialit\u00e0 italiana dalla Puglia. Perfetti come snack, con antipasti o un bicchiere di vino.\",\"breadcrumb\":{\"@id\":\"https:\\\/\\\/derpsairer.it\\\/it\\\/produkt\\\/taralli-artigianali-con-pomodori-secchi\\\/#breadcrumb\"},\"inLanguage\":\"it-IT\",\"potentialAction\":[{\"@type\":\"ReadAction\",\"target\":[\"https:\\\/\\\/derpsairer.it\\\/it\\\/produkt\\\/taralli-artigianali-con-pomodori-secchi\\\/\"]}]},{\"@type\":\"ImageObject\",\"inLanguage\":\"it-IT\",\"@id\":\"https:\\\/\\\/derpsairer.it\\\/it\\\/produkt\\\/taralli-artigianali-con-pomodori-secchi\\\/#primaryimage\",\"url\":\"https:\\\/\\\/derpsairer.it\\\/wp-22\\\/wp-content\\\/uploads\\\/2025\\\/05\\\/taralli-artigianali-mit-getrocknete-tomaten-in-oel-250-g.webp\",\"contentUrl\":\"https:\\\/\\\/derpsairer.it\\\/wp-22\\\/wp-content\\\/uploads\\\/2025\\\/05\\\/taralli-artigianali-mit-getrocknete-tomaten-in-oel-250-g.webp\",\"width\":1200,\"height\":1200},{\"@type\":\"BreadcrumbList\",\"@id\":\"https:\\\/\\\/derpsairer.it\\\/it\\\/produkt\\\/taralli-artigianali-con-pomodori-secchi\\\/#breadcrumb\",\"itemListElement\":[{\"@type\":\"ListItem\",\"position\":1,\"name\":\"Home\",\"item\":\"https:\\\/\\\/derpsairer.it\\\/it\\\/il-negozio-di-speck-der-psairer\\\/\"},{\"@type\":\"ListItem\",\"position\":2,\"name\":\"Shop\",\"item\":\"https:\\\/\\\/derpsairer.it\\\/shop\\\/\"},{\"@type\":\"ListItem\",\"position\":3,\"name\":\"Taralli artigianali con pomodori secchi\"}]},{\"@type\":\"WebSite\",\"@id\":\"https:\\\/\\\/derpsairer.it\\\/it\\\/#website\",\"url\":\"https:\\\/\\\/derpsairer.it\\\/it\\\/\",\"name\":\"Der Psairer - Speck, Wurst, K\u00e4se\",\"description\":\"Speck, Wurst und K\u00e4s aus Passeiertal in S\u00fcdtirol online bestellen.\",\"publisher\":{\"@id\":\"https:\\\/\\\/derpsairer.it\\\/it\\\/#organization\"},\"potentialAction\":[{\"@type\":\"SearchAction\",\"target\":{\"@type\":\"EntryPoint\",\"urlTemplate\":\"https:\\\/\\\/derpsairer.it\\\/it\\\/?s={search_term_string}\"},\"query-input\":{\"@type\":\"PropertyValueSpecification\",\"valueRequired\":true,\"valueName\":\"search_term_string\"}}],\"inLanguage\":\"it-IT\"},{\"@type\":\"Organization\",\"@id\":\"https:\\\/\\\/derpsairer.it\\\/it\\\/#organization\",\"name\":\"Der Psairer - Speck, Wurst, K\u00e4se\",\"url\":\"https:\\\/\\\/derpsairer.it\\\/it\\\/\",\"logo\":{\"@type\":\"ImageObject\",\"inLanguage\":\"it-IT\",\"@id\":\"https:\\\/\\\/derpsairer.it\\\/it\\\/#\\\/schema\\\/logo\\\/image\\\/\",\"url\":\"https:\\\/\\\/derpsairer.it\\\/wp-22\\\/wp-content\\\/uploads\\\/2020\\\/03\\\/DER-PSAIRER-LOGO-2x.png\",\"contentUrl\":\"https:\\\/\\\/derpsairer.it\\\/wp-22\\\/wp-content\\\/uploads\\\/2020\\\/03\\\/DER-PSAIRER-LOGO-2x.png\",\"width\":500,\"height\":500,\"caption\":\"Der Psairer - Speck, Wurst, K\u00e4se\"},\"image\":{\"@id\":\"https:\\\/\\\/derpsairer.it\\\/it\\\/#\\\/schema\\\/logo\\\/image\\\/\"},\"sameAs\":[\"https:\\\/\\\/www.facebook.com\\\/profile.php?id=100063648246860\"]}]}<\/script>\n<!-- \/ Yoast SEO plugin. -->","yoast_head_json":{"title":"Taralli con pomodori secchi \u2013 Classico snack italiano - Der Psairer - Speck, Wurst, K\u00e4se","description":"Taralli con pomodori secchi \u2013 croccante specialit\u00e0 italiana dalla Puglia. Perfetti come snack, con antipasti o un bicchiere di vino.","robots":{"index":"index","follow":"follow","max-snippet":"max-snippet:-1","max-image-preview":"max-image-preview:large","max-video-preview":"max-video-preview:-1"},"canonical":"https:\/\/derpsairer.it\/it\/produkt\/taralli-artigianali-con-pomodori-secchi\/","og_locale":"it_IT","og_type":"article","og_title":"Taralli con pomodori secchi \u2013 Classico snack italiano - Der Psairer - Speck, Wurst, K\u00e4se","og_description":"Taralli con pomodori secchi \u2013 croccante specialit\u00e0 italiana dalla Puglia. Perfetti come snack, con antipasti o un bicchiere di vino.","og_url":"https:\/\/derpsairer.it\/it\/produkt\/taralli-artigianali-con-pomodori-secchi\/","og_site_name":"Der Psairer - Speck, Wurst, K\u00e4se","article_publisher":"https:\/\/www.facebook.com\/profile.php?id=100063648246860","article_modified_time":"2026-03-25T17:34:20+00:00","og_image":[{"width":1200,"height":1200,"url":"https:\/\/derpsairer.it\/wp-22\/wp-content\/uploads\/2025\/05\/taralli-artigianali-mit-getrocknete-tomaten-in-oel-250-g.webp","type":"image\/webp"}],"twitter_misc":{"Tempo di lettura stimato":"1 minute"},"schema":{"@context":"https:\/\/schema.org","@graph":[{"@type":"WebPage","@id":"https:\/\/derpsairer.it\/it\/produkt\/taralli-artigianali-con-pomodori-secchi\/","url":"https:\/\/derpsairer.it\/it\/produkt\/taralli-artigianali-con-pomodori-secchi\/","name":"Taralli con pomodori secchi \u2013 Classico snack italiano - Der Psairer - Speck, Wurst, K\u00e4se","isPartOf":{"@id":"https:\/\/derpsairer.it\/it\/#website"},"primaryImageOfPage":{"@id":"https:\/\/derpsairer.it\/it\/produkt\/taralli-artigianali-con-pomodori-secchi\/#primaryimage"},"image":{"@id":"https:\/\/derpsairer.it\/it\/produkt\/taralli-artigianali-con-pomodori-secchi\/#primaryimage"},"thumbnailUrl":"https:\/\/derpsairer.it\/wp-22\/wp-content\/uploads\/2025\/05\/taralli-artigianali-mit-getrocknete-tomaten-in-oel-250-g.webp","datePublished":"2025-05-09T14:12:45+00:00","dateModified":"2026-03-25T17:34:20+00:00","description":"Taralli con pomodori secchi \u2013 croccante specialit\u00e0 italiana dalla Puglia. Perfetti come snack, con antipasti o un bicchiere di vino.","breadcrumb":{"@id":"https:\/\/derpsairer.it\/it\/produkt\/taralli-artigianali-con-pomodori-secchi\/#breadcrumb"},"inLanguage":"it-IT","potentialAction":[{"@type":"ReadAction","target":["https:\/\/derpsairer.it\/it\/produkt\/taralli-artigianali-con-pomodori-secchi\/"]}]},{"@type":"ImageObject","inLanguage":"it-IT","@id":"https:\/\/derpsairer.it\/it\/produkt\/taralli-artigianali-con-pomodori-secchi\/#primaryimage","url":"https:\/\/derpsairer.it\/wp-22\/wp-content\/uploads\/2025\/05\/taralli-artigianali-mit-getrocknete-tomaten-in-oel-250-g.webp","contentUrl":"https:\/\/derpsairer.it\/wp-22\/wp-content\/uploads\/2025\/05\/taralli-artigianali-mit-getrocknete-tomaten-in-oel-250-g.webp","width":1200,"height":1200},{"@type":"BreadcrumbList","@id":"https:\/\/derpsairer.it\/it\/produkt\/taralli-artigianali-con-pomodori-secchi\/#breadcrumb","itemListElement":[{"@type":"ListItem","position":1,"name":"Home","item":"https:\/\/derpsairer.it\/it\/il-negozio-di-speck-der-psairer\/"},{"@type":"ListItem","position":2,"name":"Shop","item":"https:\/\/derpsairer.it\/shop\/"},{"@type":"ListItem","position":3,"name":"Taralli artigianali con pomodori secchi"}]},{"@type":"WebSite","@id":"https:\/\/derpsairer.it\/it\/#website","url":"https:\/\/derpsairer.it\/it\/","name":"Der Psairer - Speck, Wurst, K\u00e4se","description":"Speck, Wurst und K\u00e4s aus Passeiertal in S\u00fcdtirol online bestellen.","publisher":{"@id":"https:\/\/derpsairer.it\/it\/#organization"},"potentialAction":[{"@type":"SearchAction","target":{"@type":"EntryPoint","urlTemplate":"https:\/\/derpsairer.it\/it\/?s={search_term_string}"},"query-input":{"@type":"PropertyValueSpecification","valueRequired":true,"valueName":"search_term_string"}}],"inLanguage":"it-IT"},{"@type":"Organization","@id":"https:\/\/derpsairer.it\/it\/#organization","name":"Der Psairer - Speck, Wurst, K\u00e4se","url":"https:\/\/derpsairer.it\/it\/","logo":{"@type":"ImageObject","inLanguage":"it-IT","@id":"https:\/\/derpsairer.it\/it\/#\/schema\/logo\/image\/","url":"https:\/\/derpsairer.it\/wp-22\/wp-content\/uploads\/2020\/03\/DER-PSAIRER-LOGO-2x.png","contentUrl":"https:\/\/derpsairer.it\/wp-22\/wp-content\/uploads\/2020\/03\/DER-PSAIRER-LOGO-2x.png","width":500,"height":500,"caption":"Der Psairer - Speck, Wurst, K\u00e4se"},"image":{"@id":"https:\/\/derpsairer.it\/it\/#\/schema\/logo\/image\/"},"sameAs":["https:\/\/www.facebook.com\/profile.php?id=100063648246860"]}]}},"_links":{"self":[{"href":"https:\/\/derpsairer.it\/it\/wp-json\/wp\/v2\/product\/5335","targetHints":{"allow":["GET"]}}],"collection":[{"href":"https:\/\/derpsairer.it\/it\/wp-json\/wp\/v2\/product"}],"about":[{"href":"https:\/\/derpsairer.it\/it\/wp-json\/wp\/v2\/types\/product"}],"wp:featuredmedia":[{"embeddable":true,"href":"https:\/\/derpsairer.it\/it\/wp-json\/wp\/v2\/media\/5336"}],"wp:attachment":[{"href":"https:\/\/derpsairer.it\/it\/wp-json\/wp\/v2\/media?parent=5335"}],"wp:term":[{"taxonomy":"product_brand","embeddable":true,"href":"https:\/\/derpsairer.it\/it\/wp-json\/wp\/v2\/product_brand?post=5335"},{"taxonomy":"product_cat","embeddable":true,"href":"https:\/\/derpsairer.it\/it\/wp-json\/wp\/v2\/product_cat?post=5335"},{"taxonomy":"product_tag","embeddable":true,"href":"https:\/\/derpsairer.it\/it\/wp-json\/wp\/v2\/product_tag?post=5335"}],"curies":[{"name":"wp","href":"https:\/\/api.w.org\/{rel}","templated":true}]}}