{"id":5337,"date":"2025-04-05T19:15:37","date_gmt":"2025-04-05T17:15:37","guid":{"rendered":"https:\/\/derpsairer.it\/produkt\/miscela-per-pasta-fresca-agli-spinaci\/"},"modified":"2025-11-04T11:07:30","modified_gmt":"2025-11-04T10:07:30","slug":"miscela-per-pasta-fresca-agli-spinaci","status":"publish","type":"product","link":"https:\/\/derpsairer.it\/it\/produkt\/miscela-per-pasta-fresca-agli-spinaci\/","title":{"rendered":"Miscela per pasta fresca agli spinaci"},"content":{"rendered":"<p>La nostra <strong>miscela per pasta fresca agli spinaci<\/strong> combina il gusto delicato degli spinaci freschi con la tradizione altoatesina. Con ingredienti di alta qualit\u00e0 e facile da preparare, puoi creare in un batter d&#8217;occhio pasta verde e aromatica, perfetta per i tuoi sughi preferiti. Basta aggiungere acqua e uova, impastare, modellare e goderti il sapore pieno della pasta fresca agli spinaci fatta in casa. Ideale per chi vuole portare qualcosa di speciale in tavola!   <\/p>\n<p>La nostra miscela \u00e8 compatibile con Thermomix\u00ae e pu\u00f2 essere lavorata con la funzione impasto in soli 3 minuti.<\/p>\n","protected":false},"excerpt":{"rendered":"<p>La nostra miscela per pasta fresca agli spinaci combina il gusto delicato degli spinaci freschi con la tradizione altoatesina. Con ingredienti di alta qualit\u00e0 e facile da preparare, puoi creare&#8230;<\/p>\n","protected":false},"featured_media":5338,"template":"","meta":[],"product_brand":[],"product_cat":[191],"product_tag":[1945,2033,2131,344,881,2426,2431],"class_list":{"0":"post-5337","1":"product","2":"type-product","3":"status-publish","4":"has-post-thumbnail","6":"product_cat-altre-delizie","7":"product_tag-alto-adige","8":"product_tag-aromatico","9":"product_tag-fatto-in-casa","10":"product_tag-pasta","11":"product_tag-pasta-per-noodles","12":"product_tag-preparato-per-impasto","13":"product_tag-spinaci","15":"first","16":"outofstock","17":"taxable","18":"shipping-taxable","19":"purchasable","20":"product-type-simple"},"yoast_head":"<!-- This site is optimized with the Yoast SEO plugin v27.5 - https:\/\/yoast.com\/product\/yoast-seo-wordpress\/ -->\n<title>Miscela per pasta fresca agli spinaci - Der Psairer - Speck, Wurst, K\u00e4se<\/title>\n<meta name=\"robots\" content=\"index, follow, max-snippet:-1, max-image-preview:large, max-video-preview:-1\" \/>\n<link rel=\"canonical\" href=\"https:\/\/derpsairer.it\/it\/produkt\/miscela-per-pasta-fresca-agli-spinaci\/\" \/>\n<meta property=\"og:locale\" content=\"it_IT\" \/>\n<meta property=\"og:type\" content=\"article\" \/>\n<meta property=\"og:title\" content=\"Miscela per pasta fresca agli spinaci - Der Psairer - Speck, Wurst, K\u00e4se\" \/>\n<meta property=\"og:description\" content=\"La nostra miscela per pasta fresca agli spinaci combina il gusto delicato degli spinaci freschi con la tradizione altoatesina. Con ingredienti di alta qualit\u00e0 e facile da preparare, puoi creare...\" \/>\n<meta property=\"og:url\" content=\"https:\/\/derpsairer.it\/it\/produkt\/miscela-per-pasta-fresca-agli-spinaci\/\" \/>\n<meta property=\"og:site_name\" content=\"Der Psairer - Speck, Wurst, K\u00e4se\" \/>\n<meta property=\"article:publisher\" content=\"https:\/\/www.facebook.com\/profile.php?id=100063648246860\" \/>\n<meta property=\"article:modified_time\" content=\"2025-11-04T10:07:30+00:00\" \/>\n<meta property=\"og:image\" content=\"https:\/\/derpsairer.it\/wp-22\/wp-content\/uploads\/2025\/04\/Spinatnudel.webp\" \/>\n\t<meta property=\"og:image:width\" content=\"990\" \/>\n\t<meta property=\"og:image:height\" content=\"1485\" \/>\n\t<meta property=\"og:image:type\" content=\"image\/webp\" \/>\n<script type=\"application\/ld+json\" class=\"yoast-schema-graph\">{\"@context\":\"https:\\\/\\\/schema.org\",\"@graph\":[{\"@type\":\"WebPage\",\"@id\":\"https:\\\/\\\/derpsairer.it\\\/it\\\/produkt\\\/miscela-per-pasta-fresca-agli-spinaci\\\/\",\"url\":\"https:\\\/\\\/derpsairer.it\\\/it\\\/produkt\\\/miscela-per-pasta-fresca-agli-spinaci\\\/\",\"name\":\"Miscela per pasta fresca agli spinaci - Der Psairer - Speck, Wurst, K\u00e4se\",\"isPartOf\":{\"@id\":\"https:\\\/\\\/derpsairer.it\\\/it\\\/#website\"},\"primaryImageOfPage\":{\"@id\":\"https:\\\/\\\/derpsairer.it\\\/it\\\/produkt\\\/miscela-per-pasta-fresca-agli-spinaci\\\/#primaryimage\"},\"image\":{\"@id\":\"https:\\\/\\\/derpsairer.it\\\/it\\\/produkt\\\/miscela-per-pasta-fresca-agli-spinaci\\\/#primaryimage\"},\"thumbnailUrl\":\"https:\\\/\\\/derpsairer.it\\\/wp-22\\\/wp-content\\\/uploads\\\/2025\\\/04\\\/Spinatnudel.webp\",\"datePublished\":\"2025-04-05T17:15:37+00:00\",\"dateModified\":\"2025-11-04T10:07:30+00:00\",\"breadcrumb\":{\"@id\":\"https:\\\/\\\/derpsairer.it\\\/it\\\/produkt\\\/miscela-per-pasta-fresca-agli-spinaci\\\/#breadcrumb\"},\"inLanguage\":\"it-IT\",\"potentialAction\":[{\"@type\":\"ReadAction\",\"target\":[\"https:\\\/\\\/derpsairer.it\\\/it\\\/produkt\\\/miscela-per-pasta-fresca-agli-spinaci\\\/\"]}]},{\"@type\":\"ImageObject\",\"inLanguage\":\"it-IT\",\"@id\":\"https:\\\/\\\/derpsairer.it\\\/it\\\/produkt\\\/miscela-per-pasta-fresca-agli-spinaci\\\/#primaryimage\",\"url\":\"https:\\\/\\\/derpsairer.it\\\/wp-22\\\/wp-content\\\/uploads\\\/2025\\\/04\\\/Spinatnudel.webp\",\"contentUrl\":\"https:\\\/\\\/derpsairer.it\\\/wp-22\\\/wp-content\\\/uploads\\\/2025\\\/04\\\/Spinatnudel.webp\",\"width\":990,\"height\":1485},{\"@type\":\"BreadcrumbList\",\"@id\":\"https:\\\/\\\/derpsairer.it\\\/it\\\/produkt\\\/miscela-per-pasta-fresca-agli-spinaci\\\/#breadcrumb\",\"itemListElement\":[{\"@type\":\"ListItem\",\"position\":1,\"name\":\"Home\",\"item\":\"https:\\\/\\\/derpsairer.it\\\/it\\\/il-negozio-di-speck-der-psairer\\\/\"},{\"@type\":\"ListItem\",\"position\":2,\"name\":\"Shop\",\"item\":\"https:\\\/\\\/derpsairer.it\\\/shop\\\/\"},{\"@type\":\"ListItem\",\"position\":3,\"name\":\"Miscela per pasta fresca agli spinaci\"}]},{\"@type\":\"WebSite\",\"@id\":\"https:\\\/\\\/derpsairer.it\\\/it\\\/#website\",\"url\":\"https:\\\/\\\/derpsairer.it\\\/it\\\/\",\"name\":\"Der Psairer - Speck, Wurst, K\u00e4se\",\"description\":\"Speck, Wurst und K\u00e4s aus Passeiertal in S\u00fcdtirol online bestellen.\",\"publisher\":{\"@id\":\"https:\\\/\\\/derpsairer.it\\\/it\\\/#organization\"},\"potentialAction\":[{\"@type\":\"SearchAction\",\"target\":{\"@type\":\"EntryPoint\",\"urlTemplate\":\"https:\\\/\\\/derpsairer.it\\\/it\\\/?s={search_term_string}\"},\"query-input\":{\"@type\":\"PropertyValueSpecification\",\"valueRequired\":true,\"valueName\":\"search_term_string\"}}],\"inLanguage\":\"it-IT\"},{\"@type\":\"Organization\",\"@id\":\"https:\\\/\\\/derpsairer.it\\\/it\\\/#organization\",\"name\":\"Der Psairer - Speck, Wurst, K\u00e4se\",\"url\":\"https:\\\/\\\/derpsairer.it\\\/it\\\/\",\"logo\":{\"@type\":\"ImageObject\",\"inLanguage\":\"it-IT\",\"@id\":\"https:\\\/\\\/derpsairer.it\\\/it\\\/#\\\/schema\\\/logo\\\/image\\\/\",\"url\":\"https:\\\/\\\/derpsairer.it\\\/wp-22\\\/wp-content\\\/uploads\\\/2020\\\/03\\\/DER-PSAIRER-LOGO-2x.png\",\"contentUrl\":\"https:\\\/\\\/derpsairer.it\\\/wp-22\\\/wp-content\\\/uploads\\\/2020\\\/03\\\/DER-PSAIRER-LOGO-2x.png\",\"width\":500,\"height\":500,\"caption\":\"Der Psairer - Speck, Wurst, K\u00e4se\"},\"image\":{\"@id\":\"https:\\\/\\\/derpsairer.it\\\/it\\\/#\\\/schema\\\/logo\\\/image\\\/\"},\"sameAs\":[\"https:\\\/\\\/www.facebook.com\\\/profile.php?id=100063648246860\"]}]}<\/script>\n<!-- \/ Yoast SEO plugin. -->","yoast_head_json":{"title":"Miscela per pasta fresca agli spinaci - Der Psairer - Speck, Wurst, K\u00e4se","robots":{"index":"index","follow":"follow","max-snippet":"max-snippet:-1","max-image-preview":"max-image-preview:large","max-video-preview":"max-video-preview:-1"},"canonical":"https:\/\/derpsairer.it\/it\/produkt\/miscela-per-pasta-fresca-agli-spinaci\/","og_locale":"it_IT","og_type":"article","og_title":"Miscela per pasta fresca agli spinaci - Der Psairer - Speck, Wurst, K\u00e4se","og_description":"La nostra miscela per pasta fresca agli spinaci combina il gusto delicato degli spinaci freschi con la tradizione altoatesina. Con ingredienti di alta qualit\u00e0 e facile da preparare, puoi creare...","og_url":"https:\/\/derpsairer.it\/it\/produkt\/miscela-per-pasta-fresca-agli-spinaci\/","og_site_name":"Der Psairer - Speck, Wurst, K\u00e4se","article_publisher":"https:\/\/www.facebook.com\/profile.php?id=100063648246860","article_modified_time":"2025-11-04T10:07:30+00:00","og_image":[{"width":990,"height":1485,"url":"https:\/\/derpsairer.it\/wp-22\/wp-content\/uploads\/2025\/04\/Spinatnudel.webp","type":"image\/webp"}],"schema":{"@context":"https:\/\/schema.org","@graph":[{"@type":"WebPage","@id":"https:\/\/derpsairer.it\/it\/produkt\/miscela-per-pasta-fresca-agli-spinaci\/","url":"https:\/\/derpsairer.it\/it\/produkt\/miscela-per-pasta-fresca-agli-spinaci\/","name":"Miscela per pasta fresca agli spinaci - Der Psairer - Speck, Wurst, K\u00e4se","isPartOf":{"@id":"https:\/\/derpsairer.it\/it\/#website"},"primaryImageOfPage":{"@id":"https:\/\/derpsairer.it\/it\/produkt\/miscela-per-pasta-fresca-agli-spinaci\/#primaryimage"},"image":{"@id":"https:\/\/derpsairer.it\/it\/produkt\/miscela-per-pasta-fresca-agli-spinaci\/#primaryimage"},"thumbnailUrl":"https:\/\/derpsairer.it\/wp-22\/wp-content\/uploads\/2025\/04\/Spinatnudel.webp","datePublished":"2025-04-05T17:15:37+00:00","dateModified":"2025-11-04T10:07:30+00:00","breadcrumb":{"@id":"https:\/\/derpsairer.it\/it\/produkt\/miscela-per-pasta-fresca-agli-spinaci\/#breadcrumb"},"inLanguage":"it-IT","potentialAction":[{"@type":"ReadAction","target":["https:\/\/derpsairer.it\/it\/produkt\/miscela-per-pasta-fresca-agli-spinaci\/"]}]},{"@type":"ImageObject","inLanguage":"it-IT","@id":"https:\/\/derpsairer.it\/it\/produkt\/miscela-per-pasta-fresca-agli-spinaci\/#primaryimage","url":"https:\/\/derpsairer.it\/wp-22\/wp-content\/uploads\/2025\/04\/Spinatnudel.webp","contentUrl":"https:\/\/derpsairer.it\/wp-22\/wp-content\/uploads\/2025\/04\/Spinatnudel.webp","width":990,"height":1485},{"@type":"BreadcrumbList","@id":"https:\/\/derpsairer.it\/it\/produkt\/miscela-per-pasta-fresca-agli-spinaci\/#breadcrumb","itemListElement":[{"@type":"ListItem","position":1,"name":"Home","item":"https:\/\/derpsairer.it\/it\/il-negozio-di-speck-der-psairer\/"},{"@type":"ListItem","position":2,"name":"Shop","item":"https:\/\/derpsairer.it\/shop\/"},{"@type":"ListItem","position":3,"name":"Miscela per pasta fresca agli spinaci"}]},{"@type":"WebSite","@id":"https:\/\/derpsairer.it\/it\/#website","url":"https:\/\/derpsairer.it\/it\/","name":"Der Psairer - Speck, Wurst, K\u00e4se","description":"Speck, Wurst und K\u00e4s aus Passeiertal in S\u00fcdtirol online bestellen.","publisher":{"@id":"https:\/\/derpsairer.it\/it\/#organization"},"potentialAction":[{"@type":"SearchAction","target":{"@type":"EntryPoint","urlTemplate":"https:\/\/derpsairer.it\/it\/?s={search_term_string}"},"query-input":{"@type":"PropertyValueSpecification","valueRequired":true,"valueName":"search_term_string"}}],"inLanguage":"it-IT"},{"@type":"Organization","@id":"https:\/\/derpsairer.it\/it\/#organization","name":"Der Psairer - Speck, Wurst, K\u00e4se","url":"https:\/\/derpsairer.it\/it\/","logo":{"@type":"ImageObject","inLanguage":"it-IT","@id":"https:\/\/derpsairer.it\/it\/#\/schema\/logo\/image\/","url":"https:\/\/derpsairer.it\/wp-22\/wp-content\/uploads\/2020\/03\/DER-PSAIRER-LOGO-2x.png","contentUrl":"https:\/\/derpsairer.it\/wp-22\/wp-content\/uploads\/2020\/03\/DER-PSAIRER-LOGO-2x.png","width":500,"height":500,"caption":"Der Psairer - Speck, Wurst, K\u00e4se"},"image":{"@id":"https:\/\/derpsairer.it\/it\/#\/schema\/logo\/image\/"},"sameAs":["https:\/\/www.facebook.com\/profile.php?id=100063648246860"]}]}},"_links":{"self":[{"href":"https:\/\/derpsairer.it\/it\/wp-json\/wp\/v2\/product\/5337","targetHints":{"allow":["GET"]}}],"collection":[{"href":"https:\/\/derpsairer.it\/it\/wp-json\/wp\/v2\/product"}],"about":[{"href":"https:\/\/derpsairer.it\/it\/wp-json\/wp\/v2\/types\/product"}],"wp:featuredmedia":[{"embeddable":true,"href":"https:\/\/derpsairer.it\/it\/wp-json\/wp\/v2\/media\/5338"}],"wp:attachment":[{"href":"https:\/\/derpsairer.it\/it\/wp-json\/wp\/v2\/media?parent=5337"}],"wp:term":[{"taxonomy":"product_brand","embeddable":true,"href":"https:\/\/derpsairer.it\/it\/wp-json\/wp\/v2\/product_brand?post=5337"},{"taxonomy":"product_cat","embeddable":true,"href":"https:\/\/derpsairer.it\/it\/wp-json\/wp\/v2\/product_cat?post=5337"},{"taxonomy":"product_tag","embeddable":true,"href":"https:\/\/derpsairer.it\/it\/wp-json\/wp\/v2\/product_tag?post=5337"}],"curies":[{"name":"wp","href":"https:\/\/api.w.org\/{rel}","templated":true}]}}