{"id":5342,"date":"2025-05-10T17:28:19","date_gmt":"2025-05-10T15:28:19","guid":{"rendered":"https:\/\/derpsairer.it\/produkt\/vino-da-tavola-bianco\/"},"modified":"2025-11-27T11:27:30","modified_gmt":"2025-11-27T10:27:30","slug":"vino-da-tavola-bianco","status":"publish","type":"product","link":"https:\/\/derpsairer.it\/it\/produkt\/vino-da-tavola-bianco\/","title":{"rendered":"Vino da tavola bianco \u2013 vino fresco per tutti i giorni"},"content":{"rendered":"<p>Questo vino bianco presenta un giallo paglierino chiaro e un profumo delicatamente floreale. Al palato \u00e8 secco, fresco e lineare con una struttura chiara. Il suo carattere semplice lo rende un compagno versatile nella vita di tutti i giorni, specialmente con verdure, pesce e formaggi delicati.  <\/p>\n<p data-start=\"349\" data-end=\"376\"><strong>Cantina:<\/strong><br \/>\nBurggr\u00e4fler-Meran<\/p>\n<p data-start=\"378\" data-end=\"393\"><strong>Vitigno:<\/strong><br \/>\nCuv\u00e9e<\/p>\n<p data-start=\"395\" data-end=\"461\"><strong>Abbinamenti:<\/strong><br \/>\nPesce<br data-start=\"418\" data-end=\"421\">Formaggi freschi<br data-start=\"431\" data-end=\"434\">Verdure<br data-start=\"440\" data-end=\"443\">Antipasti leggeri<\/p>\n<p data-start=\"482\" data-end=\"509\"><strong>Temperatura di servizio:<\/strong><br \/>\n10\u201312 \u00b0C<\/p>\n<p data-start=\"511\" data-end=\"532\"><strong>Gradazione alcolica:<\/strong><br \/>\n12,5%<\/p>\n<p data-start=\"534\" data-end=\"545\"><strong>Contenuto:<\/strong><br \/>\n1 l<\/p>\n<p data-start=\"547\" data-end=\"565\"><strong>Provenienza:<\/strong><br \/>\nAlto Adige<\/p>\n<p data-start=\"567\" data-end=\"583\"><strong>Contiene solfiti.<\/strong><\/p>\n","protected":false},"excerpt":{"rendered":"<ul>\n<li>Sapore fresco<\/li>\n<li>Profumo floreale<\/li>\n<li>Stile lineare<\/li>\n<li>Uso versatile<\/li>\n<li>Provenienza altoatesina<\/li>\n<\/ul>\n","protected":false},"featured_media":5344,"template":"","meta":[],"product_brand":[],"product_cat":[188],"product_tag":[1945,308,1847,1865,2322,2361,2309,2855,419,471,2360],"class_list":{"0":"post-5342","1":"product","2":"type-product","3":"status-publish","4":"has-post-thumbnail","6":"product_cat-vino-distillati","7":"product_tag-alto-adige","8":"product_tag-aperitivo","9":"product_tag-con-le-verdure","10":"product_tag-con-pesce","11":"product_tag-fresco","12":"product_tag-leggero","13":"product_tag-secco","14":"product_tag-versatile","15":"product_tag-vino-bianco","16":"product_tag-vino-da-tavola-2","17":"product_tag-vino-da-tavola-3","19":"first","20":"instock","21":"taxable","22":"shipping-taxable","23":"purchasable","24":"product-type-simple"},"yoast_head":"<!-- This site is optimized with the Yoast SEO plugin v27.5 - https:\/\/yoast.com\/product\/yoast-seo-wordpress\/ -->\n<title>Vino da tavola bianco Alto Adige - Der Psairer - Speck, Wurst, K\u00e4se<\/title>\n<meta name=\"description\" content=\"Il Vino da tavola bianco offre un vino bianco fresco e secco dell&#039;Alto Adige per piatti leggeri. Scoprite un gusto preciso e lineare.\" \/>\n<meta name=\"robots\" content=\"index, follow, max-snippet:-1, max-image-preview:large, max-video-preview:-1\" \/>\n<link rel=\"canonical\" href=\"https:\/\/derpsairer.it\/it\/produkt\/vino-da-tavola-bianco\/\" \/>\n<meta property=\"og:locale\" content=\"it_IT\" \/>\n<meta property=\"og:type\" content=\"article\" \/>\n<meta property=\"og:title\" content=\"Vino da tavola bianco Alto Adige - Der Psairer - Speck, Wurst, K\u00e4se\" \/>\n<meta property=\"og:description\" content=\"Il Vino da tavola bianco offre un vino bianco fresco e secco dell&#039;Alto Adige per piatti leggeri. Scoprite un gusto preciso e lineare.\" \/>\n<meta property=\"og:url\" content=\"https:\/\/derpsairer.it\/it\/produkt\/vino-da-tavola-bianco\/\" \/>\n<meta property=\"og:site_name\" content=\"Der Psairer - Speck, Wurst, K\u00e4se\" \/>\n<meta property=\"article:publisher\" content=\"https:\/\/www.facebook.com\/profile.php?id=100063648246860\" \/>\n<meta property=\"article:modified_time\" content=\"2025-11-27T10:27:30+00:00\" \/>\n<meta property=\"og:image\" content=\"https:\/\/derpsairer.it\/wp-22\/wp-content\/uploads\/2025\/05\/bc285a9c437133137b5a4c4ce88fa4a57f61fbeb_600x600-e1746891239738.webp\" \/>\n\t<meta property=\"og:image:width\" content=\"183\" \/>\n\t<meta property=\"og:image:height\" content=\"183\" \/>\n\t<meta property=\"og:image:type\" content=\"image\/webp\" \/>\n<script type=\"application\/ld+json\" class=\"yoast-schema-graph\">{\"@context\":\"https:\\\/\\\/schema.org\",\"@graph\":[{\"@type\":\"WebPage\",\"@id\":\"https:\\\/\\\/derpsairer.it\\\/it\\\/produkt\\\/vino-da-tavola-bianco\\\/\",\"url\":\"https:\\\/\\\/derpsairer.it\\\/it\\\/produkt\\\/vino-da-tavola-bianco\\\/\",\"name\":\"Vino da tavola bianco Alto Adige - Der Psairer - Speck, Wurst, K\u00e4se\",\"isPartOf\":{\"@id\":\"https:\\\/\\\/derpsairer.it\\\/it\\\/#website\"},\"primaryImageOfPage\":{\"@id\":\"https:\\\/\\\/derpsairer.it\\\/it\\\/produkt\\\/vino-da-tavola-bianco\\\/#primaryimage\"},\"image\":{\"@id\":\"https:\\\/\\\/derpsairer.it\\\/it\\\/produkt\\\/vino-da-tavola-bianco\\\/#primaryimage\"},\"thumbnailUrl\":\"https:\\\/\\\/derpsairer.it\\\/wp-22\\\/wp-content\\\/uploads\\\/2025\\\/05\\\/bc285a9c437133137b5a4c4ce88fa4a57f61fbeb_600x600-e1746891239738.webp\",\"datePublished\":\"2025-05-10T15:28:19+00:00\",\"dateModified\":\"2025-11-27T10:27:30+00:00\",\"description\":\"Il Vino da tavola bianco offre un vino bianco fresco e secco dell'Alto Adige per piatti leggeri. Scoprite un gusto preciso e lineare.\",\"breadcrumb\":{\"@id\":\"https:\\\/\\\/derpsairer.it\\\/it\\\/produkt\\\/vino-da-tavola-bianco\\\/#breadcrumb\"},\"inLanguage\":\"it-IT\",\"potentialAction\":[{\"@type\":\"ReadAction\",\"target\":[\"https:\\\/\\\/derpsairer.it\\\/it\\\/produkt\\\/vino-da-tavola-bianco\\\/\"]}]},{\"@type\":\"ImageObject\",\"inLanguage\":\"it-IT\",\"@id\":\"https:\\\/\\\/derpsairer.it\\\/it\\\/produkt\\\/vino-da-tavola-bianco\\\/#primaryimage\",\"url\":\"https:\\\/\\\/derpsairer.it\\\/wp-22\\\/wp-content\\\/uploads\\\/2025\\\/05\\\/bc285a9c437133137b5a4c4ce88fa4a57f61fbeb_600x600-e1746891239738.webp\",\"contentUrl\":\"https:\\\/\\\/derpsairer.it\\\/wp-22\\\/wp-content\\\/uploads\\\/2025\\\/05\\\/bc285a9c437133137b5a4c4ce88fa4a57f61fbeb_600x600-e1746891239738.webp\",\"width\":183,\"height\":183},{\"@type\":\"BreadcrumbList\",\"@id\":\"https:\\\/\\\/derpsairer.it\\\/it\\\/produkt\\\/vino-da-tavola-bianco\\\/#breadcrumb\",\"itemListElement\":[{\"@type\":\"ListItem\",\"position\":1,\"name\":\"Home\",\"item\":\"https:\\\/\\\/derpsairer.it\\\/it\\\/il-negozio-di-speck-der-psairer\\\/\"},{\"@type\":\"ListItem\",\"position\":2,\"name\":\"Shop\",\"item\":\"https:\\\/\\\/derpsairer.it\\\/shop\\\/\"},{\"@type\":\"ListItem\",\"position\":3,\"name\":\"Vino da tavola bianco \u2013 vino fresco per tutti i giorni\"}]},{\"@type\":\"WebSite\",\"@id\":\"https:\\\/\\\/derpsairer.it\\\/it\\\/#website\",\"url\":\"https:\\\/\\\/derpsairer.it\\\/it\\\/\",\"name\":\"Der Psairer - Speck, Wurst, K\u00e4se\",\"description\":\"Speck, Wurst und K\u00e4s aus Passeiertal in S\u00fcdtirol online bestellen.\",\"publisher\":{\"@id\":\"https:\\\/\\\/derpsairer.it\\\/it\\\/#organization\"},\"potentialAction\":[{\"@type\":\"SearchAction\",\"target\":{\"@type\":\"EntryPoint\",\"urlTemplate\":\"https:\\\/\\\/derpsairer.it\\\/it\\\/?s={search_term_string}\"},\"query-input\":{\"@type\":\"PropertyValueSpecification\",\"valueRequired\":true,\"valueName\":\"search_term_string\"}}],\"inLanguage\":\"it-IT\"},{\"@type\":\"Organization\",\"@id\":\"https:\\\/\\\/derpsairer.it\\\/it\\\/#organization\",\"name\":\"Der Psairer - Speck, Wurst, K\u00e4se\",\"url\":\"https:\\\/\\\/derpsairer.it\\\/it\\\/\",\"logo\":{\"@type\":\"ImageObject\",\"inLanguage\":\"it-IT\",\"@id\":\"https:\\\/\\\/derpsairer.it\\\/it\\\/#\\\/schema\\\/logo\\\/image\\\/\",\"url\":\"https:\\\/\\\/derpsairer.it\\\/wp-22\\\/wp-content\\\/uploads\\\/2020\\\/03\\\/DER-PSAIRER-LOGO-2x.png\",\"contentUrl\":\"https:\\\/\\\/derpsairer.it\\\/wp-22\\\/wp-content\\\/uploads\\\/2020\\\/03\\\/DER-PSAIRER-LOGO-2x.png\",\"width\":500,\"height\":500,\"caption\":\"Der Psairer - Speck, Wurst, K\u00e4se\"},\"image\":{\"@id\":\"https:\\\/\\\/derpsairer.it\\\/it\\\/#\\\/schema\\\/logo\\\/image\\\/\"},\"sameAs\":[\"https:\\\/\\\/www.facebook.com\\\/profile.php?id=100063648246860\"]}]}<\/script>\n<!-- \/ Yoast SEO plugin. -->","yoast_head_json":{"title":"Vino da tavola bianco Alto Adige - Der Psairer - Speck, Wurst, K\u00e4se","description":"Il Vino da tavola bianco offre un vino bianco fresco e secco dell'Alto Adige per piatti leggeri. Scoprite un gusto preciso e lineare.","robots":{"index":"index","follow":"follow","max-snippet":"max-snippet:-1","max-image-preview":"max-image-preview:large","max-video-preview":"max-video-preview:-1"},"canonical":"https:\/\/derpsairer.it\/it\/produkt\/vino-da-tavola-bianco\/","og_locale":"it_IT","og_type":"article","og_title":"Vino da tavola bianco Alto Adige - Der Psairer - Speck, Wurst, K\u00e4se","og_description":"Il Vino da tavola bianco offre un vino bianco fresco e secco dell'Alto Adige per piatti leggeri. Scoprite un gusto preciso e lineare.","og_url":"https:\/\/derpsairer.it\/it\/produkt\/vino-da-tavola-bianco\/","og_site_name":"Der Psairer - Speck, Wurst, K\u00e4se","article_publisher":"https:\/\/www.facebook.com\/profile.php?id=100063648246860","article_modified_time":"2025-11-27T10:27:30+00:00","og_image":[{"width":183,"height":183,"url":"https:\/\/derpsairer.it\/wp-22\/wp-content\/uploads\/2025\/05\/bc285a9c437133137b5a4c4ce88fa4a57f61fbeb_600x600-e1746891239738.webp","type":"image\/webp"}],"schema":{"@context":"https:\/\/schema.org","@graph":[{"@type":"WebPage","@id":"https:\/\/derpsairer.it\/it\/produkt\/vino-da-tavola-bianco\/","url":"https:\/\/derpsairer.it\/it\/produkt\/vino-da-tavola-bianco\/","name":"Vino da tavola bianco Alto Adige - Der Psairer - Speck, Wurst, K\u00e4se","isPartOf":{"@id":"https:\/\/derpsairer.it\/it\/#website"},"primaryImageOfPage":{"@id":"https:\/\/derpsairer.it\/it\/produkt\/vino-da-tavola-bianco\/#primaryimage"},"image":{"@id":"https:\/\/derpsairer.it\/it\/produkt\/vino-da-tavola-bianco\/#primaryimage"},"thumbnailUrl":"https:\/\/derpsairer.it\/wp-22\/wp-content\/uploads\/2025\/05\/bc285a9c437133137b5a4c4ce88fa4a57f61fbeb_600x600-e1746891239738.webp","datePublished":"2025-05-10T15:28:19+00:00","dateModified":"2025-11-27T10:27:30+00:00","description":"Il Vino da tavola bianco offre un vino bianco fresco e secco dell'Alto Adige per piatti leggeri. Scoprite un gusto preciso e lineare.","breadcrumb":{"@id":"https:\/\/derpsairer.it\/it\/produkt\/vino-da-tavola-bianco\/#breadcrumb"},"inLanguage":"it-IT","potentialAction":[{"@type":"ReadAction","target":["https:\/\/derpsairer.it\/it\/produkt\/vino-da-tavola-bianco\/"]}]},{"@type":"ImageObject","inLanguage":"it-IT","@id":"https:\/\/derpsairer.it\/it\/produkt\/vino-da-tavola-bianco\/#primaryimage","url":"https:\/\/derpsairer.it\/wp-22\/wp-content\/uploads\/2025\/05\/bc285a9c437133137b5a4c4ce88fa4a57f61fbeb_600x600-e1746891239738.webp","contentUrl":"https:\/\/derpsairer.it\/wp-22\/wp-content\/uploads\/2025\/05\/bc285a9c437133137b5a4c4ce88fa4a57f61fbeb_600x600-e1746891239738.webp","width":183,"height":183},{"@type":"BreadcrumbList","@id":"https:\/\/derpsairer.it\/it\/produkt\/vino-da-tavola-bianco\/#breadcrumb","itemListElement":[{"@type":"ListItem","position":1,"name":"Home","item":"https:\/\/derpsairer.it\/it\/il-negozio-di-speck-der-psairer\/"},{"@type":"ListItem","position":2,"name":"Shop","item":"https:\/\/derpsairer.it\/shop\/"},{"@type":"ListItem","position":3,"name":"Vino da tavola bianco \u2013 vino fresco per tutti i giorni"}]},{"@type":"WebSite","@id":"https:\/\/derpsairer.it\/it\/#website","url":"https:\/\/derpsairer.it\/it\/","name":"Der Psairer - Speck, Wurst, K\u00e4se","description":"Speck, Wurst und K\u00e4s aus Passeiertal in S\u00fcdtirol online bestellen.","publisher":{"@id":"https:\/\/derpsairer.it\/it\/#organization"},"potentialAction":[{"@type":"SearchAction","target":{"@type":"EntryPoint","urlTemplate":"https:\/\/derpsairer.it\/it\/?s={search_term_string}"},"query-input":{"@type":"PropertyValueSpecification","valueRequired":true,"valueName":"search_term_string"}}],"inLanguage":"it-IT"},{"@type":"Organization","@id":"https:\/\/derpsairer.it\/it\/#organization","name":"Der Psairer - Speck, Wurst, K\u00e4se","url":"https:\/\/derpsairer.it\/it\/","logo":{"@type":"ImageObject","inLanguage":"it-IT","@id":"https:\/\/derpsairer.it\/it\/#\/schema\/logo\/image\/","url":"https:\/\/derpsairer.it\/wp-22\/wp-content\/uploads\/2020\/03\/DER-PSAIRER-LOGO-2x.png","contentUrl":"https:\/\/derpsairer.it\/wp-22\/wp-content\/uploads\/2020\/03\/DER-PSAIRER-LOGO-2x.png","width":500,"height":500,"caption":"Der Psairer - Speck, Wurst, K\u00e4se"},"image":{"@id":"https:\/\/derpsairer.it\/it\/#\/schema\/logo\/image\/"},"sameAs":["https:\/\/www.facebook.com\/profile.php?id=100063648246860"]}]}},"_links":{"self":[{"href":"https:\/\/derpsairer.it\/it\/wp-json\/wp\/v2\/product\/5342","targetHints":{"allow":["GET"]}}],"collection":[{"href":"https:\/\/derpsairer.it\/it\/wp-json\/wp\/v2\/product"}],"about":[{"href":"https:\/\/derpsairer.it\/it\/wp-json\/wp\/v2\/types\/product"}],"wp:featuredmedia":[{"embeddable":true,"href":"https:\/\/derpsairer.it\/it\/wp-json\/wp\/v2\/media\/5344"}],"wp:attachment":[{"href":"https:\/\/derpsairer.it\/it\/wp-json\/wp\/v2\/media?parent=5342"}],"wp:term":[{"taxonomy":"product_brand","embeddable":true,"href":"https:\/\/derpsairer.it\/it\/wp-json\/wp\/v2\/product_brand?post=5342"},{"taxonomy":"product_cat","embeddable":true,"href":"https:\/\/derpsairer.it\/it\/wp-json\/wp\/v2\/product_cat?post=5342"},{"taxonomy":"product_tag","embeddable":true,"href":"https:\/\/derpsairer.it\/it\/wp-json\/wp\/v2\/product_tag?post=5342"}],"curies":[{"name":"wp","href":"https:\/\/api.w.org\/{rel}","templated":true}]}}