{"id":5349,"date":"2025-05-09T17:26:47","date_gmt":"2025-05-09T15:26:47","guid":{"rendered":"https:\/\/derpsairer.it\/produkt\/kit-pasta-aglio-olio-e-peperoncino\/"},"modified":"2025-11-04T10:57:10","modified_gmt":"2025-11-04T09:57:10","slug":"kit-pasta-aglio-olio-e-peperoncino","status":"publish","type":"product","link":"https:\/\/derpsairer.it\/it\/produkt\/kit-pasta-aglio-olio-e-peperoncino\/","title":{"rendered":"Kit Pasta Aglio Olio e Peperoncino"},"content":{"rendered":"<p data-start=\"366\" data-end=\"641\">Il <strong data-start=\"401\" data-end=\"439\">Kit Pasta Aglio Olio e Peperoncino<\/strong> \u00e8 un classico della cucina italiana e rappresenta un sapore semplice ma intenso. Il set contiene tutto ci\u00f2 di cui hai bisogno per questo popolare piatto di pasta \u2013 perfettamente abbinato.<\/p>\n<p data-start=\"643\" data-end=\"866\">Con pasta di qualit\u00e0, olio d&#8217;oliva di alta qualit\u00e0, aglio aromatico e un pizzico di peperoncino piccante, preparerai in pochi minuti un autentico piatto italiano. Ideale per gli amanti dei sapori mediterranei e speziati. <\/p>\n<ul data-start=\"868\" data-end=\"1043\" data-is-last-node=\"\" data-is-only-node=\"\">\n<li data-start=\"868\" data-end=\"920\">\n<p data-start=\"870\" data-end=\"920\">Contenuto: Pasta, mix Aglio Olio e Peperoncino<\/p>\n<\/li>\n<li data-start=\"921\" data-end=\"942\">\n<p data-start=\"923\" data-end=\"942\">Origine: Italia<\/p>\n<\/li>\n<li data-start=\"943\" data-end=\"987\">\n<p data-start=\"945\" data-end=\"987\">Veloce da preparare e ricco di sapore<\/p>\n<\/li>\n<li data-start=\"988\" data-end=\"1043\" data-is-last-node=\"\">\n<p data-start=\"990\" data-end=\"1043\" data-is-last-node=\"\">Perfetto per gli amanti dei classici e semplici piatti di pasta<\/p>\n<\/li>\n<\/ul>\n","protected":false},"excerpt":{"rendered":"<div class=\"shortdesc\">\n<ul>\n<li>deliziosa pasta con aglio, olio e peperoncino<\/li>\n<li>per circa 2-3 persone<\/li>\n<li>simpatica idea regalo con pasta, mestolo, olio e spezie<\/li>\n<li>100% grano italiano<\/li>\n<li>essiccato lentamente\n<div class=\"desc\"><\/div>\n<\/li>\n<\/ul>\n<\/div>\n","protected":false},"featured_media":5351,"template":"","meta":[],"product_brand":[],"product_cat":[191],"product_tag":[2536,2770,530,282,1831,565,681,2527,1679],"class_list":{"0":"post-5349","1":"product","2":"type-product","3":"status-publish","4":"has-post-thumbnail","6":"product_cat-altre-delizie","7":"product_tag-aglio","8":"product_tag-classico","9":"product_tag-cucina-mediterranea","10":"product_tag-feinkost","11":"product_tag-olio-doliva","12":"product_tag-pasta-kit","13":"product_tag-peperoncino","14":"product_tag-peperoncino-2","15":"product_tag-saporito","17":"first","18":"instock","19":"taxable","20":"shipping-taxable","21":"purchasable","22":"product-type-simple"},"yoast_head":"<!-- This site is optimized with the Yoast SEO plugin v27.5 - https:\/\/yoast.com\/product\/yoast-seo-wordpress\/ -->\n<title>Kit Pasta Aglio Olio Peperoncino \u2013 Set italiano originale - Der Psairer - Speck, Wurst, K\u00e4se<\/title>\n<meta name=\"description\" content=\"Kit Pasta Aglio Olio Peperoncino \u2013 classico set di pasta italiano con aglio aromatico, olio d&#039;oliva e peperoncino. Veloce, semplice e delizioso.\" \/>\n<meta name=\"robots\" content=\"index, follow, max-snippet:-1, max-image-preview:large, max-video-preview:-1\" \/>\n<link rel=\"canonical\" href=\"https:\/\/derpsairer.it\/it\/produkt\/kit-pasta-aglio-olio-e-peperoncino\/\" \/>\n<meta property=\"og:locale\" content=\"it_IT\" \/>\n<meta property=\"og:type\" content=\"article\" \/>\n<meta property=\"og:title\" content=\"Kit Pasta Aglio Olio Peperoncino \u2013 Set italiano originale - Der Psairer - Speck, Wurst, K\u00e4se\" \/>\n<meta property=\"og:description\" content=\"Kit Pasta Aglio Olio Peperoncino \u2013 classico set di pasta italiano con aglio aromatico, olio d&#039;oliva e peperoncino. Veloce, semplice e delizioso.\" \/>\n<meta property=\"og:url\" content=\"https:\/\/derpsairer.it\/it\/produkt\/kit-pasta-aglio-olio-e-peperoncino\/\" \/>\n<meta property=\"og:site_name\" content=\"Der Psairer - Speck, Wurst, K\u00e4se\" \/>\n<meta property=\"article:publisher\" content=\"https:\/\/www.facebook.com\/profile.php?id=100063648246860\" \/>\n<meta property=\"article:modified_time\" content=\"2025-11-04T09:57:10+00:00\" \/>\n<meta property=\"og:image\" content=\"https:\/\/derpsairer.it\/wp-22\/wp-content\/uploads\/2025\/05\/kit-pasta-aglio-olio-e-peperoncino.webp\" \/>\n\t<meta property=\"og:image:width\" content=\"1200\" \/>\n\t<meta property=\"og:image:height\" content=\"1200\" \/>\n\t<meta property=\"og:image:type\" content=\"image\/webp\" \/>\n<script type=\"application\/ld+json\" class=\"yoast-schema-graph\">{\"@context\":\"https:\\\/\\\/schema.org\",\"@graph\":[{\"@type\":\"WebPage\",\"@id\":\"https:\\\/\\\/derpsairer.it\\\/it\\\/produkt\\\/kit-pasta-aglio-olio-e-peperoncino\\\/\",\"url\":\"https:\\\/\\\/derpsairer.it\\\/it\\\/produkt\\\/kit-pasta-aglio-olio-e-peperoncino\\\/\",\"name\":\"Kit Pasta Aglio Olio Peperoncino \u2013 Set italiano originale - Der Psairer - Speck, Wurst, K\u00e4se\",\"isPartOf\":{\"@id\":\"https:\\\/\\\/derpsairer.it\\\/it\\\/#website\"},\"primaryImageOfPage\":{\"@id\":\"https:\\\/\\\/derpsairer.it\\\/it\\\/produkt\\\/kit-pasta-aglio-olio-e-peperoncino\\\/#primaryimage\"},\"image\":{\"@id\":\"https:\\\/\\\/derpsairer.it\\\/it\\\/produkt\\\/kit-pasta-aglio-olio-e-peperoncino\\\/#primaryimage\"},\"thumbnailUrl\":\"https:\\\/\\\/derpsairer.it\\\/wp-22\\\/wp-content\\\/uploads\\\/2025\\\/05\\\/kit-pasta-aglio-olio-e-peperoncino.webp\",\"datePublished\":\"2025-05-09T15:26:47+00:00\",\"dateModified\":\"2025-11-04T09:57:10+00:00\",\"description\":\"Kit Pasta Aglio Olio Peperoncino \u2013 classico set di pasta italiano con aglio aromatico, olio d'oliva e peperoncino. Veloce, semplice e delizioso.\",\"breadcrumb\":{\"@id\":\"https:\\\/\\\/derpsairer.it\\\/it\\\/produkt\\\/kit-pasta-aglio-olio-e-peperoncino\\\/#breadcrumb\"},\"inLanguage\":\"it-IT\",\"potentialAction\":[{\"@type\":\"ReadAction\",\"target\":[\"https:\\\/\\\/derpsairer.it\\\/it\\\/produkt\\\/kit-pasta-aglio-olio-e-peperoncino\\\/\"]}]},{\"@type\":\"ImageObject\",\"inLanguage\":\"it-IT\",\"@id\":\"https:\\\/\\\/derpsairer.it\\\/it\\\/produkt\\\/kit-pasta-aglio-olio-e-peperoncino\\\/#primaryimage\",\"url\":\"https:\\\/\\\/derpsairer.it\\\/wp-22\\\/wp-content\\\/uploads\\\/2025\\\/05\\\/kit-pasta-aglio-olio-e-peperoncino.webp\",\"contentUrl\":\"https:\\\/\\\/derpsairer.it\\\/wp-22\\\/wp-content\\\/uploads\\\/2025\\\/05\\\/kit-pasta-aglio-olio-e-peperoncino.webp\",\"width\":1200,\"height\":1200},{\"@type\":\"BreadcrumbList\",\"@id\":\"https:\\\/\\\/derpsairer.it\\\/it\\\/produkt\\\/kit-pasta-aglio-olio-e-peperoncino\\\/#breadcrumb\",\"itemListElement\":[{\"@type\":\"ListItem\",\"position\":1,\"name\":\"Home\",\"item\":\"https:\\\/\\\/derpsairer.it\\\/it\\\/il-negozio-di-speck-der-psairer\\\/\"},{\"@type\":\"ListItem\",\"position\":2,\"name\":\"Shop\",\"item\":\"https:\\\/\\\/derpsairer.it\\\/shop\\\/\"},{\"@type\":\"ListItem\",\"position\":3,\"name\":\"Kit Pasta Aglio Olio e Peperoncino\"}]},{\"@type\":\"WebSite\",\"@id\":\"https:\\\/\\\/derpsairer.it\\\/it\\\/#website\",\"url\":\"https:\\\/\\\/derpsairer.it\\\/it\\\/\",\"name\":\"Der Psairer - Speck, Wurst, K\u00e4se\",\"description\":\"Speck, Wurst und K\u00e4s aus Passeiertal in S\u00fcdtirol online bestellen.\",\"publisher\":{\"@id\":\"https:\\\/\\\/derpsairer.it\\\/it\\\/#organization\"},\"potentialAction\":[{\"@type\":\"SearchAction\",\"target\":{\"@type\":\"EntryPoint\",\"urlTemplate\":\"https:\\\/\\\/derpsairer.it\\\/it\\\/?s={search_term_string}\"},\"query-input\":{\"@type\":\"PropertyValueSpecification\",\"valueRequired\":true,\"valueName\":\"search_term_string\"}}],\"inLanguage\":\"it-IT\"},{\"@type\":\"Organization\",\"@id\":\"https:\\\/\\\/derpsairer.it\\\/it\\\/#organization\",\"name\":\"Der Psairer - Speck, Wurst, K\u00e4se\",\"url\":\"https:\\\/\\\/derpsairer.it\\\/it\\\/\",\"logo\":{\"@type\":\"ImageObject\",\"inLanguage\":\"it-IT\",\"@id\":\"https:\\\/\\\/derpsairer.it\\\/it\\\/#\\\/schema\\\/logo\\\/image\\\/\",\"url\":\"https:\\\/\\\/derpsairer.it\\\/wp-22\\\/wp-content\\\/uploads\\\/2020\\\/03\\\/DER-PSAIRER-LOGO-2x.png\",\"contentUrl\":\"https:\\\/\\\/derpsairer.it\\\/wp-22\\\/wp-content\\\/uploads\\\/2020\\\/03\\\/DER-PSAIRER-LOGO-2x.png\",\"width\":500,\"height\":500,\"caption\":\"Der Psairer - Speck, Wurst, K\u00e4se\"},\"image\":{\"@id\":\"https:\\\/\\\/derpsairer.it\\\/it\\\/#\\\/schema\\\/logo\\\/image\\\/\"},\"sameAs\":[\"https:\\\/\\\/www.facebook.com\\\/profile.php?id=100063648246860\"]}]}<\/script>\n<!-- \/ Yoast SEO plugin. -->","yoast_head_json":{"title":"Kit Pasta Aglio Olio Peperoncino \u2013 Set italiano originale - Der Psairer - Speck, Wurst, K\u00e4se","description":"Kit Pasta Aglio Olio Peperoncino \u2013 classico set di pasta italiano con aglio aromatico, olio d'oliva e peperoncino. Veloce, semplice e delizioso.","robots":{"index":"index","follow":"follow","max-snippet":"max-snippet:-1","max-image-preview":"max-image-preview:large","max-video-preview":"max-video-preview:-1"},"canonical":"https:\/\/derpsairer.it\/it\/produkt\/kit-pasta-aglio-olio-e-peperoncino\/","og_locale":"it_IT","og_type":"article","og_title":"Kit Pasta Aglio Olio Peperoncino \u2013 Set italiano originale - Der Psairer - Speck, Wurst, K\u00e4se","og_description":"Kit Pasta Aglio Olio Peperoncino \u2013 classico set di pasta italiano con aglio aromatico, olio d'oliva e peperoncino. Veloce, semplice e delizioso.","og_url":"https:\/\/derpsairer.it\/it\/produkt\/kit-pasta-aglio-olio-e-peperoncino\/","og_site_name":"Der Psairer - Speck, Wurst, K\u00e4se","article_publisher":"https:\/\/www.facebook.com\/profile.php?id=100063648246860","article_modified_time":"2025-11-04T09:57:10+00:00","og_image":[{"width":1200,"height":1200,"url":"https:\/\/derpsairer.it\/wp-22\/wp-content\/uploads\/2025\/05\/kit-pasta-aglio-olio-e-peperoncino.webp","type":"image\/webp"}],"schema":{"@context":"https:\/\/schema.org","@graph":[{"@type":"WebPage","@id":"https:\/\/derpsairer.it\/it\/produkt\/kit-pasta-aglio-olio-e-peperoncino\/","url":"https:\/\/derpsairer.it\/it\/produkt\/kit-pasta-aglio-olio-e-peperoncino\/","name":"Kit Pasta Aglio Olio Peperoncino \u2013 Set italiano originale - Der Psairer - Speck, Wurst, K\u00e4se","isPartOf":{"@id":"https:\/\/derpsairer.it\/it\/#website"},"primaryImageOfPage":{"@id":"https:\/\/derpsairer.it\/it\/produkt\/kit-pasta-aglio-olio-e-peperoncino\/#primaryimage"},"image":{"@id":"https:\/\/derpsairer.it\/it\/produkt\/kit-pasta-aglio-olio-e-peperoncino\/#primaryimage"},"thumbnailUrl":"https:\/\/derpsairer.it\/wp-22\/wp-content\/uploads\/2025\/05\/kit-pasta-aglio-olio-e-peperoncino.webp","datePublished":"2025-05-09T15:26:47+00:00","dateModified":"2025-11-04T09:57:10+00:00","description":"Kit Pasta Aglio Olio Peperoncino \u2013 classico set di pasta italiano con aglio aromatico, olio d'oliva e peperoncino. Veloce, semplice e delizioso.","breadcrumb":{"@id":"https:\/\/derpsairer.it\/it\/produkt\/kit-pasta-aglio-olio-e-peperoncino\/#breadcrumb"},"inLanguage":"it-IT","potentialAction":[{"@type":"ReadAction","target":["https:\/\/derpsairer.it\/it\/produkt\/kit-pasta-aglio-olio-e-peperoncino\/"]}]},{"@type":"ImageObject","inLanguage":"it-IT","@id":"https:\/\/derpsairer.it\/it\/produkt\/kit-pasta-aglio-olio-e-peperoncino\/#primaryimage","url":"https:\/\/derpsairer.it\/wp-22\/wp-content\/uploads\/2025\/05\/kit-pasta-aglio-olio-e-peperoncino.webp","contentUrl":"https:\/\/derpsairer.it\/wp-22\/wp-content\/uploads\/2025\/05\/kit-pasta-aglio-olio-e-peperoncino.webp","width":1200,"height":1200},{"@type":"BreadcrumbList","@id":"https:\/\/derpsairer.it\/it\/produkt\/kit-pasta-aglio-olio-e-peperoncino\/#breadcrumb","itemListElement":[{"@type":"ListItem","position":1,"name":"Home","item":"https:\/\/derpsairer.it\/it\/il-negozio-di-speck-der-psairer\/"},{"@type":"ListItem","position":2,"name":"Shop","item":"https:\/\/derpsairer.it\/shop\/"},{"@type":"ListItem","position":3,"name":"Kit Pasta Aglio Olio e Peperoncino"}]},{"@type":"WebSite","@id":"https:\/\/derpsairer.it\/it\/#website","url":"https:\/\/derpsairer.it\/it\/","name":"Der Psairer - Speck, Wurst, K\u00e4se","description":"Speck, Wurst und K\u00e4s aus Passeiertal in S\u00fcdtirol online bestellen.","publisher":{"@id":"https:\/\/derpsairer.it\/it\/#organization"},"potentialAction":[{"@type":"SearchAction","target":{"@type":"EntryPoint","urlTemplate":"https:\/\/derpsairer.it\/it\/?s={search_term_string}"},"query-input":{"@type":"PropertyValueSpecification","valueRequired":true,"valueName":"search_term_string"}}],"inLanguage":"it-IT"},{"@type":"Organization","@id":"https:\/\/derpsairer.it\/it\/#organization","name":"Der Psairer - Speck, Wurst, K\u00e4se","url":"https:\/\/derpsairer.it\/it\/","logo":{"@type":"ImageObject","inLanguage":"it-IT","@id":"https:\/\/derpsairer.it\/it\/#\/schema\/logo\/image\/","url":"https:\/\/derpsairer.it\/wp-22\/wp-content\/uploads\/2020\/03\/DER-PSAIRER-LOGO-2x.png","contentUrl":"https:\/\/derpsairer.it\/wp-22\/wp-content\/uploads\/2020\/03\/DER-PSAIRER-LOGO-2x.png","width":500,"height":500,"caption":"Der Psairer - Speck, Wurst, K\u00e4se"},"image":{"@id":"https:\/\/derpsairer.it\/it\/#\/schema\/logo\/image\/"},"sameAs":["https:\/\/www.facebook.com\/profile.php?id=100063648246860"]}]}},"_links":{"self":[{"href":"https:\/\/derpsairer.it\/it\/wp-json\/wp\/v2\/product\/5349","targetHints":{"allow":["GET"]}}],"collection":[{"href":"https:\/\/derpsairer.it\/it\/wp-json\/wp\/v2\/product"}],"about":[{"href":"https:\/\/derpsairer.it\/it\/wp-json\/wp\/v2\/types\/product"}],"wp:featuredmedia":[{"embeddable":true,"href":"https:\/\/derpsairer.it\/it\/wp-json\/wp\/v2\/media\/5351"}],"wp:attachment":[{"href":"https:\/\/derpsairer.it\/it\/wp-json\/wp\/v2\/media?parent=5349"}],"wp:term":[{"taxonomy":"product_brand","embeddable":true,"href":"https:\/\/derpsairer.it\/it\/wp-json\/wp\/v2\/product_brand?post=5349"},{"taxonomy":"product_cat","embeddable":true,"href":"https:\/\/derpsairer.it\/it\/wp-json\/wp\/v2\/product_cat?post=5349"},{"taxonomy":"product_tag","embeddable":true,"href":"https:\/\/derpsairer.it\/it\/wp-json\/wp\/v2\/product_tag?post=5349"}],"curies":[{"name":"wp","href":"https:\/\/api.w.org\/{rel}","templated":true}]}}