{"id":5354,"date":"2025-05-09T17:40:50","date_gmt":"2025-05-09T15:40:50","guid":{"rendered":"https:\/\/derpsairer.it\/produkt\/kit-pasta-cavatelli-con-parmigiano-reggiano-dop-salsa\/"},"modified":"2025-11-27T11:31:58","modified_gmt":"2025-11-27T10:31:58","slug":"kit-pasta-cavatelli-con-parmigiano-reggiano-dop-salsa","status":"publish","type":"product","link":"https:\/\/derpsairer.it\/it\/produkt\/kit-pasta-cavatelli-con-parmigiano-reggiano-dop-salsa\/","title":{"rendered":"Kit Pasta Cavatelli \u2013 delizia italiana con Parmigiano Reggiano"},"content":{"rendered":"<article class=\"text-token-text-primary w-full focus:outline-none [--shadow-height:45px] has-data-writing-block:pointer-events-none has-data-writing-block:-mt-(--shadow-height) has-data-writing-block:pt-(--shadow-height) [&amp;:has([data-writing-block])&gt;*]:pointer-events-auto [content-visibility:auto] supports-[content-visibility:auto]:[contain-intrinsic-size:auto_100lvh] scroll-mt-[calc(var(--header-height)+min(200px,max(70px,20svh)))]\" dir=\"auto\" tabindex=\"-1\" data-turn-id=\"bfd1d852-3f81-4be5-93b1-344d301acb0a\" data-testid=\"conversation-turn-16\" data-scroll-anchor=\"true\" data-turn=\"assistant\">\n<div class=\"text-base my-auto mx-auto pb-10 [--thread-content-margin:--spacing(4)] thread-sm:[--thread-content-margin:--spacing(6)] thread-lg:[--thread-content-margin:--spacing(16)] px-(--thread-content-margin)\">\n<div class=\"[--thread-content-max-width:40rem] thread-lg:[--thread-content-max-width:48rem] mx-auto max-w-(--thread-content-max-width) flex-1 group\/turn-messages focus-visible:outline-hidden relative flex w-full min-w-0 flex-col agent-turn\" tabindex=\"-1\">\n<div class=\"flex max-w-full flex-col grow\">\n<div class=\"min-h-8 text-message relative flex w-full flex-col items-end gap-2 text-start break-words whitespace-normal [.text-message+&amp;]:mt-1\" dir=\"auto\" data-message-author-role=\"assistant\" data-message-id=\"684606b9-537b-4825-899b-12aa6ed28a23\" data-message-model-slug=\"gpt-5\">\n<div class=\"flex w-full flex-col gap-1 empty:hidden first:pt-[1px]\">\n<div class=\"markdown prose dark:prose-invert w-full break-words dark markdown-new-styling\">\n<p data-start=\"82\" data-end=\"576\">Questo Kit Pasta Cavatelli con Parmigiano Reggiano DOP unisce cavatelli artigianali, una salsa finemente bilanciata e autentico Parmigiano Reggiano DOP. La combinazione di ingredienti di alta qualit\u00e0 garantisce un&#8217;esperienza di gusto autentica che ricorda la cucina tradizionale italiana. Il set \u00e8 facile e veloce da preparare ed \u00e8 ideale per un piatto di pasta di alta qualit\u00e0 a casa. Perfetto per i buongustai e gli amanti dei sapori italiani.   <\/p>\n<\/div>\n<\/div>\n<\/div>\n<\/div>\n<\/div>\n<\/div>\n<\/article>\n","protected":false},"excerpt":{"rendered":"<div class=\"shortdesc\">\u2022 Cavatelli artigianali<br data-start=\"1008\" data-end=\"1011\">\u2022 Parmigiano Reggiano DOP<br data-start=\"1035\" data-end=\"1038\">\u2022 Ingredienti di alta qualit\u00e0<br data-start=\"1059\" data-end=\"1062\">\u2022 Preparazione rapida<br data-start=\"1084\" data-end=\"1087\">\u2022 Piacere italiano<\/div>\n","protected":false},"featured_media":5356,"template":"","meta":[],"product_brand":[],"product_cat":[191],"product_tag":[386,566,282,2345,567,522,565,2898,1786],"class_list":{"0":"post-5354","1":"product","2":"type-product","3":"status-publish","4":"has-post-thumbnail","6":"product_cat-altre-delizie","7":"product_tag-amanti-del-formaggio","8":"product_tag-cavatelli","9":"product_tag-feinkost","10":"product_tag-italia","11":"product_tag-parmigiano-reggiano","12":"product_tag-pasta-italiana","13":"product_tag-pasta-kit","14":"product_tag-piatto-di-pasta","15":"product_tag-salsa","17":"first","18":"instock","19":"shipping-taxable","20":"purchasable","21":"product-type-simple"},"yoast_head":"<!-- This site is optimized with the Yoast SEO plugin v27.4 - https:\/\/yoast.com\/product\/yoast-seo-wordpress\/ -->\n<title>Kit Pasta Cavatelli Italia - Der Psairer - Speck, Wurst, K\u00e4se<\/title>\n<meta name=\"description\" content=\"Il Kit Pasta Cavatelli combina pasta artigianale, salsa e Parmigiano Reggiano DOP per un autentico piacere italiano a casa.\" \/>\n<meta name=\"robots\" content=\"index, follow, max-snippet:-1, max-image-preview:large, max-video-preview:-1\" \/>\n<link rel=\"canonical\" href=\"https:\/\/derpsairer.it\/it\/produkt\/kit-pasta-cavatelli-con-parmigiano-reggiano-dop-salsa\/\" \/>\n<meta property=\"og:locale\" content=\"it_IT\" \/>\n<meta property=\"og:type\" content=\"article\" \/>\n<meta property=\"og:title\" content=\"Kit Pasta Cavatelli Italia - Der Psairer - Speck, Wurst, K\u00e4se\" \/>\n<meta property=\"og:description\" content=\"Il Kit Pasta Cavatelli combina pasta artigianale, salsa e Parmigiano Reggiano DOP per un autentico piacere italiano a casa.\" \/>\n<meta property=\"og:url\" content=\"https:\/\/derpsairer.it\/it\/produkt\/kit-pasta-cavatelli-con-parmigiano-reggiano-dop-salsa\/\" \/>\n<meta property=\"og:site_name\" content=\"Der Psairer - Speck, Wurst, K\u00e4se\" \/>\n<meta property=\"article:publisher\" content=\"https:\/\/www.facebook.com\/profile.php?id=100063648246860\" \/>\n<meta property=\"article:modified_time\" content=\"2025-11-27T10:31:58+00:00\" \/>\n<meta property=\"og:image\" content=\"https:\/\/derpsairer.it\/wp-22\/wp-content\/uploads\/2025\/05\/kit-pasta-cavatelli-mit-parmigiano-reggiano-gu-sauce.webp\" \/>\n\t<meta property=\"og:image:width\" content=\"1200\" \/>\n\t<meta property=\"og:image:height\" content=\"1200\" \/>\n\t<meta property=\"og:image:type\" content=\"image\/webp\" \/>\n<script type=\"application\/ld+json\" class=\"yoast-schema-graph\">{\"@context\":\"https:\\\/\\\/schema.org\",\"@graph\":[{\"@type\":\"WebPage\",\"@id\":\"https:\\\/\\\/derpsairer.it\\\/it\\\/produkt\\\/kit-pasta-cavatelli-con-parmigiano-reggiano-dop-salsa\\\/\",\"url\":\"https:\\\/\\\/derpsairer.it\\\/it\\\/produkt\\\/kit-pasta-cavatelli-con-parmigiano-reggiano-dop-salsa\\\/\",\"name\":\"Kit Pasta Cavatelli Italia - Der Psairer - Speck, Wurst, K\u00e4se\",\"isPartOf\":{\"@id\":\"https:\\\/\\\/derpsairer.it\\\/it\\\/#website\"},\"primaryImageOfPage\":{\"@id\":\"https:\\\/\\\/derpsairer.it\\\/it\\\/produkt\\\/kit-pasta-cavatelli-con-parmigiano-reggiano-dop-salsa\\\/#primaryimage\"},\"image\":{\"@id\":\"https:\\\/\\\/derpsairer.it\\\/it\\\/produkt\\\/kit-pasta-cavatelli-con-parmigiano-reggiano-dop-salsa\\\/#primaryimage\"},\"thumbnailUrl\":\"https:\\\/\\\/derpsairer.it\\\/wp-22\\\/wp-content\\\/uploads\\\/2025\\\/05\\\/kit-pasta-cavatelli-mit-parmigiano-reggiano-gu-sauce.webp\",\"datePublished\":\"2025-05-09T15:40:50+00:00\",\"dateModified\":\"2025-11-27T10:31:58+00:00\",\"description\":\"Il Kit Pasta Cavatelli combina pasta artigianale, salsa e Parmigiano Reggiano DOP per un autentico piacere italiano a casa.\",\"breadcrumb\":{\"@id\":\"https:\\\/\\\/derpsairer.it\\\/it\\\/produkt\\\/kit-pasta-cavatelli-con-parmigiano-reggiano-dop-salsa\\\/#breadcrumb\"},\"inLanguage\":\"it-IT\",\"potentialAction\":[{\"@type\":\"ReadAction\",\"target\":[\"https:\\\/\\\/derpsairer.it\\\/it\\\/produkt\\\/kit-pasta-cavatelli-con-parmigiano-reggiano-dop-salsa\\\/\"]}]},{\"@type\":\"ImageObject\",\"inLanguage\":\"it-IT\",\"@id\":\"https:\\\/\\\/derpsairer.it\\\/it\\\/produkt\\\/kit-pasta-cavatelli-con-parmigiano-reggiano-dop-salsa\\\/#primaryimage\",\"url\":\"https:\\\/\\\/derpsairer.it\\\/wp-22\\\/wp-content\\\/uploads\\\/2025\\\/05\\\/kit-pasta-cavatelli-mit-parmigiano-reggiano-gu-sauce.webp\",\"contentUrl\":\"https:\\\/\\\/derpsairer.it\\\/wp-22\\\/wp-content\\\/uploads\\\/2025\\\/05\\\/kit-pasta-cavatelli-mit-parmigiano-reggiano-gu-sauce.webp\",\"width\":1200,\"height\":1200},{\"@type\":\"BreadcrumbList\",\"@id\":\"https:\\\/\\\/derpsairer.it\\\/it\\\/produkt\\\/kit-pasta-cavatelli-con-parmigiano-reggiano-dop-salsa\\\/#breadcrumb\",\"itemListElement\":[{\"@type\":\"ListItem\",\"position\":1,\"name\":\"Home\",\"item\":\"https:\\\/\\\/derpsairer.it\\\/it\\\/il-negozio-di-speck-der-psairer\\\/\"},{\"@type\":\"ListItem\",\"position\":2,\"name\":\"Shop\",\"item\":\"https:\\\/\\\/derpsairer.it\\\/shop\\\/\"},{\"@type\":\"ListItem\",\"position\":3,\"name\":\"Kit Pasta Cavatelli \u2013 delizia italiana con Parmigiano Reggiano\"}]},{\"@type\":\"WebSite\",\"@id\":\"https:\\\/\\\/derpsairer.it\\\/it\\\/#website\",\"url\":\"https:\\\/\\\/derpsairer.it\\\/it\\\/\",\"name\":\"Der Psairer - Speck, Wurst, K\u00e4se\",\"description\":\"Speck, Wurst und K\u00e4s aus Passeiertal in S\u00fcdtirol online bestellen.\",\"publisher\":{\"@id\":\"https:\\\/\\\/derpsairer.it\\\/it\\\/#organization\"},\"potentialAction\":[{\"@type\":\"SearchAction\",\"target\":{\"@type\":\"EntryPoint\",\"urlTemplate\":\"https:\\\/\\\/derpsairer.it\\\/it\\\/?s={search_term_string}\"},\"query-input\":{\"@type\":\"PropertyValueSpecification\",\"valueRequired\":true,\"valueName\":\"search_term_string\"}}],\"inLanguage\":\"it-IT\"},{\"@type\":\"Organization\",\"@id\":\"https:\\\/\\\/derpsairer.it\\\/it\\\/#organization\",\"name\":\"Der Psairer - Speck, Wurst, K\u00e4se\",\"url\":\"https:\\\/\\\/derpsairer.it\\\/it\\\/\",\"logo\":{\"@type\":\"ImageObject\",\"inLanguage\":\"it-IT\",\"@id\":\"https:\\\/\\\/derpsairer.it\\\/it\\\/#\\\/schema\\\/logo\\\/image\\\/\",\"url\":\"https:\\\/\\\/derpsairer.it\\\/wp-22\\\/wp-content\\\/uploads\\\/2020\\\/03\\\/DER-PSAIRER-LOGO-2x.png\",\"contentUrl\":\"https:\\\/\\\/derpsairer.it\\\/wp-22\\\/wp-content\\\/uploads\\\/2020\\\/03\\\/DER-PSAIRER-LOGO-2x.png\",\"width\":500,\"height\":500,\"caption\":\"Der Psairer - Speck, Wurst, K\u00e4se\"},\"image\":{\"@id\":\"https:\\\/\\\/derpsairer.it\\\/it\\\/#\\\/schema\\\/logo\\\/image\\\/\"},\"sameAs\":[\"https:\\\/\\\/www.facebook.com\\\/profile.php?id=100063648246860\"]}]}<\/script>\n<!-- \/ Yoast SEO plugin. -->","yoast_head_json":{"title":"Kit Pasta Cavatelli Italia - Der Psairer - Speck, Wurst, K\u00e4se","description":"Il Kit Pasta Cavatelli combina pasta artigianale, salsa e Parmigiano Reggiano DOP per un autentico piacere italiano a casa.","robots":{"index":"index","follow":"follow","max-snippet":"max-snippet:-1","max-image-preview":"max-image-preview:large","max-video-preview":"max-video-preview:-1"},"canonical":"https:\/\/derpsairer.it\/it\/produkt\/kit-pasta-cavatelli-con-parmigiano-reggiano-dop-salsa\/","og_locale":"it_IT","og_type":"article","og_title":"Kit Pasta Cavatelli Italia - Der Psairer - Speck, Wurst, K\u00e4se","og_description":"Il Kit Pasta Cavatelli combina pasta artigianale, salsa e Parmigiano Reggiano DOP per un autentico piacere italiano a casa.","og_url":"https:\/\/derpsairer.it\/it\/produkt\/kit-pasta-cavatelli-con-parmigiano-reggiano-dop-salsa\/","og_site_name":"Der Psairer - Speck, Wurst, K\u00e4se","article_publisher":"https:\/\/www.facebook.com\/profile.php?id=100063648246860","article_modified_time":"2025-11-27T10:31:58+00:00","og_image":[{"width":1200,"height":1200,"url":"https:\/\/derpsairer.it\/wp-22\/wp-content\/uploads\/2025\/05\/kit-pasta-cavatelli-mit-parmigiano-reggiano-gu-sauce.webp","type":"image\/webp"}],"schema":{"@context":"https:\/\/schema.org","@graph":[{"@type":"WebPage","@id":"https:\/\/derpsairer.it\/it\/produkt\/kit-pasta-cavatelli-con-parmigiano-reggiano-dop-salsa\/","url":"https:\/\/derpsairer.it\/it\/produkt\/kit-pasta-cavatelli-con-parmigiano-reggiano-dop-salsa\/","name":"Kit Pasta Cavatelli Italia - Der Psairer - Speck, Wurst, K\u00e4se","isPartOf":{"@id":"https:\/\/derpsairer.it\/it\/#website"},"primaryImageOfPage":{"@id":"https:\/\/derpsairer.it\/it\/produkt\/kit-pasta-cavatelli-con-parmigiano-reggiano-dop-salsa\/#primaryimage"},"image":{"@id":"https:\/\/derpsairer.it\/it\/produkt\/kit-pasta-cavatelli-con-parmigiano-reggiano-dop-salsa\/#primaryimage"},"thumbnailUrl":"https:\/\/derpsairer.it\/wp-22\/wp-content\/uploads\/2025\/05\/kit-pasta-cavatelli-mit-parmigiano-reggiano-gu-sauce.webp","datePublished":"2025-05-09T15:40:50+00:00","dateModified":"2025-11-27T10:31:58+00:00","description":"Il Kit Pasta Cavatelli combina pasta artigianale, salsa e Parmigiano Reggiano DOP per un autentico piacere italiano a casa.","breadcrumb":{"@id":"https:\/\/derpsairer.it\/it\/produkt\/kit-pasta-cavatelli-con-parmigiano-reggiano-dop-salsa\/#breadcrumb"},"inLanguage":"it-IT","potentialAction":[{"@type":"ReadAction","target":["https:\/\/derpsairer.it\/it\/produkt\/kit-pasta-cavatelli-con-parmigiano-reggiano-dop-salsa\/"]}]},{"@type":"ImageObject","inLanguage":"it-IT","@id":"https:\/\/derpsairer.it\/it\/produkt\/kit-pasta-cavatelli-con-parmigiano-reggiano-dop-salsa\/#primaryimage","url":"https:\/\/derpsairer.it\/wp-22\/wp-content\/uploads\/2025\/05\/kit-pasta-cavatelli-mit-parmigiano-reggiano-gu-sauce.webp","contentUrl":"https:\/\/derpsairer.it\/wp-22\/wp-content\/uploads\/2025\/05\/kit-pasta-cavatelli-mit-parmigiano-reggiano-gu-sauce.webp","width":1200,"height":1200},{"@type":"BreadcrumbList","@id":"https:\/\/derpsairer.it\/it\/produkt\/kit-pasta-cavatelli-con-parmigiano-reggiano-dop-salsa\/#breadcrumb","itemListElement":[{"@type":"ListItem","position":1,"name":"Home","item":"https:\/\/derpsairer.it\/it\/il-negozio-di-speck-der-psairer\/"},{"@type":"ListItem","position":2,"name":"Shop","item":"https:\/\/derpsairer.it\/shop\/"},{"@type":"ListItem","position":3,"name":"Kit Pasta Cavatelli \u2013 delizia italiana con Parmigiano Reggiano"}]},{"@type":"WebSite","@id":"https:\/\/derpsairer.it\/it\/#website","url":"https:\/\/derpsairer.it\/it\/","name":"Der Psairer - Speck, Wurst, K\u00e4se","description":"Speck, Wurst und K\u00e4s aus Passeiertal in S\u00fcdtirol online bestellen.","publisher":{"@id":"https:\/\/derpsairer.it\/it\/#organization"},"potentialAction":[{"@type":"SearchAction","target":{"@type":"EntryPoint","urlTemplate":"https:\/\/derpsairer.it\/it\/?s={search_term_string}"},"query-input":{"@type":"PropertyValueSpecification","valueRequired":true,"valueName":"search_term_string"}}],"inLanguage":"it-IT"},{"@type":"Organization","@id":"https:\/\/derpsairer.it\/it\/#organization","name":"Der Psairer - Speck, Wurst, K\u00e4se","url":"https:\/\/derpsairer.it\/it\/","logo":{"@type":"ImageObject","inLanguage":"it-IT","@id":"https:\/\/derpsairer.it\/it\/#\/schema\/logo\/image\/","url":"https:\/\/derpsairer.it\/wp-22\/wp-content\/uploads\/2020\/03\/DER-PSAIRER-LOGO-2x.png","contentUrl":"https:\/\/derpsairer.it\/wp-22\/wp-content\/uploads\/2020\/03\/DER-PSAIRER-LOGO-2x.png","width":500,"height":500,"caption":"Der Psairer - Speck, Wurst, K\u00e4se"},"image":{"@id":"https:\/\/derpsairer.it\/it\/#\/schema\/logo\/image\/"},"sameAs":["https:\/\/www.facebook.com\/profile.php?id=100063648246860"]}]}},"_links":{"self":[{"href":"https:\/\/derpsairer.it\/it\/wp-json\/wp\/v2\/product\/5354","targetHints":{"allow":["GET"]}}],"collection":[{"href":"https:\/\/derpsairer.it\/it\/wp-json\/wp\/v2\/product"}],"about":[{"href":"https:\/\/derpsairer.it\/it\/wp-json\/wp\/v2\/types\/product"}],"wp:featuredmedia":[{"embeddable":true,"href":"https:\/\/derpsairer.it\/it\/wp-json\/wp\/v2\/media\/5356"}],"wp:attachment":[{"href":"https:\/\/derpsairer.it\/it\/wp-json\/wp\/v2\/media?parent=5354"}],"wp:term":[{"taxonomy":"product_brand","embeddable":true,"href":"https:\/\/derpsairer.it\/it\/wp-json\/wp\/v2\/product_brand?post=5354"},{"taxonomy":"product_cat","embeddable":true,"href":"https:\/\/derpsairer.it\/it\/wp-json\/wp\/v2\/product_cat?post=5354"},{"taxonomy":"product_tag","embeddable":true,"href":"https:\/\/derpsairer.it\/it\/wp-json\/wp\/v2\/product_tag?post=5354"}],"curies":[{"name":"wp","href":"https:\/\/api.w.org\/{rel}","templated":true}]}}