{"id":5357,"date":"2025-05-09T17:09:53","date_gmt":"2025-05-09T15:09:53","guid":{"rendered":"https:\/\/derpsairer.it\/produkt\/crema-spalmabile-piccante-bomba\/"},"modified":"2025-11-04T10:57:08","modified_gmt":"2025-11-04T09:57:08","slug":"crema-spalmabile-piccante-bomba","status":"publish","type":"product","link":"https:\/\/derpsairer.it\/it\/produkt\/crema-spalmabile-piccante-bomba\/","title":{"rendered":"Crema spalmabile piccante \u201cBOMBA\u201d"},"content":{"rendered":"<p data-start=\"323\" data-end=\"649\">La <strong data-start=\"358\" data-end=\"386\">crema piccante \u201cBomba\u201d<\/strong> \u00e8 una specialit\u00e0 italiana piccante \u2013 intensa, aromatica e perfettamente bilanciata per gli amanti dei sapori decisi. Realizzata con una miscela di peperoni freschi, peperoncino, melanzane e pomodori maturati al sole, porta il sapore mediterraneo in ogni cucina.<\/p>\n<p data-start=\"651\" data-end=\"806\">Ideale come spalmabile sul pane, con formaggio, carne o come ingrediente piccante in pasta e salse \u2013 una vera esperienza di gusto per tutti coloro che amano il piccante.<\/p>\n<ul data-start=\"808\" data-end=\"930\" data-is-last-node=\"\" data-is-only-node=\"\">\n<li data-start=\"808\" data-end=\"824\">\n<p data-start=\"810\" data-end=\"824\">Contenuto: 90 g.<\/p>\n<\/li>\n<li data-start=\"825\" data-end=\"846\">\n<p data-start=\"827\" data-end=\"846\">Origine: Italia<\/p>\n<\/li>\n<li data-start=\"847\" data-end=\"880\">\n<p data-start=\"849\" data-end=\"880\">Piccante, saporito e aromatico<\/p>\n<\/li>\n<li data-start=\"881\" data-end=\"930\" data-is-last-node=\"\">\n<p data-start=\"883\" data-end=\"930\" data-is-last-node=\"\">Versatile nella cucina mediterranea<\/p>\n<\/li>\n<\/ul>\n","protected":false},"excerpt":{"rendered":"<p>La crema piccante \u201cBomba\u201d \u00e8 una specialit\u00e0 italiana piccante \u2013 intensa, aromatica e perfettamente bilanciata per gli amanti dei sapori decisi. Realizzata con una miscela di peperoni freschi, peperoncino, melanzane&#8230;<\/p>\n","protected":false},"featured_media":5359,"template":"","meta":[],"product_brand":[],"product_cat":[191],"product_tag":[673,669,2062,1789,1672,282,2310,2527,1625,1845,1676],"class_list":{"0":"post-5357","1":"product","2":"type-product","3":"status-publish","4":"has-post-thumbnail","6":"product_cat-altre-delizie","7":"product_tag-antipasti","8":"product_tag-bomba","9":"product_tag-con-formaggio","10":"product_tag-crema-aromatica","11":"product_tag-crema-spalmabile","12":"product_tag-feinkost","13":"product_tag-mediterraneo","14":"product_tag-peperoncino-2","15":"product_tag-per-pane","16":"product_tag-piccante-2","17":"product_tag-specialita-italiana-2","19":"first","20":"instock","21":"shipping-taxable","22":"purchasable","23":"product-type-simple"},"yoast_head":"<!-- This site is optimized with the Yoast SEO plugin v27.4 - https:\/\/yoast.com\/product\/yoast-seo-wordpress\/ -->\n<title>Spalmabile piccante Bomba \u2013 Specialit\u00e0 italiana piccante - Der Psairer - Speck, Wurst, K\u00e4se<\/title>\n<meta name=\"description\" content=\"Spalmabile piccante Bomba \u2013 crema spalmabile di verdure piccante e saporita dall&#039;Italia. Perfetto con pane, formaggio, carne o come salsa piccante per la pasta.\" \/>\n<meta name=\"robots\" content=\"index, follow, max-snippet:-1, max-image-preview:large, max-video-preview:-1\" \/>\n<link rel=\"canonical\" href=\"https:\/\/derpsairer.it\/it\/produkt\/crema-spalmabile-piccante-bomba\/\" \/>\n<meta property=\"og:locale\" content=\"it_IT\" \/>\n<meta property=\"og:type\" content=\"article\" \/>\n<meta property=\"og:title\" content=\"Spalmabile piccante Bomba \u2013 Specialit\u00e0 italiana piccante - Der Psairer - Speck, Wurst, K\u00e4se\" \/>\n<meta property=\"og:description\" content=\"Spalmabile piccante Bomba \u2013 crema spalmabile di verdure piccante e saporita dall&#039;Italia. Perfetto con pane, formaggio, carne o come salsa piccante per la pasta.\" \/>\n<meta property=\"og:url\" content=\"https:\/\/derpsairer.it\/it\/produkt\/crema-spalmabile-piccante-bomba\/\" \/>\n<meta property=\"og:site_name\" content=\"Der Psairer - Speck, Wurst, K\u00e4se\" \/>\n<meta property=\"article:publisher\" content=\"https:\/\/www.facebook.com\/profile.php?id=100063648246860\" \/>\n<meta property=\"article:modified_time\" content=\"2025-11-04T09:57:08+00:00\" \/>\n<meta property=\"og:image\" content=\"https:\/\/derpsairer.it\/wp-22\/wp-content\/uploads\/2025\/05\/gemueseaufstrich-scharf-bomba-90-g.webp\" \/>\n\t<meta property=\"og:image:width\" content=\"1200\" \/>\n\t<meta property=\"og:image:height\" content=\"1200\" \/>\n\t<meta property=\"og:image:type\" content=\"image\/webp\" \/>\n<script type=\"application\/ld+json\" class=\"yoast-schema-graph\">{\"@context\":\"https:\\\/\\\/schema.org\",\"@graph\":[{\"@type\":\"WebPage\",\"@id\":\"https:\\\/\\\/derpsairer.it\\\/it\\\/produkt\\\/crema-spalmabile-piccante-bomba\\\/\",\"url\":\"https:\\\/\\\/derpsairer.it\\\/it\\\/produkt\\\/crema-spalmabile-piccante-bomba\\\/\",\"name\":\"Spalmabile piccante Bomba \u2013 Specialit\u00e0 italiana piccante - Der Psairer - Speck, Wurst, K\u00e4se\",\"isPartOf\":{\"@id\":\"https:\\\/\\\/derpsairer.it\\\/it\\\/#website\"},\"primaryImageOfPage\":{\"@id\":\"https:\\\/\\\/derpsairer.it\\\/it\\\/produkt\\\/crema-spalmabile-piccante-bomba\\\/#primaryimage\"},\"image\":{\"@id\":\"https:\\\/\\\/derpsairer.it\\\/it\\\/produkt\\\/crema-spalmabile-piccante-bomba\\\/#primaryimage\"},\"thumbnailUrl\":\"https:\\\/\\\/derpsairer.it\\\/wp-22\\\/wp-content\\\/uploads\\\/2025\\\/05\\\/gemueseaufstrich-scharf-bomba-90-g.webp\",\"datePublished\":\"2025-05-09T15:09:53+00:00\",\"dateModified\":\"2025-11-04T09:57:08+00:00\",\"description\":\"Spalmabile piccante Bomba \u2013 crema spalmabile di verdure piccante e saporita dall'Italia. Perfetto con pane, formaggio, carne o come salsa piccante per la pasta.\",\"breadcrumb\":{\"@id\":\"https:\\\/\\\/derpsairer.it\\\/it\\\/produkt\\\/crema-spalmabile-piccante-bomba\\\/#breadcrumb\"},\"inLanguage\":\"it-IT\",\"potentialAction\":[{\"@type\":\"ReadAction\",\"target\":[\"https:\\\/\\\/derpsairer.it\\\/it\\\/produkt\\\/crema-spalmabile-piccante-bomba\\\/\"]}]},{\"@type\":\"ImageObject\",\"inLanguage\":\"it-IT\",\"@id\":\"https:\\\/\\\/derpsairer.it\\\/it\\\/produkt\\\/crema-spalmabile-piccante-bomba\\\/#primaryimage\",\"url\":\"https:\\\/\\\/derpsairer.it\\\/wp-22\\\/wp-content\\\/uploads\\\/2025\\\/05\\\/gemueseaufstrich-scharf-bomba-90-g.webp\",\"contentUrl\":\"https:\\\/\\\/derpsairer.it\\\/wp-22\\\/wp-content\\\/uploads\\\/2025\\\/05\\\/gemueseaufstrich-scharf-bomba-90-g.webp\",\"width\":1200,\"height\":1200},{\"@type\":\"BreadcrumbList\",\"@id\":\"https:\\\/\\\/derpsairer.it\\\/it\\\/produkt\\\/crema-spalmabile-piccante-bomba\\\/#breadcrumb\",\"itemListElement\":[{\"@type\":\"ListItem\",\"position\":1,\"name\":\"Home\",\"item\":\"https:\\\/\\\/derpsairer.it\\\/it\\\/il-negozio-di-speck-der-psairer\\\/\"},{\"@type\":\"ListItem\",\"position\":2,\"name\":\"Shop\",\"item\":\"https:\\\/\\\/derpsairer.it\\\/shop\\\/\"},{\"@type\":\"ListItem\",\"position\":3,\"name\":\"Crema spalmabile piccante \u201cBOMBA\u201d\"}]},{\"@type\":\"WebSite\",\"@id\":\"https:\\\/\\\/derpsairer.it\\\/it\\\/#website\",\"url\":\"https:\\\/\\\/derpsairer.it\\\/it\\\/\",\"name\":\"Der Psairer - Speck, Wurst, K\u00e4se\",\"description\":\"Speck, Wurst und K\u00e4s aus Passeiertal in S\u00fcdtirol online bestellen.\",\"publisher\":{\"@id\":\"https:\\\/\\\/derpsairer.it\\\/it\\\/#organization\"},\"potentialAction\":[{\"@type\":\"SearchAction\",\"target\":{\"@type\":\"EntryPoint\",\"urlTemplate\":\"https:\\\/\\\/derpsairer.it\\\/it\\\/?s={search_term_string}\"},\"query-input\":{\"@type\":\"PropertyValueSpecification\",\"valueRequired\":true,\"valueName\":\"search_term_string\"}}],\"inLanguage\":\"it-IT\"},{\"@type\":\"Organization\",\"@id\":\"https:\\\/\\\/derpsairer.it\\\/it\\\/#organization\",\"name\":\"Der Psairer - Speck, Wurst, K\u00e4se\",\"url\":\"https:\\\/\\\/derpsairer.it\\\/it\\\/\",\"logo\":{\"@type\":\"ImageObject\",\"inLanguage\":\"it-IT\",\"@id\":\"https:\\\/\\\/derpsairer.it\\\/it\\\/#\\\/schema\\\/logo\\\/image\\\/\",\"url\":\"https:\\\/\\\/derpsairer.it\\\/wp-22\\\/wp-content\\\/uploads\\\/2020\\\/03\\\/DER-PSAIRER-LOGO-2x.png\",\"contentUrl\":\"https:\\\/\\\/derpsairer.it\\\/wp-22\\\/wp-content\\\/uploads\\\/2020\\\/03\\\/DER-PSAIRER-LOGO-2x.png\",\"width\":500,\"height\":500,\"caption\":\"Der Psairer - Speck, Wurst, K\u00e4se\"},\"image\":{\"@id\":\"https:\\\/\\\/derpsairer.it\\\/it\\\/#\\\/schema\\\/logo\\\/image\\\/\"},\"sameAs\":[\"https:\\\/\\\/www.facebook.com\\\/profile.php?id=100063648246860\"]}]}<\/script>\n<!-- \/ Yoast SEO plugin. -->","yoast_head_json":{"title":"Spalmabile piccante Bomba \u2013 Specialit\u00e0 italiana piccante - Der Psairer - Speck, Wurst, K\u00e4se","description":"Spalmabile piccante Bomba \u2013 crema spalmabile di verdure piccante e saporita dall'Italia. Perfetto con pane, formaggio, carne o come salsa piccante per la pasta.","robots":{"index":"index","follow":"follow","max-snippet":"max-snippet:-1","max-image-preview":"max-image-preview:large","max-video-preview":"max-video-preview:-1"},"canonical":"https:\/\/derpsairer.it\/it\/produkt\/crema-spalmabile-piccante-bomba\/","og_locale":"it_IT","og_type":"article","og_title":"Spalmabile piccante Bomba \u2013 Specialit\u00e0 italiana piccante - Der Psairer - Speck, Wurst, K\u00e4se","og_description":"Spalmabile piccante Bomba \u2013 crema spalmabile di verdure piccante e saporita dall'Italia. Perfetto con pane, formaggio, carne o come salsa piccante per la pasta.","og_url":"https:\/\/derpsairer.it\/it\/produkt\/crema-spalmabile-piccante-bomba\/","og_site_name":"Der Psairer - Speck, Wurst, K\u00e4se","article_publisher":"https:\/\/www.facebook.com\/profile.php?id=100063648246860","article_modified_time":"2025-11-04T09:57:08+00:00","og_image":[{"width":1200,"height":1200,"url":"https:\/\/derpsairer.it\/wp-22\/wp-content\/uploads\/2025\/05\/gemueseaufstrich-scharf-bomba-90-g.webp","type":"image\/webp"}],"schema":{"@context":"https:\/\/schema.org","@graph":[{"@type":"WebPage","@id":"https:\/\/derpsairer.it\/it\/produkt\/crema-spalmabile-piccante-bomba\/","url":"https:\/\/derpsairer.it\/it\/produkt\/crema-spalmabile-piccante-bomba\/","name":"Spalmabile piccante Bomba \u2013 Specialit\u00e0 italiana piccante - Der Psairer - Speck, Wurst, K\u00e4se","isPartOf":{"@id":"https:\/\/derpsairer.it\/it\/#website"},"primaryImageOfPage":{"@id":"https:\/\/derpsairer.it\/it\/produkt\/crema-spalmabile-piccante-bomba\/#primaryimage"},"image":{"@id":"https:\/\/derpsairer.it\/it\/produkt\/crema-spalmabile-piccante-bomba\/#primaryimage"},"thumbnailUrl":"https:\/\/derpsairer.it\/wp-22\/wp-content\/uploads\/2025\/05\/gemueseaufstrich-scharf-bomba-90-g.webp","datePublished":"2025-05-09T15:09:53+00:00","dateModified":"2025-11-04T09:57:08+00:00","description":"Spalmabile piccante Bomba \u2013 crema spalmabile di verdure piccante e saporita dall'Italia. Perfetto con pane, formaggio, carne o come salsa piccante per la pasta.","breadcrumb":{"@id":"https:\/\/derpsairer.it\/it\/produkt\/crema-spalmabile-piccante-bomba\/#breadcrumb"},"inLanguage":"it-IT","potentialAction":[{"@type":"ReadAction","target":["https:\/\/derpsairer.it\/it\/produkt\/crema-spalmabile-piccante-bomba\/"]}]},{"@type":"ImageObject","inLanguage":"it-IT","@id":"https:\/\/derpsairer.it\/it\/produkt\/crema-spalmabile-piccante-bomba\/#primaryimage","url":"https:\/\/derpsairer.it\/wp-22\/wp-content\/uploads\/2025\/05\/gemueseaufstrich-scharf-bomba-90-g.webp","contentUrl":"https:\/\/derpsairer.it\/wp-22\/wp-content\/uploads\/2025\/05\/gemueseaufstrich-scharf-bomba-90-g.webp","width":1200,"height":1200},{"@type":"BreadcrumbList","@id":"https:\/\/derpsairer.it\/it\/produkt\/crema-spalmabile-piccante-bomba\/#breadcrumb","itemListElement":[{"@type":"ListItem","position":1,"name":"Home","item":"https:\/\/derpsairer.it\/it\/il-negozio-di-speck-der-psairer\/"},{"@type":"ListItem","position":2,"name":"Shop","item":"https:\/\/derpsairer.it\/shop\/"},{"@type":"ListItem","position":3,"name":"Crema spalmabile piccante \u201cBOMBA\u201d"}]},{"@type":"WebSite","@id":"https:\/\/derpsairer.it\/it\/#website","url":"https:\/\/derpsairer.it\/it\/","name":"Der Psairer - Speck, Wurst, K\u00e4se","description":"Speck, Wurst und K\u00e4s aus Passeiertal in S\u00fcdtirol online bestellen.","publisher":{"@id":"https:\/\/derpsairer.it\/it\/#organization"},"potentialAction":[{"@type":"SearchAction","target":{"@type":"EntryPoint","urlTemplate":"https:\/\/derpsairer.it\/it\/?s={search_term_string}"},"query-input":{"@type":"PropertyValueSpecification","valueRequired":true,"valueName":"search_term_string"}}],"inLanguage":"it-IT"},{"@type":"Organization","@id":"https:\/\/derpsairer.it\/it\/#organization","name":"Der Psairer - Speck, Wurst, K\u00e4se","url":"https:\/\/derpsairer.it\/it\/","logo":{"@type":"ImageObject","inLanguage":"it-IT","@id":"https:\/\/derpsairer.it\/it\/#\/schema\/logo\/image\/","url":"https:\/\/derpsairer.it\/wp-22\/wp-content\/uploads\/2020\/03\/DER-PSAIRER-LOGO-2x.png","contentUrl":"https:\/\/derpsairer.it\/wp-22\/wp-content\/uploads\/2020\/03\/DER-PSAIRER-LOGO-2x.png","width":500,"height":500,"caption":"Der Psairer - Speck, Wurst, K\u00e4se"},"image":{"@id":"https:\/\/derpsairer.it\/it\/#\/schema\/logo\/image\/"},"sameAs":["https:\/\/www.facebook.com\/profile.php?id=100063648246860"]}]}},"_links":{"self":[{"href":"https:\/\/derpsairer.it\/it\/wp-json\/wp\/v2\/product\/5357","targetHints":{"allow":["GET"]}}],"collection":[{"href":"https:\/\/derpsairer.it\/it\/wp-json\/wp\/v2\/product"}],"about":[{"href":"https:\/\/derpsairer.it\/it\/wp-json\/wp\/v2\/types\/product"}],"wp:featuredmedia":[{"embeddable":true,"href":"https:\/\/derpsairer.it\/it\/wp-json\/wp\/v2\/media\/5359"}],"wp:attachment":[{"href":"https:\/\/derpsairer.it\/it\/wp-json\/wp\/v2\/media?parent=5357"}],"wp:term":[{"taxonomy":"product_brand","embeddable":true,"href":"https:\/\/derpsairer.it\/it\/wp-json\/wp\/v2\/product_brand?post=5357"},{"taxonomy":"product_cat","embeddable":true,"href":"https:\/\/derpsairer.it\/it\/wp-json\/wp\/v2\/product_cat?post=5357"},{"taxonomy":"product_tag","embeddable":true,"href":"https:\/\/derpsairer.it\/it\/wp-json\/wp\/v2\/product_tag?post=5357"}],"curies":[{"name":"wp","href":"https:\/\/api.w.org\/{rel}","templated":true}]}}