{"id":5361,"date":"2025-05-09T17:07:43","date_gmt":"2025-05-09T15:07:43","guid":{"rendered":"https:\/\/derpsairer.it\/produkt\/ragu-alla-bolognese\/"},"modified":"2025-11-04T10:57:06","modified_gmt":"2025-11-04T09:57:06","slug":"ragu-alla-bolognese","status":"publish","type":"product","link":"https:\/\/derpsairer.it\/it\/produkt\/ragu-alla-bolognese\/","title":{"rendered":"Rag\u00f9 alla Bolognese"},"content":{"rendered":"<p data-start=\"315\" data-end=\"609\">Il <strong data-start=\"350\" data-end=\"370\">Rag\u00f9 alla Bolognese<\/strong> \u00e8 un classico sugo di carne italiano, cotto lentamente per un sapore intenso e un aroma autentico. Prodotto secondo la ricetta tradizionale con carne di manzo di alta qualit\u00e0, pomodori maturati al sole, cipolle e spezie pregiate.<\/p>\n<p data-start=\"611\" data-end=\"740\">Ideale per spaghetti, tagliatelle o come base per le lasagne \u2013 un pezzo d&#8217;Italia per la tua cucina. Basta scaldare e gustare! <\/p>\n<ul data-start=\"742\" data-end=\"924\" data-is-last-node=\"\" data-is-only-node=\"\">\n<li data-start=\"742\" data-end=\"758\">\n<p data-start=\"744\" data-end=\"758\">Contenuto: 180g<\/p>\n<\/li>\n<li data-start=\"759\" data-end=\"780\">\n<p data-start=\"761\" data-end=\"780\">Origine: Italia<\/p>\n<\/li>\n<li data-start=\"781\" data-end=\"831\">\n<p data-start=\"783\" data-end=\"831\">Rag\u00f9 classico di carne di manzo e pomodoro<\/p>\n<\/li>\n<li data-start=\"832\" data-end=\"875\">\n<p data-start=\"834\" data-end=\"875\">Gi\u00e0 pronto, subito da servire<\/p>\n<\/li>\n<li data-start=\"876\" data-end=\"924\" data-is-last-node=\"\">\n<p data-start=\"878\" data-end=\"924\" data-is-last-node=\"\">Sapore intenso, autenticamente italiano<\/p>\n<\/li>\n<\/ul>\n","protected":false},"excerpt":{"rendered":"<ul>\n<li>rag\u00f9 di manzo perfettamente speziato e profumato<\/li>\n<li>con pi\u00f9 del 60% di contenuto di carne<\/li>\n<li>ottimo per primi piatti riusciti<\/li>\n<li>basta scaldare un po&#8217; e aggiungere alla pasta cotta<\/li>\n<li>per i buongustai, il sugo perfetto!<\/li>\n<li>ideale con tagliatelle o formati di pasta grandi<\/li>\n<li>per circa 2 persone<\/li>\n<li>senza glutine, senza conservanti<\/li>\n<\/ul>\n","protected":false},"featured_media":5362,"template":"","meta":[],"product_brand":[],"product_cat":[191],"product_tag":[684,341,282,3102,2362,685,702,2401,687],"class_list":{"0":"post-5361","1":"product","2":"type-product","3":"status-publish","4":"has-post-thumbnail","6":"product_cat-altre-delizie","7":"product_tag-bolognese","8":"product_tag-cucina-italiana","9":"product_tag-feinkost","10":"product_tag-lasagne","11":"product_tag-pomodori","12":"product_tag-ragu","13":"product_tag-salsa-per-pasta-3","14":"product_tag-saporito-2","15":"product_tag-sugo-di-carne","17":"first","18":"instock","19":"taxable","20":"shipping-taxable","21":"purchasable","22":"product-type-simple"},"yoast_head":"<!-- This site is optimized with the Yoast SEO plugin v27.5 - https:\/\/yoast.com\/product\/yoast-seo-wordpress\/ -->\n<title>Rag\u00f9 alla Bolognese \u2013 Sugo di carne originale italiano - Der Psairer - Speck, Wurst, K\u00e4se<\/title>\n<meta name=\"description\" content=\"Rag\u00f9 alla Bolognese \u2013 tradizionale sugo di carne italiano con carne di manzo e pomodoro. Perfetto per pasta, lasagne o come base saporita.\" \/>\n<meta name=\"robots\" content=\"index, follow, max-snippet:-1, max-image-preview:large, max-video-preview:-1\" \/>\n<link rel=\"canonical\" href=\"https:\/\/derpsairer.it\/it\/produkt\/ragu-alla-bolognese\/\" \/>\n<meta property=\"og:locale\" content=\"it_IT\" \/>\n<meta property=\"og:type\" content=\"article\" \/>\n<meta property=\"og:title\" content=\"Rag\u00f9 alla Bolognese \u2013 Sugo di carne originale italiano - Der Psairer - Speck, Wurst, K\u00e4se\" \/>\n<meta property=\"og:description\" content=\"Rag\u00f9 alla Bolognese \u2013 tradizionale sugo di carne italiano con carne di manzo e pomodoro. Perfetto per pasta, lasagne o come base saporita.\" \/>\n<meta property=\"og:url\" content=\"https:\/\/derpsairer.it\/it\/produkt\/ragu-alla-bolognese\/\" \/>\n<meta property=\"og:site_name\" content=\"Der Psairer - Speck, Wurst, K\u00e4se\" \/>\n<meta property=\"article:publisher\" content=\"https:\/\/www.facebook.com\/profile.php?id=100063648246860\" \/>\n<meta property=\"article:modified_time\" content=\"2025-11-04T09:57:06+00:00\" \/>\n<meta property=\"og:image\" content=\"https:\/\/derpsairer.it\/wp-22\/wp-content\/uploads\/2025\/05\/bolognese-ragout-180-g.webp\" \/>\n\t<meta property=\"og:image:width\" content=\"1200\" \/>\n\t<meta property=\"og:image:height\" content=\"1200\" \/>\n\t<meta property=\"og:image:type\" content=\"image\/webp\" \/>\n<script type=\"application\/ld+json\" class=\"yoast-schema-graph\">{\"@context\":\"https:\\\/\\\/schema.org\",\"@graph\":[{\"@type\":\"WebPage\",\"@id\":\"https:\\\/\\\/derpsairer.it\\\/it\\\/produkt\\\/ragu-alla-bolognese\\\/\",\"url\":\"https:\\\/\\\/derpsairer.it\\\/it\\\/produkt\\\/ragu-alla-bolognese\\\/\",\"name\":\"Rag\u00f9 alla Bolognese \u2013 Sugo di carne originale italiano - Der Psairer - Speck, Wurst, K\u00e4se\",\"isPartOf\":{\"@id\":\"https:\\\/\\\/derpsairer.it\\\/it\\\/#website\"},\"primaryImageOfPage\":{\"@id\":\"https:\\\/\\\/derpsairer.it\\\/it\\\/produkt\\\/ragu-alla-bolognese\\\/#primaryimage\"},\"image\":{\"@id\":\"https:\\\/\\\/derpsairer.it\\\/it\\\/produkt\\\/ragu-alla-bolognese\\\/#primaryimage\"},\"thumbnailUrl\":\"https:\\\/\\\/derpsairer.it\\\/wp-22\\\/wp-content\\\/uploads\\\/2025\\\/05\\\/bolognese-ragout-180-g.webp\",\"datePublished\":\"2025-05-09T15:07:43+00:00\",\"dateModified\":\"2025-11-04T09:57:06+00:00\",\"description\":\"Rag\u00f9 alla Bolognese \u2013 tradizionale sugo di carne italiano con carne di manzo e pomodoro. Perfetto per pasta, lasagne o come base saporita.\",\"breadcrumb\":{\"@id\":\"https:\\\/\\\/derpsairer.it\\\/it\\\/produkt\\\/ragu-alla-bolognese\\\/#breadcrumb\"},\"inLanguage\":\"it-IT\",\"potentialAction\":[{\"@type\":\"ReadAction\",\"target\":[\"https:\\\/\\\/derpsairer.it\\\/it\\\/produkt\\\/ragu-alla-bolognese\\\/\"]}]},{\"@type\":\"ImageObject\",\"inLanguage\":\"it-IT\",\"@id\":\"https:\\\/\\\/derpsairer.it\\\/it\\\/produkt\\\/ragu-alla-bolognese\\\/#primaryimage\",\"url\":\"https:\\\/\\\/derpsairer.it\\\/wp-22\\\/wp-content\\\/uploads\\\/2025\\\/05\\\/bolognese-ragout-180-g.webp\",\"contentUrl\":\"https:\\\/\\\/derpsairer.it\\\/wp-22\\\/wp-content\\\/uploads\\\/2025\\\/05\\\/bolognese-ragout-180-g.webp\",\"width\":1200,\"height\":1200},{\"@type\":\"BreadcrumbList\",\"@id\":\"https:\\\/\\\/derpsairer.it\\\/it\\\/produkt\\\/ragu-alla-bolognese\\\/#breadcrumb\",\"itemListElement\":[{\"@type\":\"ListItem\",\"position\":1,\"name\":\"Home\",\"item\":\"https:\\\/\\\/derpsairer.it\\\/it\\\/il-negozio-di-speck-der-psairer\\\/\"},{\"@type\":\"ListItem\",\"position\":2,\"name\":\"Shop\",\"item\":\"https:\\\/\\\/derpsairer.it\\\/shop\\\/\"},{\"@type\":\"ListItem\",\"position\":3,\"name\":\"Rag\u00f9 alla Bolognese\"}]},{\"@type\":\"WebSite\",\"@id\":\"https:\\\/\\\/derpsairer.it\\\/it\\\/#website\",\"url\":\"https:\\\/\\\/derpsairer.it\\\/it\\\/\",\"name\":\"Der Psairer - Speck, Wurst, K\u00e4se\",\"description\":\"Speck, Wurst und K\u00e4s aus Passeiertal in S\u00fcdtirol online bestellen.\",\"publisher\":{\"@id\":\"https:\\\/\\\/derpsairer.it\\\/it\\\/#organization\"},\"potentialAction\":[{\"@type\":\"SearchAction\",\"target\":{\"@type\":\"EntryPoint\",\"urlTemplate\":\"https:\\\/\\\/derpsairer.it\\\/it\\\/?s={search_term_string}\"},\"query-input\":{\"@type\":\"PropertyValueSpecification\",\"valueRequired\":true,\"valueName\":\"search_term_string\"}}],\"inLanguage\":\"it-IT\"},{\"@type\":\"Organization\",\"@id\":\"https:\\\/\\\/derpsairer.it\\\/it\\\/#organization\",\"name\":\"Der Psairer - Speck, Wurst, K\u00e4se\",\"url\":\"https:\\\/\\\/derpsairer.it\\\/it\\\/\",\"logo\":{\"@type\":\"ImageObject\",\"inLanguage\":\"it-IT\",\"@id\":\"https:\\\/\\\/derpsairer.it\\\/it\\\/#\\\/schema\\\/logo\\\/image\\\/\",\"url\":\"https:\\\/\\\/derpsairer.it\\\/wp-22\\\/wp-content\\\/uploads\\\/2020\\\/03\\\/DER-PSAIRER-LOGO-2x.png\",\"contentUrl\":\"https:\\\/\\\/derpsairer.it\\\/wp-22\\\/wp-content\\\/uploads\\\/2020\\\/03\\\/DER-PSAIRER-LOGO-2x.png\",\"width\":500,\"height\":500,\"caption\":\"Der Psairer - Speck, Wurst, K\u00e4se\"},\"image\":{\"@id\":\"https:\\\/\\\/derpsairer.it\\\/it\\\/#\\\/schema\\\/logo\\\/image\\\/\"},\"sameAs\":[\"https:\\\/\\\/www.facebook.com\\\/profile.php?id=100063648246860\"]}]}<\/script>\n<!-- \/ Yoast SEO plugin. -->","yoast_head_json":{"title":"Rag\u00f9 alla Bolognese \u2013 Sugo di carne originale italiano - Der Psairer - Speck, Wurst, K\u00e4se","description":"Rag\u00f9 alla Bolognese \u2013 tradizionale sugo di carne italiano con carne di manzo e pomodoro. Perfetto per pasta, lasagne o come base saporita.","robots":{"index":"index","follow":"follow","max-snippet":"max-snippet:-1","max-image-preview":"max-image-preview:large","max-video-preview":"max-video-preview:-1"},"canonical":"https:\/\/derpsairer.it\/it\/produkt\/ragu-alla-bolognese\/","og_locale":"it_IT","og_type":"article","og_title":"Rag\u00f9 alla Bolognese \u2013 Sugo di carne originale italiano - Der Psairer - Speck, Wurst, K\u00e4se","og_description":"Rag\u00f9 alla Bolognese \u2013 tradizionale sugo di carne italiano con carne di manzo e pomodoro. Perfetto per pasta, lasagne o come base saporita.","og_url":"https:\/\/derpsairer.it\/it\/produkt\/ragu-alla-bolognese\/","og_site_name":"Der Psairer - Speck, Wurst, K\u00e4se","article_publisher":"https:\/\/www.facebook.com\/profile.php?id=100063648246860","article_modified_time":"2025-11-04T09:57:06+00:00","og_image":[{"width":1200,"height":1200,"url":"https:\/\/derpsairer.it\/wp-22\/wp-content\/uploads\/2025\/05\/bolognese-ragout-180-g.webp","type":"image\/webp"}],"schema":{"@context":"https:\/\/schema.org","@graph":[{"@type":"WebPage","@id":"https:\/\/derpsairer.it\/it\/produkt\/ragu-alla-bolognese\/","url":"https:\/\/derpsairer.it\/it\/produkt\/ragu-alla-bolognese\/","name":"Rag\u00f9 alla Bolognese \u2013 Sugo di carne originale italiano - Der Psairer - Speck, Wurst, K\u00e4se","isPartOf":{"@id":"https:\/\/derpsairer.it\/it\/#website"},"primaryImageOfPage":{"@id":"https:\/\/derpsairer.it\/it\/produkt\/ragu-alla-bolognese\/#primaryimage"},"image":{"@id":"https:\/\/derpsairer.it\/it\/produkt\/ragu-alla-bolognese\/#primaryimage"},"thumbnailUrl":"https:\/\/derpsairer.it\/wp-22\/wp-content\/uploads\/2025\/05\/bolognese-ragout-180-g.webp","datePublished":"2025-05-09T15:07:43+00:00","dateModified":"2025-11-04T09:57:06+00:00","description":"Rag\u00f9 alla Bolognese \u2013 tradizionale sugo di carne italiano con carne di manzo e pomodoro. Perfetto per pasta, lasagne o come base saporita.","breadcrumb":{"@id":"https:\/\/derpsairer.it\/it\/produkt\/ragu-alla-bolognese\/#breadcrumb"},"inLanguage":"it-IT","potentialAction":[{"@type":"ReadAction","target":["https:\/\/derpsairer.it\/it\/produkt\/ragu-alla-bolognese\/"]}]},{"@type":"ImageObject","inLanguage":"it-IT","@id":"https:\/\/derpsairer.it\/it\/produkt\/ragu-alla-bolognese\/#primaryimage","url":"https:\/\/derpsairer.it\/wp-22\/wp-content\/uploads\/2025\/05\/bolognese-ragout-180-g.webp","contentUrl":"https:\/\/derpsairer.it\/wp-22\/wp-content\/uploads\/2025\/05\/bolognese-ragout-180-g.webp","width":1200,"height":1200},{"@type":"BreadcrumbList","@id":"https:\/\/derpsairer.it\/it\/produkt\/ragu-alla-bolognese\/#breadcrumb","itemListElement":[{"@type":"ListItem","position":1,"name":"Home","item":"https:\/\/derpsairer.it\/it\/il-negozio-di-speck-der-psairer\/"},{"@type":"ListItem","position":2,"name":"Shop","item":"https:\/\/derpsairer.it\/shop\/"},{"@type":"ListItem","position":3,"name":"Rag\u00f9 alla Bolognese"}]},{"@type":"WebSite","@id":"https:\/\/derpsairer.it\/it\/#website","url":"https:\/\/derpsairer.it\/it\/","name":"Der Psairer - Speck, Wurst, K\u00e4se","description":"Speck, Wurst und K\u00e4s aus Passeiertal in S\u00fcdtirol online bestellen.","publisher":{"@id":"https:\/\/derpsairer.it\/it\/#organization"},"potentialAction":[{"@type":"SearchAction","target":{"@type":"EntryPoint","urlTemplate":"https:\/\/derpsairer.it\/it\/?s={search_term_string}"},"query-input":{"@type":"PropertyValueSpecification","valueRequired":true,"valueName":"search_term_string"}}],"inLanguage":"it-IT"},{"@type":"Organization","@id":"https:\/\/derpsairer.it\/it\/#organization","name":"Der Psairer - Speck, Wurst, K\u00e4se","url":"https:\/\/derpsairer.it\/it\/","logo":{"@type":"ImageObject","inLanguage":"it-IT","@id":"https:\/\/derpsairer.it\/it\/#\/schema\/logo\/image\/","url":"https:\/\/derpsairer.it\/wp-22\/wp-content\/uploads\/2020\/03\/DER-PSAIRER-LOGO-2x.png","contentUrl":"https:\/\/derpsairer.it\/wp-22\/wp-content\/uploads\/2020\/03\/DER-PSAIRER-LOGO-2x.png","width":500,"height":500,"caption":"Der Psairer - Speck, Wurst, K\u00e4se"},"image":{"@id":"https:\/\/derpsairer.it\/it\/#\/schema\/logo\/image\/"},"sameAs":["https:\/\/www.facebook.com\/profile.php?id=100063648246860"]}]}},"_links":{"self":[{"href":"https:\/\/derpsairer.it\/it\/wp-json\/wp\/v2\/product\/5361","targetHints":{"allow":["GET"]}}],"collection":[{"href":"https:\/\/derpsairer.it\/it\/wp-json\/wp\/v2\/product"}],"about":[{"href":"https:\/\/derpsairer.it\/it\/wp-json\/wp\/v2\/types\/product"}],"wp:featuredmedia":[{"embeddable":true,"href":"https:\/\/derpsairer.it\/it\/wp-json\/wp\/v2\/media\/5362"}],"wp:attachment":[{"href":"https:\/\/derpsairer.it\/it\/wp-json\/wp\/v2\/media?parent=5361"}],"wp:term":[{"taxonomy":"product_brand","embeddable":true,"href":"https:\/\/derpsairer.it\/it\/wp-json\/wp\/v2\/product_brand?post=5361"},{"taxonomy":"product_cat","embeddable":true,"href":"https:\/\/derpsairer.it\/it\/wp-json\/wp\/v2\/product_cat?post=5361"},{"taxonomy":"product_tag","embeddable":true,"href":"https:\/\/derpsairer.it\/it\/wp-json\/wp\/v2\/product_tag?post=5361"}],"curies":[{"name":"wp","href":"https:\/\/api.w.org\/{rel}","templated":true}]}}