{"id":5399,"date":"2024-03-28T12:00:05","date_gmt":"2024-03-28T11:00:05","guid":{"rendered":"https:\/\/derpsairer.it\/produkt\/vernatsch-dellalto-adige\/"},"modified":"2025-12-11T16:52:32","modified_gmt":"2025-12-11T15:52:32","slug":"vernatsch-dellalto-adige","status":"publish","type":"product","link":"https:\/\/derpsairer.it\/it\/produkt\/vernatsch-dellalto-adige\/","title":{"rendered":"Edelvernatsch dell&#8217;Alto Adige \u2013 vino Vernatsch leggero"},"content":{"rendered":"<p data-start=\"5443\" data-end=\"5814\">L&#8217;Edelvernatsch dell&#8217;Alto Adige si presenta con un colore rosso rubino brillante e offre delicate note fruttate di lampone e violetta. Al palato risulta semplice, leggero e armonico, con tannini fini. Un Vernatsch classico e beverino, che si abbina perfettamente ad antipasti leggeri, formaggi di media stagionatura, affettati delicati e carni bianche.  <\/p>\n<p data-start=\"5816\" data-end=\"5839\"><strong>Cantina:<\/strong><br data-start=\"5825\" data-end=\"5828\">Burggr\u00e4fler<\/p>\n<p data-start=\"5841\" data-end=\"5862\"><strong>Vitigno:<\/strong><br data-start=\"5850\" data-end=\"5853\">Vernatsch<\/p>\n<p data-start=\"5864\" data-end=\"5959\"><strong>Abbinamenti:<\/strong><br data-start=\"5881\" data-end=\"5884\">Antipasti leggeri, Formaggi di media stagionatura, Affettati delicati, Carni bianche<\/p>\n<p data-start=\"5961\" data-end=\"5980\"><strong>Affinamento:<\/strong><br data-start=\"5968\" data-end=\"5971\">Serbatoio in acciaio<\/p>\n<p data-start=\"5982\" data-end=\"6011\"><strong>Temperatura di servizio:<\/strong><br data-start=\"6000\" data-end=\"6003\">16\u201318 \u00b0C<\/p>\n<p data-start=\"6013\" data-end=\"6036\"><strong>Gradazione alcolica:<\/strong><br data-start=\"6027\" data-end=\"6030\">12,5%<\/p>\n<p data-start=\"6038\" data-end=\"6054\"><strong>Contenuto:<\/strong><br data-start=\"6045\" data-end=\"6048\">0,75 l<\/p>\n<p data-start=\"6056\" data-end=\"6076\"><strong>Provenienza:<\/strong><br data-start=\"6065\" data-end=\"6068\">Alto Adige<\/p>\n<p data-start=\"6078\" data-end=\"6125\"><strong>Particolarit\u00e0:<\/strong><br data-start=\"6093\" data-end=\"6096\">Vernatsch classico da tutti i giorni<\/p>\n<p data-start=\"6127\" data-end=\"6143\"><strong>Contiene solfiti<\/strong><\/p>\n","protected":false},"excerpt":{"rendered":"<p>\u2022 Vino leggero<br data-start=\"6563\" data-end=\"6566\">\u2022 Delicate note fruttate<br data-start=\"6585\" data-end=\"6588\">\u2022 Tannini fini<br data-start=\"6606\" data-end=\"6609\">\u2022 Accompagnamento versatile<br data-start=\"6633\" data-end=\"6636\">\u2022 Un classico dell&#8217;Alto Adige<\/p>\n","protected":false},"featured_media":5401,"template":"","meta":[],"product_brand":[],"product_cat":[188],"product_tag":[3884,3974,2062,1439,3923,2189,2039,2361,3922,1442,2360,2059,3074],"class_list":{"0":"post-5399","1":"product","2":"type-product","3":"status-publish","4":"has-post-thumbnail","6":"product_cat-vino-distillati","7":"product_tag-con-affettati","8":"product_tag-con-carni-bianche-2","9":"product_tag-con-formaggio","10":"product_tag-edelvernatsch","11":"product_tag-facile-da-bere","12":"product_tag-fruttato","13":"product_tag-lampone","14":"product_tag-leggero","15":"product_tag-poco-tannico","16":"product_tag-vernatsch","17":"product_tag-vino-da-tavola-3","18":"product_tag-vino-rosso-altoatesino-2","19":"product_tag-violetta","21":"first","22":"instock","23":"taxable","24":"shipping-taxable","25":"purchasable","26":"product-type-simple"},"yoast_head":"<!-- This site is optimized with the Yoast SEO plugin v27.5 - https:\/\/yoast.com\/product\/yoast-seo-wordpress\/ -->\n<title>Edelvernatsch dell&#039;Alto Adige \u2013 Vino rosso leggero con frutta fine ed eleganza - Der Psairer - Speck, Wurst, K\u00e4se<\/title>\n<meta name=\"description\" content=\"L&#039;Edelvernatsch Burggr\u00e4fler \u00e8 un vino Vernatsch leggero e fruttato dell&#039;Alto Adige, ideale con antipasti, formaggi, affettati e carni bianche.\" \/>\n<meta name=\"robots\" content=\"index, follow, max-snippet:-1, max-image-preview:large, max-video-preview:-1\" \/>\n<link rel=\"canonical\" href=\"https:\/\/derpsairer.it\/it\/produkt\/vernatsch-dellalto-adige\/\" \/>\n<meta property=\"og:locale\" content=\"it_IT\" \/>\n<meta property=\"og:type\" content=\"article\" \/>\n<meta property=\"og:title\" content=\"Edelvernatsch dell&#039;Alto Adige \u2013 Vino rosso leggero con frutta fine ed eleganza - Der Psairer - Speck, Wurst, K\u00e4se\" \/>\n<meta property=\"og:description\" content=\"L&#039;Edelvernatsch Burggr\u00e4fler \u00e8 un vino Vernatsch leggero e fruttato dell&#039;Alto Adige, ideale con antipasti, formaggi, affettati e carni bianche.\" \/>\n<meta property=\"og:url\" content=\"https:\/\/derpsairer.it\/it\/produkt\/vernatsch-dellalto-adige\/\" \/>\n<meta property=\"og:site_name\" content=\"Der Psairer - Speck, Wurst, K\u00e4se\" \/>\n<meta property=\"article:publisher\" content=\"https:\/\/www.facebook.com\/profile.php?id=100063648246860\" \/>\n<meta property=\"article:modified_time\" content=\"2025-12-11T15:52:32+00:00\" \/>\n<meta property=\"og:image\" content=\"https:\/\/derpsairer.it\/wp-22\/wp-content\/uploads\/2024\/03\/Edelvernatsch-Meran_600x600-ezgif.com-webp-to-jpg-converter-e1711623535600.jpg\" \/>\n\t<meta property=\"og:image:width\" content=\"614\" \/>\n\t<meta property=\"og:image:height\" content=\"614\" \/>\n\t<meta property=\"og:image:type\" content=\"image\/jpeg\" \/>\n<script type=\"application\/ld+json\" class=\"yoast-schema-graph\">{\"@context\":\"https:\\\/\\\/schema.org\",\"@graph\":[{\"@type\":\"WebPage\",\"@id\":\"https:\\\/\\\/derpsairer.it\\\/it\\\/produkt\\\/vernatsch-dellalto-adige\\\/\",\"url\":\"https:\\\/\\\/derpsairer.it\\\/it\\\/produkt\\\/vernatsch-dellalto-adige\\\/\",\"name\":\"Edelvernatsch dell'Alto Adige \u2013 Vino rosso leggero con frutta fine ed eleganza - Der Psairer - Speck, Wurst, K\u00e4se\",\"isPartOf\":{\"@id\":\"https:\\\/\\\/derpsairer.it\\\/it\\\/#website\"},\"primaryImageOfPage\":{\"@id\":\"https:\\\/\\\/derpsairer.it\\\/it\\\/produkt\\\/vernatsch-dellalto-adige\\\/#primaryimage\"},\"image\":{\"@id\":\"https:\\\/\\\/derpsairer.it\\\/it\\\/produkt\\\/vernatsch-dellalto-adige\\\/#primaryimage\"},\"thumbnailUrl\":\"https:\\\/\\\/derpsairer.it\\\/wp-22\\\/wp-content\\\/uploads\\\/2024\\\/03\\\/Edelvernatsch-Meran_600x600-ezgif.com-webp-to-jpg-converter-e1711623535600.jpg\",\"datePublished\":\"2024-03-28T11:00:05+00:00\",\"dateModified\":\"2025-12-11T15:52:32+00:00\",\"description\":\"L'Edelvernatsch Burggr\u00e4fler \u00e8 un vino Vernatsch leggero e fruttato dell'Alto Adige, ideale con antipasti, formaggi, affettati e carni bianche.\",\"breadcrumb\":{\"@id\":\"https:\\\/\\\/derpsairer.it\\\/it\\\/produkt\\\/vernatsch-dellalto-adige\\\/#breadcrumb\"},\"inLanguage\":\"it-IT\",\"potentialAction\":[{\"@type\":\"ReadAction\",\"target\":[\"https:\\\/\\\/derpsairer.it\\\/it\\\/produkt\\\/vernatsch-dellalto-adige\\\/\"]}]},{\"@type\":\"ImageObject\",\"inLanguage\":\"it-IT\",\"@id\":\"https:\\\/\\\/derpsairer.it\\\/it\\\/produkt\\\/vernatsch-dellalto-adige\\\/#primaryimage\",\"url\":\"https:\\\/\\\/derpsairer.it\\\/wp-22\\\/wp-content\\\/uploads\\\/2024\\\/03\\\/Edelvernatsch-Meran_600x600-ezgif.com-webp-to-jpg-converter-e1711623535600.jpg\",\"contentUrl\":\"https:\\\/\\\/derpsairer.it\\\/wp-22\\\/wp-content\\\/uploads\\\/2024\\\/03\\\/Edelvernatsch-Meran_600x600-ezgif.com-webp-to-jpg-converter-e1711623535600.jpg\",\"width\":614,\"height\":614},{\"@type\":\"BreadcrumbList\",\"@id\":\"https:\\\/\\\/derpsairer.it\\\/it\\\/produkt\\\/vernatsch-dellalto-adige\\\/#breadcrumb\",\"itemListElement\":[{\"@type\":\"ListItem\",\"position\":1,\"name\":\"Home\",\"item\":\"https:\\\/\\\/derpsairer.it\\\/it\\\/il-negozio-di-speck-der-psairer\\\/\"},{\"@type\":\"ListItem\",\"position\":2,\"name\":\"Shop\",\"item\":\"https:\\\/\\\/derpsairer.it\\\/shop\\\/\"},{\"@type\":\"ListItem\",\"position\":3,\"name\":\"Edelvernatsch dell&#8217;Alto Adige \u2013 vino Vernatsch leggero\"}]},{\"@type\":\"WebSite\",\"@id\":\"https:\\\/\\\/derpsairer.it\\\/it\\\/#website\",\"url\":\"https:\\\/\\\/derpsairer.it\\\/it\\\/\",\"name\":\"Der Psairer - Speck, Wurst, K\u00e4se\",\"description\":\"Speck, Wurst und K\u00e4s aus Passeiertal in S\u00fcdtirol online bestellen.\",\"publisher\":{\"@id\":\"https:\\\/\\\/derpsairer.it\\\/it\\\/#organization\"},\"potentialAction\":[{\"@type\":\"SearchAction\",\"target\":{\"@type\":\"EntryPoint\",\"urlTemplate\":\"https:\\\/\\\/derpsairer.it\\\/it\\\/?s={search_term_string}\"},\"query-input\":{\"@type\":\"PropertyValueSpecification\",\"valueRequired\":true,\"valueName\":\"search_term_string\"}}],\"inLanguage\":\"it-IT\"},{\"@type\":\"Organization\",\"@id\":\"https:\\\/\\\/derpsairer.it\\\/it\\\/#organization\",\"name\":\"Der Psairer - Speck, Wurst, K\u00e4se\",\"url\":\"https:\\\/\\\/derpsairer.it\\\/it\\\/\",\"logo\":{\"@type\":\"ImageObject\",\"inLanguage\":\"it-IT\",\"@id\":\"https:\\\/\\\/derpsairer.it\\\/it\\\/#\\\/schema\\\/logo\\\/image\\\/\",\"url\":\"https:\\\/\\\/derpsairer.it\\\/wp-22\\\/wp-content\\\/uploads\\\/2020\\\/03\\\/DER-PSAIRER-LOGO-2x.png\",\"contentUrl\":\"https:\\\/\\\/derpsairer.it\\\/wp-22\\\/wp-content\\\/uploads\\\/2020\\\/03\\\/DER-PSAIRER-LOGO-2x.png\",\"width\":500,\"height\":500,\"caption\":\"Der Psairer - Speck, Wurst, K\u00e4se\"},\"image\":{\"@id\":\"https:\\\/\\\/derpsairer.it\\\/it\\\/#\\\/schema\\\/logo\\\/image\\\/\"},\"sameAs\":[\"https:\\\/\\\/www.facebook.com\\\/profile.php?id=100063648246860\"]}]}<\/script>\n<!-- \/ Yoast SEO plugin. -->","yoast_head_json":{"title":"Edelvernatsch dell'Alto Adige \u2013 Vino rosso leggero con frutta fine ed eleganza - Der Psairer - Speck, Wurst, K\u00e4se","description":"L'Edelvernatsch Burggr\u00e4fler \u00e8 un vino Vernatsch leggero e fruttato dell'Alto Adige, ideale con antipasti, formaggi, affettati e carni bianche.","robots":{"index":"index","follow":"follow","max-snippet":"max-snippet:-1","max-image-preview":"max-image-preview:large","max-video-preview":"max-video-preview:-1"},"canonical":"https:\/\/derpsairer.it\/it\/produkt\/vernatsch-dellalto-adige\/","og_locale":"it_IT","og_type":"article","og_title":"Edelvernatsch dell'Alto Adige \u2013 Vino rosso leggero con frutta fine ed eleganza - Der Psairer - Speck, Wurst, K\u00e4se","og_description":"L'Edelvernatsch Burggr\u00e4fler \u00e8 un vino Vernatsch leggero e fruttato dell'Alto Adige, ideale con antipasti, formaggi, affettati e carni bianche.","og_url":"https:\/\/derpsairer.it\/it\/produkt\/vernatsch-dellalto-adige\/","og_site_name":"Der Psairer - Speck, Wurst, K\u00e4se","article_publisher":"https:\/\/www.facebook.com\/profile.php?id=100063648246860","article_modified_time":"2025-12-11T15:52:32+00:00","og_image":[{"width":614,"height":614,"url":"https:\/\/derpsairer.it\/wp-22\/wp-content\/uploads\/2024\/03\/Edelvernatsch-Meran_600x600-ezgif.com-webp-to-jpg-converter-e1711623535600.jpg","type":"image\/jpeg"}],"schema":{"@context":"https:\/\/schema.org","@graph":[{"@type":"WebPage","@id":"https:\/\/derpsairer.it\/it\/produkt\/vernatsch-dellalto-adige\/","url":"https:\/\/derpsairer.it\/it\/produkt\/vernatsch-dellalto-adige\/","name":"Edelvernatsch dell'Alto Adige \u2013 Vino rosso leggero con frutta fine ed eleganza - Der Psairer - Speck, Wurst, K\u00e4se","isPartOf":{"@id":"https:\/\/derpsairer.it\/it\/#website"},"primaryImageOfPage":{"@id":"https:\/\/derpsairer.it\/it\/produkt\/vernatsch-dellalto-adige\/#primaryimage"},"image":{"@id":"https:\/\/derpsairer.it\/it\/produkt\/vernatsch-dellalto-adige\/#primaryimage"},"thumbnailUrl":"https:\/\/derpsairer.it\/wp-22\/wp-content\/uploads\/2024\/03\/Edelvernatsch-Meran_600x600-ezgif.com-webp-to-jpg-converter-e1711623535600.jpg","datePublished":"2024-03-28T11:00:05+00:00","dateModified":"2025-12-11T15:52:32+00:00","description":"L'Edelvernatsch Burggr\u00e4fler \u00e8 un vino Vernatsch leggero e fruttato dell'Alto Adige, ideale con antipasti, formaggi, affettati e carni bianche.","breadcrumb":{"@id":"https:\/\/derpsairer.it\/it\/produkt\/vernatsch-dellalto-adige\/#breadcrumb"},"inLanguage":"it-IT","potentialAction":[{"@type":"ReadAction","target":["https:\/\/derpsairer.it\/it\/produkt\/vernatsch-dellalto-adige\/"]}]},{"@type":"ImageObject","inLanguage":"it-IT","@id":"https:\/\/derpsairer.it\/it\/produkt\/vernatsch-dellalto-adige\/#primaryimage","url":"https:\/\/derpsairer.it\/wp-22\/wp-content\/uploads\/2024\/03\/Edelvernatsch-Meran_600x600-ezgif.com-webp-to-jpg-converter-e1711623535600.jpg","contentUrl":"https:\/\/derpsairer.it\/wp-22\/wp-content\/uploads\/2024\/03\/Edelvernatsch-Meran_600x600-ezgif.com-webp-to-jpg-converter-e1711623535600.jpg","width":614,"height":614},{"@type":"BreadcrumbList","@id":"https:\/\/derpsairer.it\/it\/produkt\/vernatsch-dellalto-adige\/#breadcrumb","itemListElement":[{"@type":"ListItem","position":1,"name":"Home","item":"https:\/\/derpsairer.it\/it\/il-negozio-di-speck-der-psairer\/"},{"@type":"ListItem","position":2,"name":"Shop","item":"https:\/\/derpsairer.it\/shop\/"},{"@type":"ListItem","position":3,"name":"Edelvernatsch dell&#8217;Alto Adige \u2013 vino Vernatsch leggero"}]},{"@type":"WebSite","@id":"https:\/\/derpsairer.it\/it\/#website","url":"https:\/\/derpsairer.it\/it\/","name":"Der Psairer - Speck, Wurst, K\u00e4se","description":"Speck, Wurst und K\u00e4s aus Passeiertal in S\u00fcdtirol online bestellen.","publisher":{"@id":"https:\/\/derpsairer.it\/it\/#organization"},"potentialAction":[{"@type":"SearchAction","target":{"@type":"EntryPoint","urlTemplate":"https:\/\/derpsairer.it\/it\/?s={search_term_string}"},"query-input":{"@type":"PropertyValueSpecification","valueRequired":true,"valueName":"search_term_string"}}],"inLanguage":"it-IT"},{"@type":"Organization","@id":"https:\/\/derpsairer.it\/it\/#organization","name":"Der Psairer - Speck, Wurst, K\u00e4se","url":"https:\/\/derpsairer.it\/it\/","logo":{"@type":"ImageObject","inLanguage":"it-IT","@id":"https:\/\/derpsairer.it\/it\/#\/schema\/logo\/image\/","url":"https:\/\/derpsairer.it\/wp-22\/wp-content\/uploads\/2020\/03\/DER-PSAIRER-LOGO-2x.png","contentUrl":"https:\/\/derpsairer.it\/wp-22\/wp-content\/uploads\/2020\/03\/DER-PSAIRER-LOGO-2x.png","width":500,"height":500,"caption":"Der Psairer - Speck, Wurst, K\u00e4se"},"image":{"@id":"https:\/\/derpsairer.it\/it\/#\/schema\/logo\/image\/"},"sameAs":["https:\/\/www.facebook.com\/profile.php?id=100063648246860"]}]}},"_links":{"self":[{"href":"https:\/\/derpsairer.it\/it\/wp-json\/wp\/v2\/product\/5399","targetHints":{"allow":["GET"]}}],"collection":[{"href":"https:\/\/derpsairer.it\/it\/wp-json\/wp\/v2\/product"}],"about":[{"href":"https:\/\/derpsairer.it\/it\/wp-json\/wp\/v2\/types\/product"}],"wp:featuredmedia":[{"embeddable":true,"href":"https:\/\/derpsairer.it\/it\/wp-json\/wp\/v2\/media\/5401"}],"wp:attachment":[{"href":"https:\/\/derpsairer.it\/it\/wp-json\/wp\/v2\/media?parent=5399"}],"wp:term":[{"taxonomy":"product_brand","embeddable":true,"href":"https:\/\/derpsairer.it\/it\/wp-json\/wp\/v2\/product_brand?post=5399"},{"taxonomy":"product_cat","embeddable":true,"href":"https:\/\/derpsairer.it\/it\/wp-json\/wp\/v2\/product_cat?post=5399"},{"taxonomy":"product_tag","embeddable":true,"href":"https:\/\/derpsairer.it\/it\/wp-json\/wp\/v2\/product_tag?post=5399"}],"curies":[{"name":"wp","href":"https:\/\/api.w.org\/{rel}","templated":true}]}}