{"id":5417,"date":"2024-03-27T16:59:54","date_gmt":"2024-03-27T15:59:54","guid":{"rendered":"https:\/\/derpsairer.it\/produkt\/preparato-per-canederli-ai-funghi-porcini-con-schuettelbrot\/"},"modified":"2025-12-12T16:20:04","modified_gmt":"2025-12-12T15:20:04","slug":"preparato-per-canederli-ai-funghi-porcini-con-schuettelbrot","status":"publish","type":"product","link":"https:\/\/derpsairer.it\/it\/produkt\/preparato-per-canederli-ai-funghi-porcini-con-schuettelbrot\/","title":{"rendered":"Preparato per canederli ai funghi porcini con Sch\u00fcttelbrot \u2013 canederli aromatici facili da preparare"},"content":{"rendered":"<p data-start=\"109\" data-end=\"579\">Questo preparato per canederli ai funghi porcini con Sch\u00fcttelbrot di Stamser Gourmet permette di preparare facilmente canederli tradizionali con un intenso aroma di funghi. La combinazione di funghi porcini e Sch\u00fcttelbrot garantisce un sapore sostanzioso e una consistenza piacevole. Dopo averli mescolati con latte e uova, si ottengono canederli succosi e aromatici, ideali come piatto principale o contorno e che si abbinano particolarmente bene con formaggio grattugiato.  <\/p>\n<ul>\n<li>meglio se con <a href=\"https:\/\/derpsairer.it\/it\/produkt\/granmonte-formaggio-da-grattugiare\/\">formaggio grattugiato GranMonte<\/a><\/li>\n<\/ul>\n<p>Contenuto: 260 g (per circa 4-6 canederli)<\/p>\n","protected":false},"excerpt":{"rendered":"<p>\u2022 Aroma intenso di funghi porcini<br data-start=\"1036\" data-end=\"1039\">\u2022 Con Sch\u00fcttelbrot<br data-start=\"1057\" data-end=\"1060\">\u2022 Preparazione semplice<br data-start=\"1082\" data-end=\"1085\">\u2022 Per sei canederli<br data-start=\"1103\" data-end=\"1106\">\u2022 Ideale come piatto principale<\/p>\n","protected":false},"featured_media":5418,"template":"","meta":[],"product_brand":[],"product_cat":[191],"product_tag":[1945,1519,1558,282,1517,2401,1557,2008],"class_list":{"0":"post-5417","1":"product","2":"type-product","3":"status-publish","4":"has-post-thumbnail","6":"product_cat-altre-delizie","7":"product_tag-alto-adige","8":"product_tag-canederli","9":"product_tag-canederli-ai-funghi-porcini","10":"product_tag-feinkost","11":"product_tag-preparato","12":"product_tag-saporito-2","13":"product_tag-schuettelbrot","14":"product_tag-tradizionale","16":"first","17":"instock","18":"taxable","19":"shipping-taxable","20":"purchasable","21":"product-type-simple"},"yoast_head":"<!-- This site is optimized with the Yoast SEO plugin v27.6 - https:\/\/yoast.com\/product\/yoast-seo-wordpress\/ -->\n<title>Preparato per canederli ai funghi porcini \u2013 Un piacere altoatesino con Sch\u00fcttelbrot - Der Psairer - Speck, Wurst, K\u00e4se<\/title>\n<meta name=\"description\" content=\"Preparato per canederli ai funghi porcini di Stamser Gourmet per canederli aromatici con Sch\u00fcttelbrot. Facile da preparare e dal sapore sostanzioso.\" \/>\n<meta name=\"robots\" content=\"index, follow, max-snippet:-1, max-image-preview:large, max-video-preview:-1\" \/>\n<link rel=\"canonical\" href=\"https:\/\/derpsairer.it\/it\/produkt\/preparato-per-canederli-ai-funghi-porcini-con-schuettelbrot\/\" \/>\n<meta property=\"og:locale\" content=\"it_IT\" \/>\n<meta property=\"og:type\" content=\"article\" \/>\n<meta property=\"og:title\" content=\"Preparato per canederli ai funghi porcini \u2013 Un piacere altoatesino con Sch\u00fcttelbrot - Der Psairer - Speck, Wurst, K\u00e4se\" \/>\n<meta property=\"og:description\" content=\"Preparato per canederli ai funghi porcini di Stamser Gourmet per canederli aromatici con Sch\u00fcttelbrot. Facile da preparare e dal sapore sostanzioso.\" \/>\n<meta property=\"og:url\" content=\"https:\/\/derpsairer.it\/it\/produkt\/preparato-per-canederli-ai-funghi-porcini-con-schuettelbrot\/\" \/>\n<meta property=\"og:site_name\" content=\"Der Psairer - Speck, Wurst, K\u00e4se\" \/>\n<meta property=\"article:publisher\" content=\"https:\/\/www.facebook.com\/profile.php?id=100063648246860\" \/>\n<meta property=\"article:modified_time\" content=\"2025-12-12T15:20:04+00:00\" \/>\n<meta property=\"og:image\" content=\"https:\/\/derpsairer.it\/wp-22\/wp-content\/uploads\/2024\/03\/csm_Fertigmischung_Steinpilzknoedel_c5f1a9e049-e1711555107802.webp\" \/>\n\t<meta property=\"og:image:width\" content=\"324\" \/>\n\t<meta property=\"og:image:height\" content=\"324\" \/>\n\t<meta property=\"og:image:type\" content=\"image\/webp\" \/>\n<script type=\"application\/ld+json\" class=\"yoast-schema-graph\">{\"@context\":\"https:\\\/\\\/schema.org\",\"@graph\":[{\"@type\":\"WebPage\",\"@id\":\"https:\\\/\\\/derpsairer.it\\\/it\\\/produkt\\\/preparato-per-canederli-ai-funghi-porcini-con-schuettelbrot\\\/\",\"url\":\"https:\\\/\\\/derpsairer.it\\\/it\\\/produkt\\\/preparato-per-canederli-ai-funghi-porcini-con-schuettelbrot\\\/\",\"name\":\"Preparato per canederli ai funghi porcini \u2013 Un piacere altoatesino con Sch\u00fcttelbrot - Der Psairer - Speck, Wurst, K\u00e4se\",\"isPartOf\":{\"@id\":\"https:\\\/\\\/derpsairer.it\\\/it\\\/#website\"},\"primaryImageOfPage\":{\"@id\":\"https:\\\/\\\/derpsairer.it\\\/it\\\/produkt\\\/preparato-per-canederli-ai-funghi-porcini-con-schuettelbrot\\\/#primaryimage\"},\"image\":{\"@id\":\"https:\\\/\\\/derpsairer.it\\\/it\\\/produkt\\\/preparato-per-canederli-ai-funghi-porcini-con-schuettelbrot\\\/#primaryimage\"},\"thumbnailUrl\":\"https:\\\/\\\/derpsairer.it\\\/wp-22\\\/wp-content\\\/uploads\\\/2024\\\/03\\\/csm_Fertigmischung_Steinpilzknoedel_c5f1a9e049-e1711555107802.webp\",\"datePublished\":\"2024-03-27T15:59:54+00:00\",\"dateModified\":\"2025-12-12T15:20:04+00:00\",\"description\":\"Preparato per canederli ai funghi porcini di Stamser Gourmet per canederli aromatici con Sch\u00fcttelbrot. Facile da preparare e dal sapore sostanzioso.\",\"breadcrumb\":{\"@id\":\"https:\\\/\\\/derpsairer.it\\\/it\\\/produkt\\\/preparato-per-canederli-ai-funghi-porcini-con-schuettelbrot\\\/#breadcrumb\"},\"inLanguage\":\"it-IT\",\"potentialAction\":[{\"@type\":\"ReadAction\",\"target\":[\"https:\\\/\\\/derpsairer.it\\\/it\\\/produkt\\\/preparato-per-canederli-ai-funghi-porcini-con-schuettelbrot\\\/\"]}]},{\"@type\":\"ImageObject\",\"inLanguage\":\"it-IT\",\"@id\":\"https:\\\/\\\/derpsairer.it\\\/it\\\/produkt\\\/preparato-per-canederli-ai-funghi-porcini-con-schuettelbrot\\\/#primaryimage\",\"url\":\"https:\\\/\\\/derpsairer.it\\\/wp-22\\\/wp-content\\\/uploads\\\/2024\\\/03\\\/csm_Fertigmischung_Steinpilzknoedel_c5f1a9e049-e1711555107802.webp\",\"contentUrl\":\"https:\\\/\\\/derpsairer.it\\\/wp-22\\\/wp-content\\\/uploads\\\/2024\\\/03\\\/csm_Fertigmischung_Steinpilzknoedel_c5f1a9e049-e1711555107802.webp\",\"width\":324,\"height\":324},{\"@type\":\"BreadcrumbList\",\"@id\":\"https:\\\/\\\/derpsairer.it\\\/it\\\/produkt\\\/preparato-per-canederli-ai-funghi-porcini-con-schuettelbrot\\\/#breadcrumb\",\"itemListElement\":[{\"@type\":\"ListItem\",\"position\":1,\"name\":\"Home\",\"item\":\"https:\\\/\\\/derpsairer.it\\\/it\\\/il-negozio-di-speck-der-psairer\\\/\"},{\"@type\":\"ListItem\",\"position\":2,\"name\":\"Shop\",\"item\":\"https:\\\/\\\/derpsairer.it\\\/shop\\\/\"},{\"@type\":\"ListItem\",\"position\":3,\"name\":\"Preparato per canederli ai funghi porcini con Sch\u00fcttelbrot \u2013 canederli aromatici facili da preparare\"}]},{\"@type\":\"WebSite\",\"@id\":\"https:\\\/\\\/derpsairer.it\\\/it\\\/#website\",\"url\":\"https:\\\/\\\/derpsairer.it\\\/it\\\/\",\"name\":\"Der Psairer - Speck, Wurst, K\u00e4se\",\"description\":\"Speck, Wurst und K\u00e4s aus Passeiertal in S\u00fcdtirol online bestellen.\",\"publisher\":{\"@id\":\"https:\\\/\\\/derpsairer.it\\\/it\\\/#organization\"},\"potentialAction\":[{\"@type\":\"SearchAction\",\"target\":{\"@type\":\"EntryPoint\",\"urlTemplate\":\"https:\\\/\\\/derpsairer.it\\\/it\\\/?s={search_term_string}\"},\"query-input\":{\"@type\":\"PropertyValueSpecification\",\"valueRequired\":true,\"valueName\":\"search_term_string\"}}],\"inLanguage\":\"it-IT\"},{\"@type\":\"Organization\",\"@id\":\"https:\\\/\\\/derpsairer.it\\\/it\\\/#organization\",\"name\":\"Der Psairer - Speck, Wurst, K\u00e4se\",\"url\":\"https:\\\/\\\/derpsairer.it\\\/it\\\/\",\"logo\":{\"@type\":\"ImageObject\",\"inLanguage\":\"it-IT\",\"@id\":\"https:\\\/\\\/derpsairer.it\\\/it\\\/#\\\/schema\\\/logo\\\/image\\\/\",\"url\":\"https:\\\/\\\/derpsairer.it\\\/wp-22\\\/wp-content\\\/uploads\\\/2020\\\/03\\\/DER-PSAIRER-LOGO-2x.png\",\"contentUrl\":\"https:\\\/\\\/derpsairer.it\\\/wp-22\\\/wp-content\\\/uploads\\\/2020\\\/03\\\/DER-PSAIRER-LOGO-2x.png\",\"width\":500,\"height\":500,\"caption\":\"Der Psairer - Speck, Wurst, K\u00e4se\"},\"image\":{\"@id\":\"https:\\\/\\\/derpsairer.it\\\/it\\\/#\\\/schema\\\/logo\\\/image\\\/\"},\"sameAs\":[\"https:\\\/\\\/www.facebook.com\\\/profile.php?id=100063648246860\"]}]}<\/script>\n<!-- \/ Yoast SEO plugin. -->","yoast_head_json":{"title":"Preparato per canederli ai funghi porcini \u2013 Un piacere altoatesino con Sch\u00fcttelbrot - Der Psairer - Speck, Wurst, K\u00e4se","description":"Preparato per canederli ai funghi porcini di Stamser Gourmet per canederli aromatici con Sch\u00fcttelbrot. Facile da preparare e dal sapore sostanzioso.","robots":{"index":"index","follow":"follow","max-snippet":"max-snippet:-1","max-image-preview":"max-image-preview:large","max-video-preview":"max-video-preview:-1"},"canonical":"https:\/\/derpsairer.it\/it\/produkt\/preparato-per-canederli-ai-funghi-porcini-con-schuettelbrot\/","og_locale":"it_IT","og_type":"article","og_title":"Preparato per canederli ai funghi porcini \u2013 Un piacere altoatesino con Sch\u00fcttelbrot - Der Psairer - Speck, Wurst, K\u00e4se","og_description":"Preparato per canederli ai funghi porcini di Stamser Gourmet per canederli aromatici con Sch\u00fcttelbrot. Facile da preparare e dal sapore sostanzioso.","og_url":"https:\/\/derpsairer.it\/it\/produkt\/preparato-per-canederli-ai-funghi-porcini-con-schuettelbrot\/","og_site_name":"Der Psairer - Speck, Wurst, K\u00e4se","article_publisher":"https:\/\/www.facebook.com\/profile.php?id=100063648246860","article_modified_time":"2025-12-12T15:20:04+00:00","og_image":[{"width":324,"height":324,"url":"https:\/\/derpsairer.it\/wp-22\/wp-content\/uploads\/2024\/03\/csm_Fertigmischung_Steinpilzknoedel_c5f1a9e049-e1711555107802.webp","type":"image\/webp"}],"schema":{"@context":"https:\/\/schema.org","@graph":[{"@type":"WebPage","@id":"https:\/\/derpsairer.it\/it\/produkt\/preparato-per-canederli-ai-funghi-porcini-con-schuettelbrot\/","url":"https:\/\/derpsairer.it\/it\/produkt\/preparato-per-canederli-ai-funghi-porcini-con-schuettelbrot\/","name":"Preparato per canederli ai funghi porcini \u2013 Un piacere altoatesino con Sch\u00fcttelbrot - Der Psairer - Speck, Wurst, K\u00e4se","isPartOf":{"@id":"https:\/\/derpsairer.it\/it\/#website"},"primaryImageOfPage":{"@id":"https:\/\/derpsairer.it\/it\/produkt\/preparato-per-canederli-ai-funghi-porcini-con-schuettelbrot\/#primaryimage"},"image":{"@id":"https:\/\/derpsairer.it\/it\/produkt\/preparato-per-canederli-ai-funghi-porcini-con-schuettelbrot\/#primaryimage"},"thumbnailUrl":"https:\/\/derpsairer.it\/wp-22\/wp-content\/uploads\/2024\/03\/csm_Fertigmischung_Steinpilzknoedel_c5f1a9e049-e1711555107802.webp","datePublished":"2024-03-27T15:59:54+00:00","dateModified":"2025-12-12T15:20:04+00:00","description":"Preparato per canederli ai funghi porcini di Stamser Gourmet per canederli aromatici con Sch\u00fcttelbrot. Facile da preparare e dal sapore sostanzioso.","breadcrumb":{"@id":"https:\/\/derpsairer.it\/it\/produkt\/preparato-per-canederli-ai-funghi-porcini-con-schuettelbrot\/#breadcrumb"},"inLanguage":"it-IT","potentialAction":[{"@type":"ReadAction","target":["https:\/\/derpsairer.it\/it\/produkt\/preparato-per-canederli-ai-funghi-porcini-con-schuettelbrot\/"]}]},{"@type":"ImageObject","inLanguage":"it-IT","@id":"https:\/\/derpsairer.it\/it\/produkt\/preparato-per-canederli-ai-funghi-porcini-con-schuettelbrot\/#primaryimage","url":"https:\/\/derpsairer.it\/wp-22\/wp-content\/uploads\/2024\/03\/csm_Fertigmischung_Steinpilzknoedel_c5f1a9e049-e1711555107802.webp","contentUrl":"https:\/\/derpsairer.it\/wp-22\/wp-content\/uploads\/2024\/03\/csm_Fertigmischung_Steinpilzknoedel_c5f1a9e049-e1711555107802.webp","width":324,"height":324},{"@type":"BreadcrumbList","@id":"https:\/\/derpsairer.it\/it\/produkt\/preparato-per-canederli-ai-funghi-porcini-con-schuettelbrot\/#breadcrumb","itemListElement":[{"@type":"ListItem","position":1,"name":"Home","item":"https:\/\/derpsairer.it\/it\/il-negozio-di-speck-der-psairer\/"},{"@type":"ListItem","position":2,"name":"Shop","item":"https:\/\/derpsairer.it\/shop\/"},{"@type":"ListItem","position":3,"name":"Preparato per canederli ai funghi porcini con Sch\u00fcttelbrot \u2013 canederli aromatici facili da preparare"}]},{"@type":"WebSite","@id":"https:\/\/derpsairer.it\/it\/#website","url":"https:\/\/derpsairer.it\/it\/","name":"Der Psairer - Speck, Wurst, K\u00e4se","description":"Speck, Wurst und K\u00e4s aus Passeiertal in S\u00fcdtirol online bestellen.","publisher":{"@id":"https:\/\/derpsairer.it\/it\/#organization"},"potentialAction":[{"@type":"SearchAction","target":{"@type":"EntryPoint","urlTemplate":"https:\/\/derpsairer.it\/it\/?s={search_term_string}"},"query-input":{"@type":"PropertyValueSpecification","valueRequired":true,"valueName":"search_term_string"}}],"inLanguage":"it-IT"},{"@type":"Organization","@id":"https:\/\/derpsairer.it\/it\/#organization","name":"Der Psairer - Speck, Wurst, K\u00e4se","url":"https:\/\/derpsairer.it\/it\/","logo":{"@type":"ImageObject","inLanguage":"it-IT","@id":"https:\/\/derpsairer.it\/it\/#\/schema\/logo\/image\/","url":"https:\/\/derpsairer.it\/wp-22\/wp-content\/uploads\/2020\/03\/DER-PSAIRER-LOGO-2x.png","contentUrl":"https:\/\/derpsairer.it\/wp-22\/wp-content\/uploads\/2020\/03\/DER-PSAIRER-LOGO-2x.png","width":500,"height":500,"caption":"Der Psairer - Speck, Wurst, K\u00e4se"},"image":{"@id":"https:\/\/derpsairer.it\/it\/#\/schema\/logo\/image\/"},"sameAs":["https:\/\/www.facebook.com\/profile.php?id=100063648246860"]}]}},"_links":{"self":[{"href":"https:\/\/derpsairer.it\/it\/wp-json\/wp\/v2\/product\/5417","targetHints":{"allow":["GET"]}}],"collection":[{"href":"https:\/\/derpsairer.it\/it\/wp-json\/wp\/v2\/product"}],"about":[{"href":"https:\/\/derpsairer.it\/it\/wp-json\/wp\/v2\/types\/product"}],"wp:featuredmedia":[{"embeddable":true,"href":"https:\/\/derpsairer.it\/it\/wp-json\/wp\/v2\/media\/5418"}],"wp:attachment":[{"href":"https:\/\/derpsairer.it\/it\/wp-json\/wp\/v2\/media?parent=5417"}],"wp:term":[{"taxonomy":"product_brand","embeddable":true,"href":"https:\/\/derpsairer.it\/it\/wp-json\/wp\/v2\/product_brand?post=5417"},{"taxonomy":"product_cat","embeddable":true,"href":"https:\/\/derpsairer.it\/it\/wp-json\/wp\/v2\/product_cat?post=5417"},{"taxonomy":"product_tag","embeddable":true,"href":"https:\/\/derpsairer.it\/it\/wp-json\/wp\/v2\/product_tag?post=5417"}],"curies":[{"name":"wp","href":"https:\/\/api.w.org\/{rel}","templated":true}]}}