{"id":5419,"date":"2024-02-28T09:34:36","date_gmt":"2024-02-28T08:34:36","guid":{"rendered":"https:\/\/derpsairer.it\/produkt\/miscela-di-spezie-per-penne-allarrabbiata\/"},"modified":"2025-12-12T17:18:32","modified_gmt":"2025-12-12T16:18:32","slug":"miscela-di-spezie-per-penne-allarrabbiata","status":"publish","type":"product","link":"https:\/\/derpsairer.it\/it\/produkt\/miscela-di-spezie-per-penne-allarrabbiata\/","title":{"rendered":"Miscela di spezie per penne all&#8217;arrabbiata \u2013 spezia piccante italiana per pasta"},"content":{"rendered":"<div class=\"desc\">\n<p data-start=\"90\" data-end=\"516\">Questa miscela di spezie per penne all&#8217;arrabbiata \u00e8 una spezia secca piccante per gli amanti della cucina italiana saporita. \u00c8 ideale per condire sughi di pomodoro o semplicemente con la pasta e conferisce ai piatti una nota intensa e piccante. Anche piatti di verdure e carne possono essere conditi finemente. Facile da usare e sorprendentemente gustoso per autentici piatti all&#8217;arrabbiata.   <\/p>\n<p data-start=\"518\" data-end=\"568\">Contenuto 80 g.<\/p>\n<\/div>\n<div class=\"product-attributes\"><\/div>\n","protected":false},"excerpt":{"rendered":"<p>\u2022 Spezia secca piccante<br data-start=\"931\" data-end=\"934\">\u2022 Ideale per l&#8217;arrabbiata<br data-start=\"956\" data-end=\"959\">\u2022 Aroma intenso<br data-start=\"977\" data-end=\"980\">\u2022 Versatile<br data-start=\"1003\" data-end=\"1006\">\u2022 Sapore autentico<\/p>\n","protected":false},"featured_media":5687,"template":"","meta":[],"product_brand":[],"product_cat":[191],"product_tag":[1654,1653,341,2310,1600,2527,675,1845,556,1679],"class_list":{"0":"post-5419","1":"product","2":"type-product","3":"status-publish","4":"has-post-thumbnail","6":"product_cat-altre-delizie","7":"product_tag-arrabbiata","8":"product_tag-condimento-per-pasta-2","9":"product_tag-cucina-italiana","10":"product_tag-mediterraneo","11":"product_tag-miscela-di-spezie","12":"product_tag-peperoncino-2","13":"product_tag-piccante","14":"product_tag-piccante-2","15":"product_tag-salsa-di-pomodoro","16":"product_tag-saporito","18":"first","19":"instock","20":"taxable","21":"shipping-taxable","22":"purchasable","23":"product-type-simple"},"yoast_head":"<!-- This site is optimized with the Yoast SEO plugin v27.5 - https:\/\/yoast.com\/product\/yoast-seo-wordpress\/ -->\n<title>Miscela di spezie Penne Arrabbiata \u2013 Piccante italiano - Der Psairer - Speck, Wurst, K\u00e4se<\/title>\n<meta name=\"description\" content=\"Miscela di spezie Penne Arrabbiata \u2013 miscela piccante di erbe e peperoncino per una pasta infuocata. Ideale per sughi di pomodoro, carne e verdure.\" \/>\n<meta name=\"robots\" content=\"index, follow, max-snippet:-1, max-image-preview:large, max-video-preview:-1\" \/>\n<link rel=\"canonical\" href=\"https:\/\/derpsairer.it\/it\/produkt\/miscela-di-spezie-per-penne-allarrabbiata\/\" \/>\n<meta property=\"og:locale\" content=\"it_IT\" \/>\n<meta property=\"og:type\" content=\"article\" \/>\n<meta property=\"og:title\" content=\"Miscela di spezie Penne Arrabbiata \u2013 Piccante italiano - Der Psairer - Speck, Wurst, K\u00e4se\" \/>\n<meta property=\"og:description\" content=\"Miscela di spezie Penne Arrabbiata \u2013 miscela piccante di erbe e peperoncino per una pasta infuocata. Ideale per sughi di pomodoro, carne e verdure.\" \/>\n<meta property=\"og:url\" content=\"https:\/\/derpsairer.it\/it\/produkt\/miscela-di-spezie-per-penne-allarrabbiata\/\" \/>\n<meta property=\"og:site_name\" content=\"Der Psairer - Speck, Wurst, K\u00e4se\" \/>\n<meta property=\"article:publisher\" content=\"https:\/\/www.facebook.com\/profile.php?id=100063648246860\" \/>\n<meta property=\"article:modified_time\" content=\"2025-12-12T16:18:32+00:00\" \/>\n<meta property=\"og:image\" content=\"https:\/\/derpsairer.it\/wp-22\/wp-content\/uploads\/2024\/02\/Gewuerzmischung-Penne-arrabbiata.jpg\" \/>\n\t<meta property=\"og:image:width\" content=\"924\" \/>\n\t<meta property=\"og:image:height\" content=\"1386\" \/>\n\t<meta property=\"og:image:type\" content=\"image\/jpeg\" \/>\n<script type=\"application\/ld+json\" class=\"yoast-schema-graph\">{\"@context\":\"https:\\\/\\\/schema.org\",\"@graph\":[{\"@type\":\"WebPage\",\"@id\":\"https:\\\/\\\/derpsairer.it\\\/it\\\/produkt\\\/miscela-di-spezie-per-penne-allarrabbiata\\\/\",\"url\":\"https:\\\/\\\/derpsairer.it\\\/it\\\/produkt\\\/miscela-di-spezie-per-penne-allarrabbiata\\\/\",\"name\":\"Miscela di spezie Penne Arrabbiata \u2013 Piccante italiano - Der Psairer - Speck, Wurst, K\u00e4se\",\"isPartOf\":{\"@id\":\"https:\\\/\\\/derpsairer.it\\\/it\\\/#website\"},\"primaryImageOfPage\":{\"@id\":\"https:\\\/\\\/derpsairer.it\\\/it\\\/produkt\\\/miscela-di-spezie-per-penne-allarrabbiata\\\/#primaryimage\"},\"image\":{\"@id\":\"https:\\\/\\\/derpsairer.it\\\/it\\\/produkt\\\/miscela-di-spezie-per-penne-allarrabbiata\\\/#primaryimage\"},\"thumbnailUrl\":\"https:\\\/\\\/derpsairer.it\\\/wp-22\\\/wp-content\\\/uploads\\\/2024\\\/02\\\/Gewuerzmischung-Penne-arrabbiata.jpg\",\"datePublished\":\"2024-02-28T08:34:36+00:00\",\"dateModified\":\"2025-12-12T16:18:32+00:00\",\"description\":\"Miscela di spezie Penne Arrabbiata \u2013 miscela piccante di erbe e peperoncino per una pasta infuocata. Ideale per sughi di pomodoro, carne e verdure.\",\"breadcrumb\":{\"@id\":\"https:\\\/\\\/derpsairer.it\\\/it\\\/produkt\\\/miscela-di-spezie-per-penne-allarrabbiata\\\/#breadcrumb\"},\"inLanguage\":\"it-IT\",\"potentialAction\":[{\"@type\":\"ReadAction\",\"target\":[\"https:\\\/\\\/derpsairer.it\\\/it\\\/produkt\\\/miscela-di-spezie-per-penne-allarrabbiata\\\/\"]}]},{\"@type\":\"ImageObject\",\"inLanguage\":\"it-IT\",\"@id\":\"https:\\\/\\\/derpsairer.it\\\/it\\\/produkt\\\/miscela-di-spezie-per-penne-allarrabbiata\\\/#primaryimage\",\"url\":\"https:\\\/\\\/derpsairer.it\\\/wp-22\\\/wp-content\\\/uploads\\\/2024\\\/02\\\/Gewuerzmischung-Penne-arrabbiata.jpg\",\"contentUrl\":\"https:\\\/\\\/derpsairer.it\\\/wp-22\\\/wp-content\\\/uploads\\\/2024\\\/02\\\/Gewuerzmischung-Penne-arrabbiata.jpg\",\"width\":924,\"height\":1386},{\"@type\":\"BreadcrumbList\",\"@id\":\"https:\\\/\\\/derpsairer.it\\\/it\\\/produkt\\\/miscela-di-spezie-per-penne-allarrabbiata\\\/#breadcrumb\",\"itemListElement\":[{\"@type\":\"ListItem\",\"position\":1,\"name\":\"Home\",\"item\":\"https:\\\/\\\/derpsairer.it\\\/it\\\/il-negozio-di-speck-der-psairer\\\/\"},{\"@type\":\"ListItem\",\"position\":2,\"name\":\"Shop\",\"item\":\"https:\\\/\\\/derpsairer.it\\\/shop\\\/\"},{\"@type\":\"ListItem\",\"position\":3,\"name\":\"Miscela di spezie per penne all&#8217;arrabbiata \u2013 spezia piccante italiana per pasta\"}]},{\"@type\":\"WebSite\",\"@id\":\"https:\\\/\\\/derpsairer.it\\\/it\\\/#website\",\"url\":\"https:\\\/\\\/derpsairer.it\\\/it\\\/\",\"name\":\"Der Psairer - Speck, Wurst, K\u00e4se\",\"description\":\"Speck, Wurst und K\u00e4s aus Passeiertal in S\u00fcdtirol online bestellen.\",\"publisher\":{\"@id\":\"https:\\\/\\\/derpsairer.it\\\/it\\\/#organization\"},\"potentialAction\":[{\"@type\":\"SearchAction\",\"target\":{\"@type\":\"EntryPoint\",\"urlTemplate\":\"https:\\\/\\\/derpsairer.it\\\/it\\\/?s={search_term_string}\"},\"query-input\":{\"@type\":\"PropertyValueSpecification\",\"valueRequired\":true,\"valueName\":\"search_term_string\"}}],\"inLanguage\":\"it-IT\"},{\"@type\":\"Organization\",\"@id\":\"https:\\\/\\\/derpsairer.it\\\/it\\\/#organization\",\"name\":\"Der Psairer - Speck, Wurst, K\u00e4se\",\"url\":\"https:\\\/\\\/derpsairer.it\\\/it\\\/\",\"logo\":{\"@type\":\"ImageObject\",\"inLanguage\":\"it-IT\",\"@id\":\"https:\\\/\\\/derpsairer.it\\\/it\\\/#\\\/schema\\\/logo\\\/image\\\/\",\"url\":\"https:\\\/\\\/derpsairer.it\\\/wp-22\\\/wp-content\\\/uploads\\\/2020\\\/03\\\/DER-PSAIRER-LOGO-2x.png\",\"contentUrl\":\"https:\\\/\\\/derpsairer.it\\\/wp-22\\\/wp-content\\\/uploads\\\/2020\\\/03\\\/DER-PSAIRER-LOGO-2x.png\",\"width\":500,\"height\":500,\"caption\":\"Der Psairer - Speck, Wurst, K\u00e4se\"},\"image\":{\"@id\":\"https:\\\/\\\/derpsairer.it\\\/it\\\/#\\\/schema\\\/logo\\\/image\\\/\"},\"sameAs\":[\"https:\\\/\\\/www.facebook.com\\\/profile.php?id=100063648246860\"]}]}<\/script>\n<!-- \/ Yoast SEO plugin. -->","yoast_head_json":{"title":"Miscela di spezie Penne Arrabbiata \u2013 Piccante italiano - Der Psairer - Speck, Wurst, K\u00e4se","description":"Miscela di spezie Penne Arrabbiata \u2013 miscela piccante di erbe e peperoncino per una pasta infuocata. Ideale per sughi di pomodoro, carne e verdure.","robots":{"index":"index","follow":"follow","max-snippet":"max-snippet:-1","max-image-preview":"max-image-preview:large","max-video-preview":"max-video-preview:-1"},"canonical":"https:\/\/derpsairer.it\/it\/produkt\/miscela-di-spezie-per-penne-allarrabbiata\/","og_locale":"it_IT","og_type":"article","og_title":"Miscela di spezie Penne Arrabbiata \u2013 Piccante italiano - Der Psairer - Speck, Wurst, K\u00e4se","og_description":"Miscela di spezie Penne Arrabbiata \u2013 miscela piccante di erbe e peperoncino per una pasta infuocata. Ideale per sughi di pomodoro, carne e verdure.","og_url":"https:\/\/derpsairer.it\/it\/produkt\/miscela-di-spezie-per-penne-allarrabbiata\/","og_site_name":"Der Psairer - Speck, Wurst, K\u00e4se","article_publisher":"https:\/\/www.facebook.com\/profile.php?id=100063648246860","article_modified_time":"2025-12-12T16:18:32+00:00","og_image":[{"width":924,"height":1386,"url":"https:\/\/derpsairer.it\/wp-22\/wp-content\/uploads\/2024\/02\/Gewuerzmischung-Penne-arrabbiata.jpg","type":"image\/jpeg"}],"schema":{"@context":"https:\/\/schema.org","@graph":[{"@type":"WebPage","@id":"https:\/\/derpsairer.it\/it\/produkt\/miscela-di-spezie-per-penne-allarrabbiata\/","url":"https:\/\/derpsairer.it\/it\/produkt\/miscela-di-spezie-per-penne-allarrabbiata\/","name":"Miscela di spezie Penne Arrabbiata \u2013 Piccante italiano - Der Psairer - Speck, Wurst, K\u00e4se","isPartOf":{"@id":"https:\/\/derpsairer.it\/it\/#website"},"primaryImageOfPage":{"@id":"https:\/\/derpsairer.it\/it\/produkt\/miscela-di-spezie-per-penne-allarrabbiata\/#primaryimage"},"image":{"@id":"https:\/\/derpsairer.it\/it\/produkt\/miscela-di-spezie-per-penne-allarrabbiata\/#primaryimage"},"thumbnailUrl":"https:\/\/derpsairer.it\/wp-22\/wp-content\/uploads\/2024\/02\/Gewuerzmischung-Penne-arrabbiata.jpg","datePublished":"2024-02-28T08:34:36+00:00","dateModified":"2025-12-12T16:18:32+00:00","description":"Miscela di spezie Penne Arrabbiata \u2013 miscela piccante di erbe e peperoncino per una pasta infuocata. Ideale per sughi di pomodoro, carne e verdure.","breadcrumb":{"@id":"https:\/\/derpsairer.it\/it\/produkt\/miscela-di-spezie-per-penne-allarrabbiata\/#breadcrumb"},"inLanguage":"it-IT","potentialAction":[{"@type":"ReadAction","target":["https:\/\/derpsairer.it\/it\/produkt\/miscela-di-spezie-per-penne-allarrabbiata\/"]}]},{"@type":"ImageObject","inLanguage":"it-IT","@id":"https:\/\/derpsairer.it\/it\/produkt\/miscela-di-spezie-per-penne-allarrabbiata\/#primaryimage","url":"https:\/\/derpsairer.it\/wp-22\/wp-content\/uploads\/2024\/02\/Gewuerzmischung-Penne-arrabbiata.jpg","contentUrl":"https:\/\/derpsairer.it\/wp-22\/wp-content\/uploads\/2024\/02\/Gewuerzmischung-Penne-arrabbiata.jpg","width":924,"height":1386},{"@type":"BreadcrumbList","@id":"https:\/\/derpsairer.it\/it\/produkt\/miscela-di-spezie-per-penne-allarrabbiata\/#breadcrumb","itemListElement":[{"@type":"ListItem","position":1,"name":"Home","item":"https:\/\/derpsairer.it\/it\/il-negozio-di-speck-der-psairer\/"},{"@type":"ListItem","position":2,"name":"Shop","item":"https:\/\/derpsairer.it\/shop\/"},{"@type":"ListItem","position":3,"name":"Miscela di spezie per penne all&#8217;arrabbiata \u2013 spezia piccante italiana per pasta"}]},{"@type":"WebSite","@id":"https:\/\/derpsairer.it\/it\/#website","url":"https:\/\/derpsairer.it\/it\/","name":"Der Psairer - Speck, Wurst, K\u00e4se","description":"Speck, Wurst und K\u00e4s aus Passeiertal in S\u00fcdtirol online bestellen.","publisher":{"@id":"https:\/\/derpsairer.it\/it\/#organization"},"potentialAction":[{"@type":"SearchAction","target":{"@type":"EntryPoint","urlTemplate":"https:\/\/derpsairer.it\/it\/?s={search_term_string}"},"query-input":{"@type":"PropertyValueSpecification","valueRequired":true,"valueName":"search_term_string"}}],"inLanguage":"it-IT"},{"@type":"Organization","@id":"https:\/\/derpsairer.it\/it\/#organization","name":"Der Psairer - Speck, Wurst, K\u00e4se","url":"https:\/\/derpsairer.it\/it\/","logo":{"@type":"ImageObject","inLanguage":"it-IT","@id":"https:\/\/derpsairer.it\/it\/#\/schema\/logo\/image\/","url":"https:\/\/derpsairer.it\/wp-22\/wp-content\/uploads\/2020\/03\/DER-PSAIRER-LOGO-2x.png","contentUrl":"https:\/\/derpsairer.it\/wp-22\/wp-content\/uploads\/2020\/03\/DER-PSAIRER-LOGO-2x.png","width":500,"height":500,"caption":"Der Psairer - Speck, Wurst, K\u00e4se"},"image":{"@id":"https:\/\/derpsairer.it\/it\/#\/schema\/logo\/image\/"},"sameAs":["https:\/\/www.facebook.com\/profile.php?id=100063648246860"]}]}},"_links":{"self":[{"href":"https:\/\/derpsairer.it\/it\/wp-json\/wp\/v2\/product\/5419","targetHints":{"allow":["GET"]}}],"collection":[{"href":"https:\/\/derpsairer.it\/it\/wp-json\/wp\/v2\/product"}],"about":[{"href":"https:\/\/derpsairer.it\/it\/wp-json\/wp\/v2\/types\/product"}],"wp:featuredmedia":[{"embeddable":true,"href":"https:\/\/derpsairer.it\/it\/wp-json\/wp\/v2\/media\/5687"}],"wp:attachment":[{"href":"https:\/\/derpsairer.it\/it\/wp-json\/wp\/v2\/media?parent=5419"}],"wp:term":[{"taxonomy":"product_brand","embeddable":true,"href":"https:\/\/derpsairer.it\/it\/wp-json\/wp\/v2\/product_brand?post=5419"},{"taxonomy":"product_cat","embeddable":true,"href":"https:\/\/derpsairer.it\/it\/wp-json\/wp\/v2\/product_cat?post=5419"},{"taxonomy":"product_tag","embeddable":true,"href":"https:\/\/derpsairer.it\/it\/wp-json\/wp\/v2\/product_tag?post=5419"}],"curies":[{"name":"wp","href":"https:\/\/api.w.org\/{rel}","templated":true}]}}