{"id":5420,"date":"2024-02-28T09:47:25","date_gmt":"2024-02-28T08:47:25","guid":{"rendered":"https:\/\/derpsairer.it\/produkt\/condimento-per-spaghetti-con-funghi-porcini-e-tartufo\/"},"modified":"2025-12-12T17:09:25","modified_gmt":"2025-12-12T16:09:25","slug":"condimento-per-spaghetti-con-funghi-porcini-e-tartufo","status":"publish","type":"product","link":"https:\/\/derpsairer.it\/it\/produkt\/condimento-per-spaghetti-con-funghi-porcini-e-tartufo\/","title":{"rendered":"Condimento per Spaghetti con funghi porcini e tartufo"},"content":{"rendered":"<p data-start=\"95\" data-end=\"538\">Questa miscela di spezie per spaghetti con porcini e tartufo \u00e8 una spezia secca delicata che conferisce ai piatti di pasta una nota fine e aromatica. \u00c8 ideale per condire salse di pomodoro, ma pu\u00f2 anche essere utilizzata pura con la pasta. Si abbina inoltre perfettamente a piatti di verdure o carne. La combinazione equilibrata garantisce un sapore sorprendentemente intenso con una semplice applicazione.   <\/p>\n<p data-start=\"95\" data-end=\"538\">Contenuto: 80 g.<\/p>\n","protected":false},"excerpt":{"rendered":"<p>\u2022 Spezia secca delicata<br data-start=\"952\" data-end=\"955\">\u2022 Con porcini e tartufo<br data-start=\"982\" data-end=\"985\">\u2022 Ideale per la pasta<br data-start=\"1002\" data-end=\"1005\">\u2022 Versatile<br data-start=\"1028\" data-end=\"1031\">\u2022 Aromatico ed equilibrato<\/p>\n","protected":false},"featured_media":5692,"template":"","meta":[],"product_brand":[],"product_cat":[191],"product_tag":[2033,3059,1653,341,282,1600,1605,556,1833,2535],"class_list":{"0":"post-5420","1":"product","2":"type-product","3":"status-publish","4":"has-post-thumbnail","6":"product_cat-altre-delizie","7":"product_tag-aromatico","8":"product_tag-carne","9":"product_tag-condimento-per-pasta-2","10":"product_tag-cucina-italiana","11":"product_tag-feinkost","12":"product_tag-miscela-di-spezie","13":"product_tag-porcino","14":"product_tag-salsa-di-pomodoro","15":"product_tag-tartufo","16":"product_tag-verdure","18":"first","19":"instock","20":"taxable","21":"shipping-taxable","22":"purchasable","23":"product-type-simple"},"yoast_head":"<!-- This site is optimized with the Yoast SEO plugin v27.5 - https:\/\/yoast.com\/product\/yoast-seo-wordpress\/ -->\n<title>Miscela di spezie per spaghetti con funghi porcini e tartufo - Der Psairer - Speck, Wurst, K\u00e4se<\/title>\n<meta name=\"description\" content=\"La miscela di spezie porcini e tartufo \u00e8 una spezia delicata per pasta, salse di pomodoro, verdure e carne con un aroma raffinato.\" \/>\n<meta name=\"robots\" content=\"index, follow, max-snippet:-1, max-image-preview:large, max-video-preview:-1\" \/>\n<link rel=\"canonical\" href=\"https:\/\/derpsairer.it\/it\/produkt\/condimento-per-spaghetti-con-funghi-porcini-e-tartufo\/\" \/>\n<meta property=\"og:locale\" content=\"it_IT\" \/>\n<meta property=\"og:type\" content=\"article\" \/>\n<meta property=\"og:title\" content=\"Miscela di spezie per spaghetti con funghi porcini e tartufo - Der Psairer - Speck, Wurst, K\u00e4se\" \/>\n<meta property=\"og:description\" content=\"La miscela di spezie porcini e tartufo \u00e8 una spezia delicata per pasta, salse di pomodoro, verdure e carne con un aroma raffinato.\" \/>\n<meta property=\"og:url\" content=\"https:\/\/derpsairer.it\/it\/produkt\/condimento-per-spaghetti-con-funghi-porcini-e-tartufo\/\" \/>\n<meta property=\"og:site_name\" content=\"Der Psairer - Speck, Wurst, K\u00e4se\" \/>\n<meta property=\"article:publisher\" content=\"https:\/\/www.facebook.com\/profile.php?id=100063648246860\" \/>\n<meta property=\"article:modified_time\" content=\"2025-12-12T16:09:25+00:00\" \/>\n<meta property=\"og:image\" content=\"https:\/\/derpsairer.it\/wp-22\/wp-content\/uploads\/2024\/02\/Gewuerzmischung-Spaghetti-Steinpilzen-Trueffel.jpg\" \/>\n\t<meta property=\"og:image:width\" content=\"924\" \/>\n\t<meta property=\"og:image:height\" content=\"1386\" \/>\n\t<meta property=\"og:image:type\" content=\"image\/jpeg\" \/>\n<script type=\"application\/ld+json\" class=\"yoast-schema-graph\">{\"@context\":\"https:\\\/\\\/schema.org\",\"@graph\":[{\"@type\":\"WebPage\",\"@id\":\"https:\\\/\\\/derpsairer.it\\\/it\\\/produkt\\\/condimento-per-spaghetti-con-funghi-porcini-e-tartufo\\\/\",\"url\":\"https:\\\/\\\/derpsairer.it\\\/it\\\/produkt\\\/condimento-per-spaghetti-con-funghi-porcini-e-tartufo\\\/\",\"name\":\"Miscela di spezie per spaghetti con funghi porcini e tartufo - Der Psairer - Speck, Wurst, K\u00e4se\",\"isPartOf\":{\"@id\":\"https:\\\/\\\/derpsairer.it\\\/it\\\/#website\"},\"primaryImageOfPage\":{\"@id\":\"https:\\\/\\\/derpsairer.it\\\/it\\\/produkt\\\/condimento-per-spaghetti-con-funghi-porcini-e-tartufo\\\/#primaryimage\"},\"image\":{\"@id\":\"https:\\\/\\\/derpsairer.it\\\/it\\\/produkt\\\/condimento-per-spaghetti-con-funghi-porcini-e-tartufo\\\/#primaryimage\"},\"thumbnailUrl\":\"https:\\\/\\\/derpsairer.it\\\/wp-22\\\/wp-content\\\/uploads\\\/2024\\\/02\\\/Gewuerzmischung-Spaghetti-Steinpilzen-Trueffel.jpg\",\"datePublished\":\"2024-02-28T08:47:25+00:00\",\"dateModified\":\"2025-12-12T16:09:25+00:00\",\"description\":\"La miscela di spezie porcini e tartufo \u00e8 una spezia delicata per pasta, salse di pomodoro, verdure e carne con un aroma raffinato.\",\"breadcrumb\":{\"@id\":\"https:\\\/\\\/derpsairer.it\\\/it\\\/produkt\\\/condimento-per-spaghetti-con-funghi-porcini-e-tartufo\\\/#breadcrumb\"},\"inLanguage\":\"it-IT\",\"potentialAction\":[{\"@type\":\"ReadAction\",\"target\":[\"https:\\\/\\\/derpsairer.it\\\/it\\\/produkt\\\/condimento-per-spaghetti-con-funghi-porcini-e-tartufo\\\/\"]}]},{\"@type\":\"ImageObject\",\"inLanguage\":\"it-IT\",\"@id\":\"https:\\\/\\\/derpsairer.it\\\/it\\\/produkt\\\/condimento-per-spaghetti-con-funghi-porcini-e-tartufo\\\/#primaryimage\",\"url\":\"https:\\\/\\\/derpsairer.it\\\/wp-22\\\/wp-content\\\/uploads\\\/2024\\\/02\\\/Gewuerzmischung-Spaghetti-Steinpilzen-Trueffel.jpg\",\"contentUrl\":\"https:\\\/\\\/derpsairer.it\\\/wp-22\\\/wp-content\\\/uploads\\\/2024\\\/02\\\/Gewuerzmischung-Spaghetti-Steinpilzen-Trueffel.jpg\",\"width\":924,\"height\":1386},{\"@type\":\"BreadcrumbList\",\"@id\":\"https:\\\/\\\/derpsairer.it\\\/it\\\/produkt\\\/condimento-per-spaghetti-con-funghi-porcini-e-tartufo\\\/#breadcrumb\",\"itemListElement\":[{\"@type\":\"ListItem\",\"position\":1,\"name\":\"Home\",\"item\":\"https:\\\/\\\/derpsairer.it\\\/it\\\/il-negozio-di-speck-der-psairer\\\/\"},{\"@type\":\"ListItem\",\"position\":2,\"name\":\"Shop\",\"item\":\"https:\\\/\\\/derpsairer.it\\\/shop\\\/\"},{\"@type\":\"ListItem\",\"position\":3,\"name\":\"Condimento per Spaghetti con funghi porcini e tartufo\"}]},{\"@type\":\"WebSite\",\"@id\":\"https:\\\/\\\/derpsairer.it\\\/it\\\/#website\",\"url\":\"https:\\\/\\\/derpsairer.it\\\/it\\\/\",\"name\":\"Der Psairer - Speck, Wurst, K\u00e4se\",\"description\":\"Speck, Wurst und K\u00e4s aus Passeiertal in S\u00fcdtirol online bestellen.\",\"publisher\":{\"@id\":\"https:\\\/\\\/derpsairer.it\\\/it\\\/#organization\"},\"potentialAction\":[{\"@type\":\"SearchAction\",\"target\":{\"@type\":\"EntryPoint\",\"urlTemplate\":\"https:\\\/\\\/derpsairer.it\\\/it\\\/?s={search_term_string}\"},\"query-input\":{\"@type\":\"PropertyValueSpecification\",\"valueRequired\":true,\"valueName\":\"search_term_string\"}}],\"inLanguage\":\"it-IT\"},{\"@type\":\"Organization\",\"@id\":\"https:\\\/\\\/derpsairer.it\\\/it\\\/#organization\",\"name\":\"Der Psairer - Speck, Wurst, K\u00e4se\",\"url\":\"https:\\\/\\\/derpsairer.it\\\/it\\\/\",\"logo\":{\"@type\":\"ImageObject\",\"inLanguage\":\"it-IT\",\"@id\":\"https:\\\/\\\/derpsairer.it\\\/it\\\/#\\\/schema\\\/logo\\\/image\\\/\",\"url\":\"https:\\\/\\\/derpsairer.it\\\/wp-22\\\/wp-content\\\/uploads\\\/2020\\\/03\\\/DER-PSAIRER-LOGO-2x.png\",\"contentUrl\":\"https:\\\/\\\/derpsairer.it\\\/wp-22\\\/wp-content\\\/uploads\\\/2020\\\/03\\\/DER-PSAIRER-LOGO-2x.png\",\"width\":500,\"height\":500,\"caption\":\"Der Psairer - Speck, Wurst, K\u00e4se\"},\"image\":{\"@id\":\"https:\\\/\\\/derpsairer.it\\\/it\\\/#\\\/schema\\\/logo\\\/image\\\/\"},\"sameAs\":[\"https:\\\/\\\/www.facebook.com\\\/profile.php?id=100063648246860\"]}]}<\/script>\n<!-- \/ Yoast SEO plugin. -->","yoast_head_json":{"title":"Miscela di spezie per spaghetti con funghi porcini e tartufo - Der Psairer - Speck, Wurst, K\u00e4se","description":"La miscela di spezie porcini e tartufo \u00e8 una spezia delicata per pasta, salse di pomodoro, verdure e carne con un aroma raffinato.","robots":{"index":"index","follow":"follow","max-snippet":"max-snippet:-1","max-image-preview":"max-image-preview:large","max-video-preview":"max-video-preview:-1"},"canonical":"https:\/\/derpsairer.it\/it\/produkt\/condimento-per-spaghetti-con-funghi-porcini-e-tartufo\/","og_locale":"it_IT","og_type":"article","og_title":"Miscela di spezie per spaghetti con funghi porcini e tartufo - Der Psairer - Speck, Wurst, K\u00e4se","og_description":"La miscela di spezie porcini e tartufo \u00e8 una spezia delicata per pasta, salse di pomodoro, verdure e carne con un aroma raffinato.","og_url":"https:\/\/derpsairer.it\/it\/produkt\/condimento-per-spaghetti-con-funghi-porcini-e-tartufo\/","og_site_name":"Der Psairer - Speck, Wurst, K\u00e4se","article_publisher":"https:\/\/www.facebook.com\/profile.php?id=100063648246860","article_modified_time":"2025-12-12T16:09:25+00:00","og_image":[{"width":924,"height":1386,"url":"https:\/\/derpsairer.it\/wp-22\/wp-content\/uploads\/2024\/02\/Gewuerzmischung-Spaghetti-Steinpilzen-Trueffel.jpg","type":"image\/jpeg"}],"schema":{"@context":"https:\/\/schema.org","@graph":[{"@type":"WebPage","@id":"https:\/\/derpsairer.it\/it\/produkt\/condimento-per-spaghetti-con-funghi-porcini-e-tartufo\/","url":"https:\/\/derpsairer.it\/it\/produkt\/condimento-per-spaghetti-con-funghi-porcini-e-tartufo\/","name":"Miscela di spezie per spaghetti con funghi porcini e tartufo - Der Psairer - Speck, Wurst, K\u00e4se","isPartOf":{"@id":"https:\/\/derpsairer.it\/it\/#website"},"primaryImageOfPage":{"@id":"https:\/\/derpsairer.it\/it\/produkt\/condimento-per-spaghetti-con-funghi-porcini-e-tartufo\/#primaryimage"},"image":{"@id":"https:\/\/derpsairer.it\/it\/produkt\/condimento-per-spaghetti-con-funghi-porcini-e-tartufo\/#primaryimage"},"thumbnailUrl":"https:\/\/derpsairer.it\/wp-22\/wp-content\/uploads\/2024\/02\/Gewuerzmischung-Spaghetti-Steinpilzen-Trueffel.jpg","datePublished":"2024-02-28T08:47:25+00:00","dateModified":"2025-12-12T16:09:25+00:00","description":"La miscela di spezie porcini e tartufo \u00e8 una spezia delicata per pasta, salse di pomodoro, verdure e carne con un aroma raffinato.","breadcrumb":{"@id":"https:\/\/derpsairer.it\/it\/produkt\/condimento-per-spaghetti-con-funghi-porcini-e-tartufo\/#breadcrumb"},"inLanguage":"it-IT","potentialAction":[{"@type":"ReadAction","target":["https:\/\/derpsairer.it\/it\/produkt\/condimento-per-spaghetti-con-funghi-porcini-e-tartufo\/"]}]},{"@type":"ImageObject","inLanguage":"it-IT","@id":"https:\/\/derpsairer.it\/it\/produkt\/condimento-per-spaghetti-con-funghi-porcini-e-tartufo\/#primaryimage","url":"https:\/\/derpsairer.it\/wp-22\/wp-content\/uploads\/2024\/02\/Gewuerzmischung-Spaghetti-Steinpilzen-Trueffel.jpg","contentUrl":"https:\/\/derpsairer.it\/wp-22\/wp-content\/uploads\/2024\/02\/Gewuerzmischung-Spaghetti-Steinpilzen-Trueffel.jpg","width":924,"height":1386},{"@type":"BreadcrumbList","@id":"https:\/\/derpsairer.it\/it\/produkt\/condimento-per-spaghetti-con-funghi-porcini-e-tartufo\/#breadcrumb","itemListElement":[{"@type":"ListItem","position":1,"name":"Home","item":"https:\/\/derpsairer.it\/it\/il-negozio-di-speck-der-psairer\/"},{"@type":"ListItem","position":2,"name":"Shop","item":"https:\/\/derpsairer.it\/shop\/"},{"@type":"ListItem","position":3,"name":"Condimento per Spaghetti con funghi porcini e tartufo"}]},{"@type":"WebSite","@id":"https:\/\/derpsairer.it\/it\/#website","url":"https:\/\/derpsairer.it\/it\/","name":"Der Psairer - Speck, Wurst, K\u00e4se","description":"Speck, Wurst und K\u00e4s aus Passeiertal in S\u00fcdtirol online bestellen.","publisher":{"@id":"https:\/\/derpsairer.it\/it\/#organization"},"potentialAction":[{"@type":"SearchAction","target":{"@type":"EntryPoint","urlTemplate":"https:\/\/derpsairer.it\/it\/?s={search_term_string}"},"query-input":{"@type":"PropertyValueSpecification","valueRequired":true,"valueName":"search_term_string"}}],"inLanguage":"it-IT"},{"@type":"Organization","@id":"https:\/\/derpsairer.it\/it\/#organization","name":"Der Psairer - Speck, Wurst, K\u00e4se","url":"https:\/\/derpsairer.it\/it\/","logo":{"@type":"ImageObject","inLanguage":"it-IT","@id":"https:\/\/derpsairer.it\/it\/#\/schema\/logo\/image\/","url":"https:\/\/derpsairer.it\/wp-22\/wp-content\/uploads\/2020\/03\/DER-PSAIRER-LOGO-2x.png","contentUrl":"https:\/\/derpsairer.it\/wp-22\/wp-content\/uploads\/2020\/03\/DER-PSAIRER-LOGO-2x.png","width":500,"height":500,"caption":"Der Psairer - Speck, Wurst, K\u00e4se"},"image":{"@id":"https:\/\/derpsairer.it\/it\/#\/schema\/logo\/image\/"},"sameAs":["https:\/\/www.facebook.com\/profile.php?id=100063648246860"]}]}},"_links":{"self":[{"href":"https:\/\/derpsairer.it\/it\/wp-json\/wp\/v2\/product\/5420","targetHints":{"allow":["GET"]}}],"collection":[{"href":"https:\/\/derpsairer.it\/it\/wp-json\/wp\/v2\/product"}],"about":[{"href":"https:\/\/derpsairer.it\/it\/wp-json\/wp\/v2\/types\/product"}],"wp:featuredmedia":[{"embeddable":true,"href":"https:\/\/derpsairer.it\/it\/wp-json\/wp\/v2\/media\/5692"}],"wp:attachment":[{"href":"https:\/\/derpsairer.it\/it\/wp-json\/wp\/v2\/media?parent=5420"}],"wp:term":[{"taxonomy":"product_brand","embeddable":true,"href":"https:\/\/derpsairer.it\/it\/wp-json\/wp\/v2\/product_brand?post=5420"},{"taxonomy":"product_cat","embeddable":true,"href":"https:\/\/derpsairer.it\/it\/wp-json\/wp\/v2\/product_cat?post=5420"},{"taxonomy":"product_tag","embeddable":true,"href":"https:\/\/derpsairer.it\/it\/wp-json\/wp\/v2\/product_tag?post=5420"}],"curies":[{"name":"wp","href":"https:\/\/api.w.org\/{rel}","templated":true}]}}