{"id":5421,"date":"2024-02-28T09:32:45","date_gmt":"2024-02-28T08:32:45","guid":{"rendered":"https:\/\/derpsairer.it\/produkt\/salsa-per-bruschetta-piccante-con-verdure-peperoncino-nduja-aglio\/"},"modified":"2025-12-12T17:43:00","modified_gmt":"2025-12-12T16:43:00","slug":"salsa-per-bruschetta-piccante-con-verdure-peperoncino-nduja-aglio","status":"publish","type":"product","link":"https:\/\/derpsairer.it\/it\/produkt\/salsa-per-bruschetta-piccante-con-verdure-peperoncino-nduja-aglio\/","title":{"rendered":"Set di pat\u00e9 per bruschetta piccante \u2013 quattro variet\u00e0 infuocate e mediterranee"},"content":{"rendered":"<p data-start=\"82\" data-end=\"650\">Questo set di pat\u00e9 per bruschetta &#8220;piccante&#8221; unisce quattro sapori infuocati e mediterranei in pratici vasetti monoporzione. La selezione spazia dal peperoncino intenso alle verdure speziate, dalla Nduja saporita a una variante piccante con piccoli pesci. Tutti i pat\u00e9 sono aromatici, piccanti e ideali per le bruschette. Perfetto come regalo per gli amanti del peperoncino, per antipasti, crostini o come accenti piccanti nella cucina mediterranea. I vasetti piccoli assicurano il massimo del gusto senza lunghi tempi di conservazione in frigorifero.    <\/p>\n<p>Contenuto: 4 x 32g.<\/p>\n","protected":false},"excerpt":{"rendered":"<p>\u2022 Quattro variet\u00e0 piccanti<br data-start=\"1061\" data-end=\"1064\">\u2022 Ideale per la bruschetta<br data-start=\"1086\" data-end=\"1089\">\u2022 Perfetto come regalo<br data-start=\"1111\" data-end=\"1114\">\u2022 4 vasetti monoporzione da 32 g<br data-start=\"1130\" data-end=\"1133\">\u2022 Sapore mediterraneo e infuocato<\/p>\n","protected":false},"featured_media":5423,"template":"","meta":[],"product_brand":[],"product_cat":[191],"product_tag":[2536,673,1672,282,1034,2310,1677,2527,1845],"class_list":{"0":"post-5421","1":"product","2":"type-product","3":"status-publish","4":"has-post-thumbnail","6":"product_cat-altre-delizie","7":"product_tag-aglio","8":"product_tag-antipasti","9":"product_tag-crema-spalmabile","10":"product_tag-feinkost","11":"product_tag-idea-regalo","12":"product_tag-mediterraneo","13":"product_tag-nduja","14":"product_tag-peperoncino-2","15":"product_tag-piccante-2","17":"first","18":"instock","19":"shipping-taxable","20":"purchasable","21":"product-type-simple"},"yoast_head":"<!-- This site is optimized with the Yoast SEO plugin v27.3 - https:\/\/yoast.com\/product\/yoast-seo-wordpress\/ -->\n<title>Set di pat\u00e9 per bruschetta piccante \u2013 quattro variet\u00e0 infuocate e mediterranee - Der Psairer - Speck, Wurst, K\u00e4se<\/title>\n<meta name=\"description\" content=\"Set di pat\u00e9 per bruschetta piccante con quattro variet\u00e0 infuocate per amanti del peperoncino. Ideale per bruschette, antipasti e sapori mediterranei.\" \/>\n<meta name=\"robots\" content=\"index, follow, max-snippet:-1, max-image-preview:large, max-video-preview:-1\" \/>\n<link rel=\"canonical\" href=\"https:\/\/derpsairer.it\/it\/produkt\/salsa-per-bruschetta-piccante-con-verdure-peperoncino-nduja-aglio\/\" \/>\n<meta property=\"og:locale\" content=\"it_IT\" \/>\n<meta property=\"og:type\" content=\"article\" \/>\n<meta property=\"og:title\" content=\"Set di pat\u00e9 per bruschetta piccante \u2013 quattro variet\u00e0 infuocate e mediterranee - Der Psairer - Speck, Wurst, K\u00e4se\" \/>\n<meta property=\"og:description\" content=\"Set di pat\u00e9 per bruschetta piccante con quattro variet\u00e0 infuocate per amanti del peperoncino. Ideale per bruschette, antipasti e sapori mediterranei.\" \/>\n<meta property=\"og:url\" content=\"https:\/\/derpsairer.it\/it\/produkt\/salsa-per-bruschetta-piccante-con-verdure-peperoncino-nduja-aglio\/\" \/>\n<meta property=\"og:site_name\" content=\"Der Psairer - Speck, Wurst, K\u00e4se\" \/>\n<meta property=\"article:publisher\" content=\"https:\/\/www.facebook.com\/profile.php?id=100063648246860\" \/>\n<meta property=\"article:modified_time\" content=\"2025-12-12T16:43:00+00:00\" \/>\n<meta property=\"og:image\" content=\"https:\/\/derpsairer.it\/wp-22\/wp-content\/uploads\/2024\/02\/poker-scharf-4-x-35-g.webp\" \/>\n\t<meta property=\"og:image:width\" content=\"1200\" \/>\n\t<meta property=\"og:image:height\" content=\"1200\" \/>\n\t<meta property=\"og:image:type\" content=\"image\/webp\" \/>\n<script type=\"application\/ld+json\" class=\"yoast-schema-graph\">{\"@context\":\"https:\\\/\\\/schema.org\",\"@graph\":[{\"@type\":\"WebPage\",\"@id\":\"https:\\\/\\\/derpsairer.it\\\/it\\\/produkt\\\/salsa-per-bruschetta-piccante-con-verdure-peperoncino-nduja-aglio\\\/\",\"url\":\"https:\\\/\\\/derpsairer.it\\\/it\\\/produkt\\\/salsa-per-bruschetta-piccante-con-verdure-peperoncino-nduja-aglio\\\/\",\"name\":\"Set di pat\u00e9 per bruschetta piccante \u2013 quattro variet\u00e0 infuocate e mediterranee - Der Psairer - Speck, Wurst, K\u00e4se\",\"isPartOf\":{\"@id\":\"https:\\\/\\\/derpsairer.it\\\/it\\\/#website\"},\"primaryImageOfPage\":{\"@id\":\"https:\\\/\\\/derpsairer.it\\\/it\\\/produkt\\\/salsa-per-bruschetta-piccante-con-verdure-peperoncino-nduja-aglio\\\/#primaryimage\"},\"image\":{\"@id\":\"https:\\\/\\\/derpsairer.it\\\/it\\\/produkt\\\/salsa-per-bruschetta-piccante-con-verdure-peperoncino-nduja-aglio\\\/#primaryimage\"},\"thumbnailUrl\":\"https:\\\/\\\/derpsairer.it\\\/wp-22\\\/wp-content\\\/uploads\\\/2024\\\/02\\\/poker-scharf-4-x-35-g.webp\",\"datePublished\":\"2024-02-28T08:32:45+00:00\",\"dateModified\":\"2025-12-12T16:43:00+00:00\",\"description\":\"Set di pat\u00e9 per bruschetta piccante con quattro variet\u00e0 infuocate per amanti del peperoncino. Ideale per bruschette, antipasti e sapori mediterranei.\",\"breadcrumb\":{\"@id\":\"https:\\\/\\\/derpsairer.it\\\/it\\\/produkt\\\/salsa-per-bruschetta-piccante-con-verdure-peperoncino-nduja-aglio\\\/#breadcrumb\"},\"inLanguage\":\"it-IT\",\"potentialAction\":[{\"@type\":\"ReadAction\",\"target\":[\"https:\\\/\\\/derpsairer.it\\\/it\\\/produkt\\\/salsa-per-bruschetta-piccante-con-verdure-peperoncino-nduja-aglio\\\/\"]}]},{\"@type\":\"ImageObject\",\"inLanguage\":\"it-IT\",\"@id\":\"https:\\\/\\\/derpsairer.it\\\/it\\\/produkt\\\/salsa-per-bruschetta-piccante-con-verdure-peperoncino-nduja-aglio\\\/#primaryimage\",\"url\":\"https:\\\/\\\/derpsairer.it\\\/wp-22\\\/wp-content\\\/uploads\\\/2024\\\/02\\\/poker-scharf-4-x-35-g.webp\",\"contentUrl\":\"https:\\\/\\\/derpsairer.it\\\/wp-22\\\/wp-content\\\/uploads\\\/2024\\\/02\\\/poker-scharf-4-x-35-g.webp\",\"width\":1200,\"height\":1200},{\"@type\":\"BreadcrumbList\",\"@id\":\"https:\\\/\\\/derpsairer.it\\\/it\\\/produkt\\\/salsa-per-bruschetta-piccante-con-verdure-peperoncino-nduja-aglio\\\/#breadcrumb\",\"itemListElement\":[{\"@type\":\"ListItem\",\"position\":1,\"name\":\"Home\",\"item\":\"https:\\\/\\\/derpsairer.it\\\/it\\\/il-negozio-di-speck-der-psairer\\\/\"},{\"@type\":\"ListItem\",\"position\":2,\"name\":\"Shop\",\"item\":\"https:\\\/\\\/derpsairer.it\\\/shop\\\/\"},{\"@type\":\"ListItem\",\"position\":3,\"name\":\"Set di pat\u00e9 per bruschetta piccante \u2013 quattro variet\u00e0 infuocate e mediterranee\"}]},{\"@type\":\"WebSite\",\"@id\":\"https:\\\/\\\/derpsairer.it\\\/it\\\/#website\",\"url\":\"https:\\\/\\\/derpsairer.it\\\/it\\\/\",\"name\":\"Der Psairer - Speck, Wurst, K\u00e4se\",\"description\":\"Speck, Wurst und K\u00e4s aus Passeiertal in S\u00fcdtirol online bestellen.\",\"publisher\":{\"@id\":\"https:\\\/\\\/derpsairer.it\\\/it\\\/#organization\"},\"potentialAction\":[{\"@type\":\"SearchAction\",\"target\":{\"@type\":\"EntryPoint\",\"urlTemplate\":\"https:\\\/\\\/derpsairer.it\\\/it\\\/?s={search_term_string}\"},\"query-input\":{\"@type\":\"PropertyValueSpecification\",\"valueRequired\":true,\"valueName\":\"search_term_string\"}}],\"inLanguage\":\"it-IT\"},{\"@type\":\"Organization\",\"@id\":\"https:\\\/\\\/derpsairer.it\\\/it\\\/#organization\",\"name\":\"Der Psairer - Speck, Wurst, K\u00e4se\",\"url\":\"https:\\\/\\\/derpsairer.it\\\/it\\\/\",\"logo\":{\"@type\":\"ImageObject\",\"inLanguage\":\"it-IT\",\"@id\":\"https:\\\/\\\/derpsairer.it\\\/it\\\/#\\\/schema\\\/logo\\\/image\\\/\",\"url\":\"https:\\\/\\\/derpsairer.it\\\/wp-22\\\/wp-content\\\/uploads\\\/2020\\\/03\\\/DER-PSAIRER-LOGO-2x.png\",\"contentUrl\":\"https:\\\/\\\/derpsairer.it\\\/wp-22\\\/wp-content\\\/uploads\\\/2020\\\/03\\\/DER-PSAIRER-LOGO-2x.png\",\"width\":500,\"height\":500,\"caption\":\"Der Psairer - Speck, Wurst, K\u00e4se\"},\"image\":{\"@id\":\"https:\\\/\\\/derpsairer.it\\\/it\\\/#\\\/schema\\\/logo\\\/image\\\/\"},\"sameAs\":[\"https:\\\/\\\/www.facebook.com\\\/profile.php?id=100063648246860\"]}]}<\/script>\n<!-- \/ Yoast SEO plugin. -->","yoast_head_json":{"title":"Set di pat\u00e9 per bruschetta piccante \u2013 quattro variet\u00e0 infuocate e mediterranee - Der Psairer - Speck, Wurst, K\u00e4se","description":"Set di pat\u00e9 per bruschetta piccante con quattro variet\u00e0 infuocate per amanti del peperoncino. Ideale per bruschette, antipasti e sapori mediterranei.","robots":{"index":"index","follow":"follow","max-snippet":"max-snippet:-1","max-image-preview":"max-image-preview:large","max-video-preview":"max-video-preview:-1"},"canonical":"https:\/\/derpsairer.it\/it\/produkt\/salsa-per-bruschetta-piccante-con-verdure-peperoncino-nduja-aglio\/","og_locale":"it_IT","og_type":"article","og_title":"Set di pat\u00e9 per bruschetta piccante \u2013 quattro variet\u00e0 infuocate e mediterranee - Der Psairer - Speck, Wurst, K\u00e4se","og_description":"Set di pat\u00e9 per bruschetta piccante con quattro variet\u00e0 infuocate per amanti del peperoncino. Ideale per bruschette, antipasti e sapori mediterranei.","og_url":"https:\/\/derpsairer.it\/it\/produkt\/salsa-per-bruschetta-piccante-con-verdure-peperoncino-nduja-aglio\/","og_site_name":"Der Psairer - Speck, Wurst, K\u00e4se","article_publisher":"https:\/\/www.facebook.com\/profile.php?id=100063648246860","article_modified_time":"2025-12-12T16:43:00+00:00","og_image":[{"width":1200,"height":1200,"url":"https:\/\/derpsairer.it\/wp-22\/wp-content\/uploads\/2024\/02\/poker-scharf-4-x-35-g.webp","type":"image\/webp"}],"schema":{"@context":"https:\/\/schema.org","@graph":[{"@type":"WebPage","@id":"https:\/\/derpsairer.it\/it\/produkt\/salsa-per-bruschetta-piccante-con-verdure-peperoncino-nduja-aglio\/","url":"https:\/\/derpsairer.it\/it\/produkt\/salsa-per-bruschetta-piccante-con-verdure-peperoncino-nduja-aglio\/","name":"Set di pat\u00e9 per bruschetta piccante \u2013 quattro variet\u00e0 infuocate e mediterranee - Der Psairer - Speck, Wurst, K\u00e4se","isPartOf":{"@id":"https:\/\/derpsairer.it\/it\/#website"},"primaryImageOfPage":{"@id":"https:\/\/derpsairer.it\/it\/produkt\/salsa-per-bruschetta-piccante-con-verdure-peperoncino-nduja-aglio\/#primaryimage"},"image":{"@id":"https:\/\/derpsairer.it\/it\/produkt\/salsa-per-bruschetta-piccante-con-verdure-peperoncino-nduja-aglio\/#primaryimage"},"thumbnailUrl":"https:\/\/derpsairer.it\/wp-22\/wp-content\/uploads\/2024\/02\/poker-scharf-4-x-35-g.webp","datePublished":"2024-02-28T08:32:45+00:00","dateModified":"2025-12-12T16:43:00+00:00","description":"Set di pat\u00e9 per bruschetta piccante con quattro variet\u00e0 infuocate per amanti del peperoncino. Ideale per bruschette, antipasti e sapori mediterranei.","breadcrumb":{"@id":"https:\/\/derpsairer.it\/it\/produkt\/salsa-per-bruschetta-piccante-con-verdure-peperoncino-nduja-aglio\/#breadcrumb"},"inLanguage":"it-IT","potentialAction":[{"@type":"ReadAction","target":["https:\/\/derpsairer.it\/it\/produkt\/salsa-per-bruschetta-piccante-con-verdure-peperoncino-nduja-aglio\/"]}]},{"@type":"ImageObject","inLanguage":"it-IT","@id":"https:\/\/derpsairer.it\/it\/produkt\/salsa-per-bruschetta-piccante-con-verdure-peperoncino-nduja-aglio\/#primaryimage","url":"https:\/\/derpsairer.it\/wp-22\/wp-content\/uploads\/2024\/02\/poker-scharf-4-x-35-g.webp","contentUrl":"https:\/\/derpsairer.it\/wp-22\/wp-content\/uploads\/2024\/02\/poker-scharf-4-x-35-g.webp","width":1200,"height":1200},{"@type":"BreadcrumbList","@id":"https:\/\/derpsairer.it\/it\/produkt\/salsa-per-bruschetta-piccante-con-verdure-peperoncino-nduja-aglio\/#breadcrumb","itemListElement":[{"@type":"ListItem","position":1,"name":"Home","item":"https:\/\/derpsairer.it\/it\/il-negozio-di-speck-der-psairer\/"},{"@type":"ListItem","position":2,"name":"Shop","item":"https:\/\/derpsairer.it\/shop\/"},{"@type":"ListItem","position":3,"name":"Set di pat\u00e9 per bruschetta piccante \u2013 quattro variet\u00e0 infuocate e mediterranee"}]},{"@type":"WebSite","@id":"https:\/\/derpsairer.it\/it\/#website","url":"https:\/\/derpsairer.it\/it\/","name":"Der Psairer - Speck, Wurst, K\u00e4se","description":"Speck, Wurst und K\u00e4s aus Passeiertal in S\u00fcdtirol online bestellen.","publisher":{"@id":"https:\/\/derpsairer.it\/it\/#organization"},"potentialAction":[{"@type":"SearchAction","target":{"@type":"EntryPoint","urlTemplate":"https:\/\/derpsairer.it\/it\/?s={search_term_string}"},"query-input":{"@type":"PropertyValueSpecification","valueRequired":true,"valueName":"search_term_string"}}],"inLanguage":"it-IT"},{"@type":"Organization","@id":"https:\/\/derpsairer.it\/it\/#organization","name":"Der Psairer - Speck, Wurst, K\u00e4se","url":"https:\/\/derpsairer.it\/it\/","logo":{"@type":"ImageObject","inLanguage":"it-IT","@id":"https:\/\/derpsairer.it\/it\/#\/schema\/logo\/image\/","url":"https:\/\/derpsairer.it\/wp-22\/wp-content\/uploads\/2020\/03\/DER-PSAIRER-LOGO-2x.png","contentUrl":"https:\/\/derpsairer.it\/wp-22\/wp-content\/uploads\/2020\/03\/DER-PSAIRER-LOGO-2x.png","width":500,"height":500,"caption":"Der Psairer - Speck, Wurst, K\u00e4se"},"image":{"@id":"https:\/\/derpsairer.it\/it\/#\/schema\/logo\/image\/"},"sameAs":["https:\/\/www.facebook.com\/profile.php?id=100063648246860"]}]}},"_links":{"self":[{"href":"https:\/\/derpsairer.it\/it\/wp-json\/wp\/v2\/product\/5421","targetHints":{"allow":["GET"]}}],"collection":[{"href":"https:\/\/derpsairer.it\/it\/wp-json\/wp\/v2\/product"}],"about":[{"href":"https:\/\/derpsairer.it\/it\/wp-json\/wp\/v2\/types\/product"}],"wp:featuredmedia":[{"embeddable":true,"href":"https:\/\/derpsairer.it\/it\/wp-json\/wp\/v2\/media\/5423"}],"wp:attachment":[{"href":"https:\/\/derpsairer.it\/it\/wp-json\/wp\/v2\/media?parent=5421"}],"wp:term":[{"taxonomy":"product_brand","embeddable":true,"href":"https:\/\/derpsairer.it\/it\/wp-json\/wp\/v2\/product_brand?post=5421"},{"taxonomy":"product_cat","embeddable":true,"href":"https:\/\/derpsairer.it\/it\/wp-json\/wp\/v2\/product_cat?post=5421"},{"taxonomy":"product_tag","embeddable":true,"href":"https:\/\/derpsairer.it\/it\/wp-json\/wp\/v2\/product_tag?post=5421"}],"curies":[{"name":"wp","href":"https:\/\/api.w.org\/{rel}","templated":true}]}}