{"id":5424,"date":"2024-02-28T09:30:57","date_gmt":"2024-02-28T08:30:57","guid":{"rendered":"https:\/\/derpsairer.it\/produkt\/crema-spalmabile-per-bruschetta-delicata-con-carciofi-cipolla-rossa-pomodori-secchi-zucchine\/"},"modified":"2025-12-12T17:39:02","modified_gmt":"2025-12-12T16:39:02","slug":"crema-spalmabile-per-bruschetta-delicata-con-carciofi-cipolla-rossa-pomodori-secchi-zucchine","status":"publish","type":"product","link":"https:\/\/derpsairer.it\/it\/produkt\/crema-spalmabile-per-bruschetta-delicata-con-carciofi-cipolla-rossa-pomodori-secchi-zucchine\/","title":{"rendered":"Set di pat\u00e9 di bruschetta delicati \u2013 quattro verdure mediterranee"},"content":{"rendered":"<p data-start=\"79\" data-end=\"664\">Questo set di pat\u00e9 di bruschetta &#8220;delicati&#8221; unisce quattro sapori mediterranei finemente bilanciati in pratici vasetti monoporzione. Le variet\u00e0 si basano su ingredienti selezionati come pomodori secchi, funghi porcini, rucola e carciofi, arricchiti con olio d&#8217;oliva, noci e spezie. Il risultato \u00e8 un pat\u00e9 armonioso e cremoso, con una spezia delicata e una freschezza naturale. Ideale per bruschette, crostini, antipasti o pasta, anche come salsa o accompagnamento a formaggi e carne. Perfetto come regalo e particolarmente pratico grazie ai vasetti piccoli.    <\/p>\n<p>Contenuto: 4 x 32g.<\/p>\n","protected":false},"excerpt":{"rendered":"<p>\u2022 Quattro variet\u00e0 delicate<br data-start=\"1066\" data-end=\"1069\">\u2022 Variet\u00e0 di verdure mediterranee<br data-start=\"1097\" data-end=\"1100\">\u2022 Consistenza cremosa<br data-start=\"1120\" data-end=\"1123\">\u2022 Ideale come regalo<br data-start=\"1143\" data-end=\"1146\">\u2022 4 vasetti monoporzione da 32 g<\/p>\n","protected":false},"featured_media":5426,"template":"","meta":[],"product_brand":[],"product_cat":[191],"product_tag":[673,3107,1672,1692,1034,2310,2362,1605,3108],"class_list":{"0":"post-5424","1":"product","2":"type-product","3":"status-publish","4":"has-post-thumbnail","6":"product_cat-altre-delizie","7":"product_tag-antipasti","8":"product_tag-carciofo","9":"product_tag-crema-spalmabile","10":"product_tag-delicata","11":"product_tag-idea-regalo","12":"product_tag-mediterraneo","13":"product_tag-pomodori","14":"product_tag-porcino","15":"product_tag-rucola","17":"first","18":"instock","19":"shipping-taxable","20":"purchasable","21":"product-type-simple"},"yoast_head":"<!-- This site is optimized with the Yoast SEO plugin v27.4 - https:\/\/yoast.com\/product\/yoast-seo-wordpress\/ -->\n<title>Set di pat\u00e9 di bruschetta delicati - Der Psairer - Speck, Wurst, K\u00e4se<\/title>\n<meta name=\"description\" content=\"Set di pat\u00e9 di bruschetta delicati con quattro variet\u00e0 mediterranee di verdure. Ideale per bruschette, antipasti, pasta e come regalo.\" \/>\n<meta name=\"robots\" content=\"index, follow, max-snippet:-1, max-image-preview:large, max-video-preview:-1\" \/>\n<link rel=\"canonical\" href=\"https:\/\/derpsairer.it\/it\/produkt\/crema-spalmabile-per-bruschetta-delicata-con-carciofi-cipolla-rossa-pomodori-secchi-zucchine\/\" \/>\n<meta property=\"og:locale\" content=\"it_IT\" \/>\n<meta property=\"og:type\" content=\"article\" \/>\n<meta property=\"og:title\" content=\"Set di pat\u00e9 di bruschetta delicati - Der Psairer - Speck, Wurst, K\u00e4se\" \/>\n<meta property=\"og:description\" content=\"Set di pat\u00e9 di bruschetta delicati con quattro variet\u00e0 mediterranee di verdure. Ideale per bruschette, antipasti, pasta e come regalo.\" \/>\n<meta property=\"og:url\" content=\"https:\/\/derpsairer.it\/it\/produkt\/crema-spalmabile-per-bruschetta-delicata-con-carciofi-cipolla-rossa-pomodori-secchi-zucchine\/\" \/>\n<meta property=\"og:site_name\" content=\"Der Psairer - Speck, Wurst, K\u00e4se\" \/>\n<meta property=\"article:publisher\" content=\"https:\/\/www.facebook.com\/profile.php?id=100063648246860\" \/>\n<meta property=\"article:modified_time\" content=\"2025-12-12T16:39:02+00:00\" \/>\n<meta property=\"og:image\" content=\"https:\/\/derpsairer.it\/wp-22\/wp-content\/uploads\/2024\/02\/poker-mild-4-x-35-g.webp\" \/>\n\t<meta property=\"og:image:width\" content=\"1200\" \/>\n\t<meta property=\"og:image:height\" content=\"1200\" \/>\n\t<meta property=\"og:image:type\" content=\"image\/webp\" \/>\n<script type=\"application\/ld+json\" class=\"yoast-schema-graph\">{\"@context\":\"https:\\\/\\\/schema.org\",\"@graph\":[{\"@type\":\"WebPage\",\"@id\":\"https:\\\/\\\/derpsairer.it\\\/it\\\/produkt\\\/crema-spalmabile-per-bruschetta-delicata-con-carciofi-cipolla-rossa-pomodori-secchi-zucchine\\\/\",\"url\":\"https:\\\/\\\/derpsairer.it\\\/it\\\/produkt\\\/crema-spalmabile-per-bruschetta-delicata-con-carciofi-cipolla-rossa-pomodori-secchi-zucchine\\\/\",\"name\":\"Set di pat\u00e9 di bruschetta delicati - Der Psairer - Speck, Wurst, K\u00e4se\",\"isPartOf\":{\"@id\":\"https:\\\/\\\/derpsairer.it\\\/it\\\/#website\"},\"primaryImageOfPage\":{\"@id\":\"https:\\\/\\\/derpsairer.it\\\/it\\\/produkt\\\/crema-spalmabile-per-bruschetta-delicata-con-carciofi-cipolla-rossa-pomodori-secchi-zucchine\\\/#primaryimage\"},\"image\":{\"@id\":\"https:\\\/\\\/derpsairer.it\\\/it\\\/produkt\\\/crema-spalmabile-per-bruschetta-delicata-con-carciofi-cipolla-rossa-pomodori-secchi-zucchine\\\/#primaryimage\"},\"thumbnailUrl\":\"https:\\\/\\\/derpsairer.it\\\/wp-22\\\/wp-content\\\/uploads\\\/2024\\\/02\\\/poker-mild-4-x-35-g.webp\",\"datePublished\":\"2024-02-28T08:30:57+00:00\",\"dateModified\":\"2025-12-12T16:39:02+00:00\",\"description\":\"Set di pat\u00e9 di bruschetta delicati con quattro variet\u00e0 mediterranee di verdure. Ideale per bruschette, antipasti, pasta e come regalo.\",\"breadcrumb\":{\"@id\":\"https:\\\/\\\/derpsairer.it\\\/it\\\/produkt\\\/crema-spalmabile-per-bruschetta-delicata-con-carciofi-cipolla-rossa-pomodori-secchi-zucchine\\\/#breadcrumb\"},\"inLanguage\":\"it-IT\",\"potentialAction\":[{\"@type\":\"ReadAction\",\"target\":[\"https:\\\/\\\/derpsairer.it\\\/it\\\/produkt\\\/crema-spalmabile-per-bruschetta-delicata-con-carciofi-cipolla-rossa-pomodori-secchi-zucchine\\\/\"]}]},{\"@type\":\"ImageObject\",\"inLanguage\":\"it-IT\",\"@id\":\"https:\\\/\\\/derpsairer.it\\\/it\\\/produkt\\\/crema-spalmabile-per-bruschetta-delicata-con-carciofi-cipolla-rossa-pomodori-secchi-zucchine\\\/#primaryimage\",\"url\":\"https:\\\/\\\/derpsairer.it\\\/wp-22\\\/wp-content\\\/uploads\\\/2024\\\/02\\\/poker-mild-4-x-35-g.webp\",\"contentUrl\":\"https:\\\/\\\/derpsairer.it\\\/wp-22\\\/wp-content\\\/uploads\\\/2024\\\/02\\\/poker-mild-4-x-35-g.webp\",\"width\":1200,\"height\":1200},{\"@type\":\"BreadcrumbList\",\"@id\":\"https:\\\/\\\/derpsairer.it\\\/it\\\/produkt\\\/crema-spalmabile-per-bruschetta-delicata-con-carciofi-cipolla-rossa-pomodori-secchi-zucchine\\\/#breadcrumb\",\"itemListElement\":[{\"@type\":\"ListItem\",\"position\":1,\"name\":\"Home\",\"item\":\"https:\\\/\\\/derpsairer.it\\\/it\\\/il-negozio-di-speck-der-psairer\\\/\"},{\"@type\":\"ListItem\",\"position\":2,\"name\":\"Shop\",\"item\":\"https:\\\/\\\/derpsairer.it\\\/shop\\\/\"},{\"@type\":\"ListItem\",\"position\":3,\"name\":\"Set di pat\u00e9 di bruschetta delicati \u2013 quattro verdure mediterranee\"}]},{\"@type\":\"WebSite\",\"@id\":\"https:\\\/\\\/derpsairer.it\\\/it\\\/#website\",\"url\":\"https:\\\/\\\/derpsairer.it\\\/it\\\/\",\"name\":\"Der Psairer - Speck, Wurst, K\u00e4se\",\"description\":\"Speck, Wurst und K\u00e4s aus Passeiertal in S\u00fcdtirol online bestellen.\",\"publisher\":{\"@id\":\"https:\\\/\\\/derpsairer.it\\\/it\\\/#organization\"},\"potentialAction\":[{\"@type\":\"SearchAction\",\"target\":{\"@type\":\"EntryPoint\",\"urlTemplate\":\"https:\\\/\\\/derpsairer.it\\\/it\\\/?s={search_term_string}\"},\"query-input\":{\"@type\":\"PropertyValueSpecification\",\"valueRequired\":true,\"valueName\":\"search_term_string\"}}],\"inLanguage\":\"it-IT\"},{\"@type\":\"Organization\",\"@id\":\"https:\\\/\\\/derpsairer.it\\\/it\\\/#organization\",\"name\":\"Der Psairer - Speck, Wurst, K\u00e4se\",\"url\":\"https:\\\/\\\/derpsairer.it\\\/it\\\/\",\"logo\":{\"@type\":\"ImageObject\",\"inLanguage\":\"it-IT\",\"@id\":\"https:\\\/\\\/derpsairer.it\\\/it\\\/#\\\/schema\\\/logo\\\/image\\\/\",\"url\":\"https:\\\/\\\/derpsairer.it\\\/wp-22\\\/wp-content\\\/uploads\\\/2020\\\/03\\\/DER-PSAIRER-LOGO-2x.png\",\"contentUrl\":\"https:\\\/\\\/derpsairer.it\\\/wp-22\\\/wp-content\\\/uploads\\\/2020\\\/03\\\/DER-PSAIRER-LOGO-2x.png\",\"width\":500,\"height\":500,\"caption\":\"Der Psairer - Speck, Wurst, K\u00e4se\"},\"image\":{\"@id\":\"https:\\\/\\\/derpsairer.it\\\/it\\\/#\\\/schema\\\/logo\\\/image\\\/\"},\"sameAs\":[\"https:\\\/\\\/www.facebook.com\\\/profile.php?id=100063648246860\"]}]}<\/script>\n<!-- \/ Yoast SEO plugin. -->","yoast_head_json":{"title":"Set di pat\u00e9 di bruschetta delicati - Der Psairer - Speck, Wurst, K\u00e4se","description":"Set di pat\u00e9 di bruschetta delicati con quattro variet\u00e0 mediterranee di verdure. Ideale per bruschette, antipasti, pasta e come regalo.","robots":{"index":"index","follow":"follow","max-snippet":"max-snippet:-1","max-image-preview":"max-image-preview:large","max-video-preview":"max-video-preview:-1"},"canonical":"https:\/\/derpsairer.it\/it\/produkt\/crema-spalmabile-per-bruschetta-delicata-con-carciofi-cipolla-rossa-pomodori-secchi-zucchine\/","og_locale":"it_IT","og_type":"article","og_title":"Set di pat\u00e9 di bruschetta delicati - Der Psairer - Speck, Wurst, K\u00e4se","og_description":"Set di pat\u00e9 di bruschetta delicati con quattro variet\u00e0 mediterranee di verdure. Ideale per bruschette, antipasti, pasta e come regalo.","og_url":"https:\/\/derpsairer.it\/it\/produkt\/crema-spalmabile-per-bruschetta-delicata-con-carciofi-cipolla-rossa-pomodori-secchi-zucchine\/","og_site_name":"Der Psairer - Speck, Wurst, K\u00e4se","article_publisher":"https:\/\/www.facebook.com\/profile.php?id=100063648246860","article_modified_time":"2025-12-12T16:39:02+00:00","og_image":[{"width":1200,"height":1200,"url":"https:\/\/derpsairer.it\/wp-22\/wp-content\/uploads\/2024\/02\/poker-mild-4-x-35-g.webp","type":"image\/webp"}],"schema":{"@context":"https:\/\/schema.org","@graph":[{"@type":"WebPage","@id":"https:\/\/derpsairer.it\/it\/produkt\/crema-spalmabile-per-bruschetta-delicata-con-carciofi-cipolla-rossa-pomodori-secchi-zucchine\/","url":"https:\/\/derpsairer.it\/it\/produkt\/crema-spalmabile-per-bruschetta-delicata-con-carciofi-cipolla-rossa-pomodori-secchi-zucchine\/","name":"Set di pat\u00e9 di bruschetta delicati - Der Psairer - Speck, Wurst, K\u00e4se","isPartOf":{"@id":"https:\/\/derpsairer.it\/it\/#website"},"primaryImageOfPage":{"@id":"https:\/\/derpsairer.it\/it\/produkt\/crema-spalmabile-per-bruschetta-delicata-con-carciofi-cipolla-rossa-pomodori-secchi-zucchine\/#primaryimage"},"image":{"@id":"https:\/\/derpsairer.it\/it\/produkt\/crema-spalmabile-per-bruschetta-delicata-con-carciofi-cipolla-rossa-pomodori-secchi-zucchine\/#primaryimage"},"thumbnailUrl":"https:\/\/derpsairer.it\/wp-22\/wp-content\/uploads\/2024\/02\/poker-mild-4-x-35-g.webp","datePublished":"2024-02-28T08:30:57+00:00","dateModified":"2025-12-12T16:39:02+00:00","description":"Set di pat\u00e9 di bruschetta delicati con quattro variet\u00e0 mediterranee di verdure. Ideale per bruschette, antipasti, pasta e come regalo.","breadcrumb":{"@id":"https:\/\/derpsairer.it\/it\/produkt\/crema-spalmabile-per-bruschetta-delicata-con-carciofi-cipolla-rossa-pomodori-secchi-zucchine\/#breadcrumb"},"inLanguage":"it-IT","potentialAction":[{"@type":"ReadAction","target":["https:\/\/derpsairer.it\/it\/produkt\/crema-spalmabile-per-bruschetta-delicata-con-carciofi-cipolla-rossa-pomodori-secchi-zucchine\/"]}]},{"@type":"ImageObject","inLanguage":"it-IT","@id":"https:\/\/derpsairer.it\/it\/produkt\/crema-spalmabile-per-bruschetta-delicata-con-carciofi-cipolla-rossa-pomodori-secchi-zucchine\/#primaryimage","url":"https:\/\/derpsairer.it\/wp-22\/wp-content\/uploads\/2024\/02\/poker-mild-4-x-35-g.webp","contentUrl":"https:\/\/derpsairer.it\/wp-22\/wp-content\/uploads\/2024\/02\/poker-mild-4-x-35-g.webp","width":1200,"height":1200},{"@type":"BreadcrumbList","@id":"https:\/\/derpsairer.it\/it\/produkt\/crema-spalmabile-per-bruschetta-delicata-con-carciofi-cipolla-rossa-pomodori-secchi-zucchine\/#breadcrumb","itemListElement":[{"@type":"ListItem","position":1,"name":"Home","item":"https:\/\/derpsairer.it\/it\/il-negozio-di-speck-der-psairer\/"},{"@type":"ListItem","position":2,"name":"Shop","item":"https:\/\/derpsairer.it\/shop\/"},{"@type":"ListItem","position":3,"name":"Set di pat\u00e9 di bruschetta delicati \u2013 quattro verdure mediterranee"}]},{"@type":"WebSite","@id":"https:\/\/derpsairer.it\/it\/#website","url":"https:\/\/derpsairer.it\/it\/","name":"Der Psairer - Speck, Wurst, K\u00e4se","description":"Speck, Wurst und K\u00e4s aus Passeiertal in S\u00fcdtirol online bestellen.","publisher":{"@id":"https:\/\/derpsairer.it\/it\/#organization"},"potentialAction":[{"@type":"SearchAction","target":{"@type":"EntryPoint","urlTemplate":"https:\/\/derpsairer.it\/it\/?s={search_term_string}"},"query-input":{"@type":"PropertyValueSpecification","valueRequired":true,"valueName":"search_term_string"}}],"inLanguage":"it-IT"},{"@type":"Organization","@id":"https:\/\/derpsairer.it\/it\/#organization","name":"Der Psairer - Speck, Wurst, K\u00e4se","url":"https:\/\/derpsairer.it\/it\/","logo":{"@type":"ImageObject","inLanguage":"it-IT","@id":"https:\/\/derpsairer.it\/it\/#\/schema\/logo\/image\/","url":"https:\/\/derpsairer.it\/wp-22\/wp-content\/uploads\/2020\/03\/DER-PSAIRER-LOGO-2x.png","contentUrl":"https:\/\/derpsairer.it\/wp-22\/wp-content\/uploads\/2020\/03\/DER-PSAIRER-LOGO-2x.png","width":500,"height":500,"caption":"Der Psairer - Speck, Wurst, K\u00e4se"},"image":{"@id":"https:\/\/derpsairer.it\/it\/#\/schema\/logo\/image\/"},"sameAs":["https:\/\/www.facebook.com\/profile.php?id=100063648246860"]}]}},"_links":{"self":[{"href":"https:\/\/derpsairer.it\/it\/wp-json\/wp\/v2\/product\/5424","targetHints":{"allow":["GET"]}}],"collection":[{"href":"https:\/\/derpsairer.it\/it\/wp-json\/wp\/v2\/product"}],"about":[{"href":"https:\/\/derpsairer.it\/it\/wp-json\/wp\/v2\/types\/product"}],"wp:featuredmedia":[{"embeddable":true,"href":"https:\/\/derpsairer.it\/it\/wp-json\/wp\/v2\/media\/5426"}],"wp:attachment":[{"href":"https:\/\/derpsairer.it\/it\/wp-json\/wp\/v2\/media?parent=5424"}],"wp:term":[{"taxonomy":"product_brand","embeddable":true,"href":"https:\/\/derpsairer.it\/it\/wp-json\/wp\/v2\/product_brand?post=5424"},{"taxonomy":"product_cat","embeddable":true,"href":"https:\/\/derpsairer.it\/it\/wp-json\/wp\/v2\/product_cat?post=5424"},{"taxonomy":"product_tag","embeddable":true,"href":"https:\/\/derpsairer.it\/it\/wp-json\/wp\/v2\/product_tag?post=5424"}],"curies":[{"name":"wp","href":"https:\/\/api.w.org\/{rel}","templated":true}]}}