{"id":5427,"date":"2024-02-26T10:08:15","date_gmt":"2024-02-26T09:08:15","guid":{"rendered":"https:\/\/derpsairer.it\/produkt\/sali-aromatizzati-peperoncino-limone-erbe-aromatiche-liquirizia\/"},"modified":"2025-12-12T17:42:37","modified_gmt":"2025-12-12T16:42:37","slug":"sali-aromatizzati-peperoncino-limone-erbe-aromatiche-liquirizia","status":"publish","type":"product","link":"https:\/\/derpsairer.it\/it\/produkt\/sali-aromatizzati-peperoncino-limone-erbe-aromatiche-liquirizia\/","title":{"rendered":"Set di sali aromatizzati \u2013 Chili, limone, erbe aromatiche e liquirizia"},"content":{"rendered":"<p data-start=\"80\" data-end=\"596\">Questo set di sali aromatizzati unisce quattro gusti eccezionali in una selezione compatta: chili, limone, erbe aromatiche mediterranee e liquirizia. Ogni sale viene accuratamente raffinato ed esalta il suo aroma caratteristico in modo chiaro ed equilibrato. Ideale per condire carne, pesce, pasta, verdure o antipasti e perfetto per una cucina creativa. Le piccole porzioni garantiscono variet\u00e0 e rendono il set anche un regalo di gusto per i buongustai.   <\/p>\n<p data-start=\"878\" data-end=\"1082\">Contenuto: 4&#215;40 g.<\/p>\n","protected":false},"excerpt":{"rendered":"<p>\u2022 Quattro sali aromatizzati<br data-start=\"1012\" data-end=\"1015\">\u2022 Chili, limone, erbe aromatiche, liquirizia<br data-start=\"1050\" data-end=\"1053\">\u2022 Versatile<br data-start=\"1076\" data-end=\"1079\">\u2022 Ideale come regalo<br data-start=\"1099\" data-end=\"1102\">\u2022 4 vasetti da 40 g<\/p>\n","protected":false},"featured_media":5665,"template":"","meta":[],"product_brand":[],"product_cat":[191],"product_tag":[2839,282,3069,1034,1713,1712,3110,1709,2889],"class_list":{"0":"post-5427","1":"product","2":"type-product","3":"status-publish","4":"has-post-thumbnail","6":"product_cat-altre-delizie","7":"product_tag-cucinare","8":"product_tag-feinkost","9":"product_tag-grigliare","10":"product_tag-idea-regalo","11":"product_tag-sale-alla-liquirizia","12":"product_tag-sale-alle-erbe","13":"product_tag-sale-aromatizzato-2","14":"product_tag-sali-aromatizzati","15":"product_tag-set","17":"first","18":"instock","19":"shipping-taxable","20":"purchasable","21":"product-type-simple"},"yoast_head":"<!-- This site is optimized with the Yoast SEO plugin v27.4 - https:\/\/yoast.com\/product\/yoast-seo-wordpress\/ -->\n<title>Sali aromatizzati \u2013 Chili, limone, erbe aromatiche &amp; liquirizia - Der Psairer - Speck, Wurst, K\u00e4se<\/title>\n<meta name=\"description\" content=\"Set di sali aromatizzati con chili, limone, erbe aromatiche e liquirizia. Quattro pregiati sali aromatizzati per una cucina creativa e piatti speciali.\" \/>\n<meta name=\"robots\" content=\"index, follow, max-snippet:-1, max-image-preview:large, max-video-preview:-1\" \/>\n<link rel=\"canonical\" href=\"https:\/\/derpsairer.it\/it\/produkt\/sali-aromatizzati-peperoncino-limone-erbe-aromatiche-liquirizia\/\" \/>\n<meta property=\"og:locale\" content=\"it_IT\" \/>\n<meta property=\"og:type\" content=\"article\" \/>\n<meta property=\"og:title\" content=\"Sali aromatizzati \u2013 Chili, limone, erbe aromatiche &amp; liquirizia - Der Psairer - Speck, Wurst, K\u00e4se\" \/>\n<meta property=\"og:description\" content=\"Set di sali aromatizzati con chili, limone, erbe aromatiche e liquirizia. Quattro pregiati sali aromatizzati per una cucina creativa e piatti speciali.\" \/>\n<meta property=\"og:url\" content=\"https:\/\/derpsairer.it\/it\/produkt\/sali-aromatizzati-peperoncino-limone-erbe-aromatiche-liquirizia\/\" \/>\n<meta property=\"og:site_name\" content=\"Der Psairer - Speck, Wurst, K\u00e4se\" \/>\n<meta property=\"article:publisher\" content=\"https:\/\/www.facebook.com\/profile.php?id=100063648246860\" \/>\n<meta property=\"article:modified_time\" content=\"2025-12-12T16:42:37+00:00\" \/>\n<meta property=\"og:image\" content=\"https:\/\/derpsairer.it\/wp-22\/wp-content\/uploads\/2024\/02\/Aromatisierte-Salze-Chili-Zitrone-Kraeuter-Lakritze.jpg\" \/>\n\t<meta property=\"og:image:width\" content=\"1325\" \/>\n\t<meta property=\"og:image:height\" content=\"924\" \/>\n\t<meta property=\"og:image:type\" content=\"image\/jpeg\" \/>\n<script type=\"application\/ld+json\" class=\"yoast-schema-graph\">{\"@context\":\"https:\\\/\\\/schema.org\",\"@graph\":[{\"@type\":\"WebPage\",\"@id\":\"https:\\\/\\\/derpsairer.it\\\/it\\\/produkt\\\/sali-aromatizzati-peperoncino-limone-erbe-aromatiche-liquirizia\\\/\",\"url\":\"https:\\\/\\\/derpsairer.it\\\/it\\\/produkt\\\/sali-aromatizzati-peperoncino-limone-erbe-aromatiche-liquirizia\\\/\",\"name\":\"Sali aromatizzati \u2013 Chili, limone, erbe aromatiche & liquirizia - Der Psairer - Speck, Wurst, K\u00e4se\",\"isPartOf\":{\"@id\":\"https:\\\/\\\/derpsairer.it\\\/it\\\/#website\"},\"primaryImageOfPage\":{\"@id\":\"https:\\\/\\\/derpsairer.it\\\/it\\\/produkt\\\/sali-aromatizzati-peperoncino-limone-erbe-aromatiche-liquirizia\\\/#primaryimage\"},\"image\":{\"@id\":\"https:\\\/\\\/derpsairer.it\\\/it\\\/produkt\\\/sali-aromatizzati-peperoncino-limone-erbe-aromatiche-liquirizia\\\/#primaryimage\"},\"thumbnailUrl\":\"https:\\\/\\\/derpsairer.it\\\/wp-22\\\/wp-content\\\/uploads\\\/2024\\\/02\\\/Aromatisierte-Salze-Chili-Zitrone-Kraeuter-Lakritze.jpg\",\"datePublished\":\"2024-02-26T09:08:15+00:00\",\"dateModified\":\"2025-12-12T16:42:37+00:00\",\"description\":\"Set di sali aromatizzati con chili, limone, erbe aromatiche e liquirizia. Quattro pregiati sali aromatizzati per una cucina creativa e piatti speciali.\",\"breadcrumb\":{\"@id\":\"https:\\\/\\\/derpsairer.it\\\/it\\\/produkt\\\/sali-aromatizzati-peperoncino-limone-erbe-aromatiche-liquirizia\\\/#breadcrumb\"},\"inLanguage\":\"it-IT\",\"potentialAction\":[{\"@type\":\"ReadAction\",\"target\":[\"https:\\\/\\\/derpsairer.it\\\/it\\\/produkt\\\/sali-aromatizzati-peperoncino-limone-erbe-aromatiche-liquirizia\\\/\"]}]},{\"@type\":\"ImageObject\",\"inLanguage\":\"it-IT\",\"@id\":\"https:\\\/\\\/derpsairer.it\\\/it\\\/produkt\\\/sali-aromatizzati-peperoncino-limone-erbe-aromatiche-liquirizia\\\/#primaryimage\",\"url\":\"https:\\\/\\\/derpsairer.it\\\/wp-22\\\/wp-content\\\/uploads\\\/2024\\\/02\\\/Aromatisierte-Salze-Chili-Zitrone-Kraeuter-Lakritze.jpg\",\"contentUrl\":\"https:\\\/\\\/derpsairer.it\\\/wp-22\\\/wp-content\\\/uploads\\\/2024\\\/02\\\/Aromatisierte-Salze-Chili-Zitrone-Kraeuter-Lakritze.jpg\",\"width\":1325,\"height\":924},{\"@type\":\"BreadcrumbList\",\"@id\":\"https:\\\/\\\/derpsairer.it\\\/it\\\/produkt\\\/sali-aromatizzati-peperoncino-limone-erbe-aromatiche-liquirizia\\\/#breadcrumb\",\"itemListElement\":[{\"@type\":\"ListItem\",\"position\":1,\"name\":\"Home\",\"item\":\"https:\\\/\\\/derpsairer.it\\\/it\\\/il-negozio-di-speck-der-psairer\\\/\"},{\"@type\":\"ListItem\",\"position\":2,\"name\":\"Shop\",\"item\":\"https:\\\/\\\/derpsairer.it\\\/shop\\\/\"},{\"@type\":\"ListItem\",\"position\":3,\"name\":\"Set di sali aromatizzati \u2013 Chili, limone, erbe aromatiche e liquirizia\"}]},{\"@type\":\"WebSite\",\"@id\":\"https:\\\/\\\/derpsairer.it\\\/it\\\/#website\",\"url\":\"https:\\\/\\\/derpsairer.it\\\/it\\\/\",\"name\":\"Der Psairer - Speck, Wurst, K\u00e4se\",\"description\":\"Speck, Wurst und K\u00e4s aus Passeiertal in S\u00fcdtirol online bestellen.\",\"publisher\":{\"@id\":\"https:\\\/\\\/derpsairer.it\\\/it\\\/#organization\"},\"potentialAction\":[{\"@type\":\"SearchAction\",\"target\":{\"@type\":\"EntryPoint\",\"urlTemplate\":\"https:\\\/\\\/derpsairer.it\\\/it\\\/?s={search_term_string}\"},\"query-input\":{\"@type\":\"PropertyValueSpecification\",\"valueRequired\":true,\"valueName\":\"search_term_string\"}}],\"inLanguage\":\"it-IT\"},{\"@type\":\"Organization\",\"@id\":\"https:\\\/\\\/derpsairer.it\\\/it\\\/#organization\",\"name\":\"Der Psairer - Speck, Wurst, K\u00e4se\",\"url\":\"https:\\\/\\\/derpsairer.it\\\/it\\\/\",\"logo\":{\"@type\":\"ImageObject\",\"inLanguage\":\"it-IT\",\"@id\":\"https:\\\/\\\/derpsairer.it\\\/it\\\/#\\\/schema\\\/logo\\\/image\\\/\",\"url\":\"https:\\\/\\\/derpsairer.it\\\/wp-22\\\/wp-content\\\/uploads\\\/2020\\\/03\\\/DER-PSAIRER-LOGO-2x.png\",\"contentUrl\":\"https:\\\/\\\/derpsairer.it\\\/wp-22\\\/wp-content\\\/uploads\\\/2020\\\/03\\\/DER-PSAIRER-LOGO-2x.png\",\"width\":500,\"height\":500,\"caption\":\"Der Psairer - Speck, Wurst, K\u00e4se\"},\"image\":{\"@id\":\"https:\\\/\\\/derpsairer.it\\\/it\\\/#\\\/schema\\\/logo\\\/image\\\/\"},\"sameAs\":[\"https:\\\/\\\/www.facebook.com\\\/profile.php?id=100063648246860\"]}]}<\/script>\n<!-- \/ Yoast SEO plugin. -->","yoast_head_json":{"title":"Sali aromatizzati \u2013 Chili, limone, erbe aromatiche & liquirizia - Der Psairer - Speck, Wurst, K\u00e4se","description":"Set di sali aromatizzati con chili, limone, erbe aromatiche e liquirizia. Quattro pregiati sali aromatizzati per una cucina creativa e piatti speciali.","robots":{"index":"index","follow":"follow","max-snippet":"max-snippet:-1","max-image-preview":"max-image-preview:large","max-video-preview":"max-video-preview:-1"},"canonical":"https:\/\/derpsairer.it\/it\/produkt\/sali-aromatizzati-peperoncino-limone-erbe-aromatiche-liquirizia\/","og_locale":"it_IT","og_type":"article","og_title":"Sali aromatizzati \u2013 Chili, limone, erbe aromatiche & liquirizia - Der Psairer - Speck, Wurst, K\u00e4se","og_description":"Set di sali aromatizzati con chili, limone, erbe aromatiche e liquirizia. Quattro pregiati sali aromatizzati per una cucina creativa e piatti speciali.","og_url":"https:\/\/derpsairer.it\/it\/produkt\/sali-aromatizzati-peperoncino-limone-erbe-aromatiche-liquirizia\/","og_site_name":"Der Psairer - Speck, Wurst, K\u00e4se","article_publisher":"https:\/\/www.facebook.com\/profile.php?id=100063648246860","article_modified_time":"2025-12-12T16:42:37+00:00","og_image":[{"width":1325,"height":924,"url":"https:\/\/derpsairer.it\/wp-22\/wp-content\/uploads\/2024\/02\/Aromatisierte-Salze-Chili-Zitrone-Kraeuter-Lakritze.jpg","type":"image\/jpeg"}],"schema":{"@context":"https:\/\/schema.org","@graph":[{"@type":"WebPage","@id":"https:\/\/derpsairer.it\/it\/produkt\/sali-aromatizzati-peperoncino-limone-erbe-aromatiche-liquirizia\/","url":"https:\/\/derpsairer.it\/it\/produkt\/sali-aromatizzati-peperoncino-limone-erbe-aromatiche-liquirizia\/","name":"Sali aromatizzati \u2013 Chili, limone, erbe aromatiche & liquirizia - Der Psairer - Speck, Wurst, K\u00e4se","isPartOf":{"@id":"https:\/\/derpsairer.it\/it\/#website"},"primaryImageOfPage":{"@id":"https:\/\/derpsairer.it\/it\/produkt\/sali-aromatizzati-peperoncino-limone-erbe-aromatiche-liquirizia\/#primaryimage"},"image":{"@id":"https:\/\/derpsairer.it\/it\/produkt\/sali-aromatizzati-peperoncino-limone-erbe-aromatiche-liquirizia\/#primaryimage"},"thumbnailUrl":"https:\/\/derpsairer.it\/wp-22\/wp-content\/uploads\/2024\/02\/Aromatisierte-Salze-Chili-Zitrone-Kraeuter-Lakritze.jpg","datePublished":"2024-02-26T09:08:15+00:00","dateModified":"2025-12-12T16:42:37+00:00","description":"Set di sali aromatizzati con chili, limone, erbe aromatiche e liquirizia. Quattro pregiati sali aromatizzati per una cucina creativa e piatti speciali.","breadcrumb":{"@id":"https:\/\/derpsairer.it\/it\/produkt\/sali-aromatizzati-peperoncino-limone-erbe-aromatiche-liquirizia\/#breadcrumb"},"inLanguage":"it-IT","potentialAction":[{"@type":"ReadAction","target":["https:\/\/derpsairer.it\/it\/produkt\/sali-aromatizzati-peperoncino-limone-erbe-aromatiche-liquirizia\/"]}]},{"@type":"ImageObject","inLanguage":"it-IT","@id":"https:\/\/derpsairer.it\/it\/produkt\/sali-aromatizzati-peperoncino-limone-erbe-aromatiche-liquirizia\/#primaryimage","url":"https:\/\/derpsairer.it\/wp-22\/wp-content\/uploads\/2024\/02\/Aromatisierte-Salze-Chili-Zitrone-Kraeuter-Lakritze.jpg","contentUrl":"https:\/\/derpsairer.it\/wp-22\/wp-content\/uploads\/2024\/02\/Aromatisierte-Salze-Chili-Zitrone-Kraeuter-Lakritze.jpg","width":1325,"height":924},{"@type":"BreadcrumbList","@id":"https:\/\/derpsairer.it\/it\/produkt\/sali-aromatizzati-peperoncino-limone-erbe-aromatiche-liquirizia\/#breadcrumb","itemListElement":[{"@type":"ListItem","position":1,"name":"Home","item":"https:\/\/derpsairer.it\/it\/il-negozio-di-speck-der-psairer\/"},{"@type":"ListItem","position":2,"name":"Shop","item":"https:\/\/derpsairer.it\/shop\/"},{"@type":"ListItem","position":3,"name":"Set di sali aromatizzati \u2013 Chili, limone, erbe aromatiche e liquirizia"}]},{"@type":"WebSite","@id":"https:\/\/derpsairer.it\/it\/#website","url":"https:\/\/derpsairer.it\/it\/","name":"Der Psairer - Speck, Wurst, K\u00e4se","description":"Speck, Wurst und K\u00e4s aus Passeiertal in S\u00fcdtirol online bestellen.","publisher":{"@id":"https:\/\/derpsairer.it\/it\/#organization"},"potentialAction":[{"@type":"SearchAction","target":{"@type":"EntryPoint","urlTemplate":"https:\/\/derpsairer.it\/it\/?s={search_term_string}"},"query-input":{"@type":"PropertyValueSpecification","valueRequired":true,"valueName":"search_term_string"}}],"inLanguage":"it-IT"},{"@type":"Organization","@id":"https:\/\/derpsairer.it\/it\/#organization","name":"Der Psairer - Speck, Wurst, K\u00e4se","url":"https:\/\/derpsairer.it\/it\/","logo":{"@type":"ImageObject","inLanguage":"it-IT","@id":"https:\/\/derpsairer.it\/it\/#\/schema\/logo\/image\/","url":"https:\/\/derpsairer.it\/wp-22\/wp-content\/uploads\/2020\/03\/DER-PSAIRER-LOGO-2x.png","contentUrl":"https:\/\/derpsairer.it\/wp-22\/wp-content\/uploads\/2020\/03\/DER-PSAIRER-LOGO-2x.png","width":500,"height":500,"caption":"Der Psairer - Speck, Wurst, K\u00e4se"},"image":{"@id":"https:\/\/derpsairer.it\/it\/#\/schema\/logo\/image\/"},"sameAs":["https:\/\/www.facebook.com\/profile.php?id=100063648246860"]}]}},"_links":{"self":[{"href":"https:\/\/derpsairer.it\/it\/wp-json\/wp\/v2\/product\/5427","targetHints":{"allow":["GET"]}}],"collection":[{"href":"https:\/\/derpsairer.it\/it\/wp-json\/wp\/v2\/product"}],"about":[{"href":"https:\/\/derpsairer.it\/it\/wp-json\/wp\/v2\/types\/product"}],"wp:featuredmedia":[{"embeddable":true,"href":"https:\/\/derpsairer.it\/it\/wp-json\/wp\/v2\/media\/5665"}],"wp:attachment":[{"href":"https:\/\/derpsairer.it\/it\/wp-json\/wp\/v2\/media?parent=5427"}],"wp:term":[{"taxonomy":"product_brand","embeddable":true,"href":"https:\/\/derpsairer.it\/it\/wp-json\/wp\/v2\/product_brand?post=5427"},{"taxonomy":"product_cat","embeddable":true,"href":"https:\/\/derpsairer.it\/it\/wp-json\/wp\/v2\/product_cat?post=5427"},{"taxonomy":"product_tag","embeddable":true,"href":"https:\/\/derpsairer.it\/it\/wp-json\/wp\/v2\/product_tag?post=5427"}],"curies":[{"name":"wp","href":"https:\/\/api.w.org\/{rel}","templated":true}]}}