{"id":5428,"date":"2023-01-18T16:17:08","date_gmt":"2023-01-18T15:17:08","guid":{"rendered":"https:\/\/derpsairer.it\/produkt\/confettura-di-frutti-di-bosco-schmiedhof\/"},"modified":"2025-12-14T13:15:33","modified_gmt":"2025-12-14T12:15:33","slug":"confettura-di-frutti-di-bosco-schmiedhof","status":"publish","type":"product","link":"https:\/\/derpsairer.it\/it\/produkt\/confettura-di-frutti-di-bosco-schmiedhof\/","title":{"rendered":"Confettura di frutti di bosco Schmiedhof \u2013 un piacere intenso dalla Val Passiria"},"content":{"rendered":"<div class=\"content--title\">\n<p data-start=\"96\" data-end=\"604\">La confettura di frutti di bosco Schmiedhof \u00e8 prodotta presso il maso Schmiedhof a Plata, in Val Passiria, a 1.200 m di altitudine. Il clima alpino conferisce alle bacche un aroma particolarmente intenso. Con un&#8217;alta percentuale di frutta del 70%, la confettura convince per la sua pura fruttuosit\u00e0, la consistenza fine e la dolcezza naturale. Realizzata con cura a mano dalla famiglia Prugger, \u00e8 ideale da spalmare sul pane, per affinare dessert o come aggiunta fruttata a yogurt e dolci.  <\/p>\n<p data-start=\"1151\" data-end=\"1255\">Contenuto 250 g.<\/p>\n<\/div>\n","protected":false},"excerpt":{"rendered":"<ul>\n<li>Prodotto a 1.200 m di altitudine in Val Passiria<\/li>\n<li data-start=\"1355\" data-end=\"1403\">Con il 70% di frutta per un sapore intenso<\/li>\n<li data-start=\"1406\" data-end=\"1439\">Fatto a mano dalla famiglia Prugger<\/li>\n<li data-start=\"1442\" data-end=\"1479\">Senza additivi o aromi artificiali<\/li>\n<li data-start=\"1482\" data-end=\"1518\">Naturale, aromatico e regionale<\/li>\n<\/ul>\n","protected":false},"featured_media":5429,"template":"","meta":[],"product_brand":[],"product_cat":[146],"product_tag":[1945,288,2130,284,2137,2132,2002],"class_list":{"0":"post-5428","1":"product","2":"type-product","3":"status-publish","4":"has-post-thumbnail","6":"product_cat-miele","7":"product_tag-alto-adige","8":"product_tag-brotaufstrich","9":"product_tag-fatto-a-mano","10":"product_tag-fruehstueck","11":"product_tag-regionale","12":"product_tag-schmiedhof","13":"product_tag-val-passiria","15":"first","16":"instock","17":"shipping-taxable","18":"purchasable","19":"product-type-simple"},"yoast_head":"<!-- This site is optimized with the Yoast SEO plugin v27.4 - https:\/\/yoast.com\/product\/yoast-seo-wordpress\/ -->\n<title>Confettura di frutti di bosco Schmiedhof \u2013 Naturale &amp; fruttata - Der Psairer - Speck, Wurst, K\u00e4se<\/title>\n<meta name=\"description\" content=\"Confettura di frutti di bosco Schmiedhof \u2013 70% di frutta, fatta a mano in Val Passiria. Aroma intenso, naturale &amp; senza additivi artificiali.\" \/>\n<meta name=\"robots\" content=\"index, follow, max-snippet:-1, max-image-preview:large, max-video-preview:-1\" \/>\n<link rel=\"canonical\" href=\"https:\/\/derpsairer.it\/it\/produkt\/confettura-di-frutti-di-bosco-schmiedhof\/\" \/>\n<meta property=\"og:locale\" content=\"it_IT\" \/>\n<meta property=\"og:type\" content=\"article\" \/>\n<meta property=\"og:title\" content=\"Confettura di frutti di bosco Schmiedhof \u2013 Naturale &amp; fruttata - Der Psairer - Speck, Wurst, K\u00e4se\" \/>\n<meta property=\"og:description\" content=\"Confettura di frutti di bosco Schmiedhof \u2013 70% di frutta, fatta a mano in Val Passiria. Aroma intenso, naturale &amp; senza additivi artificiali.\" \/>\n<meta property=\"og:url\" content=\"https:\/\/derpsairer.it\/it\/produkt\/confettura-di-frutti-di-bosco-schmiedhof\/\" \/>\n<meta property=\"og:site_name\" content=\"Der Psairer - Speck, Wurst, K\u00e4se\" \/>\n<meta property=\"article:publisher\" content=\"https:\/\/www.facebook.com\/profile.php?id=100063648246860\" \/>\n<meta property=\"article:modified_time\" content=\"2025-12-14T12:15:33+00:00\" \/>\n<meta property=\"og:image\" content=\"https:\/\/derpsairer.it\/wp-22\/wp-content\/uploads\/2023\/01\/Waldfruechte-250-g.-580-E-Stk-e1716565907723.jpeg\" \/>\n\t<meta property=\"og:image:width\" content=\"687\" \/>\n\t<meta property=\"og:image:height\" content=\"687\" \/>\n\t<meta property=\"og:image:type\" content=\"image\/jpeg\" \/>\n<script type=\"application\/ld+json\" class=\"yoast-schema-graph\">{\"@context\":\"https:\\\/\\\/schema.org\",\"@graph\":[{\"@type\":\"WebPage\",\"@id\":\"https:\\\/\\\/derpsairer.it\\\/it\\\/produkt\\\/confettura-di-frutti-di-bosco-schmiedhof\\\/\",\"url\":\"https:\\\/\\\/derpsairer.it\\\/it\\\/produkt\\\/confettura-di-frutti-di-bosco-schmiedhof\\\/\",\"name\":\"Confettura di frutti di bosco Schmiedhof \u2013 Naturale & fruttata - Der Psairer - Speck, Wurst, K\u00e4se\",\"isPartOf\":{\"@id\":\"https:\\\/\\\/derpsairer.it\\\/it\\\/#website\"},\"primaryImageOfPage\":{\"@id\":\"https:\\\/\\\/derpsairer.it\\\/it\\\/produkt\\\/confettura-di-frutti-di-bosco-schmiedhof\\\/#primaryimage\"},\"image\":{\"@id\":\"https:\\\/\\\/derpsairer.it\\\/it\\\/produkt\\\/confettura-di-frutti-di-bosco-schmiedhof\\\/#primaryimage\"},\"thumbnailUrl\":\"https:\\\/\\\/derpsairer.it\\\/wp-22\\\/wp-content\\\/uploads\\\/2023\\\/01\\\/Waldfruechte-250-g.-580-E-Stk-e1716565907723.jpeg\",\"datePublished\":\"2023-01-18T15:17:08+00:00\",\"dateModified\":\"2025-12-14T12:15:33+00:00\",\"description\":\"Confettura di frutti di bosco Schmiedhof \u2013 70% di frutta, fatta a mano in Val Passiria. Aroma intenso, naturale & senza additivi artificiali.\",\"breadcrumb\":{\"@id\":\"https:\\\/\\\/derpsairer.it\\\/it\\\/produkt\\\/confettura-di-frutti-di-bosco-schmiedhof\\\/#breadcrumb\"},\"inLanguage\":\"it-IT\",\"potentialAction\":[{\"@type\":\"ReadAction\",\"target\":[\"https:\\\/\\\/derpsairer.it\\\/it\\\/produkt\\\/confettura-di-frutti-di-bosco-schmiedhof\\\/\"]}]},{\"@type\":\"ImageObject\",\"inLanguage\":\"it-IT\",\"@id\":\"https:\\\/\\\/derpsairer.it\\\/it\\\/produkt\\\/confettura-di-frutti-di-bosco-schmiedhof\\\/#primaryimage\",\"url\":\"https:\\\/\\\/derpsairer.it\\\/wp-22\\\/wp-content\\\/uploads\\\/2023\\\/01\\\/Waldfruechte-250-g.-580-E-Stk-e1716565907723.jpeg\",\"contentUrl\":\"https:\\\/\\\/derpsairer.it\\\/wp-22\\\/wp-content\\\/uploads\\\/2023\\\/01\\\/Waldfruechte-250-g.-580-E-Stk-e1716565907723.jpeg\",\"width\":687,\"height\":687,\"caption\":\"Confettura di frutti di bosco Schmiedhof\"},{\"@type\":\"BreadcrumbList\",\"@id\":\"https:\\\/\\\/derpsairer.it\\\/it\\\/produkt\\\/confettura-di-frutti-di-bosco-schmiedhof\\\/#breadcrumb\",\"itemListElement\":[{\"@type\":\"ListItem\",\"position\":1,\"name\":\"Home\",\"item\":\"https:\\\/\\\/derpsairer.it\\\/it\\\/il-negozio-di-speck-der-psairer\\\/\"},{\"@type\":\"ListItem\",\"position\":2,\"name\":\"Shop\",\"item\":\"https:\\\/\\\/derpsairer.it\\\/shop\\\/\"},{\"@type\":\"ListItem\",\"position\":3,\"name\":\"Confettura di frutti di bosco Schmiedhof \u2013 un piacere intenso dalla Val Passiria\"}]},{\"@type\":\"WebSite\",\"@id\":\"https:\\\/\\\/derpsairer.it\\\/it\\\/#website\",\"url\":\"https:\\\/\\\/derpsairer.it\\\/it\\\/\",\"name\":\"Der Psairer - Speck, Wurst, K\u00e4se\",\"description\":\"Speck, Wurst und K\u00e4s aus Passeiertal in S\u00fcdtirol online bestellen.\",\"publisher\":{\"@id\":\"https:\\\/\\\/derpsairer.it\\\/it\\\/#organization\"},\"potentialAction\":[{\"@type\":\"SearchAction\",\"target\":{\"@type\":\"EntryPoint\",\"urlTemplate\":\"https:\\\/\\\/derpsairer.it\\\/it\\\/?s={search_term_string}\"},\"query-input\":{\"@type\":\"PropertyValueSpecification\",\"valueRequired\":true,\"valueName\":\"search_term_string\"}}],\"inLanguage\":\"it-IT\"},{\"@type\":\"Organization\",\"@id\":\"https:\\\/\\\/derpsairer.it\\\/it\\\/#organization\",\"name\":\"Der Psairer - Speck, Wurst, K\u00e4se\",\"url\":\"https:\\\/\\\/derpsairer.it\\\/it\\\/\",\"logo\":{\"@type\":\"ImageObject\",\"inLanguage\":\"it-IT\",\"@id\":\"https:\\\/\\\/derpsairer.it\\\/it\\\/#\\\/schema\\\/logo\\\/image\\\/\",\"url\":\"https:\\\/\\\/derpsairer.it\\\/wp-22\\\/wp-content\\\/uploads\\\/2020\\\/03\\\/DER-PSAIRER-LOGO-2x.png\",\"contentUrl\":\"https:\\\/\\\/derpsairer.it\\\/wp-22\\\/wp-content\\\/uploads\\\/2020\\\/03\\\/DER-PSAIRER-LOGO-2x.png\",\"width\":500,\"height\":500,\"caption\":\"Der Psairer - Speck, Wurst, K\u00e4se\"},\"image\":{\"@id\":\"https:\\\/\\\/derpsairer.it\\\/it\\\/#\\\/schema\\\/logo\\\/image\\\/\"},\"sameAs\":[\"https:\\\/\\\/www.facebook.com\\\/profile.php?id=100063648246860\"]}]}<\/script>\n<!-- \/ Yoast SEO plugin. -->","yoast_head_json":{"title":"Confettura di frutti di bosco Schmiedhof \u2013 Naturale & fruttata - Der Psairer - Speck, Wurst, K\u00e4se","description":"Confettura di frutti di bosco Schmiedhof \u2013 70% di frutta, fatta a mano in Val Passiria. Aroma intenso, naturale & senza additivi artificiali.","robots":{"index":"index","follow":"follow","max-snippet":"max-snippet:-1","max-image-preview":"max-image-preview:large","max-video-preview":"max-video-preview:-1"},"canonical":"https:\/\/derpsairer.it\/it\/produkt\/confettura-di-frutti-di-bosco-schmiedhof\/","og_locale":"it_IT","og_type":"article","og_title":"Confettura di frutti di bosco Schmiedhof \u2013 Naturale & fruttata - Der Psairer - Speck, Wurst, K\u00e4se","og_description":"Confettura di frutti di bosco Schmiedhof \u2013 70% di frutta, fatta a mano in Val Passiria. Aroma intenso, naturale & senza additivi artificiali.","og_url":"https:\/\/derpsairer.it\/it\/produkt\/confettura-di-frutti-di-bosco-schmiedhof\/","og_site_name":"Der Psairer - Speck, Wurst, K\u00e4se","article_publisher":"https:\/\/www.facebook.com\/profile.php?id=100063648246860","article_modified_time":"2025-12-14T12:15:33+00:00","og_image":[{"width":687,"height":687,"url":"https:\/\/derpsairer.it\/wp-22\/wp-content\/uploads\/2023\/01\/Waldfruechte-250-g.-580-E-Stk-e1716565907723.jpeg","type":"image\/jpeg"}],"schema":{"@context":"https:\/\/schema.org","@graph":[{"@type":"WebPage","@id":"https:\/\/derpsairer.it\/it\/produkt\/confettura-di-frutti-di-bosco-schmiedhof\/","url":"https:\/\/derpsairer.it\/it\/produkt\/confettura-di-frutti-di-bosco-schmiedhof\/","name":"Confettura di frutti di bosco Schmiedhof \u2013 Naturale & fruttata - Der Psairer - Speck, Wurst, K\u00e4se","isPartOf":{"@id":"https:\/\/derpsairer.it\/it\/#website"},"primaryImageOfPage":{"@id":"https:\/\/derpsairer.it\/it\/produkt\/confettura-di-frutti-di-bosco-schmiedhof\/#primaryimage"},"image":{"@id":"https:\/\/derpsairer.it\/it\/produkt\/confettura-di-frutti-di-bosco-schmiedhof\/#primaryimage"},"thumbnailUrl":"https:\/\/derpsairer.it\/wp-22\/wp-content\/uploads\/2023\/01\/Waldfruechte-250-g.-580-E-Stk-e1716565907723.jpeg","datePublished":"2023-01-18T15:17:08+00:00","dateModified":"2025-12-14T12:15:33+00:00","description":"Confettura di frutti di bosco Schmiedhof \u2013 70% di frutta, fatta a mano in Val Passiria. Aroma intenso, naturale & senza additivi artificiali.","breadcrumb":{"@id":"https:\/\/derpsairer.it\/it\/produkt\/confettura-di-frutti-di-bosco-schmiedhof\/#breadcrumb"},"inLanguage":"it-IT","potentialAction":[{"@type":"ReadAction","target":["https:\/\/derpsairer.it\/it\/produkt\/confettura-di-frutti-di-bosco-schmiedhof\/"]}]},{"@type":"ImageObject","inLanguage":"it-IT","@id":"https:\/\/derpsairer.it\/it\/produkt\/confettura-di-frutti-di-bosco-schmiedhof\/#primaryimage","url":"https:\/\/derpsairer.it\/wp-22\/wp-content\/uploads\/2023\/01\/Waldfruechte-250-g.-580-E-Stk-e1716565907723.jpeg","contentUrl":"https:\/\/derpsairer.it\/wp-22\/wp-content\/uploads\/2023\/01\/Waldfruechte-250-g.-580-E-Stk-e1716565907723.jpeg","width":687,"height":687,"caption":"Confettura di frutti di bosco Schmiedhof"},{"@type":"BreadcrumbList","@id":"https:\/\/derpsairer.it\/it\/produkt\/confettura-di-frutti-di-bosco-schmiedhof\/#breadcrumb","itemListElement":[{"@type":"ListItem","position":1,"name":"Home","item":"https:\/\/derpsairer.it\/it\/il-negozio-di-speck-der-psairer\/"},{"@type":"ListItem","position":2,"name":"Shop","item":"https:\/\/derpsairer.it\/shop\/"},{"@type":"ListItem","position":3,"name":"Confettura di frutti di bosco Schmiedhof \u2013 un piacere intenso dalla Val Passiria"}]},{"@type":"WebSite","@id":"https:\/\/derpsairer.it\/it\/#website","url":"https:\/\/derpsairer.it\/it\/","name":"Der Psairer - Speck, Wurst, K\u00e4se","description":"Speck, Wurst und K\u00e4s aus Passeiertal in S\u00fcdtirol online bestellen.","publisher":{"@id":"https:\/\/derpsairer.it\/it\/#organization"},"potentialAction":[{"@type":"SearchAction","target":{"@type":"EntryPoint","urlTemplate":"https:\/\/derpsairer.it\/it\/?s={search_term_string}"},"query-input":{"@type":"PropertyValueSpecification","valueRequired":true,"valueName":"search_term_string"}}],"inLanguage":"it-IT"},{"@type":"Organization","@id":"https:\/\/derpsairer.it\/it\/#organization","name":"Der Psairer - Speck, Wurst, K\u00e4se","url":"https:\/\/derpsairer.it\/it\/","logo":{"@type":"ImageObject","inLanguage":"it-IT","@id":"https:\/\/derpsairer.it\/it\/#\/schema\/logo\/image\/","url":"https:\/\/derpsairer.it\/wp-22\/wp-content\/uploads\/2020\/03\/DER-PSAIRER-LOGO-2x.png","contentUrl":"https:\/\/derpsairer.it\/wp-22\/wp-content\/uploads\/2020\/03\/DER-PSAIRER-LOGO-2x.png","width":500,"height":500,"caption":"Der Psairer - Speck, Wurst, K\u00e4se"},"image":{"@id":"https:\/\/derpsairer.it\/it\/#\/schema\/logo\/image\/"},"sameAs":["https:\/\/www.facebook.com\/profile.php?id=100063648246860"]}]}},"_links":{"self":[{"href":"https:\/\/derpsairer.it\/it\/wp-json\/wp\/v2\/product\/5428","targetHints":{"allow":["GET"]}}],"collection":[{"href":"https:\/\/derpsairer.it\/it\/wp-json\/wp\/v2\/product"}],"about":[{"href":"https:\/\/derpsairer.it\/it\/wp-json\/wp\/v2\/types\/product"}],"wp:featuredmedia":[{"embeddable":true,"href":"https:\/\/derpsairer.it\/it\/wp-json\/wp\/v2\/media\/5429"}],"wp:attachment":[{"href":"https:\/\/derpsairer.it\/it\/wp-json\/wp\/v2\/media?parent=5428"}],"wp:term":[{"taxonomy":"product_brand","embeddable":true,"href":"https:\/\/derpsairer.it\/it\/wp-json\/wp\/v2\/product_brand?post=5428"},{"taxonomy":"product_cat","embeddable":true,"href":"https:\/\/derpsairer.it\/it\/wp-json\/wp\/v2\/product_cat?post=5428"},{"taxonomy":"product_tag","embeddable":true,"href":"https:\/\/derpsairer.it\/it\/wp-json\/wp\/v2\/product_tag?post=5428"}],"curies":[{"name":"wp","href":"https:\/\/api.w.org\/{rel}","templated":true}]}}