{"id":5441,"date":"2024-02-23T12:06:11","date_gmt":"2024-02-23T11:06:11","guid":{"rendered":"https:\/\/derpsairer.it\/produkt\/infuso-di-erbe-biologico-equilibrio\/"},"modified":"2025-12-13T14:25:02","modified_gmt":"2025-12-13T13:25:02","slug":"infuso-di-erbe-biologico-equilibrio","status":"publish","type":"product","link":"https:\/\/derpsairer.it\/it\/produkt\/infuso-di-erbe-biologico-equilibrio\/","title":{"rendered":"Tisana biologica alle erbe Balance \u2013 t\u00e8 alle erbe delicatamente armonizzante"},"content":{"rendered":"<p data-start=\"80\" data-end=\"522\">La tisana biologica alle erbe Balance \u00e8 una miscela finemente bilanciata di melissa, verbena odorosa, fiori di sambuco, timo limone, fiori di fiordaliso, camomilla e calendula. Le erbe provengono da coltivazioni biologiche in Alto Adige e vengono accuratamente lavorate a mano. La tisana convince con un gusto delicato e floreale e una fine nota di agrumi. Ideale per momenti di relax e per l&#8217;equilibrio quotidiano.   <\/p>\n<p>Contenuto 25 g<\/p>\n","protected":false},"excerpt":{"rendered":"<p>\u2022 Miscela di erbe delicata<br data-start=\"932\" data-end=\"935\">\u2022 Floreale e leggermente agrumata<br data-start=\"963\" data-end=\"966\">\u2022 Benefica e riequilibrante<br data-start=\"994\" data-end=\"997\">\u2022 Lavorata a mano in qualit\u00e0 biologica<br data-start=\"1030\" data-end=\"1033\">\u2022 Dall&#8217;Alto Adige<\/p>\n","protected":false},"featured_media":5672,"template":"","meta":[],"product_brand":[],"product_cat":[191],"product_tag":[1945,1956,3135,1957,1692,3136,1902,1907],"class_list":{"0":"post-5441","1":"product","2":"type-product","3":"status-publish","4":"has-post-thumbnail","6":"product_cat-altre-delizie","7":"product_tag-alto-adige","8":"product_tag-balance","9":"product_tag-biologico-2","10":"product_tag-camomilla","11":"product_tag-delicata","12":"product_tag-lavorato-a-mano","13":"product_tag-relax","14":"product_tag-te","16":"first","17":"instock","18":"shipping-taxable","19":"purchasable","20":"product-type-simple"},"yoast_head":"<!-- This site is optimized with the Yoast SEO plugin v27.3 - https:\/\/yoast.com\/product\/yoast-seo-wordpress\/ -->\n<title>Tisana biologica alle erbe Balance \u2013 Erbe alpine armoniose - Der Psairer - Speck, Wurst, K\u00e4se<\/title>\n<meta name=\"description\" content=\"Tisana biologica alle erbe Balance dell&#039;Alto Adige con una nota agrumata floreale e leggera. T\u00e8 alle erbe benefico per la calma e l&#039;equilibrio.\" \/>\n<meta name=\"robots\" content=\"index, follow, max-snippet:-1, max-image-preview:large, max-video-preview:-1\" \/>\n<link rel=\"canonical\" href=\"https:\/\/derpsairer.it\/it\/produkt\/infuso-di-erbe-biologico-equilibrio\/\" \/>\n<meta property=\"og:locale\" content=\"it_IT\" \/>\n<meta property=\"og:type\" content=\"article\" \/>\n<meta property=\"og:title\" content=\"Tisana biologica alle erbe Balance \u2013 Erbe alpine armoniose - Der Psairer - Speck, Wurst, K\u00e4se\" \/>\n<meta property=\"og:description\" content=\"Tisana biologica alle erbe Balance dell&#039;Alto Adige con una nota agrumata floreale e leggera. T\u00e8 alle erbe benefico per la calma e l&#039;equilibrio.\" \/>\n<meta property=\"og:url\" content=\"https:\/\/derpsairer.it\/it\/produkt\/infuso-di-erbe-biologico-equilibrio\/\" \/>\n<meta property=\"og:site_name\" content=\"Der Psairer - Speck, Wurst, K\u00e4se\" \/>\n<meta property=\"article:publisher\" content=\"https:\/\/www.facebook.com\/profile.php?id=100063648246860\" \/>\n<meta property=\"article:modified_time\" content=\"2025-12-13T13:25:02+00:00\" \/>\n<meta property=\"og:image\" content=\"https:\/\/derpsairer.it\/wp-22\/wp-content\/uploads\/2024\/02\/Bio-Kraeuteraufguss-Balance.jpg\" \/>\n\t<meta property=\"og:image:width\" content=\"924\" \/>\n\t<meta property=\"og:image:height\" content=\"1386\" \/>\n\t<meta property=\"og:image:type\" content=\"image\/jpeg\" \/>\n<script type=\"application\/ld+json\" class=\"yoast-schema-graph\">{\"@context\":\"https:\\\/\\\/schema.org\",\"@graph\":[{\"@type\":\"WebPage\",\"@id\":\"https:\\\/\\\/derpsairer.it\\\/it\\\/produkt\\\/infuso-di-erbe-biologico-equilibrio\\\/\",\"url\":\"https:\\\/\\\/derpsairer.it\\\/it\\\/produkt\\\/infuso-di-erbe-biologico-equilibrio\\\/\",\"name\":\"Tisana biologica alle erbe Balance \u2013 Erbe alpine armoniose - Der Psairer - Speck, Wurst, K\u00e4se\",\"isPartOf\":{\"@id\":\"https:\\\/\\\/derpsairer.it\\\/it\\\/#website\"},\"primaryImageOfPage\":{\"@id\":\"https:\\\/\\\/derpsairer.it\\\/it\\\/produkt\\\/infuso-di-erbe-biologico-equilibrio\\\/#primaryimage\"},\"image\":{\"@id\":\"https:\\\/\\\/derpsairer.it\\\/it\\\/produkt\\\/infuso-di-erbe-biologico-equilibrio\\\/#primaryimage\"},\"thumbnailUrl\":\"https:\\\/\\\/derpsairer.it\\\/wp-22\\\/wp-content\\\/uploads\\\/2024\\\/02\\\/Bio-Kraeuteraufguss-Balance.jpg\",\"datePublished\":\"2024-02-23T11:06:11+00:00\",\"dateModified\":\"2025-12-13T13:25:02+00:00\",\"description\":\"Tisana biologica alle erbe Balance dell'Alto Adige con una nota agrumata floreale e leggera. T\u00e8 alle erbe benefico per la calma e l'equilibrio.\",\"breadcrumb\":{\"@id\":\"https:\\\/\\\/derpsairer.it\\\/it\\\/produkt\\\/infuso-di-erbe-biologico-equilibrio\\\/#breadcrumb\"},\"inLanguage\":\"it-IT\",\"potentialAction\":[{\"@type\":\"ReadAction\",\"target\":[\"https:\\\/\\\/derpsairer.it\\\/it\\\/produkt\\\/infuso-di-erbe-biologico-equilibrio\\\/\"]}]},{\"@type\":\"ImageObject\",\"inLanguage\":\"it-IT\",\"@id\":\"https:\\\/\\\/derpsairer.it\\\/it\\\/produkt\\\/infuso-di-erbe-biologico-equilibrio\\\/#primaryimage\",\"url\":\"https:\\\/\\\/derpsairer.it\\\/wp-22\\\/wp-content\\\/uploads\\\/2024\\\/02\\\/Bio-Kraeuteraufguss-Balance.jpg\",\"contentUrl\":\"https:\\\/\\\/derpsairer.it\\\/wp-22\\\/wp-content\\\/uploads\\\/2024\\\/02\\\/Bio-Kraeuteraufguss-Balance.jpg\",\"width\":924,\"height\":1386},{\"@type\":\"BreadcrumbList\",\"@id\":\"https:\\\/\\\/derpsairer.it\\\/it\\\/produkt\\\/infuso-di-erbe-biologico-equilibrio\\\/#breadcrumb\",\"itemListElement\":[{\"@type\":\"ListItem\",\"position\":1,\"name\":\"Home\",\"item\":\"https:\\\/\\\/derpsairer.it\\\/it\\\/il-negozio-di-speck-der-psairer\\\/\"},{\"@type\":\"ListItem\",\"position\":2,\"name\":\"Shop\",\"item\":\"https:\\\/\\\/derpsairer.it\\\/shop\\\/\"},{\"@type\":\"ListItem\",\"position\":3,\"name\":\"Tisana biologica alle erbe Balance \u2013 t\u00e8 alle erbe delicatamente armonizzante\"}]},{\"@type\":\"WebSite\",\"@id\":\"https:\\\/\\\/derpsairer.it\\\/it\\\/#website\",\"url\":\"https:\\\/\\\/derpsairer.it\\\/it\\\/\",\"name\":\"Der Psairer - Speck, Wurst, K\u00e4se\",\"description\":\"Speck, Wurst und K\u00e4s aus Passeiertal in S\u00fcdtirol online bestellen.\",\"publisher\":{\"@id\":\"https:\\\/\\\/derpsairer.it\\\/it\\\/#organization\"},\"potentialAction\":[{\"@type\":\"SearchAction\",\"target\":{\"@type\":\"EntryPoint\",\"urlTemplate\":\"https:\\\/\\\/derpsairer.it\\\/it\\\/?s={search_term_string}\"},\"query-input\":{\"@type\":\"PropertyValueSpecification\",\"valueRequired\":true,\"valueName\":\"search_term_string\"}}],\"inLanguage\":\"it-IT\"},{\"@type\":\"Organization\",\"@id\":\"https:\\\/\\\/derpsairer.it\\\/it\\\/#organization\",\"name\":\"Der Psairer - Speck, Wurst, K\u00e4se\",\"url\":\"https:\\\/\\\/derpsairer.it\\\/it\\\/\",\"logo\":{\"@type\":\"ImageObject\",\"inLanguage\":\"it-IT\",\"@id\":\"https:\\\/\\\/derpsairer.it\\\/it\\\/#\\\/schema\\\/logo\\\/image\\\/\",\"url\":\"https:\\\/\\\/derpsairer.it\\\/wp-22\\\/wp-content\\\/uploads\\\/2020\\\/03\\\/DER-PSAIRER-LOGO-2x.png\",\"contentUrl\":\"https:\\\/\\\/derpsairer.it\\\/wp-22\\\/wp-content\\\/uploads\\\/2020\\\/03\\\/DER-PSAIRER-LOGO-2x.png\",\"width\":500,\"height\":500,\"caption\":\"Der Psairer - Speck, Wurst, K\u00e4se\"},\"image\":{\"@id\":\"https:\\\/\\\/derpsairer.it\\\/it\\\/#\\\/schema\\\/logo\\\/image\\\/\"},\"sameAs\":[\"https:\\\/\\\/www.facebook.com\\\/profile.php?id=100063648246860\"]}]}<\/script>\n<!-- \/ Yoast SEO plugin. -->","yoast_head_json":{"title":"Tisana biologica alle erbe Balance \u2013 Erbe alpine armoniose - Der Psairer - Speck, Wurst, K\u00e4se","description":"Tisana biologica alle erbe Balance dell'Alto Adige con una nota agrumata floreale e leggera. T\u00e8 alle erbe benefico per la calma e l'equilibrio.","robots":{"index":"index","follow":"follow","max-snippet":"max-snippet:-1","max-image-preview":"max-image-preview:large","max-video-preview":"max-video-preview:-1"},"canonical":"https:\/\/derpsairer.it\/it\/produkt\/infuso-di-erbe-biologico-equilibrio\/","og_locale":"it_IT","og_type":"article","og_title":"Tisana biologica alle erbe Balance \u2013 Erbe alpine armoniose - Der Psairer - Speck, Wurst, K\u00e4se","og_description":"Tisana biologica alle erbe Balance dell'Alto Adige con una nota agrumata floreale e leggera. T\u00e8 alle erbe benefico per la calma e l'equilibrio.","og_url":"https:\/\/derpsairer.it\/it\/produkt\/infuso-di-erbe-biologico-equilibrio\/","og_site_name":"Der Psairer - Speck, Wurst, K\u00e4se","article_publisher":"https:\/\/www.facebook.com\/profile.php?id=100063648246860","article_modified_time":"2025-12-13T13:25:02+00:00","og_image":[{"width":924,"height":1386,"url":"https:\/\/derpsairer.it\/wp-22\/wp-content\/uploads\/2024\/02\/Bio-Kraeuteraufguss-Balance.jpg","type":"image\/jpeg"}],"schema":{"@context":"https:\/\/schema.org","@graph":[{"@type":"WebPage","@id":"https:\/\/derpsairer.it\/it\/produkt\/infuso-di-erbe-biologico-equilibrio\/","url":"https:\/\/derpsairer.it\/it\/produkt\/infuso-di-erbe-biologico-equilibrio\/","name":"Tisana biologica alle erbe Balance \u2013 Erbe alpine armoniose - Der Psairer - Speck, Wurst, K\u00e4se","isPartOf":{"@id":"https:\/\/derpsairer.it\/it\/#website"},"primaryImageOfPage":{"@id":"https:\/\/derpsairer.it\/it\/produkt\/infuso-di-erbe-biologico-equilibrio\/#primaryimage"},"image":{"@id":"https:\/\/derpsairer.it\/it\/produkt\/infuso-di-erbe-biologico-equilibrio\/#primaryimage"},"thumbnailUrl":"https:\/\/derpsairer.it\/wp-22\/wp-content\/uploads\/2024\/02\/Bio-Kraeuteraufguss-Balance.jpg","datePublished":"2024-02-23T11:06:11+00:00","dateModified":"2025-12-13T13:25:02+00:00","description":"Tisana biologica alle erbe Balance dell'Alto Adige con una nota agrumata floreale e leggera. T\u00e8 alle erbe benefico per la calma e l'equilibrio.","breadcrumb":{"@id":"https:\/\/derpsairer.it\/it\/produkt\/infuso-di-erbe-biologico-equilibrio\/#breadcrumb"},"inLanguage":"it-IT","potentialAction":[{"@type":"ReadAction","target":["https:\/\/derpsairer.it\/it\/produkt\/infuso-di-erbe-biologico-equilibrio\/"]}]},{"@type":"ImageObject","inLanguage":"it-IT","@id":"https:\/\/derpsairer.it\/it\/produkt\/infuso-di-erbe-biologico-equilibrio\/#primaryimage","url":"https:\/\/derpsairer.it\/wp-22\/wp-content\/uploads\/2024\/02\/Bio-Kraeuteraufguss-Balance.jpg","contentUrl":"https:\/\/derpsairer.it\/wp-22\/wp-content\/uploads\/2024\/02\/Bio-Kraeuteraufguss-Balance.jpg","width":924,"height":1386},{"@type":"BreadcrumbList","@id":"https:\/\/derpsairer.it\/it\/produkt\/infuso-di-erbe-biologico-equilibrio\/#breadcrumb","itemListElement":[{"@type":"ListItem","position":1,"name":"Home","item":"https:\/\/derpsairer.it\/it\/il-negozio-di-speck-der-psairer\/"},{"@type":"ListItem","position":2,"name":"Shop","item":"https:\/\/derpsairer.it\/shop\/"},{"@type":"ListItem","position":3,"name":"Tisana biologica alle erbe Balance \u2013 t\u00e8 alle erbe delicatamente armonizzante"}]},{"@type":"WebSite","@id":"https:\/\/derpsairer.it\/it\/#website","url":"https:\/\/derpsairer.it\/it\/","name":"Der Psairer - Speck, Wurst, K\u00e4se","description":"Speck, Wurst und K\u00e4s aus Passeiertal in S\u00fcdtirol online bestellen.","publisher":{"@id":"https:\/\/derpsairer.it\/it\/#organization"},"potentialAction":[{"@type":"SearchAction","target":{"@type":"EntryPoint","urlTemplate":"https:\/\/derpsairer.it\/it\/?s={search_term_string}"},"query-input":{"@type":"PropertyValueSpecification","valueRequired":true,"valueName":"search_term_string"}}],"inLanguage":"it-IT"},{"@type":"Organization","@id":"https:\/\/derpsairer.it\/it\/#organization","name":"Der Psairer - Speck, Wurst, K\u00e4se","url":"https:\/\/derpsairer.it\/it\/","logo":{"@type":"ImageObject","inLanguage":"it-IT","@id":"https:\/\/derpsairer.it\/it\/#\/schema\/logo\/image\/","url":"https:\/\/derpsairer.it\/wp-22\/wp-content\/uploads\/2020\/03\/DER-PSAIRER-LOGO-2x.png","contentUrl":"https:\/\/derpsairer.it\/wp-22\/wp-content\/uploads\/2020\/03\/DER-PSAIRER-LOGO-2x.png","width":500,"height":500,"caption":"Der Psairer - Speck, Wurst, K\u00e4se"},"image":{"@id":"https:\/\/derpsairer.it\/it\/#\/schema\/logo\/image\/"},"sameAs":["https:\/\/www.facebook.com\/profile.php?id=100063648246860"]}]}},"_links":{"self":[{"href":"https:\/\/derpsairer.it\/it\/wp-json\/wp\/v2\/product\/5441","targetHints":{"allow":["GET"]}}],"collection":[{"href":"https:\/\/derpsairer.it\/it\/wp-json\/wp\/v2\/product"}],"about":[{"href":"https:\/\/derpsairer.it\/it\/wp-json\/wp\/v2\/types\/product"}],"wp:featuredmedia":[{"embeddable":true,"href":"https:\/\/derpsairer.it\/it\/wp-json\/wp\/v2\/media\/5672"}],"wp:attachment":[{"href":"https:\/\/derpsairer.it\/it\/wp-json\/wp\/v2\/media?parent=5441"}],"wp:term":[{"taxonomy":"product_brand","embeddable":true,"href":"https:\/\/derpsairer.it\/it\/wp-json\/wp\/v2\/product_brand?post=5441"},{"taxonomy":"product_cat","embeddable":true,"href":"https:\/\/derpsairer.it\/it\/wp-json\/wp\/v2\/product_cat?post=5441"},{"taxonomy":"product_tag","embeddable":true,"href":"https:\/\/derpsairer.it\/it\/wp-json\/wp\/v2\/product_tag?post=5441"}],"curies":[{"name":"wp","href":"https:\/\/api.w.org\/{rel}","templated":true}]}}