{"id":5453,"date":"2023-01-18T16:51:18","date_gmt":"2023-01-18T15:51:18","guid":{"rendered":"https:\/\/derpsairer.it\/produkt\/salame-dasino\/"},"modified":"2025-12-13T16:41:11","modified_gmt":"2025-12-13T15:41:11","slug":"salame-dasino","status":"publish","type":"product","link":"https:\/\/derpsairer.it\/it\/produkt\/salame-dasino\/","title":{"rendered":"Salame con asino \u2013 specialit\u00e0 tradizionale altoatesina"},"content":{"rendered":"[vc_row type=&#8221;in_container&#8221; full_screen_row_position=&#8221;middle&#8221; column_margin=&#8221;default&#8221; column_direction=&#8221;default&#8221; column_direction_tablet=&#8221;default&#8221; column_direction_phone=&#8221;default&#8221; scene_position=&#8221;center&#8221; text_color=&#8221;dark&#8221; text_align=&#8221;left&#8221; row_border_radius=&#8221;none&#8221; row_border_radius_applies=&#8221;bg&#8221; overflow=&#8221;visible&#8221; overlay_strength=&#8221;0.3&#8243; gradient_direction=&#8221;left_to_right&#8221; shape_divider_position=&#8221;bottom&#8221; bg_image_animation=&#8221;none&#8221;][vc_column column_padding=&#8221;no-extra-padding&#8221; column_padding_tablet=&#8221;inherit&#8221; column_padding_phone=&#8221;inherit&#8221; column_padding_position=&#8221;all&#8221; column_element_direction_desktop=&#8221;default&#8221; column_element_spacing=&#8221;default&#8221; desktop_text_alignment=&#8221;default&#8221; tablet_text_alignment=&#8221;default&#8221; phone_text_alignment=&#8221;default&#8221; background_color_opacity=&#8221;1&#8243; background_hover_color_opacity=&#8221;1&#8243; column_backdrop_filter=&#8221;none&#8221; column_shadow=&#8221;none&#8221; column_border_radius=&#8221;none&#8221; column_link_target=&#8221;_self&#8221; column_position=&#8221;default&#8221; gradient_direction=&#8221;left_to_right&#8221; overlay_strength=&#8221;0.3&#8243; width=&#8221;1\/1&#8243; tablet_width_inherit=&#8221;default&#8221; animation_type=&#8221;default&#8221; bg_image_animation=&#8221;none&#8221; border_type=&#8221;simple&#8221; column_border_width=&#8221;none&#8221; column_border_style=&#8221;solid&#8221;][vc_column_text css=&#8221;&#8221; text_direction=&#8221;default&#8221;]\n<p data-start=\"72\" data-end=\"562\">Il salame con asino \u00e8 una rara specialit\u00e0 tradizionale dell&#8217;Alto Adige, prodotta con una miscela finemente bilanciata di carne di asino e carne di maiale. Dopo un&#8217;attenta speziatura, matura lentamente all&#8217;aria, sviluppando un aroma forte e caratteristico, nonch\u00e9 una speziatura equilibrata. Questo particolare salame \u00e8 ideale per antipasti, merende o come accompagnamento al vino rosso ed \u00e8 rivolto agli amanti dei salumi eccezionali.  <\/p>\n<p>Disponibile in porzioni da:<\/p>\n<ul>\n<li>ca. 240 g<\/li>\n<li>27,50 \u20ac\/kg<\/li>\n<\/ul>\n[\/vc_column_text][\/vc_column][\/vc_row]\n","protected":false},"excerpt":{"rendered":"<p>\u2022 Con carne di asino e di maiale<br data-start=\"954\" data-end=\"957\">\u2022 Forte e aromatico<br data-start=\"981\" data-end=\"984\">\u2022 Essiccato delicatamente all&#8217;aria<br data-start=\"1009\" data-end=\"1012\">\u2022 Senza glutine e lattosio<br data-start=\"1037\" data-end=\"1040\">\u2022 Rara specialit\u00e0 per intenditori<\/p>\n","protected":false},"featured_media":5456,"template":"","meta":[],"product_brand":[],"product_cat":[185,184],"product_tag":[673,2102,2105,282,2409,2103,1679,2836,1524,2001],"class_list":{"0":"post-5453","1":"product","2":"type-product","3":"status-publish","4":"has-post-thumbnail","6":"product_cat-salame","7":"product_cat-salumi","8":"product_tag-antipasti","9":"product_tag-carne-dasino","10":"product_tag-con-vino-rosso","11":"product_tag-feinkost","12":"product_tag-intenso","13":"product_tag-salame-dasino","14":"product_tag-saporito","15":"product_tag-senza-lattosio","16":"product_tag-specialita-altoatesina","17":"product_tag-stagionato-allaria","18":"product_shipping_class-fino-a-2-kg","20":"first","21":"instock","22":"shipping-taxable","23":"purchasable","24":"product-type-simple"},"yoast_head":"<!-- This site is optimized with the Yoast SEO plugin v27.4 - https:\/\/yoast.com\/product\/yoast-seo-wordpress\/ -->\n<title>Salame d&#039;asino \u2013 Delicatezza italiana dal sapore intenso - Der Psairer - Speck, Wurst, K\u00e4se<\/title>\n<meta name=\"description\" content=\"Salame con asino dell&#039;Alto Adige, essiccato all&#039;aria secondo la tradizione, con spezie intense e aromatico. Una specialit\u00e0 rara per intenditori.\" \/>\n<meta name=\"robots\" content=\"index, follow, max-snippet:-1, max-image-preview:large, max-video-preview:-1\" \/>\n<link rel=\"canonical\" href=\"https:\/\/derpsairer.it\/it\/produkt\/salame-dasino\/\" \/>\n<meta property=\"og:locale\" content=\"it_IT\" \/>\n<meta property=\"og:type\" content=\"article\" \/>\n<meta property=\"og:title\" content=\"Salame d&#039;asino \u2013 Delicatezza italiana dal sapore intenso - Der Psairer - Speck, Wurst, K\u00e4se\" \/>\n<meta property=\"og:description\" content=\"Salame con asino dell&#039;Alto Adige, essiccato all&#039;aria secondo la tradizione, con spezie intense e aromatico. Una specialit\u00e0 rara per intenditori.\" \/>\n<meta property=\"og:url\" content=\"https:\/\/derpsairer.it\/it\/produkt\/salame-dasino\/\" \/>\n<meta property=\"og:site_name\" content=\"Der Psairer - Speck, Wurst, K\u00e4se\" \/>\n<meta property=\"article:publisher\" content=\"https:\/\/www.facebook.com\/profile.php?id=100063648246860\" \/>\n<meta property=\"article:modified_time\" content=\"2025-12-13T15:41:11+00:00\" \/>\n<meta property=\"og:image\" content=\"https:\/\/derpsairer.it\/wp-22\/wp-content\/uploads\/2023\/01\/Esel-ca.-240-g.-2750-E-kg.jpeg\" \/>\n\t<meta property=\"og:image:width\" content=\"1280\" \/>\n\t<meta property=\"og:image:height\" content=\"853\" \/>\n\t<meta property=\"og:image:type\" content=\"image\/jpeg\" \/>\n<meta name=\"twitter:label1\" content=\"Tempo di lettura stimato\" \/>\n\t<meta name=\"twitter:data1\" content=\"1 minute\" \/>\n<script type=\"application\/ld+json\" class=\"yoast-schema-graph\">{\"@context\":\"https:\\\/\\\/schema.org\",\"@graph\":[{\"@type\":\"WebPage\",\"@id\":\"https:\\\/\\\/derpsairer.it\\\/it\\\/produkt\\\/salame-dasino\\\/\",\"url\":\"https:\\\/\\\/derpsairer.it\\\/it\\\/produkt\\\/salame-dasino\\\/\",\"name\":\"Salame d'asino \u2013 Delicatezza italiana dal sapore intenso - Der Psairer - Speck, Wurst, K\u00e4se\",\"isPartOf\":{\"@id\":\"https:\\\/\\\/derpsairer.it\\\/it\\\/#website\"},\"primaryImageOfPage\":{\"@id\":\"https:\\\/\\\/derpsairer.it\\\/it\\\/produkt\\\/salame-dasino\\\/#primaryimage\"},\"image\":{\"@id\":\"https:\\\/\\\/derpsairer.it\\\/it\\\/produkt\\\/salame-dasino\\\/#primaryimage\"},\"thumbnailUrl\":\"https:\\\/\\\/derpsairer.it\\\/wp-22\\\/wp-content\\\/uploads\\\/2023\\\/01\\\/Esel-ca.-240-g.-2750-E-kg.jpeg\",\"datePublished\":\"2023-01-18T15:51:18+00:00\",\"dateModified\":\"2025-12-13T15:41:11+00:00\",\"description\":\"Salame con asino dell'Alto Adige, essiccato all'aria secondo la tradizione, con spezie intense e aromatico. Una specialit\u00e0 rara per intenditori.\",\"breadcrumb\":{\"@id\":\"https:\\\/\\\/derpsairer.it\\\/it\\\/produkt\\\/salame-dasino\\\/#breadcrumb\"},\"inLanguage\":\"it-IT\",\"potentialAction\":[{\"@type\":\"ReadAction\",\"target\":[\"https:\\\/\\\/derpsairer.it\\\/it\\\/produkt\\\/salame-dasino\\\/\"]}]},{\"@type\":\"ImageObject\",\"inLanguage\":\"it-IT\",\"@id\":\"https:\\\/\\\/derpsairer.it\\\/it\\\/produkt\\\/salame-dasino\\\/#primaryimage\",\"url\":\"https:\\\/\\\/derpsairer.it\\\/wp-22\\\/wp-content\\\/uploads\\\/2023\\\/01\\\/Esel-ca.-240-g.-2750-E-kg.jpeg\",\"contentUrl\":\"https:\\\/\\\/derpsairer.it\\\/wp-22\\\/wp-content\\\/uploads\\\/2023\\\/01\\\/Esel-ca.-240-g.-2750-E-kg.jpeg\",\"width\":1280,\"height\":853,\"caption\":\"Salame d'asino\"},{\"@type\":\"BreadcrumbList\",\"@id\":\"https:\\\/\\\/derpsairer.it\\\/it\\\/produkt\\\/salame-dasino\\\/#breadcrumb\",\"itemListElement\":[{\"@type\":\"ListItem\",\"position\":1,\"name\":\"Home\",\"item\":\"https:\\\/\\\/derpsairer.it\\\/it\\\/il-negozio-di-speck-der-psairer\\\/\"},{\"@type\":\"ListItem\",\"position\":2,\"name\":\"Shop\",\"item\":\"https:\\\/\\\/derpsairer.it\\\/shop\\\/\"},{\"@type\":\"ListItem\",\"position\":3,\"name\":\"Salame con asino \u2013 specialit\u00e0 tradizionale altoatesina\"}]},{\"@type\":\"WebSite\",\"@id\":\"https:\\\/\\\/derpsairer.it\\\/it\\\/#website\",\"url\":\"https:\\\/\\\/derpsairer.it\\\/it\\\/\",\"name\":\"Der Psairer - Speck, Wurst, K\u00e4se\",\"description\":\"Speck, Wurst und K\u00e4s aus Passeiertal in S\u00fcdtirol online bestellen.\",\"publisher\":{\"@id\":\"https:\\\/\\\/derpsairer.it\\\/it\\\/#organization\"},\"potentialAction\":[{\"@type\":\"SearchAction\",\"target\":{\"@type\":\"EntryPoint\",\"urlTemplate\":\"https:\\\/\\\/derpsairer.it\\\/it\\\/?s={search_term_string}\"},\"query-input\":{\"@type\":\"PropertyValueSpecification\",\"valueRequired\":true,\"valueName\":\"search_term_string\"}}],\"inLanguage\":\"it-IT\"},{\"@type\":\"Organization\",\"@id\":\"https:\\\/\\\/derpsairer.it\\\/it\\\/#organization\",\"name\":\"Der Psairer - Speck, Wurst, K\u00e4se\",\"url\":\"https:\\\/\\\/derpsairer.it\\\/it\\\/\",\"logo\":{\"@type\":\"ImageObject\",\"inLanguage\":\"it-IT\",\"@id\":\"https:\\\/\\\/derpsairer.it\\\/it\\\/#\\\/schema\\\/logo\\\/image\\\/\",\"url\":\"https:\\\/\\\/derpsairer.it\\\/wp-22\\\/wp-content\\\/uploads\\\/2020\\\/03\\\/DER-PSAIRER-LOGO-2x.png\",\"contentUrl\":\"https:\\\/\\\/derpsairer.it\\\/wp-22\\\/wp-content\\\/uploads\\\/2020\\\/03\\\/DER-PSAIRER-LOGO-2x.png\",\"width\":500,\"height\":500,\"caption\":\"Der Psairer - Speck, Wurst, K\u00e4se\"},\"image\":{\"@id\":\"https:\\\/\\\/derpsairer.it\\\/it\\\/#\\\/schema\\\/logo\\\/image\\\/\"},\"sameAs\":[\"https:\\\/\\\/www.facebook.com\\\/profile.php?id=100063648246860\"]}]}<\/script>\n<!-- \/ Yoast SEO plugin. -->","yoast_head_json":{"title":"Salame d'asino \u2013 Delicatezza italiana dal sapore intenso - Der Psairer - Speck, Wurst, K\u00e4se","description":"Salame con asino dell'Alto Adige, essiccato all'aria secondo la tradizione, con spezie intense e aromatico. Una specialit\u00e0 rara per intenditori.","robots":{"index":"index","follow":"follow","max-snippet":"max-snippet:-1","max-image-preview":"max-image-preview:large","max-video-preview":"max-video-preview:-1"},"canonical":"https:\/\/derpsairer.it\/it\/produkt\/salame-dasino\/","og_locale":"it_IT","og_type":"article","og_title":"Salame d'asino \u2013 Delicatezza italiana dal sapore intenso - Der Psairer - Speck, Wurst, K\u00e4se","og_description":"Salame con asino dell'Alto Adige, essiccato all'aria secondo la tradizione, con spezie intense e aromatico. Una specialit\u00e0 rara per intenditori.","og_url":"https:\/\/derpsairer.it\/it\/produkt\/salame-dasino\/","og_site_name":"Der Psairer - Speck, Wurst, K\u00e4se","article_publisher":"https:\/\/www.facebook.com\/profile.php?id=100063648246860","article_modified_time":"2025-12-13T15:41:11+00:00","og_image":[{"width":1280,"height":853,"url":"https:\/\/derpsairer.it\/wp-22\/wp-content\/uploads\/2023\/01\/Esel-ca.-240-g.-2750-E-kg.jpeg","type":"image\/jpeg"}],"twitter_misc":{"Tempo di lettura stimato":"1 minute"},"schema":{"@context":"https:\/\/schema.org","@graph":[{"@type":"WebPage","@id":"https:\/\/derpsairer.it\/it\/produkt\/salame-dasino\/","url":"https:\/\/derpsairer.it\/it\/produkt\/salame-dasino\/","name":"Salame d'asino \u2013 Delicatezza italiana dal sapore intenso - Der Psairer - Speck, Wurst, K\u00e4se","isPartOf":{"@id":"https:\/\/derpsairer.it\/it\/#website"},"primaryImageOfPage":{"@id":"https:\/\/derpsairer.it\/it\/produkt\/salame-dasino\/#primaryimage"},"image":{"@id":"https:\/\/derpsairer.it\/it\/produkt\/salame-dasino\/#primaryimage"},"thumbnailUrl":"https:\/\/derpsairer.it\/wp-22\/wp-content\/uploads\/2023\/01\/Esel-ca.-240-g.-2750-E-kg.jpeg","datePublished":"2023-01-18T15:51:18+00:00","dateModified":"2025-12-13T15:41:11+00:00","description":"Salame con asino dell'Alto Adige, essiccato all'aria secondo la tradizione, con spezie intense e aromatico. Una specialit\u00e0 rara per intenditori.","breadcrumb":{"@id":"https:\/\/derpsairer.it\/it\/produkt\/salame-dasino\/#breadcrumb"},"inLanguage":"it-IT","potentialAction":[{"@type":"ReadAction","target":["https:\/\/derpsairer.it\/it\/produkt\/salame-dasino\/"]}]},{"@type":"ImageObject","inLanguage":"it-IT","@id":"https:\/\/derpsairer.it\/it\/produkt\/salame-dasino\/#primaryimage","url":"https:\/\/derpsairer.it\/wp-22\/wp-content\/uploads\/2023\/01\/Esel-ca.-240-g.-2750-E-kg.jpeg","contentUrl":"https:\/\/derpsairer.it\/wp-22\/wp-content\/uploads\/2023\/01\/Esel-ca.-240-g.-2750-E-kg.jpeg","width":1280,"height":853,"caption":"Salame d'asino"},{"@type":"BreadcrumbList","@id":"https:\/\/derpsairer.it\/it\/produkt\/salame-dasino\/#breadcrumb","itemListElement":[{"@type":"ListItem","position":1,"name":"Home","item":"https:\/\/derpsairer.it\/it\/il-negozio-di-speck-der-psairer\/"},{"@type":"ListItem","position":2,"name":"Shop","item":"https:\/\/derpsairer.it\/shop\/"},{"@type":"ListItem","position":3,"name":"Salame con asino \u2013 specialit\u00e0 tradizionale altoatesina"}]},{"@type":"WebSite","@id":"https:\/\/derpsairer.it\/it\/#website","url":"https:\/\/derpsairer.it\/it\/","name":"Der Psairer - Speck, Wurst, K\u00e4se","description":"Speck, Wurst und K\u00e4s aus Passeiertal in S\u00fcdtirol online bestellen.","publisher":{"@id":"https:\/\/derpsairer.it\/it\/#organization"},"potentialAction":[{"@type":"SearchAction","target":{"@type":"EntryPoint","urlTemplate":"https:\/\/derpsairer.it\/it\/?s={search_term_string}"},"query-input":{"@type":"PropertyValueSpecification","valueRequired":true,"valueName":"search_term_string"}}],"inLanguage":"it-IT"},{"@type":"Organization","@id":"https:\/\/derpsairer.it\/it\/#organization","name":"Der Psairer - Speck, Wurst, K\u00e4se","url":"https:\/\/derpsairer.it\/it\/","logo":{"@type":"ImageObject","inLanguage":"it-IT","@id":"https:\/\/derpsairer.it\/it\/#\/schema\/logo\/image\/","url":"https:\/\/derpsairer.it\/wp-22\/wp-content\/uploads\/2020\/03\/DER-PSAIRER-LOGO-2x.png","contentUrl":"https:\/\/derpsairer.it\/wp-22\/wp-content\/uploads\/2020\/03\/DER-PSAIRER-LOGO-2x.png","width":500,"height":500,"caption":"Der Psairer - Speck, Wurst, K\u00e4se"},"image":{"@id":"https:\/\/derpsairer.it\/it\/#\/schema\/logo\/image\/"},"sameAs":["https:\/\/www.facebook.com\/profile.php?id=100063648246860"]}]}},"_links":{"self":[{"href":"https:\/\/derpsairer.it\/it\/wp-json\/wp\/v2\/product\/5453","targetHints":{"allow":["GET"]}}],"collection":[{"href":"https:\/\/derpsairer.it\/it\/wp-json\/wp\/v2\/product"}],"about":[{"href":"https:\/\/derpsairer.it\/it\/wp-json\/wp\/v2\/types\/product"}],"wp:featuredmedia":[{"embeddable":true,"href":"https:\/\/derpsairer.it\/it\/wp-json\/wp\/v2\/media\/5456"}],"wp:attachment":[{"href":"https:\/\/derpsairer.it\/it\/wp-json\/wp\/v2\/media?parent=5453"}],"wp:term":[{"taxonomy":"product_brand","embeddable":true,"href":"https:\/\/derpsairer.it\/it\/wp-json\/wp\/v2\/product_brand?post=5453"},{"taxonomy":"product_cat","embeddable":true,"href":"https:\/\/derpsairer.it\/it\/wp-json\/wp\/v2\/product_cat?post=5453"},{"taxonomy":"product_tag","embeddable":true,"href":"https:\/\/derpsairer.it\/it\/wp-json\/wp\/v2\/product_tag?post=5453"}],"curies":[{"name":"wp","href":"https:\/\/api.w.org\/{rel}","templated":true}]}}