{"id":5457,"date":"2023-03-14T15:10:34","date_gmt":"2023-03-14T14:10:34","guid":{"rendered":"https:\/\/derpsairer.it\/produkt\/grappa-di-vinaccia-graf-40\/"},"modified":"2026-01-14T16:48:10","modified_gmt":"2026-01-14T15:48:10","slug":"grappa-di-vinaccia-graf-40","status":"publish","type":"product","link":"https:\/\/derpsairer.it\/it\/produkt\/grappa-di-vinaccia-graf-40\/","title":{"rendered":"Grappa Treber Graf \u2013 grappa classica altoatesina da vinaccia di Schiava"},"content":{"rendered":"<p data-start=\"82\" data-end=\"522\">La Grappa Treber Graf 40\u00b0 \u00e8 ottenuta da vinacce di Schiava locali selezionate e distillata tradizionalmente in Alto Adige. Il distillato monovitigno convince per la sua struttura chiara, l&#8217;equilibrio armonioso e un&#8217;aromaticit\u00e0 finemente fruttata. Al palato, la grappa si presenta equilibrata, elegante e piacevolmente delicata. Un&#8217;espressione autentica dell&#8217;arte distillatoria regionale, ideale per una degustazione consapevole dopo i pasti.   <\/p>\n<p data-start=\"524\" data-end=\"540\">Cantina:<br data-start=\"533\" data-end=\"536\">Merano<\/p>\n<p data-start=\"542\" data-end=\"587\"><strong>Abbinamento:<\/strong><br data-start=\"559\" data-end=\"562\">Digestivo<\/p>\n<p data-start=\"589\" data-end=\"648\"><strong>Affinamento:<\/strong><br data-start=\"596\" data-end=\"599\">Distillazione tradizionale da vinacce di Schiava<\/p>\n<p data-start=\"650\" data-end=\"687\"><strong>Temperatura di servizio:<\/strong><br data-start=\"668\" data-end=\"671\">Temperatura ambiente<\/p>\n<p data-start=\"689\" data-end=\"710\"><strong>Gradazione alcolica:<\/strong><br data-start=\"703\" data-end=\"706\">40%<\/p>\n<p data-start=\"712\" data-end=\"727\"><strong>Contenuto:<\/strong><br data-start=\"719\" data-end=\"722\">0,5 l<\/p>\n<p data-start=\"729\" data-end=\"815\"><strong>Caratteristiche:<\/strong><br data-start=\"744\" data-end=\"747\">Grappa di Schiava monovitigno<br data-start=\"776\" data-end=\"779\">Prodotta artigianalmente in Alto Adige<\/p>\n","protected":false},"excerpt":{"rendered":"<p>\u2022 Da vinacce di Schiava<br data-start=\"1228\" data-end=\"1231\">\u2022 Distillato monovitigno<br data-start=\"1255\" data-end=\"1258\">\u2022 Armoniosa ed equilibrata<br data-start=\"1285\" data-end=\"1288\">\u2022 Prodotta tradizionalmente<br data-start=\"1314\" data-end=\"1317\">\u2022 Classico digestivo<\/p>\n","protected":false},"featured_media":5461,"template":"","meta":[],"product_brand":[],"product_cat":[188],"product_tag":[1945,2457,2497,307,2072,3914,3154,1481,3931,2814,2905,1442,3930],"class_list":{"0":"post-5457","1":"product","2":"type-product","3":"status-publish","4":"has-post-thumbnail","6":"product_cat-vino-distillati","7":"product_tag-alto-adige","8":"product_tag-certo","9":"product_tag-conte","10":"product_tag-digestivo","11":"product_tag-distillato","12":"product_tag-dopo-i-pasti","13":"product_tag-equilibrato","14":"product_tag-grappa","15":"product_tag-grappa-classica","16":"product_tag-intenditori","17":"product_tag-tradizione","18":"product_tag-vernatsch","19":"product_tag-vinaccia-2","21":"first","22":"instock","23":"taxable","24":"shipping-taxable","25":"purchasable","26":"product-type-simple"},"yoast_head":"<!-- This site is optimized with the Yoast SEO plugin v27.5 - https:\/\/yoast.com\/product\/yoast-seo-wordpress\/ -->\n<title>Grappa Treber Graf \u2013 Grappa armoniosa di vinaccia di Schiava - Der Psairer - Speck, Wurst, K\u00e4se<\/title>\n<meta name=\"description\" content=\"La grappa Vernatsch Graf \u00e8 una grappa classica altoatesina ottenuta da vinacce di Schiava locali, dal gusto armonioso ed elegante.\" \/>\n<meta name=\"robots\" content=\"index, follow, max-snippet:-1, max-image-preview:large, max-video-preview:-1\" \/>\n<link rel=\"canonical\" href=\"https:\/\/derpsairer.it\/it\/produkt\/grappa-di-vinaccia-graf-40\/\" \/>\n<meta property=\"og:locale\" content=\"it_IT\" \/>\n<meta property=\"og:type\" content=\"article\" \/>\n<meta property=\"og:title\" content=\"Grappa Treber Graf \u2013 Grappa armoniosa di vinaccia di Schiava - Der Psairer - Speck, Wurst, K\u00e4se\" \/>\n<meta property=\"og:description\" content=\"La grappa Vernatsch Graf \u00e8 una grappa classica altoatesina ottenuta da vinacce di Schiava locali, dal gusto armonioso ed elegante.\" \/>\n<meta property=\"og:url\" content=\"https:\/\/derpsairer.it\/it\/produkt\/grappa-di-vinaccia-graf-40\/\" \/>\n<meta property=\"og:site_name\" content=\"Der Psairer - Speck, Wurst, K\u00e4se\" \/>\n<meta property=\"article:publisher\" content=\"https:\/\/www.facebook.com\/profile.php?id=100063648246860\" \/>\n<meta property=\"article:modified_time\" content=\"2026-01-14T15:48:10+00:00\" \/>\n<meta property=\"og:image\" content=\"https:\/\/derpsairer.it\/wp-22\/wp-content\/uploads\/2023\/03\/csm_Kellerei_Meran_Grappa_Suedtirol_Sortiment_Treber_40_68fe04b272.png\" \/>\n\t<meta property=\"og:image:width\" content=\"1400\" \/>\n\t<meta property=\"og:image:height\" content=\"1400\" \/>\n\t<meta property=\"og:image:type\" content=\"image\/png\" \/>\n<script type=\"application\/ld+json\" class=\"yoast-schema-graph\">{\"@context\":\"https:\\\/\\\/schema.org\",\"@graph\":[{\"@type\":\"WebPage\",\"@id\":\"https:\\\/\\\/derpsairer.it\\\/it\\\/produkt\\\/grappa-di-vinaccia-graf-40\\\/\",\"url\":\"https:\\\/\\\/derpsairer.it\\\/it\\\/produkt\\\/grappa-di-vinaccia-graf-40\\\/\",\"name\":\"Grappa Treber Graf \u2013 Grappa armoniosa di vinaccia di Schiava - Der Psairer - Speck, Wurst, K\u00e4se\",\"isPartOf\":{\"@id\":\"https:\\\/\\\/derpsairer.it\\\/it\\\/#website\"},\"primaryImageOfPage\":{\"@id\":\"https:\\\/\\\/derpsairer.it\\\/it\\\/produkt\\\/grappa-di-vinaccia-graf-40\\\/#primaryimage\"},\"image\":{\"@id\":\"https:\\\/\\\/derpsairer.it\\\/it\\\/produkt\\\/grappa-di-vinaccia-graf-40\\\/#primaryimage\"},\"thumbnailUrl\":\"https:\\\/\\\/derpsairer.it\\\/wp-22\\\/wp-content\\\/uploads\\\/2023\\\/03\\\/csm_Kellerei_Meran_Grappa_Suedtirol_Sortiment_Treber_40_68fe04b272.png\",\"datePublished\":\"2023-03-14T14:10:34+00:00\",\"dateModified\":\"2026-01-14T15:48:10+00:00\",\"description\":\"La grappa Vernatsch Graf \u00e8 una grappa classica altoatesina ottenuta da vinacce di Schiava locali, dal gusto armonioso ed elegante.\",\"breadcrumb\":{\"@id\":\"https:\\\/\\\/derpsairer.it\\\/it\\\/produkt\\\/grappa-di-vinaccia-graf-40\\\/#breadcrumb\"},\"inLanguage\":\"it-IT\",\"potentialAction\":[{\"@type\":\"ReadAction\",\"target\":[\"https:\\\/\\\/derpsairer.it\\\/it\\\/produkt\\\/grappa-di-vinaccia-graf-40\\\/\"]}]},{\"@type\":\"ImageObject\",\"inLanguage\":\"it-IT\",\"@id\":\"https:\\\/\\\/derpsairer.it\\\/it\\\/produkt\\\/grappa-di-vinaccia-graf-40\\\/#primaryimage\",\"url\":\"https:\\\/\\\/derpsairer.it\\\/wp-22\\\/wp-content\\\/uploads\\\/2023\\\/03\\\/csm_Kellerei_Meran_Grappa_Suedtirol_Sortiment_Treber_40_68fe04b272.png\",\"contentUrl\":\"https:\\\/\\\/derpsairer.it\\\/wp-22\\\/wp-content\\\/uploads\\\/2023\\\/03\\\/csm_Kellerei_Meran_Grappa_Suedtirol_Sortiment_Treber_40_68fe04b272.png\",\"width\":1400,\"height\":1400},{\"@type\":\"BreadcrumbList\",\"@id\":\"https:\\\/\\\/derpsairer.it\\\/it\\\/produkt\\\/grappa-di-vinaccia-graf-40\\\/#breadcrumb\",\"itemListElement\":[{\"@type\":\"ListItem\",\"position\":1,\"name\":\"Home\",\"item\":\"https:\\\/\\\/derpsairer.it\\\/it\\\/il-negozio-di-speck-der-psairer\\\/\"},{\"@type\":\"ListItem\",\"position\":2,\"name\":\"Shop\",\"item\":\"https:\\\/\\\/derpsairer.it\\\/shop\\\/\"},{\"@type\":\"ListItem\",\"position\":3,\"name\":\"Grappa Treber Graf \u2013 grappa classica altoatesina da vinaccia di Schiava\"}]},{\"@type\":\"WebSite\",\"@id\":\"https:\\\/\\\/derpsairer.it\\\/it\\\/#website\",\"url\":\"https:\\\/\\\/derpsairer.it\\\/it\\\/\",\"name\":\"Der Psairer - Speck, Wurst, K\u00e4se\",\"description\":\"Speck, Wurst und K\u00e4s aus Passeiertal in S\u00fcdtirol online bestellen.\",\"publisher\":{\"@id\":\"https:\\\/\\\/derpsairer.it\\\/it\\\/#organization\"},\"potentialAction\":[{\"@type\":\"SearchAction\",\"target\":{\"@type\":\"EntryPoint\",\"urlTemplate\":\"https:\\\/\\\/derpsairer.it\\\/it\\\/?s={search_term_string}\"},\"query-input\":{\"@type\":\"PropertyValueSpecification\",\"valueRequired\":true,\"valueName\":\"search_term_string\"}}],\"inLanguage\":\"it-IT\"},{\"@type\":\"Organization\",\"@id\":\"https:\\\/\\\/derpsairer.it\\\/it\\\/#organization\",\"name\":\"Der Psairer - Speck, Wurst, K\u00e4se\",\"url\":\"https:\\\/\\\/derpsairer.it\\\/it\\\/\",\"logo\":{\"@type\":\"ImageObject\",\"inLanguage\":\"it-IT\",\"@id\":\"https:\\\/\\\/derpsairer.it\\\/it\\\/#\\\/schema\\\/logo\\\/image\\\/\",\"url\":\"https:\\\/\\\/derpsairer.it\\\/wp-22\\\/wp-content\\\/uploads\\\/2020\\\/03\\\/DER-PSAIRER-LOGO-2x.png\",\"contentUrl\":\"https:\\\/\\\/derpsairer.it\\\/wp-22\\\/wp-content\\\/uploads\\\/2020\\\/03\\\/DER-PSAIRER-LOGO-2x.png\",\"width\":500,\"height\":500,\"caption\":\"Der Psairer - Speck, Wurst, K\u00e4se\"},\"image\":{\"@id\":\"https:\\\/\\\/derpsairer.it\\\/it\\\/#\\\/schema\\\/logo\\\/image\\\/\"},\"sameAs\":[\"https:\\\/\\\/www.facebook.com\\\/profile.php?id=100063648246860\"]}]}<\/script>\n<!-- \/ Yoast SEO plugin. -->","yoast_head_json":{"title":"Grappa Treber Graf \u2013 Grappa armoniosa di vinaccia di Schiava - Der Psairer - Speck, Wurst, K\u00e4se","description":"La grappa Vernatsch Graf \u00e8 una grappa classica altoatesina ottenuta da vinacce di Schiava locali, dal gusto armonioso ed elegante.","robots":{"index":"index","follow":"follow","max-snippet":"max-snippet:-1","max-image-preview":"max-image-preview:large","max-video-preview":"max-video-preview:-1"},"canonical":"https:\/\/derpsairer.it\/it\/produkt\/grappa-di-vinaccia-graf-40\/","og_locale":"it_IT","og_type":"article","og_title":"Grappa Treber Graf \u2013 Grappa armoniosa di vinaccia di Schiava - Der Psairer - Speck, Wurst, K\u00e4se","og_description":"La grappa Vernatsch Graf \u00e8 una grappa classica altoatesina ottenuta da vinacce di Schiava locali, dal gusto armonioso ed elegante.","og_url":"https:\/\/derpsairer.it\/it\/produkt\/grappa-di-vinaccia-graf-40\/","og_site_name":"Der Psairer - Speck, Wurst, K\u00e4se","article_publisher":"https:\/\/www.facebook.com\/profile.php?id=100063648246860","article_modified_time":"2026-01-14T15:48:10+00:00","og_image":[{"width":1400,"height":1400,"url":"https:\/\/derpsairer.it\/wp-22\/wp-content\/uploads\/2023\/03\/csm_Kellerei_Meran_Grappa_Suedtirol_Sortiment_Treber_40_68fe04b272.png","type":"image\/png"}],"schema":{"@context":"https:\/\/schema.org","@graph":[{"@type":"WebPage","@id":"https:\/\/derpsairer.it\/it\/produkt\/grappa-di-vinaccia-graf-40\/","url":"https:\/\/derpsairer.it\/it\/produkt\/grappa-di-vinaccia-graf-40\/","name":"Grappa Treber Graf \u2013 Grappa armoniosa di vinaccia di Schiava - Der Psairer - Speck, Wurst, K\u00e4se","isPartOf":{"@id":"https:\/\/derpsairer.it\/it\/#website"},"primaryImageOfPage":{"@id":"https:\/\/derpsairer.it\/it\/produkt\/grappa-di-vinaccia-graf-40\/#primaryimage"},"image":{"@id":"https:\/\/derpsairer.it\/it\/produkt\/grappa-di-vinaccia-graf-40\/#primaryimage"},"thumbnailUrl":"https:\/\/derpsairer.it\/wp-22\/wp-content\/uploads\/2023\/03\/csm_Kellerei_Meran_Grappa_Suedtirol_Sortiment_Treber_40_68fe04b272.png","datePublished":"2023-03-14T14:10:34+00:00","dateModified":"2026-01-14T15:48:10+00:00","description":"La grappa Vernatsch Graf \u00e8 una grappa classica altoatesina ottenuta da vinacce di Schiava locali, dal gusto armonioso ed elegante.","breadcrumb":{"@id":"https:\/\/derpsairer.it\/it\/produkt\/grappa-di-vinaccia-graf-40\/#breadcrumb"},"inLanguage":"it-IT","potentialAction":[{"@type":"ReadAction","target":["https:\/\/derpsairer.it\/it\/produkt\/grappa-di-vinaccia-graf-40\/"]}]},{"@type":"ImageObject","inLanguage":"it-IT","@id":"https:\/\/derpsairer.it\/it\/produkt\/grappa-di-vinaccia-graf-40\/#primaryimage","url":"https:\/\/derpsairer.it\/wp-22\/wp-content\/uploads\/2023\/03\/csm_Kellerei_Meran_Grappa_Suedtirol_Sortiment_Treber_40_68fe04b272.png","contentUrl":"https:\/\/derpsairer.it\/wp-22\/wp-content\/uploads\/2023\/03\/csm_Kellerei_Meran_Grappa_Suedtirol_Sortiment_Treber_40_68fe04b272.png","width":1400,"height":1400},{"@type":"BreadcrumbList","@id":"https:\/\/derpsairer.it\/it\/produkt\/grappa-di-vinaccia-graf-40\/#breadcrumb","itemListElement":[{"@type":"ListItem","position":1,"name":"Home","item":"https:\/\/derpsairer.it\/it\/il-negozio-di-speck-der-psairer\/"},{"@type":"ListItem","position":2,"name":"Shop","item":"https:\/\/derpsairer.it\/shop\/"},{"@type":"ListItem","position":3,"name":"Grappa Treber Graf \u2013 grappa classica altoatesina da vinaccia di Schiava"}]},{"@type":"WebSite","@id":"https:\/\/derpsairer.it\/it\/#website","url":"https:\/\/derpsairer.it\/it\/","name":"Der Psairer - Speck, Wurst, K\u00e4se","description":"Speck, Wurst und K\u00e4s aus Passeiertal in S\u00fcdtirol online bestellen.","publisher":{"@id":"https:\/\/derpsairer.it\/it\/#organization"},"potentialAction":[{"@type":"SearchAction","target":{"@type":"EntryPoint","urlTemplate":"https:\/\/derpsairer.it\/it\/?s={search_term_string}"},"query-input":{"@type":"PropertyValueSpecification","valueRequired":true,"valueName":"search_term_string"}}],"inLanguage":"it-IT"},{"@type":"Organization","@id":"https:\/\/derpsairer.it\/it\/#organization","name":"Der Psairer - Speck, Wurst, K\u00e4se","url":"https:\/\/derpsairer.it\/it\/","logo":{"@type":"ImageObject","inLanguage":"it-IT","@id":"https:\/\/derpsairer.it\/it\/#\/schema\/logo\/image\/","url":"https:\/\/derpsairer.it\/wp-22\/wp-content\/uploads\/2020\/03\/DER-PSAIRER-LOGO-2x.png","contentUrl":"https:\/\/derpsairer.it\/wp-22\/wp-content\/uploads\/2020\/03\/DER-PSAIRER-LOGO-2x.png","width":500,"height":500,"caption":"Der Psairer - Speck, Wurst, K\u00e4se"},"image":{"@id":"https:\/\/derpsairer.it\/it\/#\/schema\/logo\/image\/"},"sameAs":["https:\/\/www.facebook.com\/profile.php?id=100063648246860"]}]}},"_links":{"self":[{"href":"https:\/\/derpsairer.it\/it\/wp-json\/wp\/v2\/product\/5457","targetHints":{"allow":["GET"]}}],"collection":[{"href":"https:\/\/derpsairer.it\/it\/wp-json\/wp\/v2\/product"}],"about":[{"href":"https:\/\/derpsairer.it\/it\/wp-json\/wp\/v2\/types\/product"}],"wp:featuredmedia":[{"embeddable":true,"href":"https:\/\/derpsairer.it\/it\/wp-json\/wp\/v2\/media\/5461"}],"wp:attachment":[{"href":"https:\/\/derpsairer.it\/it\/wp-json\/wp\/v2\/media?parent=5457"}],"wp:term":[{"taxonomy":"product_brand","embeddable":true,"href":"https:\/\/derpsairer.it\/it\/wp-json\/wp\/v2\/product_brand?post=5457"},{"taxonomy":"product_cat","embeddable":true,"href":"https:\/\/derpsairer.it\/it\/wp-json\/wp\/v2\/product_cat?post=5457"},{"taxonomy":"product_tag","embeddable":true,"href":"https:\/\/derpsairer.it\/it\/wp-json\/wp\/v2\/product_tag?post=5457"}],"curies":[{"name":"wp","href":"https:\/\/api.w.org\/{rel}","templated":true}]}}