{"id":5470,"date":"2023-01-18T16:14:24","date_gmt":"2023-01-18T15:14:24","guid":{"rendered":"https:\/\/derpsairer.it\/produkt\/olio-doliva\/"},"modified":"2025-12-14T13:27:16","modified_gmt":"2025-12-14T12:27:16","slug":"olio-doliva","status":"publish","type":"product","link":"https:\/\/derpsairer.it\/it\/produkt\/olio-doliva\/","title":{"rendered":"Olio d&#8217;oliva Torgglerhof \u2013 olio d&#8217;oliva italiano dal sapore delicato e fruttato"},"content":{"rendered":"<p data-start=\"77\" data-end=\"585\">L&#8217;olio d&#8217;oliva Torgglerhof \u00e8 un olio d&#8217;oliva italiano di alta qualit\u00e0, spremuto a freddo e prodotto nel tradizionale frantoio Bonamini a partire da olive selezionate. La lavorazione delicata preserva al meglio la freschezza e gli aromi naturali delle olive. Al palato, l&#8217;olio si presenta delicato e fruttato, con un equilibrio armonioso e delicate note di sedano, basilico e menta. Ideale per affinare insalate, pasta, pesce, verdure, carpaccio o formaggi freschi a pasta molle.   <\/p>\n<p data-start=\"1080\" data-end=\"1165\">Contenuto: 500 ml<\/p>\n","protected":false},"excerpt":{"rendered":"<p>\u2022 Prodotto mediante spremitura a freddo<br data-start=\"998\" data-end=\"1001\">\u2022 Sapore delicato e fruttato<br data-start=\"1028\" data-end=\"1031\">\u2022 Delicate note erbacee<br data-start=\"1051\" data-end=\"1054\">\u2022 Dal frantoio Bonamini<br data-start=\"1078\" data-end=\"1081\">\u2022 Versatile<\/p>\n","protected":false},"featured_media":5472,"template":"","meta":[],"product_brand":[],"product_cat":[191],"product_tag":[2149,530,282,2192,1831,2868,1234,2193],"class_list":{"0":"post-5470","1":"product","2":"type-product","3":"status-publish","4":"has-post-thumbnail","6":"product_cat-altre-delizie","7":"product_tag-bonamini","8":"product_tag-cucina-mediterranea","9":"product_tag-feinkost","10":"product_tag-insalata","11":"product_tag-olio-doliva","12":"product_tag-pesce","13":"product_tag-spremuto-a-freddo","14":"product_tag-torgglerhof","16":"first","17":"instock","18":"shipping-taxable","19":"purchasable","20":"product-type-simple"},"yoast_head":"<!-- This site is optimized with the Yoast SEO plugin v27.4 - https:\/\/yoast.com\/product\/yoast-seo-wordpress\/ -->\n<title>Olio d&#039;oliva Bonamini \u2013 Olio d&#039;oliva spremuto a freddo italiano - Der Psairer - Speck, Wurst, K\u00e4se<\/title>\n<meta name=\"description\" content=\"L&#039;olio d&#039;oliva Torgglerhof \u00e8 un olio italiano dal sapore delicato e fruttato, ottenuto dalla spremitura a freddo, con delicate note erbacee, ideale per insalate, pesce e verdure.\" \/>\n<meta name=\"robots\" content=\"index, follow, max-snippet:-1, max-image-preview:large, max-video-preview:-1\" \/>\n<link rel=\"canonical\" href=\"https:\/\/derpsairer.it\/it\/produkt\/olio-doliva\/\" \/>\n<meta property=\"og:locale\" content=\"it_IT\" \/>\n<meta property=\"og:type\" content=\"article\" \/>\n<meta property=\"og:title\" content=\"Olio d&#039;oliva Bonamini \u2013 Olio d&#039;oliva spremuto a freddo italiano - Der Psairer - Speck, Wurst, K\u00e4se\" \/>\n<meta property=\"og:description\" content=\"L&#039;olio d&#039;oliva Torgglerhof \u00e8 un olio italiano dal sapore delicato e fruttato, ottenuto dalla spremitura a freddo, con delicate note erbacee, ideale per insalate, pesce e verdure.\" \/>\n<meta property=\"og:url\" content=\"https:\/\/derpsairer.it\/it\/produkt\/olio-doliva\/\" \/>\n<meta property=\"og:site_name\" content=\"Der Psairer - Speck, Wurst, K\u00e4se\" \/>\n<meta property=\"article:publisher\" content=\"https:\/\/www.facebook.com\/profile.php?id=100063648246860\" \/>\n<meta property=\"article:modified_time\" content=\"2025-12-14T12:27:16+00:00\" \/>\n<meta property=\"og:image\" content=\"https:\/\/derpsairer.it\/wp-22\/wp-content\/uploads\/2023\/01\/Olivenoel-500-ml-990-E-Stk.jpeg\" \/>\n\t<meta property=\"og:image:width\" content=\"853\" \/>\n\t<meta property=\"og:image:height\" content=\"1280\" \/>\n\t<meta property=\"og:image:type\" content=\"image\/jpeg\" \/>\n<script type=\"application\/ld+json\" class=\"yoast-schema-graph\">{\"@context\":\"https:\\\/\\\/schema.org\",\"@graph\":[{\"@type\":\"WebPage\",\"@id\":\"https:\\\/\\\/derpsairer.it\\\/it\\\/produkt\\\/olio-doliva\\\/\",\"url\":\"https:\\\/\\\/derpsairer.it\\\/it\\\/produkt\\\/olio-doliva\\\/\",\"name\":\"Olio d'oliva Bonamini \u2013 Olio d'oliva spremuto a freddo italiano - Der Psairer - Speck, Wurst, K\u00e4se\",\"isPartOf\":{\"@id\":\"https:\\\/\\\/derpsairer.it\\\/it\\\/#website\"},\"primaryImageOfPage\":{\"@id\":\"https:\\\/\\\/derpsairer.it\\\/it\\\/produkt\\\/olio-doliva\\\/#primaryimage\"},\"image\":{\"@id\":\"https:\\\/\\\/derpsairer.it\\\/it\\\/produkt\\\/olio-doliva\\\/#primaryimage\"},\"thumbnailUrl\":\"https:\\\/\\\/derpsairer.it\\\/wp-22\\\/wp-content\\\/uploads\\\/2023\\\/01\\\/Olivenoel-500-ml-990-E-Stk.jpeg\",\"datePublished\":\"2023-01-18T15:14:24+00:00\",\"dateModified\":\"2025-12-14T12:27:16+00:00\",\"description\":\"L'olio d'oliva Torgglerhof \u00e8 un olio italiano dal sapore delicato e fruttato, ottenuto dalla spremitura a freddo, con delicate note erbacee, ideale per insalate, pesce e verdure.\",\"breadcrumb\":{\"@id\":\"https:\\\/\\\/derpsairer.it\\\/it\\\/produkt\\\/olio-doliva\\\/#breadcrumb\"},\"inLanguage\":\"it-IT\",\"potentialAction\":[{\"@type\":\"ReadAction\",\"target\":[\"https:\\\/\\\/derpsairer.it\\\/it\\\/produkt\\\/olio-doliva\\\/\"]}]},{\"@type\":\"ImageObject\",\"inLanguage\":\"it-IT\",\"@id\":\"https:\\\/\\\/derpsairer.it\\\/it\\\/produkt\\\/olio-doliva\\\/#primaryimage\",\"url\":\"https:\\\/\\\/derpsairer.it\\\/wp-22\\\/wp-content\\\/uploads\\\/2023\\\/01\\\/Olivenoel-500-ml-990-E-Stk.jpeg\",\"contentUrl\":\"https:\\\/\\\/derpsairer.it\\\/wp-22\\\/wp-content\\\/uploads\\\/2023\\\/01\\\/Olivenoel-500-ml-990-E-Stk.jpeg\",\"width\":853,\"height\":1280,\"caption\":\"Olio d'oliva 500 ml\"},{\"@type\":\"BreadcrumbList\",\"@id\":\"https:\\\/\\\/derpsairer.it\\\/it\\\/produkt\\\/olio-doliva\\\/#breadcrumb\",\"itemListElement\":[{\"@type\":\"ListItem\",\"position\":1,\"name\":\"Home\",\"item\":\"https:\\\/\\\/derpsairer.it\\\/it\\\/il-negozio-di-speck-der-psairer\\\/\"},{\"@type\":\"ListItem\",\"position\":2,\"name\":\"Shop\",\"item\":\"https:\\\/\\\/derpsairer.it\\\/shop\\\/\"},{\"@type\":\"ListItem\",\"position\":3,\"name\":\"Olio d&#8217;oliva Torgglerhof \u2013 olio d&#8217;oliva italiano dal sapore delicato e fruttato\"}]},{\"@type\":\"WebSite\",\"@id\":\"https:\\\/\\\/derpsairer.it\\\/it\\\/#website\",\"url\":\"https:\\\/\\\/derpsairer.it\\\/it\\\/\",\"name\":\"Der Psairer - Speck, Wurst, K\u00e4se\",\"description\":\"Speck, Wurst und K\u00e4s aus Passeiertal in S\u00fcdtirol online bestellen.\",\"publisher\":{\"@id\":\"https:\\\/\\\/derpsairer.it\\\/it\\\/#organization\"},\"potentialAction\":[{\"@type\":\"SearchAction\",\"target\":{\"@type\":\"EntryPoint\",\"urlTemplate\":\"https:\\\/\\\/derpsairer.it\\\/it\\\/?s={search_term_string}\"},\"query-input\":{\"@type\":\"PropertyValueSpecification\",\"valueRequired\":true,\"valueName\":\"search_term_string\"}}],\"inLanguage\":\"it-IT\"},{\"@type\":\"Organization\",\"@id\":\"https:\\\/\\\/derpsairer.it\\\/it\\\/#organization\",\"name\":\"Der Psairer - Speck, Wurst, K\u00e4se\",\"url\":\"https:\\\/\\\/derpsairer.it\\\/it\\\/\",\"logo\":{\"@type\":\"ImageObject\",\"inLanguage\":\"it-IT\",\"@id\":\"https:\\\/\\\/derpsairer.it\\\/it\\\/#\\\/schema\\\/logo\\\/image\\\/\",\"url\":\"https:\\\/\\\/derpsairer.it\\\/wp-22\\\/wp-content\\\/uploads\\\/2020\\\/03\\\/DER-PSAIRER-LOGO-2x.png\",\"contentUrl\":\"https:\\\/\\\/derpsairer.it\\\/wp-22\\\/wp-content\\\/uploads\\\/2020\\\/03\\\/DER-PSAIRER-LOGO-2x.png\",\"width\":500,\"height\":500,\"caption\":\"Der Psairer - Speck, Wurst, K\u00e4se\"},\"image\":{\"@id\":\"https:\\\/\\\/derpsairer.it\\\/it\\\/#\\\/schema\\\/logo\\\/image\\\/\"},\"sameAs\":[\"https:\\\/\\\/www.facebook.com\\\/profile.php?id=100063648246860\"]}]}<\/script>\n<!-- \/ Yoast SEO plugin. -->","yoast_head_json":{"title":"Olio d'oliva Bonamini \u2013 Olio d'oliva spremuto a freddo italiano - Der Psairer - Speck, Wurst, K\u00e4se","description":"L'olio d'oliva Torgglerhof \u00e8 un olio italiano dal sapore delicato e fruttato, ottenuto dalla spremitura a freddo, con delicate note erbacee, ideale per insalate, pesce e verdure.","robots":{"index":"index","follow":"follow","max-snippet":"max-snippet:-1","max-image-preview":"max-image-preview:large","max-video-preview":"max-video-preview:-1"},"canonical":"https:\/\/derpsairer.it\/it\/produkt\/olio-doliva\/","og_locale":"it_IT","og_type":"article","og_title":"Olio d'oliva Bonamini \u2013 Olio d'oliva spremuto a freddo italiano - Der Psairer - Speck, Wurst, K\u00e4se","og_description":"L'olio d'oliva Torgglerhof \u00e8 un olio italiano dal sapore delicato e fruttato, ottenuto dalla spremitura a freddo, con delicate note erbacee, ideale per insalate, pesce e verdure.","og_url":"https:\/\/derpsairer.it\/it\/produkt\/olio-doliva\/","og_site_name":"Der Psairer - Speck, Wurst, K\u00e4se","article_publisher":"https:\/\/www.facebook.com\/profile.php?id=100063648246860","article_modified_time":"2025-12-14T12:27:16+00:00","og_image":[{"width":853,"height":1280,"url":"https:\/\/derpsairer.it\/wp-22\/wp-content\/uploads\/2023\/01\/Olivenoel-500-ml-990-E-Stk.jpeg","type":"image\/jpeg"}],"schema":{"@context":"https:\/\/schema.org","@graph":[{"@type":"WebPage","@id":"https:\/\/derpsairer.it\/it\/produkt\/olio-doliva\/","url":"https:\/\/derpsairer.it\/it\/produkt\/olio-doliva\/","name":"Olio d'oliva Bonamini \u2013 Olio d'oliva spremuto a freddo italiano - Der Psairer - Speck, Wurst, K\u00e4se","isPartOf":{"@id":"https:\/\/derpsairer.it\/it\/#website"},"primaryImageOfPage":{"@id":"https:\/\/derpsairer.it\/it\/produkt\/olio-doliva\/#primaryimage"},"image":{"@id":"https:\/\/derpsairer.it\/it\/produkt\/olio-doliva\/#primaryimage"},"thumbnailUrl":"https:\/\/derpsairer.it\/wp-22\/wp-content\/uploads\/2023\/01\/Olivenoel-500-ml-990-E-Stk.jpeg","datePublished":"2023-01-18T15:14:24+00:00","dateModified":"2025-12-14T12:27:16+00:00","description":"L'olio d'oliva Torgglerhof \u00e8 un olio italiano dal sapore delicato e fruttato, ottenuto dalla spremitura a freddo, con delicate note erbacee, ideale per insalate, pesce e verdure.","breadcrumb":{"@id":"https:\/\/derpsairer.it\/it\/produkt\/olio-doliva\/#breadcrumb"},"inLanguage":"it-IT","potentialAction":[{"@type":"ReadAction","target":["https:\/\/derpsairer.it\/it\/produkt\/olio-doliva\/"]}]},{"@type":"ImageObject","inLanguage":"it-IT","@id":"https:\/\/derpsairer.it\/it\/produkt\/olio-doliva\/#primaryimage","url":"https:\/\/derpsairer.it\/wp-22\/wp-content\/uploads\/2023\/01\/Olivenoel-500-ml-990-E-Stk.jpeg","contentUrl":"https:\/\/derpsairer.it\/wp-22\/wp-content\/uploads\/2023\/01\/Olivenoel-500-ml-990-E-Stk.jpeg","width":853,"height":1280,"caption":"Olio d'oliva 500 ml"},{"@type":"BreadcrumbList","@id":"https:\/\/derpsairer.it\/it\/produkt\/olio-doliva\/#breadcrumb","itemListElement":[{"@type":"ListItem","position":1,"name":"Home","item":"https:\/\/derpsairer.it\/it\/il-negozio-di-speck-der-psairer\/"},{"@type":"ListItem","position":2,"name":"Shop","item":"https:\/\/derpsairer.it\/shop\/"},{"@type":"ListItem","position":3,"name":"Olio d&#8217;oliva Torgglerhof \u2013 olio d&#8217;oliva italiano dal sapore delicato e fruttato"}]},{"@type":"WebSite","@id":"https:\/\/derpsairer.it\/it\/#website","url":"https:\/\/derpsairer.it\/it\/","name":"Der Psairer - Speck, Wurst, K\u00e4se","description":"Speck, Wurst und K\u00e4s aus Passeiertal in S\u00fcdtirol online bestellen.","publisher":{"@id":"https:\/\/derpsairer.it\/it\/#organization"},"potentialAction":[{"@type":"SearchAction","target":{"@type":"EntryPoint","urlTemplate":"https:\/\/derpsairer.it\/it\/?s={search_term_string}"},"query-input":{"@type":"PropertyValueSpecification","valueRequired":true,"valueName":"search_term_string"}}],"inLanguage":"it-IT"},{"@type":"Organization","@id":"https:\/\/derpsairer.it\/it\/#organization","name":"Der Psairer - Speck, Wurst, K\u00e4se","url":"https:\/\/derpsairer.it\/it\/","logo":{"@type":"ImageObject","inLanguage":"it-IT","@id":"https:\/\/derpsairer.it\/it\/#\/schema\/logo\/image\/","url":"https:\/\/derpsairer.it\/wp-22\/wp-content\/uploads\/2020\/03\/DER-PSAIRER-LOGO-2x.png","contentUrl":"https:\/\/derpsairer.it\/wp-22\/wp-content\/uploads\/2020\/03\/DER-PSAIRER-LOGO-2x.png","width":500,"height":500,"caption":"Der Psairer - Speck, Wurst, K\u00e4se"},"image":{"@id":"https:\/\/derpsairer.it\/it\/#\/schema\/logo\/image\/"},"sameAs":["https:\/\/www.facebook.com\/profile.php?id=100063648246860"]}]}},"_links":{"self":[{"href":"https:\/\/derpsairer.it\/it\/wp-json\/wp\/v2\/product\/5470","targetHints":{"allow":["GET"]}}],"collection":[{"href":"https:\/\/derpsairer.it\/it\/wp-json\/wp\/v2\/product"}],"about":[{"href":"https:\/\/derpsairer.it\/it\/wp-json\/wp\/v2\/types\/product"}],"wp:featuredmedia":[{"embeddable":true,"href":"https:\/\/derpsairer.it\/it\/wp-json\/wp\/v2\/media\/5472"}],"wp:attachment":[{"href":"https:\/\/derpsairer.it\/it\/wp-json\/wp\/v2\/media?parent=5470"}],"wp:term":[{"taxonomy":"product_brand","embeddable":true,"href":"https:\/\/derpsairer.it\/it\/wp-json\/wp\/v2\/product_brand?post=5470"},{"taxonomy":"product_cat","embeddable":true,"href":"https:\/\/derpsairer.it\/it\/wp-json\/wp\/v2\/product_cat?post=5470"},{"taxonomy":"product_tag","embeddable":true,"href":"https:\/\/derpsairer.it\/it\/wp-json\/wp\/v2\/product_tag?post=5470"}],"curies":[{"name":"wp","href":"https:\/\/api.w.org\/{rel}","templated":true}]}}