{"id":5474,"date":"2024-02-26T09:56:49","date_gmt":"2024-02-26T08:56:49","guid":{"rendered":"https:\/\/derpsairer.it\/produkt\/crema-con-aceto-balsamico-di-modena-classico\/"},"modified":"2025-12-13T14:08:41","modified_gmt":"2025-12-13T13:08:41","slug":"crema-con-aceto-balsamico-di-modena-classico","status":"publish","type":"product","link":"https:\/\/derpsairer.it\/it\/produkt\/crema-con-aceto-balsamico-di-modena-classico\/","title":{"rendered":"Crema di balsamico di Modena \u2013 classica e cremosa"},"content":{"rendered":"<p data-start=\"66\" data-end=\"573\">Questa crema con aceto balsamico di Modena convince per la sua consistenza particolarmente densa e cremosa e per un equilibrio armonioso di dolcezza delicata e acidit\u00e0 fine. Prodotta con uve 100% italiane, esalta tutto l&#8217;aroma dell&#8217;Aceto Balsamico di Modena IGP. Ideale per affinare insalate, verdure, pesce, carne, formaggi o dessert e adatta anche per decorare i piatti. Una crema di balsamico di alta qualit\u00e0 senza conservanti o coloranti.   <\/p>\n<p data-start=\"824\" data-end=\"995\">Contenuto: 250ml<\/p>\n","protected":false},"excerpt":{"rendered":"<p>\u2022 Consistenza cremosa<br data-start=\"956\" data-end=\"959\">\u2022 Sapore agrodolce delicato<br data-start=\"988\" data-end=\"991\">\u2022 Da uve italiane<br data-start=\"1018\" data-end=\"1021\">\u2022 Senza additivi<br data-start=\"1040\" data-end=\"1043\">\u2022 Versatile<\/p>\n","protected":false},"featured_media":5680,"template":"","meta":[],"product_brand":[],"product_cat":[191],"product_tag":[1787,1778,1782,3127,2523,282,1814,2192,1784,1676],"class_list":{"0":"post-5474","1":"product","2":"type-product","3":"status-publish","4":"has-post-thumbnail","6":"product_cat-altre-delizie","7":"product_tag-agrodolce","8":"product_tag-crema-balsamica","9":"product_tag-crema-di-aceto","10":"product_tag-decorare","11":"product_tag-dessert-2","12":"product_tag-feinkost","13":"product_tag-formaggio","14":"product_tag-insalata","15":"product_tag-modena","16":"product_tag-specialita-italiana-2","18":"first","19":"instock","20":"shipping-taxable","21":"purchasable","22":"product-type-simple"},"yoast_head":"<!-- This site is optimized with the Yoast SEO plugin v27.4 - https:\/\/yoast.com\/product\/yoast-seo-wordpress\/ -->\n<title>Crema di balsamico Modena classica - Der Psairer - Speck, Wurst, K\u00e4se<\/title>\n<meta name=\"description\" content=\"Crema di balsamico di Modena con dolcezza delicata e acidit\u00e0 fine. Cremosa, di alta qualit\u00e0 e ideale per insalate, verdure, formaggi e dessert.\" \/>\n<meta name=\"robots\" content=\"index, follow, max-snippet:-1, max-image-preview:large, max-video-preview:-1\" \/>\n<link rel=\"canonical\" href=\"https:\/\/derpsairer.it\/it\/produkt\/crema-con-aceto-balsamico-di-modena-classico\/\" \/>\n<meta property=\"og:locale\" content=\"it_IT\" \/>\n<meta property=\"og:type\" content=\"article\" \/>\n<meta property=\"og:title\" content=\"Crema di balsamico Modena classica - Der Psairer - Speck, Wurst, K\u00e4se\" \/>\n<meta property=\"og:description\" content=\"Crema di balsamico di Modena con dolcezza delicata e acidit\u00e0 fine. Cremosa, di alta qualit\u00e0 e ideale per insalate, verdure, formaggi e dessert.\" \/>\n<meta property=\"og:url\" content=\"https:\/\/derpsairer.it\/it\/produkt\/crema-con-aceto-balsamico-di-modena-classico\/\" \/>\n<meta property=\"og:site_name\" content=\"Der Psairer - Speck, Wurst, K\u00e4se\" \/>\n<meta property=\"article:publisher\" content=\"https:\/\/www.facebook.com\/profile.php?id=100063648246860\" \/>\n<meta property=\"article:modified_time\" content=\"2025-12-13T13:08:41+00:00\" \/>\n<meta property=\"og:image\" content=\"https:\/\/derpsairer.it\/wp-22\/wp-content\/uploads\/2024\/02\/Creme-mit-Balsamicoessig-aus-Modena-klassisch.jpg\" \/>\n\t<meta property=\"og:image:width\" content=\"924\" \/>\n\t<meta property=\"og:image:height\" content=\"1386\" \/>\n\t<meta property=\"og:image:type\" content=\"image\/jpeg\" \/>\n<script type=\"application\/ld+json\" class=\"yoast-schema-graph\">{\"@context\":\"https:\\\/\\\/schema.org\",\"@graph\":[{\"@type\":\"WebPage\",\"@id\":\"https:\\\/\\\/derpsairer.it\\\/it\\\/produkt\\\/crema-con-aceto-balsamico-di-modena-classico\\\/\",\"url\":\"https:\\\/\\\/derpsairer.it\\\/it\\\/produkt\\\/crema-con-aceto-balsamico-di-modena-classico\\\/\",\"name\":\"Crema di balsamico Modena classica - Der Psairer - Speck, Wurst, K\u00e4se\",\"isPartOf\":{\"@id\":\"https:\\\/\\\/derpsairer.it\\\/it\\\/#website\"},\"primaryImageOfPage\":{\"@id\":\"https:\\\/\\\/derpsairer.it\\\/it\\\/produkt\\\/crema-con-aceto-balsamico-di-modena-classico\\\/#primaryimage\"},\"image\":{\"@id\":\"https:\\\/\\\/derpsairer.it\\\/it\\\/produkt\\\/crema-con-aceto-balsamico-di-modena-classico\\\/#primaryimage\"},\"thumbnailUrl\":\"https:\\\/\\\/derpsairer.it\\\/wp-22\\\/wp-content\\\/uploads\\\/2024\\\/02\\\/Creme-mit-Balsamicoessig-aus-Modena-klassisch.jpg\",\"datePublished\":\"2024-02-26T08:56:49+00:00\",\"dateModified\":\"2025-12-13T13:08:41+00:00\",\"description\":\"Crema di balsamico di Modena con dolcezza delicata e acidit\u00e0 fine. Cremosa, di alta qualit\u00e0 e ideale per insalate, verdure, formaggi e dessert.\",\"breadcrumb\":{\"@id\":\"https:\\\/\\\/derpsairer.it\\\/it\\\/produkt\\\/crema-con-aceto-balsamico-di-modena-classico\\\/#breadcrumb\"},\"inLanguage\":\"it-IT\",\"potentialAction\":[{\"@type\":\"ReadAction\",\"target\":[\"https:\\\/\\\/derpsairer.it\\\/it\\\/produkt\\\/crema-con-aceto-balsamico-di-modena-classico\\\/\"]}]},{\"@type\":\"ImageObject\",\"inLanguage\":\"it-IT\",\"@id\":\"https:\\\/\\\/derpsairer.it\\\/it\\\/produkt\\\/crema-con-aceto-balsamico-di-modena-classico\\\/#primaryimage\",\"url\":\"https:\\\/\\\/derpsairer.it\\\/wp-22\\\/wp-content\\\/uploads\\\/2024\\\/02\\\/Creme-mit-Balsamicoessig-aus-Modena-klassisch.jpg\",\"contentUrl\":\"https:\\\/\\\/derpsairer.it\\\/wp-22\\\/wp-content\\\/uploads\\\/2024\\\/02\\\/Creme-mit-Balsamicoessig-aus-Modena-klassisch.jpg\",\"width\":924,\"height\":1386},{\"@type\":\"BreadcrumbList\",\"@id\":\"https:\\\/\\\/derpsairer.it\\\/it\\\/produkt\\\/crema-con-aceto-balsamico-di-modena-classico\\\/#breadcrumb\",\"itemListElement\":[{\"@type\":\"ListItem\",\"position\":1,\"name\":\"Home\",\"item\":\"https:\\\/\\\/derpsairer.it\\\/it\\\/il-negozio-di-speck-der-psairer\\\/\"},{\"@type\":\"ListItem\",\"position\":2,\"name\":\"Shop\",\"item\":\"https:\\\/\\\/derpsairer.it\\\/shop\\\/\"},{\"@type\":\"ListItem\",\"position\":3,\"name\":\"Crema di balsamico di Modena \u2013 classica e cremosa\"}]},{\"@type\":\"WebSite\",\"@id\":\"https:\\\/\\\/derpsairer.it\\\/it\\\/#website\",\"url\":\"https:\\\/\\\/derpsairer.it\\\/it\\\/\",\"name\":\"Der Psairer - Speck, Wurst, K\u00e4se\",\"description\":\"Speck, Wurst und K\u00e4s aus Passeiertal in S\u00fcdtirol online bestellen.\",\"publisher\":{\"@id\":\"https:\\\/\\\/derpsairer.it\\\/it\\\/#organization\"},\"potentialAction\":[{\"@type\":\"SearchAction\",\"target\":{\"@type\":\"EntryPoint\",\"urlTemplate\":\"https:\\\/\\\/derpsairer.it\\\/it\\\/?s={search_term_string}\"},\"query-input\":{\"@type\":\"PropertyValueSpecification\",\"valueRequired\":true,\"valueName\":\"search_term_string\"}}],\"inLanguage\":\"it-IT\"},{\"@type\":\"Organization\",\"@id\":\"https:\\\/\\\/derpsairer.it\\\/it\\\/#organization\",\"name\":\"Der Psairer - Speck, Wurst, K\u00e4se\",\"url\":\"https:\\\/\\\/derpsairer.it\\\/it\\\/\",\"logo\":{\"@type\":\"ImageObject\",\"inLanguage\":\"it-IT\",\"@id\":\"https:\\\/\\\/derpsairer.it\\\/it\\\/#\\\/schema\\\/logo\\\/image\\\/\",\"url\":\"https:\\\/\\\/derpsairer.it\\\/wp-22\\\/wp-content\\\/uploads\\\/2020\\\/03\\\/DER-PSAIRER-LOGO-2x.png\",\"contentUrl\":\"https:\\\/\\\/derpsairer.it\\\/wp-22\\\/wp-content\\\/uploads\\\/2020\\\/03\\\/DER-PSAIRER-LOGO-2x.png\",\"width\":500,\"height\":500,\"caption\":\"Der Psairer - Speck, Wurst, K\u00e4se\"},\"image\":{\"@id\":\"https:\\\/\\\/derpsairer.it\\\/it\\\/#\\\/schema\\\/logo\\\/image\\\/\"},\"sameAs\":[\"https:\\\/\\\/www.facebook.com\\\/profile.php?id=100063648246860\"]}]}<\/script>\n<!-- \/ Yoast SEO plugin. -->","yoast_head_json":{"title":"Crema di balsamico Modena classica - Der Psairer - Speck, Wurst, K\u00e4se","description":"Crema di balsamico di Modena con dolcezza delicata e acidit\u00e0 fine. Cremosa, di alta qualit\u00e0 e ideale per insalate, verdure, formaggi e dessert.","robots":{"index":"index","follow":"follow","max-snippet":"max-snippet:-1","max-image-preview":"max-image-preview:large","max-video-preview":"max-video-preview:-1"},"canonical":"https:\/\/derpsairer.it\/it\/produkt\/crema-con-aceto-balsamico-di-modena-classico\/","og_locale":"it_IT","og_type":"article","og_title":"Crema di balsamico Modena classica - Der Psairer - Speck, Wurst, K\u00e4se","og_description":"Crema di balsamico di Modena con dolcezza delicata e acidit\u00e0 fine. Cremosa, di alta qualit\u00e0 e ideale per insalate, verdure, formaggi e dessert.","og_url":"https:\/\/derpsairer.it\/it\/produkt\/crema-con-aceto-balsamico-di-modena-classico\/","og_site_name":"Der Psairer - Speck, Wurst, K\u00e4se","article_publisher":"https:\/\/www.facebook.com\/profile.php?id=100063648246860","article_modified_time":"2025-12-13T13:08:41+00:00","og_image":[{"width":924,"height":1386,"url":"https:\/\/derpsairer.it\/wp-22\/wp-content\/uploads\/2024\/02\/Creme-mit-Balsamicoessig-aus-Modena-klassisch.jpg","type":"image\/jpeg"}],"schema":{"@context":"https:\/\/schema.org","@graph":[{"@type":"WebPage","@id":"https:\/\/derpsairer.it\/it\/produkt\/crema-con-aceto-balsamico-di-modena-classico\/","url":"https:\/\/derpsairer.it\/it\/produkt\/crema-con-aceto-balsamico-di-modena-classico\/","name":"Crema di balsamico Modena classica - Der Psairer - Speck, Wurst, K\u00e4se","isPartOf":{"@id":"https:\/\/derpsairer.it\/it\/#website"},"primaryImageOfPage":{"@id":"https:\/\/derpsairer.it\/it\/produkt\/crema-con-aceto-balsamico-di-modena-classico\/#primaryimage"},"image":{"@id":"https:\/\/derpsairer.it\/it\/produkt\/crema-con-aceto-balsamico-di-modena-classico\/#primaryimage"},"thumbnailUrl":"https:\/\/derpsairer.it\/wp-22\/wp-content\/uploads\/2024\/02\/Creme-mit-Balsamicoessig-aus-Modena-klassisch.jpg","datePublished":"2024-02-26T08:56:49+00:00","dateModified":"2025-12-13T13:08:41+00:00","description":"Crema di balsamico di Modena con dolcezza delicata e acidit\u00e0 fine. Cremosa, di alta qualit\u00e0 e ideale per insalate, verdure, formaggi e dessert.","breadcrumb":{"@id":"https:\/\/derpsairer.it\/it\/produkt\/crema-con-aceto-balsamico-di-modena-classico\/#breadcrumb"},"inLanguage":"it-IT","potentialAction":[{"@type":"ReadAction","target":["https:\/\/derpsairer.it\/it\/produkt\/crema-con-aceto-balsamico-di-modena-classico\/"]}]},{"@type":"ImageObject","inLanguage":"it-IT","@id":"https:\/\/derpsairer.it\/it\/produkt\/crema-con-aceto-balsamico-di-modena-classico\/#primaryimage","url":"https:\/\/derpsairer.it\/wp-22\/wp-content\/uploads\/2024\/02\/Creme-mit-Balsamicoessig-aus-Modena-klassisch.jpg","contentUrl":"https:\/\/derpsairer.it\/wp-22\/wp-content\/uploads\/2024\/02\/Creme-mit-Balsamicoessig-aus-Modena-klassisch.jpg","width":924,"height":1386},{"@type":"BreadcrumbList","@id":"https:\/\/derpsairer.it\/it\/produkt\/crema-con-aceto-balsamico-di-modena-classico\/#breadcrumb","itemListElement":[{"@type":"ListItem","position":1,"name":"Home","item":"https:\/\/derpsairer.it\/it\/il-negozio-di-speck-der-psairer\/"},{"@type":"ListItem","position":2,"name":"Shop","item":"https:\/\/derpsairer.it\/shop\/"},{"@type":"ListItem","position":3,"name":"Crema di balsamico di Modena \u2013 classica e cremosa"}]},{"@type":"WebSite","@id":"https:\/\/derpsairer.it\/it\/#website","url":"https:\/\/derpsairer.it\/it\/","name":"Der Psairer - Speck, Wurst, K\u00e4se","description":"Speck, Wurst und K\u00e4s aus Passeiertal in S\u00fcdtirol online bestellen.","publisher":{"@id":"https:\/\/derpsairer.it\/it\/#organization"},"potentialAction":[{"@type":"SearchAction","target":{"@type":"EntryPoint","urlTemplate":"https:\/\/derpsairer.it\/it\/?s={search_term_string}"},"query-input":{"@type":"PropertyValueSpecification","valueRequired":true,"valueName":"search_term_string"}}],"inLanguage":"it-IT"},{"@type":"Organization","@id":"https:\/\/derpsairer.it\/it\/#organization","name":"Der Psairer - Speck, Wurst, K\u00e4se","url":"https:\/\/derpsairer.it\/it\/","logo":{"@type":"ImageObject","inLanguage":"it-IT","@id":"https:\/\/derpsairer.it\/it\/#\/schema\/logo\/image\/","url":"https:\/\/derpsairer.it\/wp-22\/wp-content\/uploads\/2020\/03\/DER-PSAIRER-LOGO-2x.png","contentUrl":"https:\/\/derpsairer.it\/wp-22\/wp-content\/uploads\/2020\/03\/DER-PSAIRER-LOGO-2x.png","width":500,"height":500,"caption":"Der Psairer - Speck, Wurst, K\u00e4se"},"image":{"@id":"https:\/\/derpsairer.it\/it\/#\/schema\/logo\/image\/"},"sameAs":["https:\/\/www.facebook.com\/profile.php?id=100063648246860"]}]}},"_links":{"self":[{"href":"https:\/\/derpsairer.it\/it\/wp-json\/wp\/v2\/product\/5474","targetHints":{"allow":["GET"]}}],"collection":[{"href":"https:\/\/derpsairer.it\/it\/wp-json\/wp\/v2\/product"}],"about":[{"href":"https:\/\/derpsairer.it\/it\/wp-json\/wp\/v2\/types\/product"}],"wp:featuredmedia":[{"embeddable":true,"href":"https:\/\/derpsairer.it\/it\/wp-json\/wp\/v2\/media\/5680"}],"wp:attachment":[{"href":"https:\/\/derpsairer.it\/it\/wp-json\/wp\/v2\/media?parent=5474"}],"wp:term":[{"taxonomy":"product_brand","embeddable":true,"href":"https:\/\/derpsairer.it\/it\/wp-json\/wp\/v2\/product_brand?post=5474"},{"taxonomy":"product_cat","embeddable":true,"href":"https:\/\/derpsairer.it\/it\/wp-json\/wp\/v2\/product_cat?post=5474"},{"taxonomy":"product_tag","embeddable":true,"href":"https:\/\/derpsairer.it\/it\/wp-json\/wp\/v2\/product_tag?post=5474"}],"curies":[{"name":"wp","href":"https:\/\/api.w.org\/{rel}","templated":true}]}}