{"id":5479,"date":"2024-02-26T08:36:56","date_gmt":"2024-02-26T07:36:56","guid":{"rendered":"https:\/\/derpsairer.it\/produkt\/risotto-con-verdure\/"},"modified":"2025-12-13T14:43:11","modified_gmt":"2025-12-13T13:43:11","slug":"risotto-con-verdure","status":"publish","type":"product","link":"https:\/\/derpsairer.it\/it\/produkt\/risotto-con-verdure\/","title":{"rendered":"Risotto ai funghi porcini \u2013 cremosa miscela di riso italiana"},"content":{"rendered":"<p data-start=\"72\" data-end=\"545\">Questo risotto ai funghi porcini combina pregiato riso italiano per risotto con una miscela finemente bilanciata di funghi porcini ed erbe aromatiche. I chicchi compatti cuociono in modo uniforme, rimangono piacevolmente al dente e sviluppano una consistenza cremosa con un aroma equilibrato. Ideale come piatto principale, pasto vegetariano o come contorno a carne e pesce. Confezionato sottovuoto per un sapore pieno e una preparazione semplice come in una trattoria italiana.   <\/p>\n<p>Contenuto: 250 g<\/p>\n","protected":false},"excerpt":{"rendered":"<p>\u2022 Riso per risotto di alta qualit\u00e0<br data-start=\"927\" data-end=\"930\">\u2022 Miscela di funghi porcini bilanciata<br data-start=\"958\" data-end=\"961\">\u2022 Consistenza cremosa<br data-start=\"977\" data-end=\"980\">\u2022 Rimane al dente<br data-start=\"997\" data-end=\"1000\">\u2022 Confezionato sottovuoto per un aroma intenso<\/p>\n","protected":false},"featured_media":5481,"template":"","meta":[],"product_brand":[],"product_cat":[191],"product_tag":[3128,2364,341,282,3130,3129,343,1696,2535],"class_list":{"0":"post-5479","1":"product","2":"type-product","3":"status-publish","4":"has-post-thumbnail","6":"product_cat-altre-delizie","7":"product_tag-al-dente","8":"product_tag-cremoso","9":"product_tag-cucina-italiana","10":"product_tag-feinkost","11":"product_tag-miscela-di-riso","12":"product_tag-riso-per-risotti","13":"product_tag-risotto","14":"product_tag-vegetariano","15":"product_tag-verdure","17":"first","18":"instock","19":"shipping-taxable","20":"purchasable","21":"product-type-simple"},"yoast_head":"<!-- This site is optimized with the Yoast SEO plugin v27.4 - https:\/\/yoast.com\/product\/yoast-seo-wordpress\/ -->\n<title>Risotto con verdure \u2013 Specialit\u00e0 italiana - Der Psairer - Speck, Wurst, K\u00e4se<\/title>\n<meta name=\"description\" content=\"Risotto ai funghi porcini a base di pregiato riso italiano per risotto. Cremoso, aromatico e ideale come piatto principale o contorno.\" \/>\n<meta name=\"robots\" content=\"index, follow, max-snippet:-1, max-image-preview:large, max-video-preview:-1\" \/>\n<link rel=\"canonical\" href=\"https:\/\/derpsairer.it\/it\/produkt\/risotto-con-verdure\/\" \/>\n<meta property=\"og:locale\" content=\"it_IT\" \/>\n<meta property=\"og:type\" content=\"article\" \/>\n<meta property=\"og:title\" content=\"Risotto con verdure \u2013 Specialit\u00e0 italiana - Der Psairer - Speck, Wurst, K\u00e4se\" \/>\n<meta property=\"og:description\" content=\"Risotto ai funghi porcini a base di pregiato riso italiano per risotto. Cremoso, aromatico e ideale come piatto principale o contorno.\" \/>\n<meta property=\"og:url\" content=\"https:\/\/derpsairer.it\/it\/produkt\/risotto-con-verdure\/\" \/>\n<meta property=\"og:site_name\" content=\"Der Psairer - Speck, Wurst, K\u00e4se\" \/>\n<meta property=\"article:publisher\" content=\"https:\/\/www.facebook.com\/profile.php?id=100063648246860\" \/>\n<meta property=\"article:modified_time\" content=\"2025-12-13T13:43:11+00:00\" \/>\n<meta property=\"og:image\" content=\"https:\/\/derpsairer.it\/wp-22\/wp-content\/uploads\/2024\/02\/carnaroli-reis-gemuese-250-g-atm.webp\" \/>\n\t<meta property=\"og:image:width\" content=\"1200\" \/>\n\t<meta property=\"og:image:height\" content=\"1200\" \/>\n\t<meta property=\"og:image:type\" content=\"image\/webp\" \/>\n<script type=\"application\/ld+json\" class=\"yoast-schema-graph\">{\"@context\":\"https:\\\/\\\/schema.org\",\"@graph\":[{\"@type\":\"WebPage\",\"@id\":\"https:\\\/\\\/derpsairer.it\\\/it\\\/produkt\\\/risotto-con-verdure\\\/\",\"url\":\"https:\\\/\\\/derpsairer.it\\\/it\\\/produkt\\\/risotto-con-verdure\\\/\",\"name\":\"Risotto con verdure \u2013 Specialit\u00e0 italiana - Der Psairer - Speck, Wurst, K\u00e4se\",\"isPartOf\":{\"@id\":\"https:\\\/\\\/derpsairer.it\\\/it\\\/#website\"},\"primaryImageOfPage\":{\"@id\":\"https:\\\/\\\/derpsairer.it\\\/it\\\/produkt\\\/risotto-con-verdure\\\/#primaryimage\"},\"image\":{\"@id\":\"https:\\\/\\\/derpsairer.it\\\/it\\\/produkt\\\/risotto-con-verdure\\\/#primaryimage\"},\"thumbnailUrl\":\"https:\\\/\\\/derpsairer.it\\\/wp-22\\\/wp-content\\\/uploads\\\/2024\\\/02\\\/carnaroli-reis-gemuese-250-g-atm.webp\",\"datePublished\":\"2024-02-26T07:36:56+00:00\",\"dateModified\":\"2025-12-13T13:43:11+00:00\",\"description\":\"Risotto ai funghi porcini a base di pregiato riso italiano per risotto. Cremoso, aromatico e ideale come piatto principale o contorno.\",\"breadcrumb\":{\"@id\":\"https:\\\/\\\/derpsairer.it\\\/it\\\/produkt\\\/risotto-con-verdure\\\/#breadcrumb\"},\"inLanguage\":\"it-IT\",\"potentialAction\":[{\"@type\":\"ReadAction\",\"target\":[\"https:\\\/\\\/derpsairer.it\\\/it\\\/produkt\\\/risotto-con-verdure\\\/\"]}]},{\"@type\":\"ImageObject\",\"inLanguage\":\"it-IT\",\"@id\":\"https:\\\/\\\/derpsairer.it\\\/it\\\/produkt\\\/risotto-con-verdure\\\/#primaryimage\",\"url\":\"https:\\\/\\\/derpsairer.it\\\/wp-22\\\/wp-content\\\/uploads\\\/2024\\\/02\\\/carnaroli-reis-gemuese-250-g-atm.webp\",\"contentUrl\":\"https:\\\/\\\/derpsairer.it\\\/wp-22\\\/wp-content\\\/uploads\\\/2024\\\/02\\\/carnaroli-reis-gemuese-250-g-atm.webp\",\"width\":1200,\"height\":1200},{\"@type\":\"BreadcrumbList\",\"@id\":\"https:\\\/\\\/derpsairer.it\\\/it\\\/produkt\\\/risotto-con-verdure\\\/#breadcrumb\",\"itemListElement\":[{\"@type\":\"ListItem\",\"position\":1,\"name\":\"Home\",\"item\":\"https:\\\/\\\/derpsairer.it\\\/it\\\/il-negozio-di-speck-der-psairer\\\/\"},{\"@type\":\"ListItem\",\"position\":2,\"name\":\"Shop\",\"item\":\"https:\\\/\\\/derpsairer.it\\\/shop\\\/\"},{\"@type\":\"ListItem\",\"position\":3,\"name\":\"Risotto ai funghi porcini \u2013 cremosa miscela di riso italiana\"}]},{\"@type\":\"WebSite\",\"@id\":\"https:\\\/\\\/derpsairer.it\\\/it\\\/#website\",\"url\":\"https:\\\/\\\/derpsairer.it\\\/it\\\/\",\"name\":\"Der Psairer - Speck, Wurst, K\u00e4se\",\"description\":\"Speck, Wurst und K\u00e4s aus Passeiertal in S\u00fcdtirol online bestellen.\",\"publisher\":{\"@id\":\"https:\\\/\\\/derpsairer.it\\\/it\\\/#organization\"},\"potentialAction\":[{\"@type\":\"SearchAction\",\"target\":{\"@type\":\"EntryPoint\",\"urlTemplate\":\"https:\\\/\\\/derpsairer.it\\\/it\\\/?s={search_term_string}\"},\"query-input\":{\"@type\":\"PropertyValueSpecification\",\"valueRequired\":true,\"valueName\":\"search_term_string\"}}],\"inLanguage\":\"it-IT\"},{\"@type\":\"Organization\",\"@id\":\"https:\\\/\\\/derpsairer.it\\\/it\\\/#organization\",\"name\":\"Der Psairer - Speck, Wurst, K\u00e4se\",\"url\":\"https:\\\/\\\/derpsairer.it\\\/it\\\/\",\"logo\":{\"@type\":\"ImageObject\",\"inLanguage\":\"it-IT\",\"@id\":\"https:\\\/\\\/derpsairer.it\\\/it\\\/#\\\/schema\\\/logo\\\/image\\\/\",\"url\":\"https:\\\/\\\/derpsairer.it\\\/wp-22\\\/wp-content\\\/uploads\\\/2020\\\/03\\\/DER-PSAIRER-LOGO-2x.png\",\"contentUrl\":\"https:\\\/\\\/derpsairer.it\\\/wp-22\\\/wp-content\\\/uploads\\\/2020\\\/03\\\/DER-PSAIRER-LOGO-2x.png\",\"width\":500,\"height\":500,\"caption\":\"Der Psairer - Speck, Wurst, K\u00e4se\"},\"image\":{\"@id\":\"https:\\\/\\\/derpsairer.it\\\/it\\\/#\\\/schema\\\/logo\\\/image\\\/\"},\"sameAs\":[\"https:\\\/\\\/www.facebook.com\\\/profile.php?id=100063648246860\"]}]}<\/script>\n<!-- \/ Yoast SEO plugin. -->","yoast_head_json":{"title":"Risotto con verdure \u2013 Specialit\u00e0 italiana - Der Psairer - Speck, Wurst, K\u00e4se","description":"Risotto ai funghi porcini a base di pregiato riso italiano per risotto. Cremoso, aromatico e ideale come piatto principale o contorno.","robots":{"index":"index","follow":"follow","max-snippet":"max-snippet:-1","max-image-preview":"max-image-preview:large","max-video-preview":"max-video-preview:-1"},"canonical":"https:\/\/derpsairer.it\/it\/produkt\/risotto-con-verdure\/","og_locale":"it_IT","og_type":"article","og_title":"Risotto con verdure \u2013 Specialit\u00e0 italiana - Der Psairer - Speck, Wurst, K\u00e4se","og_description":"Risotto ai funghi porcini a base di pregiato riso italiano per risotto. Cremoso, aromatico e ideale come piatto principale o contorno.","og_url":"https:\/\/derpsairer.it\/it\/produkt\/risotto-con-verdure\/","og_site_name":"Der Psairer - Speck, Wurst, K\u00e4se","article_publisher":"https:\/\/www.facebook.com\/profile.php?id=100063648246860","article_modified_time":"2025-12-13T13:43:11+00:00","og_image":[{"width":1200,"height":1200,"url":"https:\/\/derpsairer.it\/wp-22\/wp-content\/uploads\/2024\/02\/carnaroli-reis-gemuese-250-g-atm.webp","type":"image\/webp"}],"schema":{"@context":"https:\/\/schema.org","@graph":[{"@type":"WebPage","@id":"https:\/\/derpsairer.it\/it\/produkt\/risotto-con-verdure\/","url":"https:\/\/derpsairer.it\/it\/produkt\/risotto-con-verdure\/","name":"Risotto con verdure \u2013 Specialit\u00e0 italiana - Der Psairer - Speck, Wurst, K\u00e4se","isPartOf":{"@id":"https:\/\/derpsairer.it\/it\/#website"},"primaryImageOfPage":{"@id":"https:\/\/derpsairer.it\/it\/produkt\/risotto-con-verdure\/#primaryimage"},"image":{"@id":"https:\/\/derpsairer.it\/it\/produkt\/risotto-con-verdure\/#primaryimage"},"thumbnailUrl":"https:\/\/derpsairer.it\/wp-22\/wp-content\/uploads\/2024\/02\/carnaroli-reis-gemuese-250-g-atm.webp","datePublished":"2024-02-26T07:36:56+00:00","dateModified":"2025-12-13T13:43:11+00:00","description":"Risotto ai funghi porcini a base di pregiato riso italiano per risotto. Cremoso, aromatico e ideale come piatto principale o contorno.","breadcrumb":{"@id":"https:\/\/derpsairer.it\/it\/produkt\/risotto-con-verdure\/#breadcrumb"},"inLanguage":"it-IT","potentialAction":[{"@type":"ReadAction","target":["https:\/\/derpsairer.it\/it\/produkt\/risotto-con-verdure\/"]}]},{"@type":"ImageObject","inLanguage":"it-IT","@id":"https:\/\/derpsairer.it\/it\/produkt\/risotto-con-verdure\/#primaryimage","url":"https:\/\/derpsairer.it\/wp-22\/wp-content\/uploads\/2024\/02\/carnaroli-reis-gemuese-250-g-atm.webp","contentUrl":"https:\/\/derpsairer.it\/wp-22\/wp-content\/uploads\/2024\/02\/carnaroli-reis-gemuese-250-g-atm.webp","width":1200,"height":1200},{"@type":"BreadcrumbList","@id":"https:\/\/derpsairer.it\/it\/produkt\/risotto-con-verdure\/#breadcrumb","itemListElement":[{"@type":"ListItem","position":1,"name":"Home","item":"https:\/\/derpsairer.it\/it\/il-negozio-di-speck-der-psairer\/"},{"@type":"ListItem","position":2,"name":"Shop","item":"https:\/\/derpsairer.it\/shop\/"},{"@type":"ListItem","position":3,"name":"Risotto ai funghi porcini \u2013 cremosa miscela di riso italiana"}]},{"@type":"WebSite","@id":"https:\/\/derpsairer.it\/it\/#website","url":"https:\/\/derpsairer.it\/it\/","name":"Der Psairer - Speck, Wurst, K\u00e4se","description":"Speck, Wurst und K\u00e4s aus Passeiertal in S\u00fcdtirol online bestellen.","publisher":{"@id":"https:\/\/derpsairer.it\/it\/#organization"},"potentialAction":[{"@type":"SearchAction","target":{"@type":"EntryPoint","urlTemplate":"https:\/\/derpsairer.it\/it\/?s={search_term_string}"},"query-input":{"@type":"PropertyValueSpecification","valueRequired":true,"valueName":"search_term_string"}}],"inLanguage":"it-IT"},{"@type":"Organization","@id":"https:\/\/derpsairer.it\/it\/#organization","name":"Der Psairer - Speck, Wurst, K\u00e4se","url":"https:\/\/derpsairer.it\/it\/","logo":{"@type":"ImageObject","inLanguage":"it-IT","@id":"https:\/\/derpsairer.it\/it\/#\/schema\/logo\/image\/","url":"https:\/\/derpsairer.it\/wp-22\/wp-content\/uploads\/2020\/03\/DER-PSAIRER-LOGO-2x.png","contentUrl":"https:\/\/derpsairer.it\/wp-22\/wp-content\/uploads\/2020\/03\/DER-PSAIRER-LOGO-2x.png","width":500,"height":500,"caption":"Der Psairer - Speck, Wurst, K\u00e4se"},"image":{"@id":"https:\/\/derpsairer.it\/it\/#\/schema\/logo\/image\/"},"sameAs":["https:\/\/www.facebook.com\/profile.php?id=100063648246860"]}]}},"_links":{"self":[{"href":"https:\/\/derpsairer.it\/it\/wp-json\/wp\/v2\/product\/5479","targetHints":{"allow":["GET"]}}],"collection":[{"href":"https:\/\/derpsairer.it\/it\/wp-json\/wp\/v2\/product"}],"about":[{"href":"https:\/\/derpsairer.it\/it\/wp-json\/wp\/v2\/types\/product"}],"wp:featuredmedia":[{"embeddable":true,"href":"https:\/\/derpsairer.it\/it\/wp-json\/wp\/v2\/media\/5481"}],"wp:attachment":[{"href":"https:\/\/derpsairer.it\/it\/wp-json\/wp\/v2\/media?parent=5479"}],"wp:term":[{"taxonomy":"product_brand","embeddable":true,"href":"https:\/\/derpsairer.it\/it\/wp-json\/wp\/v2\/product_brand?post=5479"},{"taxonomy":"product_cat","embeddable":true,"href":"https:\/\/derpsairer.it\/it\/wp-json\/wp\/v2\/product_cat?post=5479"},{"taxonomy":"product_tag","embeddable":true,"href":"https:\/\/derpsairer.it\/it\/wp-json\/wp\/v2\/product_tag?post=5479"}],"curies":[{"name":"wp","href":"https:\/\/api.w.org\/{rel}","templated":true}]}}