{"id":5483,"date":"2024-02-26T08:35:39","date_gmt":"2024-02-26T07:35:39","guid":{"rendered":"https:\/\/derpsairer.it\/produkt\/risotto-con-asparagi\/"},"modified":"2025-12-13T14:10:20","modified_gmt":"2025-12-13T13:10:20","slug":"risotto-con-asparagi","status":"publish","type":"product","link":"https:\/\/derpsairer.it\/it\/produkt\/risotto-con-asparagi\/","title":{"rendered":"Risotto agli asparagi \u2013 raffinato risotto italiano agli asparagi"},"content":{"rendered":"<p data-start=\"75\" data-end=\"538\">Questo risotto agli asparagi combina riso per risotti italiano di alta qualit\u00e0 con asparagi verdi ed erbe aromatiche per creare un piatto cremoso ed equilibrato. Il delicato sapore di asparagi conferisce al risotto freschezza ed eleganza, mentre i chicchi di riso compatti cuociono in modo uniforme e rimangono piacevolmente al dente. Ideale come piatto principale, come contorno raffinato per pesce o pollame o come specialit\u00e0 vegetariana della cucina italiana.  <\/p>\n<p>Contenuto: 250 g<\/p>\n","protected":false},"excerpt":{"rendered":"<p>\u2022 Delicato sapore di asparagi<br data-start=\"929\" data-end=\"932\">\u2022 Riso per risotti di alta qualit\u00e0<br data-start=\"958\" data-end=\"961\">\u2022 Consistenza cremosa<br data-start=\"981\" data-end=\"984\">\u2022 Rimane al dente<br data-start=\"1001\" data-end=\"1004\">\u2022 Per circa 3 persone<\/p>\n","protected":false},"featured_media":5485,"template":"","meta":[],"product_brand":[],"product_cat":[191],"product_tag":[3128,1871,2364,341,282,3130,3129,343],"class_list":{"0":"post-5483","1":"product","2":"type-product","3":"status-publish","4":"has-post-thumbnail","6":"product_cat-altre-delizie","7":"product_tag-al-dente","8":"product_tag-asparagi","9":"product_tag-cremoso","10":"product_tag-cucina-italiana","11":"product_tag-feinkost","12":"product_tag-miscela-di-riso","13":"product_tag-riso-per-risotti","14":"product_tag-risotto","16":"first","17":"instock","18":"shipping-taxable","19":"purchasable","20":"product-type-simple"},"yoast_head":"<!-- This site is optimized with the Yoast SEO plugin v27.3 - https:\/\/yoast.com\/product\/yoast-seo-wordpress\/ -->\n<title>Risotto agli asparagi \u2013 Cremoso piatto di riso italiano - Der Psairer - Speck, Wurst, K\u00e4se<\/title>\n<meta name=\"description\" content=\"Risotto agli asparagi a base di riso per risotti italiano di alta qualit\u00e0. Cremoso, aromatico e ideale come piatto principale o contorno raffinato.\" \/>\n<meta name=\"robots\" content=\"index, follow, max-snippet:-1, max-image-preview:large, max-video-preview:-1\" \/>\n<link rel=\"canonical\" href=\"https:\/\/derpsairer.it\/it\/produkt\/risotto-con-asparagi\/\" \/>\n<meta property=\"og:locale\" content=\"it_IT\" \/>\n<meta property=\"og:type\" content=\"article\" \/>\n<meta property=\"og:title\" content=\"Risotto agli asparagi \u2013 Cremoso piatto di riso italiano - Der Psairer - Speck, Wurst, K\u00e4se\" \/>\n<meta property=\"og:description\" content=\"Risotto agli asparagi a base di riso per risotti italiano di alta qualit\u00e0. Cremoso, aromatico e ideale come piatto principale o contorno raffinato.\" \/>\n<meta property=\"og:url\" content=\"https:\/\/derpsairer.it\/it\/produkt\/risotto-con-asparagi\/\" \/>\n<meta property=\"og:site_name\" content=\"Der Psairer - Speck, Wurst, K\u00e4se\" \/>\n<meta property=\"article:publisher\" content=\"https:\/\/www.facebook.com\/profile.php?id=100063648246860\" \/>\n<meta property=\"article:modified_time\" content=\"2025-12-13T13:10:20+00:00\" \/>\n<meta property=\"og:image\" content=\"https:\/\/derpsairer.it\/wp-22\/wp-content\/uploads\/2024\/02\/carnaroli-reis-spargel-250-g-atm.webp\" \/>\n\t<meta property=\"og:image:width\" content=\"1200\" \/>\n\t<meta property=\"og:image:height\" content=\"1200\" \/>\n\t<meta property=\"og:image:type\" content=\"image\/webp\" \/>\n<script type=\"application\/ld+json\" class=\"yoast-schema-graph\">{\"@context\":\"https:\\\/\\\/schema.org\",\"@graph\":[{\"@type\":\"WebPage\",\"@id\":\"https:\\\/\\\/derpsairer.it\\\/it\\\/produkt\\\/risotto-con-asparagi\\\/\",\"url\":\"https:\\\/\\\/derpsairer.it\\\/it\\\/produkt\\\/risotto-con-asparagi\\\/\",\"name\":\"Risotto agli asparagi \u2013 Cremoso piatto di riso italiano - Der Psairer - Speck, Wurst, K\u00e4se\",\"isPartOf\":{\"@id\":\"https:\\\/\\\/derpsairer.it\\\/it\\\/#website\"},\"primaryImageOfPage\":{\"@id\":\"https:\\\/\\\/derpsairer.it\\\/it\\\/produkt\\\/risotto-con-asparagi\\\/#primaryimage\"},\"image\":{\"@id\":\"https:\\\/\\\/derpsairer.it\\\/it\\\/produkt\\\/risotto-con-asparagi\\\/#primaryimage\"},\"thumbnailUrl\":\"https:\\\/\\\/derpsairer.it\\\/wp-22\\\/wp-content\\\/uploads\\\/2024\\\/02\\\/carnaroli-reis-spargel-250-g-atm.webp\",\"datePublished\":\"2024-02-26T07:35:39+00:00\",\"dateModified\":\"2025-12-13T13:10:20+00:00\",\"description\":\"Risotto agli asparagi a base di riso per risotti italiano di alta qualit\u00e0. Cremoso, aromatico e ideale come piatto principale o contorno raffinato.\",\"breadcrumb\":{\"@id\":\"https:\\\/\\\/derpsairer.it\\\/it\\\/produkt\\\/risotto-con-asparagi\\\/#breadcrumb\"},\"inLanguage\":\"it-IT\",\"potentialAction\":[{\"@type\":\"ReadAction\",\"target\":[\"https:\\\/\\\/derpsairer.it\\\/it\\\/produkt\\\/risotto-con-asparagi\\\/\"]}]},{\"@type\":\"ImageObject\",\"inLanguage\":\"it-IT\",\"@id\":\"https:\\\/\\\/derpsairer.it\\\/it\\\/produkt\\\/risotto-con-asparagi\\\/#primaryimage\",\"url\":\"https:\\\/\\\/derpsairer.it\\\/wp-22\\\/wp-content\\\/uploads\\\/2024\\\/02\\\/carnaroli-reis-spargel-250-g-atm.webp\",\"contentUrl\":\"https:\\\/\\\/derpsairer.it\\\/wp-22\\\/wp-content\\\/uploads\\\/2024\\\/02\\\/carnaroli-reis-spargel-250-g-atm.webp\",\"width\":1200,\"height\":1200},{\"@type\":\"BreadcrumbList\",\"@id\":\"https:\\\/\\\/derpsairer.it\\\/it\\\/produkt\\\/risotto-con-asparagi\\\/#breadcrumb\",\"itemListElement\":[{\"@type\":\"ListItem\",\"position\":1,\"name\":\"Home\",\"item\":\"https:\\\/\\\/derpsairer.it\\\/it\\\/il-negozio-di-speck-der-psairer\\\/\"},{\"@type\":\"ListItem\",\"position\":2,\"name\":\"Shop\",\"item\":\"https:\\\/\\\/derpsairer.it\\\/shop\\\/\"},{\"@type\":\"ListItem\",\"position\":3,\"name\":\"Risotto agli asparagi \u2013 raffinato risotto italiano agli asparagi\"}]},{\"@type\":\"WebSite\",\"@id\":\"https:\\\/\\\/derpsairer.it\\\/it\\\/#website\",\"url\":\"https:\\\/\\\/derpsairer.it\\\/it\\\/\",\"name\":\"Der Psairer - Speck, Wurst, K\u00e4se\",\"description\":\"Speck, Wurst und K\u00e4s aus Passeiertal in S\u00fcdtirol online bestellen.\",\"publisher\":{\"@id\":\"https:\\\/\\\/derpsairer.it\\\/it\\\/#organization\"},\"potentialAction\":[{\"@type\":\"SearchAction\",\"target\":{\"@type\":\"EntryPoint\",\"urlTemplate\":\"https:\\\/\\\/derpsairer.it\\\/it\\\/?s={search_term_string}\"},\"query-input\":{\"@type\":\"PropertyValueSpecification\",\"valueRequired\":true,\"valueName\":\"search_term_string\"}}],\"inLanguage\":\"it-IT\"},{\"@type\":\"Organization\",\"@id\":\"https:\\\/\\\/derpsairer.it\\\/it\\\/#organization\",\"name\":\"Der Psairer - Speck, Wurst, K\u00e4se\",\"url\":\"https:\\\/\\\/derpsairer.it\\\/it\\\/\",\"logo\":{\"@type\":\"ImageObject\",\"inLanguage\":\"it-IT\",\"@id\":\"https:\\\/\\\/derpsairer.it\\\/it\\\/#\\\/schema\\\/logo\\\/image\\\/\",\"url\":\"https:\\\/\\\/derpsairer.it\\\/wp-22\\\/wp-content\\\/uploads\\\/2020\\\/03\\\/DER-PSAIRER-LOGO-2x.png\",\"contentUrl\":\"https:\\\/\\\/derpsairer.it\\\/wp-22\\\/wp-content\\\/uploads\\\/2020\\\/03\\\/DER-PSAIRER-LOGO-2x.png\",\"width\":500,\"height\":500,\"caption\":\"Der Psairer - Speck, Wurst, K\u00e4se\"},\"image\":{\"@id\":\"https:\\\/\\\/derpsairer.it\\\/it\\\/#\\\/schema\\\/logo\\\/image\\\/\"},\"sameAs\":[\"https:\\\/\\\/www.facebook.com\\\/profile.php?id=100063648246860\"]}]}<\/script>\n<!-- \/ Yoast SEO plugin. -->","yoast_head_json":{"title":"Risotto agli asparagi \u2013 Cremoso piatto di riso italiano - Der Psairer - Speck, Wurst, K\u00e4se","description":"Risotto agli asparagi a base di riso per risotti italiano di alta qualit\u00e0. Cremoso, aromatico e ideale come piatto principale o contorno raffinato.","robots":{"index":"index","follow":"follow","max-snippet":"max-snippet:-1","max-image-preview":"max-image-preview:large","max-video-preview":"max-video-preview:-1"},"canonical":"https:\/\/derpsairer.it\/it\/produkt\/risotto-con-asparagi\/","og_locale":"it_IT","og_type":"article","og_title":"Risotto agli asparagi \u2013 Cremoso piatto di riso italiano - Der Psairer - Speck, Wurst, K\u00e4se","og_description":"Risotto agli asparagi a base di riso per risotti italiano di alta qualit\u00e0. Cremoso, aromatico e ideale come piatto principale o contorno raffinato.","og_url":"https:\/\/derpsairer.it\/it\/produkt\/risotto-con-asparagi\/","og_site_name":"Der Psairer - Speck, Wurst, K\u00e4se","article_publisher":"https:\/\/www.facebook.com\/profile.php?id=100063648246860","article_modified_time":"2025-12-13T13:10:20+00:00","og_image":[{"width":1200,"height":1200,"url":"https:\/\/derpsairer.it\/wp-22\/wp-content\/uploads\/2024\/02\/carnaroli-reis-spargel-250-g-atm.webp","type":"image\/webp"}],"schema":{"@context":"https:\/\/schema.org","@graph":[{"@type":"WebPage","@id":"https:\/\/derpsairer.it\/it\/produkt\/risotto-con-asparagi\/","url":"https:\/\/derpsairer.it\/it\/produkt\/risotto-con-asparagi\/","name":"Risotto agli asparagi \u2013 Cremoso piatto di riso italiano - Der Psairer - Speck, Wurst, K\u00e4se","isPartOf":{"@id":"https:\/\/derpsairer.it\/it\/#website"},"primaryImageOfPage":{"@id":"https:\/\/derpsairer.it\/it\/produkt\/risotto-con-asparagi\/#primaryimage"},"image":{"@id":"https:\/\/derpsairer.it\/it\/produkt\/risotto-con-asparagi\/#primaryimage"},"thumbnailUrl":"https:\/\/derpsairer.it\/wp-22\/wp-content\/uploads\/2024\/02\/carnaroli-reis-spargel-250-g-atm.webp","datePublished":"2024-02-26T07:35:39+00:00","dateModified":"2025-12-13T13:10:20+00:00","description":"Risotto agli asparagi a base di riso per risotti italiano di alta qualit\u00e0. Cremoso, aromatico e ideale come piatto principale o contorno raffinato.","breadcrumb":{"@id":"https:\/\/derpsairer.it\/it\/produkt\/risotto-con-asparagi\/#breadcrumb"},"inLanguage":"it-IT","potentialAction":[{"@type":"ReadAction","target":["https:\/\/derpsairer.it\/it\/produkt\/risotto-con-asparagi\/"]}]},{"@type":"ImageObject","inLanguage":"it-IT","@id":"https:\/\/derpsairer.it\/it\/produkt\/risotto-con-asparagi\/#primaryimage","url":"https:\/\/derpsairer.it\/wp-22\/wp-content\/uploads\/2024\/02\/carnaroli-reis-spargel-250-g-atm.webp","contentUrl":"https:\/\/derpsairer.it\/wp-22\/wp-content\/uploads\/2024\/02\/carnaroli-reis-spargel-250-g-atm.webp","width":1200,"height":1200},{"@type":"BreadcrumbList","@id":"https:\/\/derpsairer.it\/it\/produkt\/risotto-con-asparagi\/#breadcrumb","itemListElement":[{"@type":"ListItem","position":1,"name":"Home","item":"https:\/\/derpsairer.it\/it\/il-negozio-di-speck-der-psairer\/"},{"@type":"ListItem","position":2,"name":"Shop","item":"https:\/\/derpsairer.it\/shop\/"},{"@type":"ListItem","position":3,"name":"Risotto agli asparagi \u2013 raffinato risotto italiano agli asparagi"}]},{"@type":"WebSite","@id":"https:\/\/derpsairer.it\/it\/#website","url":"https:\/\/derpsairer.it\/it\/","name":"Der Psairer - Speck, Wurst, K\u00e4se","description":"Speck, Wurst und K\u00e4s aus Passeiertal in S\u00fcdtirol online bestellen.","publisher":{"@id":"https:\/\/derpsairer.it\/it\/#organization"},"potentialAction":[{"@type":"SearchAction","target":{"@type":"EntryPoint","urlTemplate":"https:\/\/derpsairer.it\/it\/?s={search_term_string}"},"query-input":{"@type":"PropertyValueSpecification","valueRequired":true,"valueName":"search_term_string"}}],"inLanguage":"it-IT"},{"@type":"Organization","@id":"https:\/\/derpsairer.it\/it\/#organization","name":"Der Psairer - Speck, Wurst, K\u00e4se","url":"https:\/\/derpsairer.it\/it\/","logo":{"@type":"ImageObject","inLanguage":"it-IT","@id":"https:\/\/derpsairer.it\/it\/#\/schema\/logo\/image\/","url":"https:\/\/derpsairer.it\/wp-22\/wp-content\/uploads\/2020\/03\/DER-PSAIRER-LOGO-2x.png","contentUrl":"https:\/\/derpsairer.it\/wp-22\/wp-content\/uploads\/2020\/03\/DER-PSAIRER-LOGO-2x.png","width":500,"height":500,"caption":"Der Psairer - Speck, Wurst, K\u00e4se"},"image":{"@id":"https:\/\/derpsairer.it\/it\/#\/schema\/logo\/image\/"},"sameAs":["https:\/\/www.facebook.com\/profile.php?id=100063648246860"]}]}},"_links":{"self":[{"href":"https:\/\/derpsairer.it\/it\/wp-json\/wp\/v2\/product\/5483","targetHints":{"allow":["GET"]}}],"collection":[{"href":"https:\/\/derpsairer.it\/it\/wp-json\/wp\/v2\/product"}],"about":[{"href":"https:\/\/derpsairer.it\/it\/wp-json\/wp\/v2\/types\/product"}],"wp:featuredmedia":[{"embeddable":true,"href":"https:\/\/derpsairer.it\/it\/wp-json\/wp\/v2\/media\/5485"}],"wp:attachment":[{"href":"https:\/\/derpsairer.it\/it\/wp-json\/wp\/v2\/media?parent=5483"}],"wp:term":[{"taxonomy":"product_brand","embeddable":true,"href":"https:\/\/derpsairer.it\/it\/wp-json\/wp\/v2\/product_brand?post=5483"},{"taxonomy":"product_cat","embeddable":true,"href":"https:\/\/derpsairer.it\/it\/wp-json\/wp\/v2\/product_cat?post=5483"},{"taxonomy":"product_tag","embeddable":true,"href":"https:\/\/derpsairer.it\/it\/wp-json\/wp\/v2\/product_tag?post=5483"}],"curies":[{"name":"wp","href":"https:\/\/api.w.org\/{rel}","templated":true}]}}