{"id":5484,"date":"2024-02-26T09:53:19","date_gmt":"2024-02-26T08:53:19","guid":{"rendered":"https:\/\/derpsairer.it\/produkt\/sugo-al-parmigiano-reggiano\/"},"modified":"2025-12-13T14:02:14","modified_gmt":"2025-12-13T13:02:14","slug":"sugo-al-parmigiano-reggiano","status":"publish","type":"product","link":"https:\/\/derpsairer.it\/it\/produkt\/sugo-al-parmigiano-reggiano\/","title":{"rendered":"Sugo con Parmigiano Reggiano DOP \u2013 cremosa salsa di pomodoro con formaggio"},"content":{"rendered":"<p data-start=\"78\" data-end=\"486\">Il sugo con Parmigiano Reggiano unisce pomodori maturati al sole con Parmigiano Reggiano DOP originale, creando una salsa cremosa e armoniosamente bilanciata. Il delicato aroma del formaggio completa l&#8217;acidit\u00e0 naturale dei pomodori, garantendo un sapore e una profondit\u00e0 equilibrati. Ideale per pasta, gnocchi, verdure o piatti di carne. Basta scaldare brevemente per vivere un&#8217;autentica esperienza di gusto italiano.   <\/p>\n<p>Contenuto: 350 g.<\/p>\n","protected":false},"excerpt":{"rendered":"<p>\u2022 Con Parmigiano Reggiano DOP<br data-start=\"882\" data-end=\"885\">\u2022 Pomodori maturati al sole<br data-start=\"909\" data-end=\"912\">\u2022 Consistenza cremosa<br data-start=\"932\" data-end=\"935\">\u2022 Preparazione rapida<br data-start=\"955\" data-end=\"958\">\u2022 Per 2\u20134 persone<\/p>\n","protected":false},"featured_media":5486,"template":"","meta":[],"product_brand":[],"product_cat":[191],"product_tag":[2364,341,3122,282,2942,567,556,702,705],"class_list":{"0":"post-5484","1":"product","2":"type-product","3":"status-publish","4":"has-post-thumbnail","6":"product_cat-altre-delizie","7":"product_tag-cremoso","8":"product_tag-cucina-italiana","9":"product_tag-dop","10":"product_tag-feinkost","11":"product_tag-gnocchi","12":"product_tag-parmigiano-reggiano","13":"product_tag-salsa-di-pomodoro","14":"product_tag-salsa-per-pasta-3","15":"product_tag-sugo","17":"first","18":"instock","19":"taxable","20":"shipping-taxable","21":"purchasable","22":"product-type-simple"},"yoast_head":"<!-- This site is optimized with the Yoast SEO plugin v27.5 - https:\/\/yoast.com\/product\/yoast-seo-wordpress\/ -->\n<title>Sugo con Parmigiano Reggiano \u2013 Delizioso sugo per pasta dall&#039;Italia - Der Psairer - Speck, Wurst, K\u00e4se<\/title>\n<meta name=\"description\" content=\"Sugo con Parmigiano Reggiano \u2013 cremosa salsa di pomodoro con Parmigiano Reggiano originale. Delicato, aromatico e perfetto per pasta, gnocchi e carne.\" \/>\n<meta name=\"robots\" content=\"index, follow, max-snippet:-1, max-image-preview:large, max-video-preview:-1\" \/>\n<link rel=\"canonical\" href=\"https:\/\/derpsairer.it\/it\/produkt\/sugo-al-parmigiano-reggiano\/\" \/>\n<meta property=\"og:locale\" content=\"it_IT\" \/>\n<meta property=\"og:type\" content=\"article\" \/>\n<meta property=\"og:title\" content=\"Sugo con Parmigiano Reggiano \u2013 Delizioso sugo per pasta dall&#039;Italia - Der Psairer - Speck, Wurst, K\u00e4se\" \/>\n<meta property=\"og:description\" content=\"Sugo con Parmigiano Reggiano \u2013 cremosa salsa di pomodoro con Parmigiano Reggiano originale. Delicato, aromatico e perfetto per pasta, gnocchi e carne.\" \/>\n<meta property=\"og:url\" content=\"https:\/\/derpsairer.it\/it\/produkt\/sugo-al-parmigiano-reggiano\/\" \/>\n<meta property=\"og:site_name\" content=\"Der Psairer - Speck, Wurst, K\u00e4se\" \/>\n<meta property=\"article:publisher\" content=\"https:\/\/www.facebook.com\/profile.php?id=100063648246860\" \/>\n<meta property=\"article:modified_time\" content=\"2025-12-13T13:02:14+00:00\" \/>\n<meta property=\"og:image\" content=\"https:\/\/derpsairer.it\/wp-22\/wp-content\/uploads\/2024\/02\/pronto-sugo-mit-parmigiano-reggiano-g-u-330-g-e1759310103481.webp\" \/>\n\t<meta property=\"og:image:width\" content=\"812\" \/>\n\t<meta property=\"og:image:height\" content=\"812\" \/>\n\t<meta property=\"og:image:type\" content=\"image\/webp\" \/>\n<script type=\"application\/ld+json\" class=\"yoast-schema-graph\">{\"@context\":\"https:\\\/\\\/schema.org\",\"@graph\":[{\"@type\":\"WebPage\",\"@id\":\"https:\\\/\\\/derpsairer.it\\\/it\\\/produkt\\\/sugo-al-parmigiano-reggiano\\\/\",\"url\":\"https:\\\/\\\/derpsairer.it\\\/it\\\/produkt\\\/sugo-al-parmigiano-reggiano\\\/\",\"name\":\"Sugo con Parmigiano Reggiano \u2013 Delizioso sugo per pasta dall'Italia - Der Psairer - Speck, Wurst, K\u00e4se\",\"isPartOf\":{\"@id\":\"https:\\\/\\\/derpsairer.it\\\/it\\\/#website\"},\"primaryImageOfPage\":{\"@id\":\"https:\\\/\\\/derpsairer.it\\\/it\\\/produkt\\\/sugo-al-parmigiano-reggiano\\\/#primaryimage\"},\"image\":{\"@id\":\"https:\\\/\\\/derpsairer.it\\\/it\\\/produkt\\\/sugo-al-parmigiano-reggiano\\\/#primaryimage\"},\"thumbnailUrl\":\"https:\\\/\\\/derpsairer.it\\\/wp-22\\\/wp-content\\\/uploads\\\/2024\\\/02\\\/pronto-sugo-mit-parmigiano-reggiano-g-u-330-g-e1759310103481.webp\",\"datePublished\":\"2024-02-26T08:53:19+00:00\",\"dateModified\":\"2025-12-13T13:02:14+00:00\",\"description\":\"Sugo con Parmigiano Reggiano \u2013 cremosa salsa di pomodoro con Parmigiano Reggiano originale. Delicato, aromatico e perfetto per pasta, gnocchi e carne.\",\"breadcrumb\":{\"@id\":\"https:\\\/\\\/derpsairer.it\\\/it\\\/produkt\\\/sugo-al-parmigiano-reggiano\\\/#breadcrumb\"},\"inLanguage\":\"it-IT\",\"potentialAction\":[{\"@type\":\"ReadAction\",\"target\":[\"https:\\\/\\\/derpsairer.it\\\/it\\\/produkt\\\/sugo-al-parmigiano-reggiano\\\/\"]}]},{\"@type\":\"ImageObject\",\"inLanguage\":\"it-IT\",\"@id\":\"https:\\\/\\\/derpsairer.it\\\/it\\\/produkt\\\/sugo-al-parmigiano-reggiano\\\/#primaryimage\",\"url\":\"https:\\\/\\\/derpsairer.it\\\/wp-22\\\/wp-content\\\/uploads\\\/2024\\\/02\\\/pronto-sugo-mit-parmigiano-reggiano-g-u-330-g-e1759310103481.webp\",\"contentUrl\":\"https:\\\/\\\/derpsairer.it\\\/wp-22\\\/wp-content\\\/uploads\\\/2024\\\/02\\\/pronto-sugo-mit-parmigiano-reggiano-g-u-330-g-e1759310103481.webp\",\"width\":812,\"height\":812},{\"@type\":\"BreadcrumbList\",\"@id\":\"https:\\\/\\\/derpsairer.it\\\/it\\\/produkt\\\/sugo-al-parmigiano-reggiano\\\/#breadcrumb\",\"itemListElement\":[{\"@type\":\"ListItem\",\"position\":1,\"name\":\"Home\",\"item\":\"https:\\\/\\\/derpsairer.it\\\/it\\\/il-negozio-di-speck-der-psairer\\\/\"},{\"@type\":\"ListItem\",\"position\":2,\"name\":\"Shop\",\"item\":\"https:\\\/\\\/derpsairer.it\\\/shop\\\/\"},{\"@type\":\"ListItem\",\"position\":3,\"name\":\"Sugo con Parmigiano Reggiano DOP \u2013 cremosa salsa di pomodoro con formaggio\"}]},{\"@type\":\"WebSite\",\"@id\":\"https:\\\/\\\/derpsairer.it\\\/it\\\/#website\",\"url\":\"https:\\\/\\\/derpsairer.it\\\/it\\\/\",\"name\":\"Der Psairer - Speck, Wurst, K\u00e4se\",\"description\":\"Speck, Wurst und K\u00e4s aus Passeiertal in S\u00fcdtirol online bestellen.\",\"publisher\":{\"@id\":\"https:\\\/\\\/derpsairer.it\\\/it\\\/#organization\"},\"potentialAction\":[{\"@type\":\"SearchAction\",\"target\":{\"@type\":\"EntryPoint\",\"urlTemplate\":\"https:\\\/\\\/derpsairer.it\\\/it\\\/?s={search_term_string}\"},\"query-input\":{\"@type\":\"PropertyValueSpecification\",\"valueRequired\":true,\"valueName\":\"search_term_string\"}}],\"inLanguage\":\"it-IT\"},{\"@type\":\"Organization\",\"@id\":\"https:\\\/\\\/derpsairer.it\\\/it\\\/#organization\",\"name\":\"Der Psairer - Speck, Wurst, K\u00e4se\",\"url\":\"https:\\\/\\\/derpsairer.it\\\/it\\\/\",\"logo\":{\"@type\":\"ImageObject\",\"inLanguage\":\"it-IT\",\"@id\":\"https:\\\/\\\/derpsairer.it\\\/it\\\/#\\\/schema\\\/logo\\\/image\\\/\",\"url\":\"https:\\\/\\\/derpsairer.it\\\/wp-22\\\/wp-content\\\/uploads\\\/2020\\\/03\\\/DER-PSAIRER-LOGO-2x.png\",\"contentUrl\":\"https:\\\/\\\/derpsairer.it\\\/wp-22\\\/wp-content\\\/uploads\\\/2020\\\/03\\\/DER-PSAIRER-LOGO-2x.png\",\"width\":500,\"height\":500,\"caption\":\"Der Psairer - Speck, Wurst, K\u00e4se\"},\"image\":{\"@id\":\"https:\\\/\\\/derpsairer.it\\\/it\\\/#\\\/schema\\\/logo\\\/image\\\/\"},\"sameAs\":[\"https:\\\/\\\/www.facebook.com\\\/profile.php?id=100063648246860\"]}]}<\/script>\n<!-- \/ Yoast SEO plugin. -->","yoast_head_json":{"title":"Sugo con Parmigiano Reggiano \u2013 Delizioso sugo per pasta dall'Italia - Der Psairer - Speck, Wurst, K\u00e4se","description":"Sugo con Parmigiano Reggiano \u2013 cremosa salsa di pomodoro con Parmigiano Reggiano originale. Delicato, aromatico e perfetto per pasta, gnocchi e carne.","robots":{"index":"index","follow":"follow","max-snippet":"max-snippet:-1","max-image-preview":"max-image-preview:large","max-video-preview":"max-video-preview:-1"},"canonical":"https:\/\/derpsairer.it\/it\/produkt\/sugo-al-parmigiano-reggiano\/","og_locale":"it_IT","og_type":"article","og_title":"Sugo con Parmigiano Reggiano \u2013 Delizioso sugo per pasta dall'Italia - Der Psairer - Speck, Wurst, K\u00e4se","og_description":"Sugo con Parmigiano Reggiano \u2013 cremosa salsa di pomodoro con Parmigiano Reggiano originale. Delicato, aromatico e perfetto per pasta, gnocchi e carne.","og_url":"https:\/\/derpsairer.it\/it\/produkt\/sugo-al-parmigiano-reggiano\/","og_site_name":"Der Psairer - Speck, Wurst, K\u00e4se","article_publisher":"https:\/\/www.facebook.com\/profile.php?id=100063648246860","article_modified_time":"2025-12-13T13:02:14+00:00","og_image":[{"width":812,"height":812,"url":"https:\/\/derpsairer.it\/wp-22\/wp-content\/uploads\/2024\/02\/pronto-sugo-mit-parmigiano-reggiano-g-u-330-g-e1759310103481.webp","type":"image\/webp"}],"schema":{"@context":"https:\/\/schema.org","@graph":[{"@type":"WebPage","@id":"https:\/\/derpsairer.it\/it\/produkt\/sugo-al-parmigiano-reggiano\/","url":"https:\/\/derpsairer.it\/it\/produkt\/sugo-al-parmigiano-reggiano\/","name":"Sugo con Parmigiano Reggiano \u2013 Delizioso sugo per pasta dall'Italia - Der Psairer - Speck, Wurst, K\u00e4se","isPartOf":{"@id":"https:\/\/derpsairer.it\/it\/#website"},"primaryImageOfPage":{"@id":"https:\/\/derpsairer.it\/it\/produkt\/sugo-al-parmigiano-reggiano\/#primaryimage"},"image":{"@id":"https:\/\/derpsairer.it\/it\/produkt\/sugo-al-parmigiano-reggiano\/#primaryimage"},"thumbnailUrl":"https:\/\/derpsairer.it\/wp-22\/wp-content\/uploads\/2024\/02\/pronto-sugo-mit-parmigiano-reggiano-g-u-330-g-e1759310103481.webp","datePublished":"2024-02-26T08:53:19+00:00","dateModified":"2025-12-13T13:02:14+00:00","description":"Sugo con Parmigiano Reggiano \u2013 cremosa salsa di pomodoro con Parmigiano Reggiano originale. Delicato, aromatico e perfetto per pasta, gnocchi e carne.","breadcrumb":{"@id":"https:\/\/derpsairer.it\/it\/produkt\/sugo-al-parmigiano-reggiano\/#breadcrumb"},"inLanguage":"it-IT","potentialAction":[{"@type":"ReadAction","target":["https:\/\/derpsairer.it\/it\/produkt\/sugo-al-parmigiano-reggiano\/"]}]},{"@type":"ImageObject","inLanguage":"it-IT","@id":"https:\/\/derpsairer.it\/it\/produkt\/sugo-al-parmigiano-reggiano\/#primaryimage","url":"https:\/\/derpsairer.it\/wp-22\/wp-content\/uploads\/2024\/02\/pronto-sugo-mit-parmigiano-reggiano-g-u-330-g-e1759310103481.webp","contentUrl":"https:\/\/derpsairer.it\/wp-22\/wp-content\/uploads\/2024\/02\/pronto-sugo-mit-parmigiano-reggiano-g-u-330-g-e1759310103481.webp","width":812,"height":812},{"@type":"BreadcrumbList","@id":"https:\/\/derpsairer.it\/it\/produkt\/sugo-al-parmigiano-reggiano\/#breadcrumb","itemListElement":[{"@type":"ListItem","position":1,"name":"Home","item":"https:\/\/derpsairer.it\/it\/il-negozio-di-speck-der-psairer\/"},{"@type":"ListItem","position":2,"name":"Shop","item":"https:\/\/derpsairer.it\/shop\/"},{"@type":"ListItem","position":3,"name":"Sugo con Parmigiano Reggiano DOP \u2013 cremosa salsa di pomodoro con formaggio"}]},{"@type":"WebSite","@id":"https:\/\/derpsairer.it\/it\/#website","url":"https:\/\/derpsairer.it\/it\/","name":"Der Psairer - Speck, Wurst, K\u00e4se","description":"Speck, Wurst und K\u00e4s aus Passeiertal in S\u00fcdtirol online bestellen.","publisher":{"@id":"https:\/\/derpsairer.it\/it\/#organization"},"potentialAction":[{"@type":"SearchAction","target":{"@type":"EntryPoint","urlTemplate":"https:\/\/derpsairer.it\/it\/?s={search_term_string}"},"query-input":{"@type":"PropertyValueSpecification","valueRequired":true,"valueName":"search_term_string"}}],"inLanguage":"it-IT"},{"@type":"Organization","@id":"https:\/\/derpsairer.it\/it\/#organization","name":"Der Psairer - Speck, Wurst, K\u00e4se","url":"https:\/\/derpsairer.it\/it\/","logo":{"@type":"ImageObject","inLanguage":"it-IT","@id":"https:\/\/derpsairer.it\/it\/#\/schema\/logo\/image\/","url":"https:\/\/derpsairer.it\/wp-22\/wp-content\/uploads\/2020\/03\/DER-PSAIRER-LOGO-2x.png","contentUrl":"https:\/\/derpsairer.it\/wp-22\/wp-content\/uploads\/2020\/03\/DER-PSAIRER-LOGO-2x.png","width":500,"height":500,"caption":"Der Psairer - Speck, Wurst, K\u00e4se"},"image":{"@id":"https:\/\/derpsairer.it\/it\/#\/schema\/logo\/image\/"},"sameAs":["https:\/\/www.facebook.com\/profile.php?id=100063648246860"]}]}},"_links":{"self":[{"href":"https:\/\/derpsairer.it\/it\/wp-json\/wp\/v2\/product\/5484","targetHints":{"allow":["GET"]}}],"collection":[{"href":"https:\/\/derpsairer.it\/it\/wp-json\/wp\/v2\/product"}],"about":[{"href":"https:\/\/derpsairer.it\/it\/wp-json\/wp\/v2\/types\/product"}],"wp:featuredmedia":[{"embeddable":true,"href":"https:\/\/derpsairer.it\/it\/wp-json\/wp\/v2\/media\/5486"}],"wp:attachment":[{"href":"https:\/\/derpsairer.it\/it\/wp-json\/wp\/v2\/media?parent=5484"}],"wp:term":[{"taxonomy":"product_brand","embeddable":true,"href":"https:\/\/derpsairer.it\/it\/wp-json\/wp\/v2\/product_brand?post=5484"},{"taxonomy":"product_cat","embeddable":true,"href":"https:\/\/derpsairer.it\/it\/wp-json\/wp\/v2\/product_cat?post=5484"},{"taxonomy":"product_tag","embeddable":true,"href":"https:\/\/derpsairer.it\/it\/wp-json\/wp\/v2\/product_tag?post=5484"}],"curies":[{"name":"wp","href":"https:\/\/api.w.org\/{rel}","templated":true}]}}