{"id":5491,"date":"2024-02-23T12:00:21","date_gmt":"2024-02-23T11:00:21","guid":{"rendered":"https:\/\/derpsairer.it\/produkt\/cantucci-alle-mandorle\/"},"modified":"2025-12-13T15:08:47","modified_gmt":"2025-12-13T14:08:47","slug":"cantucci-alle-mandorle","status":"publish","type":"product","link":"https:\/\/derpsairer.it\/it\/produkt\/cantucci-alle-mandorle\/","title":{"rendered":"Cantucci alle Mandorle \u2013 croccanti biscotti toscani alle mandorle"},"content":{"rendered":"<p data-start=\"76\" data-end=\"464\">I Cantucci alle Mandorle sono un classico biscotto dell&#8217;arte pasticcera toscana. Cotti con mandorle intere e tradizionalmente tostati due volte in forno, acquisiscono la loro caratteristica croccantezza e un aroma fine, leggermente caramellato. Ideali da accompagnare a caff\u00e8, t\u00e8 o vino da dessert come il Vin Santo e perfetti per piccoli momenti di piacere italiano.  <\/p>\n<p>Contenuto 200 g.<\/p>\n","protected":false},"excerpt":{"rendered":"<p>\u2022 Ricetta originale dalla Toscana<br data-start=\"865\" data-end=\"868\">\u2022 Con mandorle intere<br data-start=\"888\" data-end=\"891\">\u2022 Cotti due volte<br data-start=\"909\" data-end=\"912\">\u2022 Texture croccante<br data-start=\"930\" data-end=\"933\">\u2022 Ideali con caff\u00e8 e vino da dessert<\/p>\n","protected":false},"featured_media":5678,"template":"","meta":[],"product_brand":[],"product_cat":[191],"product_tag":[2046,812,2043,1587,2420,282,1034,2049],"class_list":{"0":"post-5491","1":"product","2":"type-product","3":"status-publish","4":"has-post-thumbnail","6":"product_cat-altre-delizie","7":"product_tag-biscotti-alle-mandorle-2","8":"product_tag-biscotti-italiani","9":"product_tag-cantucci","10":"product_tag-con-il-caffe","11":"product_tag-croccante","12":"product_tag-feinkost","13":"product_tag-idea-regalo","14":"product_tag-toscana","16":"first","17":"instock","18":"shipping-taxable","19":"purchasable","20":"product-type-simple"},"yoast_head":"<!-- This site is optimized with the Yoast SEO plugin v27.4 - https:\/\/yoast.com\/product\/yoast-seo-wordpress\/ -->\n<title>Cantucci alle Mandorle \u2013 Biscotti classici italiani alle mandorle - Der Psairer - Speck, Wurst, K\u00e4se<\/title>\n<meta name=\"description\" content=\"Cantucci alle Mandorle \u2013 biscotti croccanti alle mandorle dall&#039;Italia. Classici, aromatici e perfetti con caff\u00e8, t\u00e8 o vino dolce da dessert.\" \/>\n<meta name=\"robots\" content=\"index, follow, max-snippet:-1, max-image-preview:large, max-video-preview:-1\" \/>\n<link rel=\"canonical\" href=\"https:\/\/derpsairer.it\/it\/produkt\/cantucci-alle-mandorle\/\" \/>\n<meta property=\"og:locale\" content=\"it_IT\" \/>\n<meta property=\"og:type\" content=\"article\" \/>\n<meta property=\"og:title\" content=\"Cantucci alle Mandorle \u2013 Biscotti classici italiani alle mandorle - Der Psairer - Speck, Wurst, K\u00e4se\" \/>\n<meta property=\"og:description\" content=\"Cantucci alle Mandorle \u2013 biscotti croccanti alle mandorle dall&#039;Italia. Classici, aromatici e perfetti con caff\u00e8, t\u00e8 o vino dolce da dessert.\" \/>\n<meta property=\"og:url\" content=\"https:\/\/derpsairer.it\/it\/produkt\/cantucci-alle-mandorle\/\" \/>\n<meta property=\"og:site_name\" content=\"Der Psairer - Speck, Wurst, K\u00e4se\" \/>\n<meta property=\"article:publisher\" content=\"https:\/\/www.facebook.com\/profile.php?id=100063648246860\" \/>\n<meta property=\"article:modified_time\" content=\"2025-12-13T14:08:47+00:00\" \/>\n<meta property=\"og:image\" content=\"https:\/\/derpsairer.it\/wp-22\/wp-content\/uploads\/2024\/02\/Cantucci-alle-Mandorle.jpg\" \/>\n\t<meta property=\"og:image:width\" content=\"822\" \/>\n\t<meta property=\"og:image:height\" content=\"1234\" \/>\n\t<meta property=\"og:image:type\" content=\"image\/jpeg\" \/>\n<script type=\"application\/ld+json\" class=\"yoast-schema-graph\">{\"@context\":\"https:\\\/\\\/schema.org\",\"@graph\":[{\"@type\":\"WebPage\",\"@id\":\"https:\\\/\\\/derpsairer.it\\\/it\\\/produkt\\\/cantucci-alle-mandorle\\\/\",\"url\":\"https:\\\/\\\/derpsairer.it\\\/it\\\/produkt\\\/cantucci-alle-mandorle\\\/\",\"name\":\"Cantucci alle Mandorle \u2013 Biscotti classici italiani alle mandorle - Der Psairer - Speck, Wurst, K\u00e4se\",\"isPartOf\":{\"@id\":\"https:\\\/\\\/derpsairer.it\\\/it\\\/#website\"},\"primaryImageOfPage\":{\"@id\":\"https:\\\/\\\/derpsairer.it\\\/it\\\/produkt\\\/cantucci-alle-mandorle\\\/#primaryimage\"},\"image\":{\"@id\":\"https:\\\/\\\/derpsairer.it\\\/it\\\/produkt\\\/cantucci-alle-mandorle\\\/#primaryimage\"},\"thumbnailUrl\":\"https:\\\/\\\/derpsairer.it\\\/wp-22\\\/wp-content\\\/uploads\\\/2024\\\/02\\\/Cantucci-alle-Mandorle.jpg\",\"datePublished\":\"2024-02-23T11:00:21+00:00\",\"dateModified\":\"2025-12-13T14:08:47+00:00\",\"description\":\"Cantucci alle Mandorle \u2013 biscotti croccanti alle mandorle dall'Italia. Classici, aromatici e perfetti con caff\u00e8, t\u00e8 o vino dolce da dessert.\",\"breadcrumb\":{\"@id\":\"https:\\\/\\\/derpsairer.it\\\/it\\\/produkt\\\/cantucci-alle-mandorle\\\/#breadcrumb\"},\"inLanguage\":\"it-IT\",\"potentialAction\":[{\"@type\":\"ReadAction\",\"target\":[\"https:\\\/\\\/derpsairer.it\\\/it\\\/produkt\\\/cantucci-alle-mandorle\\\/\"]}]},{\"@type\":\"ImageObject\",\"inLanguage\":\"it-IT\",\"@id\":\"https:\\\/\\\/derpsairer.it\\\/it\\\/produkt\\\/cantucci-alle-mandorle\\\/#primaryimage\",\"url\":\"https:\\\/\\\/derpsairer.it\\\/wp-22\\\/wp-content\\\/uploads\\\/2024\\\/02\\\/Cantucci-alle-Mandorle.jpg\",\"contentUrl\":\"https:\\\/\\\/derpsairer.it\\\/wp-22\\\/wp-content\\\/uploads\\\/2024\\\/02\\\/Cantucci-alle-Mandorle.jpg\",\"width\":822,\"height\":1234},{\"@type\":\"BreadcrumbList\",\"@id\":\"https:\\\/\\\/derpsairer.it\\\/it\\\/produkt\\\/cantucci-alle-mandorle\\\/#breadcrumb\",\"itemListElement\":[{\"@type\":\"ListItem\",\"position\":1,\"name\":\"Home\",\"item\":\"https:\\\/\\\/derpsairer.it\\\/it\\\/il-negozio-di-speck-der-psairer\\\/\"},{\"@type\":\"ListItem\",\"position\":2,\"name\":\"Shop\",\"item\":\"https:\\\/\\\/derpsairer.it\\\/shop\\\/\"},{\"@type\":\"ListItem\",\"position\":3,\"name\":\"Cantucci alle Mandorle \u2013 croccanti biscotti toscani alle mandorle\"}]},{\"@type\":\"WebSite\",\"@id\":\"https:\\\/\\\/derpsairer.it\\\/it\\\/#website\",\"url\":\"https:\\\/\\\/derpsairer.it\\\/it\\\/\",\"name\":\"Der Psairer - Speck, Wurst, K\u00e4se\",\"description\":\"Speck, Wurst und K\u00e4s aus Passeiertal in S\u00fcdtirol online bestellen.\",\"publisher\":{\"@id\":\"https:\\\/\\\/derpsairer.it\\\/it\\\/#organization\"},\"potentialAction\":[{\"@type\":\"SearchAction\",\"target\":{\"@type\":\"EntryPoint\",\"urlTemplate\":\"https:\\\/\\\/derpsairer.it\\\/it\\\/?s={search_term_string}\"},\"query-input\":{\"@type\":\"PropertyValueSpecification\",\"valueRequired\":true,\"valueName\":\"search_term_string\"}}],\"inLanguage\":\"it-IT\"},{\"@type\":\"Organization\",\"@id\":\"https:\\\/\\\/derpsairer.it\\\/it\\\/#organization\",\"name\":\"Der Psairer - Speck, Wurst, K\u00e4se\",\"url\":\"https:\\\/\\\/derpsairer.it\\\/it\\\/\",\"logo\":{\"@type\":\"ImageObject\",\"inLanguage\":\"it-IT\",\"@id\":\"https:\\\/\\\/derpsairer.it\\\/it\\\/#\\\/schema\\\/logo\\\/image\\\/\",\"url\":\"https:\\\/\\\/derpsairer.it\\\/wp-22\\\/wp-content\\\/uploads\\\/2020\\\/03\\\/DER-PSAIRER-LOGO-2x.png\",\"contentUrl\":\"https:\\\/\\\/derpsairer.it\\\/wp-22\\\/wp-content\\\/uploads\\\/2020\\\/03\\\/DER-PSAIRER-LOGO-2x.png\",\"width\":500,\"height\":500,\"caption\":\"Der Psairer - Speck, Wurst, K\u00e4se\"},\"image\":{\"@id\":\"https:\\\/\\\/derpsairer.it\\\/it\\\/#\\\/schema\\\/logo\\\/image\\\/\"},\"sameAs\":[\"https:\\\/\\\/www.facebook.com\\\/profile.php?id=100063648246860\"]}]}<\/script>\n<!-- \/ Yoast SEO plugin. -->","yoast_head_json":{"title":"Cantucci alle Mandorle \u2013 Biscotti classici italiani alle mandorle - Der Psairer - Speck, Wurst, K\u00e4se","description":"Cantucci alle Mandorle \u2013 biscotti croccanti alle mandorle dall'Italia. Classici, aromatici e perfetti con caff\u00e8, t\u00e8 o vino dolce da dessert.","robots":{"index":"index","follow":"follow","max-snippet":"max-snippet:-1","max-image-preview":"max-image-preview:large","max-video-preview":"max-video-preview:-1"},"canonical":"https:\/\/derpsairer.it\/it\/produkt\/cantucci-alle-mandorle\/","og_locale":"it_IT","og_type":"article","og_title":"Cantucci alle Mandorle \u2013 Biscotti classici italiani alle mandorle - Der Psairer - Speck, Wurst, K\u00e4se","og_description":"Cantucci alle Mandorle \u2013 biscotti croccanti alle mandorle dall'Italia. Classici, aromatici e perfetti con caff\u00e8, t\u00e8 o vino dolce da dessert.","og_url":"https:\/\/derpsairer.it\/it\/produkt\/cantucci-alle-mandorle\/","og_site_name":"Der Psairer - Speck, Wurst, K\u00e4se","article_publisher":"https:\/\/www.facebook.com\/profile.php?id=100063648246860","article_modified_time":"2025-12-13T14:08:47+00:00","og_image":[{"width":822,"height":1234,"url":"https:\/\/derpsairer.it\/wp-22\/wp-content\/uploads\/2024\/02\/Cantucci-alle-Mandorle.jpg","type":"image\/jpeg"}],"schema":{"@context":"https:\/\/schema.org","@graph":[{"@type":"WebPage","@id":"https:\/\/derpsairer.it\/it\/produkt\/cantucci-alle-mandorle\/","url":"https:\/\/derpsairer.it\/it\/produkt\/cantucci-alle-mandorle\/","name":"Cantucci alle Mandorle \u2013 Biscotti classici italiani alle mandorle - Der Psairer - Speck, Wurst, K\u00e4se","isPartOf":{"@id":"https:\/\/derpsairer.it\/it\/#website"},"primaryImageOfPage":{"@id":"https:\/\/derpsairer.it\/it\/produkt\/cantucci-alle-mandorle\/#primaryimage"},"image":{"@id":"https:\/\/derpsairer.it\/it\/produkt\/cantucci-alle-mandorle\/#primaryimage"},"thumbnailUrl":"https:\/\/derpsairer.it\/wp-22\/wp-content\/uploads\/2024\/02\/Cantucci-alle-Mandorle.jpg","datePublished":"2024-02-23T11:00:21+00:00","dateModified":"2025-12-13T14:08:47+00:00","description":"Cantucci alle Mandorle \u2013 biscotti croccanti alle mandorle dall'Italia. Classici, aromatici e perfetti con caff\u00e8, t\u00e8 o vino dolce da dessert.","breadcrumb":{"@id":"https:\/\/derpsairer.it\/it\/produkt\/cantucci-alle-mandorle\/#breadcrumb"},"inLanguage":"it-IT","potentialAction":[{"@type":"ReadAction","target":["https:\/\/derpsairer.it\/it\/produkt\/cantucci-alle-mandorle\/"]}]},{"@type":"ImageObject","inLanguage":"it-IT","@id":"https:\/\/derpsairer.it\/it\/produkt\/cantucci-alle-mandorle\/#primaryimage","url":"https:\/\/derpsairer.it\/wp-22\/wp-content\/uploads\/2024\/02\/Cantucci-alle-Mandorle.jpg","contentUrl":"https:\/\/derpsairer.it\/wp-22\/wp-content\/uploads\/2024\/02\/Cantucci-alle-Mandorle.jpg","width":822,"height":1234},{"@type":"BreadcrumbList","@id":"https:\/\/derpsairer.it\/it\/produkt\/cantucci-alle-mandorle\/#breadcrumb","itemListElement":[{"@type":"ListItem","position":1,"name":"Home","item":"https:\/\/derpsairer.it\/it\/il-negozio-di-speck-der-psairer\/"},{"@type":"ListItem","position":2,"name":"Shop","item":"https:\/\/derpsairer.it\/shop\/"},{"@type":"ListItem","position":3,"name":"Cantucci alle Mandorle \u2013 croccanti biscotti toscani alle mandorle"}]},{"@type":"WebSite","@id":"https:\/\/derpsairer.it\/it\/#website","url":"https:\/\/derpsairer.it\/it\/","name":"Der Psairer - Speck, Wurst, K\u00e4se","description":"Speck, Wurst und K\u00e4s aus Passeiertal in S\u00fcdtirol online bestellen.","publisher":{"@id":"https:\/\/derpsairer.it\/it\/#organization"},"potentialAction":[{"@type":"SearchAction","target":{"@type":"EntryPoint","urlTemplate":"https:\/\/derpsairer.it\/it\/?s={search_term_string}"},"query-input":{"@type":"PropertyValueSpecification","valueRequired":true,"valueName":"search_term_string"}}],"inLanguage":"it-IT"},{"@type":"Organization","@id":"https:\/\/derpsairer.it\/it\/#organization","name":"Der Psairer - Speck, Wurst, K\u00e4se","url":"https:\/\/derpsairer.it\/it\/","logo":{"@type":"ImageObject","inLanguage":"it-IT","@id":"https:\/\/derpsairer.it\/it\/#\/schema\/logo\/image\/","url":"https:\/\/derpsairer.it\/wp-22\/wp-content\/uploads\/2020\/03\/DER-PSAIRER-LOGO-2x.png","contentUrl":"https:\/\/derpsairer.it\/wp-22\/wp-content\/uploads\/2020\/03\/DER-PSAIRER-LOGO-2x.png","width":500,"height":500,"caption":"Der Psairer - Speck, Wurst, K\u00e4se"},"image":{"@id":"https:\/\/derpsairer.it\/it\/#\/schema\/logo\/image\/"},"sameAs":["https:\/\/www.facebook.com\/profile.php?id=100063648246860"]}]}},"_links":{"self":[{"href":"https:\/\/derpsairer.it\/it\/wp-json\/wp\/v2\/product\/5491","targetHints":{"allow":["GET"]}}],"collection":[{"href":"https:\/\/derpsairer.it\/it\/wp-json\/wp\/v2\/product"}],"about":[{"href":"https:\/\/derpsairer.it\/it\/wp-json\/wp\/v2\/types\/product"}],"wp:featuredmedia":[{"embeddable":true,"href":"https:\/\/derpsairer.it\/it\/wp-json\/wp\/v2\/media\/5678"}],"wp:attachment":[{"href":"https:\/\/derpsairer.it\/it\/wp-json\/wp\/v2\/media?parent=5491"}],"wp:term":[{"taxonomy":"product_brand","embeddable":true,"href":"https:\/\/derpsairer.it\/it\/wp-json\/wp\/v2\/product_brand?post=5491"},{"taxonomy":"product_cat","embeddable":true,"href":"https:\/\/derpsairer.it\/it\/wp-json\/wp\/v2\/product_cat?post=5491"},{"taxonomy":"product_tag","embeddable":true,"href":"https:\/\/derpsairer.it\/it\/wp-json\/wp\/v2\/product_tag?post=5491"}],"curies":[{"name":"wp","href":"https:\/\/api.w.org\/{rel}","templated":true}]}}