{"id":5966,"date":"2025-11-12T16:00:03","date_gmt":"2025-11-12T15:00:03","guid":{"rendered":"https:\/\/derpsairer.it\/?post_type=product&#038;p=5966"},"modified":"2025-11-12T16:32:59","modified_gmt":"2025-11-12T15:32:59","slug":"sextner-almkaese-formaggio-a-pasta-semidura-finemente-speziato-dellalto-adige-kopie-2","status":"publish","type":"product","link":"https:\/\/derpsairer.it\/it\/produkt\/sextner-almkaese-formaggio-a-pasta-semidura-finemente-speziato-dellalto-adige-kopie-2\/","title":{"rendered":"Grauk\u00e4se \u2013 formaggio magro dal sapore intenso"},"content":{"rendered":"[vc_row type=&#8221;in_container&#8221; full_screen_row_position=&#8221;middle&#8221; column_margin=&#8221;default&#8221; column_direction=&#8221;default&#8221; column_direction_tablet=&#8221;default&#8221; column_direction_phone=&#8221;default&#8221; scene_position=&#8221;center&#8221; text_color=&#8221;dark&#8221; text_align=&#8221;left&#8221; row_border_radius=&#8221;none&#8221; row_border_radius_applies=&#8221;bg&#8221; overflow=&#8221;visible&#8221; overlay_strength=&#8221;0.3&#8243; gradient_direction=&#8221;left_to_right&#8221; shape_divider_position=&#8221;bottom&#8221; bg_image_animation=&#8221;none&#8221;][vc_column column_padding=&#8221;no-extra-padding&#8221; column_padding_tablet=&#8221;inherit&#8221; column_padding_phone=&#8221;inherit&#8221; column_padding_position=&#8221;all&#8221; column_element_direction_desktop=&#8221;default&#8221; column_element_spacing=&#8221;default&#8221; desktop_text_alignment=&#8221;default&#8221; tablet_text_alignment=&#8221;default&#8221; phone_text_alignment=&#8221;default&#8221; background_color_opacity=&#8221;1&#8243; background_hover_color_opacity=&#8221;1&#8243; column_backdrop_filter=&#8221;none&#8221; column_shadow=&#8221;none&#8221; column_border_radius=&#8221;none&#8221; column_link_target=&#8221;_self&#8221; column_position=&#8221;default&#8221; gradient_direction=&#8221;left_to_right&#8221; overlay_strength=&#8221;0.3&#8243; width=&#8221;1\/1&#8243; tablet_width_inherit=&#8221;default&#8221; animation_type=&#8221;default&#8221; bg_image_animation=&#8221;none&#8221; border_type=&#8221;simple&#8221; column_border_width=&#8221;none&#8221; column_border_style=&#8221;solid&#8221;][vc_column_text css=&#8221;&#8221; text_direction=&#8221;default&#8221;]Il Grauk\u00e4se \u00e8 un formaggio magro tradizionale con solo il 3% circa di grassi nella sostanza secca e viene prodotto senza caglio. La sua crosta grigio-marrone con macchie bianche racchiude una pasta morbida o leggermente friabile. Il sapore \u00e8 forte, aromatico e piccante \u2013 un piacere per gli amanti dei sapori intensi del formaggio. Ideale per spuntini sostanziosi o finemente condito con cipolle e aceto come specialit\u00e0 altoatesina.    <\/p>\n<p>Disponibile in porzioni da:<\/p>\n<ul>\n<li>ca. 200-250 g<\/li>\n<li>19,90 \u20ac\/kg<\/li>\n<li>Pezzo da ca. 4,98 \u20ac <\/li>\n<\/ul>\n[\/vc_column_text][\/vc_column][\/vc_row]\n","protected":false},"excerpt":{"rendered":"<ul>\n<li>solo 3% di grassi nella sostanza secca<\/li>\n<li>dal sapore intenso e piccante<\/li>\n<li>senza lattosio e senza caglio<\/li>\n<li>consistenza morbida o friabile<\/li>\n<li>ideale per spuntini sostanziosi<\/li>\n<\/ul>\n","protected":false},"featured_media":5968,"template":"","meta":[],"product_brand":[],"product_cat":[162],"product_tag":[2834,2409,2835,2222,2279,675,2836,2837,1524],"class_list":{"0":"post-5966","1":"product","2":"type-product","3":"status-publish","4":"has-post-thumbnail","6":"product_cat-formaggio","7":"product_tag-graukaese","8":"product_tag-intenso","9":"product_tag-magerkaese","10":"product_tag-merenda-2","11":"product_tag-merenda-3","12":"product_tag-piccante","13":"product_tag-senza-lattosio","14":"product_tag-senza-caglio","15":"product_tag-specialita-altoatesina","17":"first","18":"instock","19":"shipping-taxable","20":"purchasable","21":"product-type-simple"},"yoast_head":"<!-- This site is optimized with the Yoast SEO plugin v27.3 - https:\/\/yoast.com\/product\/yoast-seo-wordpress\/ -->\n<title>Grauk\u00e4se aromatico \u2013 sapore intenso, senza lattosio - Der Psairer - Speck, Wurst, K\u00e4se<\/title>\n<meta name=\"description\" content=\"Scopri il Formaggio d&#039;alpeggio di Sesto \u2013 un formaggio a pasta semidura grasso dal sapore delicato e aromatico. Concediti questa esperienza altoatesina!\" \/>\n<meta name=\"robots\" content=\"index, follow, max-snippet:-1, max-image-preview:large, max-video-preview:-1\" \/>\n<link rel=\"canonical\" href=\"https:\/\/derpsairer.it\/it\/produkt\/sextner-almkaese-formaggio-a-pasta-semidura-finemente-speziato-dellalto-adige-kopie-2\/\" \/>\n<meta property=\"og:locale\" content=\"it_IT\" \/>\n<meta property=\"og:type\" content=\"article\" \/>\n<meta property=\"og:title\" content=\"Grauk\u00e4se aromatico \u2013 sapore intenso, senza lattosio - Der Psairer - Speck, Wurst, K\u00e4se\" \/>\n<meta property=\"og:description\" content=\"Scopri il Formaggio d&#039;alpeggio di Sesto \u2013 un formaggio a pasta semidura grasso dal sapore delicato e aromatico. Concediti questa esperienza altoatesina!\" \/>\n<meta property=\"og:url\" content=\"https:\/\/derpsairer.it\/it\/produkt\/sextner-almkaese-formaggio-a-pasta-semidura-finemente-speziato-dellalto-adige-kopie-2\/\" \/>\n<meta property=\"og:site_name\" content=\"Der Psairer - Speck, Wurst, K\u00e4se\" \/>\n<meta property=\"article:publisher\" content=\"https:\/\/www.facebook.com\/profile.php?id=100063648246860\" \/>\n<meta property=\"article:modified_time\" content=\"2025-11-12T15:32:59+00:00\" \/>\n<meta property=\"og:image\" content=\"https:\/\/derpsairer.it\/wp-22\/wp-content\/uploads\/2025\/11\/Graukaese.webp\" \/>\n\t<meta property=\"og:image:width\" content=\"384\" \/>\n\t<meta property=\"og:image:height\" content=\"384\" \/>\n\t<meta property=\"og:image:type\" content=\"image\/webp\" \/>\n<meta name=\"twitter:label1\" content=\"Tempo di lettura stimato\" \/>\n\t<meta name=\"twitter:data1\" content=\"1 minute\" \/>\n<script type=\"application\/ld+json\" class=\"yoast-schema-graph\">{\"@context\":\"https:\\\/\\\/schema.org\",\"@graph\":[{\"@type\":\"WebPage\",\"@id\":\"https:\\\/\\\/derpsairer.it\\\/it\\\/produkt\\\/sextner-almkaese-formaggio-a-pasta-semidura-finemente-speziato-dellalto-adige-kopie-2\\\/\",\"url\":\"https:\\\/\\\/derpsairer.it\\\/it\\\/produkt\\\/sextner-almkaese-formaggio-a-pasta-semidura-finemente-speziato-dellalto-adige-kopie-2\\\/\",\"name\":\"Grauk\u00e4se aromatico \u2013 sapore intenso, senza lattosio - Der Psairer - Speck, Wurst, K\u00e4se\",\"isPartOf\":{\"@id\":\"https:\\\/\\\/derpsairer.it\\\/it\\\/#website\"},\"primaryImageOfPage\":{\"@id\":\"https:\\\/\\\/derpsairer.it\\\/it\\\/produkt\\\/sextner-almkaese-formaggio-a-pasta-semidura-finemente-speziato-dellalto-adige-kopie-2\\\/#primaryimage\"},\"image\":{\"@id\":\"https:\\\/\\\/derpsairer.it\\\/it\\\/produkt\\\/sextner-almkaese-formaggio-a-pasta-semidura-finemente-speziato-dellalto-adige-kopie-2\\\/#primaryimage\"},\"thumbnailUrl\":\"https:\\\/\\\/derpsairer.it\\\/wp-22\\\/wp-content\\\/uploads\\\/2025\\\/11\\\/Graukaese.webp\",\"datePublished\":\"2025-11-12T15:00:03+00:00\",\"dateModified\":\"2025-11-12T15:32:59+00:00\",\"description\":\"Scopri il Formaggio d'alpeggio di Sesto \u2013 un formaggio a pasta semidura grasso dal sapore delicato e aromatico. Concediti questa esperienza altoatesina!\",\"breadcrumb\":{\"@id\":\"https:\\\/\\\/derpsairer.it\\\/it\\\/produkt\\\/sextner-almkaese-formaggio-a-pasta-semidura-finemente-speziato-dellalto-adige-kopie-2\\\/#breadcrumb\"},\"inLanguage\":\"it-IT\",\"potentialAction\":[{\"@type\":\"ReadAction\",\"target\":[\"https:\\\/\\\/derpsairer.it\\\/it\\\/produkt\\\/sextner-almkaese-formaggio-a-pasta-semidura-finemente-speziato-dellalto-adige-kopie-2\\\/\"]}]},{\"@type\":\"ImageObject\",\"inLanguage\":\"it-IT\",\"@id\":\"https:\\\/\\\/derpsairer.it\\\/it\\\/produkt\\\/sextner-almkaese-formaggio-a-pasta-semidura-finemente-speziato-dellalto-adige-kopie-2\\\/#primaryimage\",\"url\":\"https:\\\/\\\/derpsairer.it\\\/wp-22\\\/wp-content\\\/uploads\\\/2025\\\/11\\\/Graukaese.webp\",\"contentUrl\":\"https:\\\/\\\/derpsairer.it\\\/wp-22\\\/wp-content\\\/uploads\\\/2025\\\/11\\\/Graukaese.webp\",\"width\":384,\"height\":384},{\"@type\":\"BreadcrumbList\",\"@id\":\"https:\\\/\\\/derpsairer.it\\\/it\\\/produkt\\\/sextner-almkaese-formaggio-a-pasta-semidura-finemente-speziato-dellalto-adige-kopie-2\\\/#breadcrumb\",\"itemListElement\":[{\"@type\":\"ListItem\",\"position\":1,\"name\":\"Home\",\"item\":\"https:\\\/\\\/derpsairer.it\\\/it\\\/il-negozio-di-speck-der-psairer\\\/\"},{\"@type\":\"ListItem\",\"position\":2,\"name\":\"Shop\",\"item\":\"https:\\\/\\\/derpsairer.it\\\/shop\\\/\"},{\"@type\":\"ListItem\",\"position\":3,\"name\":\"Grauk\u00e4se \u2013 formaggio magro dal sapore intenso\"}]},{\"@type\":\"WebSite\",\"@id\":\"https:\\\/\\\/derpsairer.it\\\/it\\\/#website\",\"url\":\"https:\\\/\\\/derpsairer.it\\\/it\\\/\",\"name\":\"Der Psairer - Speck, Wurst, K\u00e4se\",\"description\":\"Speck, Wurst und K\u00e4s aus Passeiertal in S\u00fcdtirol online bestellen.\",\"publisher\":{\"@id\":\"https:\\\/\\\/derpsairer.it\\\/it\\\/#organization\"},\"potentialAction\":[{\"@type\":\"SearchAction\",\"target\":{\"@type\":\"EntryPoint\",\"urlTemplate\":\"https:\\\/\\\/derpsairer.it\\\/it\\\/?s={search_term_string}\"},\"query-input\":{\"@type\":\"PropertyValueSpecification\",\"valueRequired\":true,\"valueName\":\"search_term_string\"}}],\"inLanguage\":\"it-IT\"},{\"@type\":\"Organization\",\"@id\":\"https:\\\/\\\/derpsairer.it\\\/it\\\/#organization\",\"name\":\"Der Psairer - Speck, Wurst, K\u00e4se\",\"url\":\"https:\\\/\\\/derpsairer.it\\\/it\\\/\",\"logo\":{\"@type\":\"ImageObject\",\"inLanguage\":\"it-IT\",\"@id\":\"https:\\\/\\\/derpsairer.it\\\/it\\\/#\\\/schema\\\/logo\\\/image\\\/\",\"url\":\"https:\\\/\\\/derpsairer.it\\\/wp-22\\\/wp-content\\\/uploads\\\/2020\\\/03\\\/DER-PSAIRER-LOGO-2x.png\",\"contentUrl\":\"https:\\\/\\\/derpsairer.it\\\/wp-22\\\/wp-content\\\/uploads\\\/2020\\\/03\\\/DER-PSAIRER-LOGO-2x.png\",\"width\":500,\"height\":500,\"caption\":\"Der Psairer - Speck, Wurst, K\u00e4se\"},\"image\":{\"@id\":\"https:\\\/\\\/derpsairer.it\\\/it\\\/#\\\/schema\\\/logo\\\/image\\\/\"},\"sameAs\":[\"https:\\\/\\\/www.facebook.com\\\/profile.php?id=100063648246860\"]}]}<\/script>\n<!-- \/ Yoast SEO plugin. -->","yoast_head_json":{"title":"Grauk\u00e4se aromatico \u2013 sapore intenso, senza lattosio - Der Psairer - Speck, Wurst, K\u00e4se","description":"Scopri il Formaggio d'alpeggio di Sesto \u2013 un formaggio a pasta semidura grasso dal sapore delicato e aromatico. Concediti questa esperienza altoatesina!","robots":{"index":"index","follow":"follow","max-snippet":"max-snippet:-1","max-image-preview":"max-image-preview:large","max-video-preview":"max-video-preview:-1"},"canonical":"https:\/\/derpsairer.it\/it\/produkt\/sextner-almkaese-formaggio-a-pasta-semidura-finemente-speziato-dellalto-adige-kopie-2\/","og_locale":"it_IT","og_type":"article","og_title":"Grauk\u00e4se aromatico \u2013 sapore intenso, senza lattosio - Der Psairer - Speck, Wurst, K\u00e4se","og_description":"Scopri il Formaggio d'alpeggio di Sesto \u2013 un formaggio a pasta semidura grasso dal sapore delicato e aromatico. Concediti questa esperienza altoatesina!","og_url":"https:\/\/derpsairer.it\/it\/produkt\/sextner-almkaese-formaggio-a-pasta-semidura-finemente-speziato-dellalto-adige-kopie-2\/","og_site_name":"Der Psairer - Speck, Wurst, K\u00e4se","article_publisher":"https:\/\/www.facebook.com\/profile.php?id=100063648246860","article_modified_time":"2025-11-12T15:32:59+00:00","og_image":[{"width":384,"height":384,"url":"https:\/\/derpsairer.it\/wp-22\/wp-content\/uploads\/2025\/11\/Graukaese.webp","type":"image\/webp"}],"twitter_misc":{"Tempo di lettura stimato":"1 minute"},"schema":{"@context":"https:\/\/schema.org","@graph":[{"@type":"WebPage","@id":"https:\/\/derpsairer.it\/it\/produkt\/sextner-almkaese-formaggio-a-pasta-semidura-finemente-speziato-dellalto-adige-kopie-2\/","url":"https:\/\/derpsairer.it\/it\/produkt\/sextner-almkaese-formaggio-a-pasta-semidura-finemente-speziato-dellalto-adige-kopie-2\/","name":"Grauk\u00e4se aromatico \u2013 sapore intenso, senza lattosio - Der Psairer - Speck, Wurst, K\u00e4se","isPartOf":{"@id":"https:\/\/derpsairer.it\/it\/#website"},"primaryImageOfPage":{"@id":"https:\/\/derpsairer.it\/it\/produkt\/sextner-almkaese-formaggio-a-pasta-semidura-finemente-speziato-dellalto-adige-kopie-2\/#primaryimage"},"image":{"@id":"https:\/\/derpsairer.it\/it\/produkt\/sextner-almkaese-formaggio-a-pasta-semidura-finemente-speziato-dellalto-adige-kopie-2\/#primaryimage"},"thumbnailUrl":"https:\/\/derpsairer.it\/wp-22\/wp-content\/uploads\/2025\/11\/Graukaese.webp","datePublished":"2025-11-12T15:00:03+00:00","dateModified":"2025-11-12T15:32:59+00:00","description":"Scopri il Formaggio d'alpeggio di Sesto \u2013 un formaggio a pasta semidura grasso dal sapore delicato e aromatico. Concediti questa esperienza altoatesina!","breadcrumb":{"@id":"https:\/\/derpsairer.it\/it\/produkt\/sextner-almkaese-formaggio-a-pasta-semidura-finemente-speziato-dellalto-adige-kopie-2\/#breadcrumb"},"inLanguage":"it-IT","potentialAction":[{"@type":"ReadAction","target":["https:\/\/derpsairer.it\/it\/produkt\/sextner-almkaese-formaggio-a-pasta-semidura-finemente-speziato-dellalto-adige-kopie-2\/"]}]},{"@type":"ImageObject","inLanguage":"it-IT","@id":"https:\/\/derpsairer.it\/it\/produkt\/sextner-almkaese-formaggio-a-pasta-semidura-finemente-speziato-dellalto-adige-kopie-2\/#primaryimage","url":"https:\/\/derpsairer.it\/wp-22\/wp-content\/uploads\/2025\/11\/Graukaese.webp","contentUrl":"https:\/\/derpsairer.it\/wp-22\/wp-content\/uploads\/2025\/11\/Graukaese.webp","width":384,"height":384},{"@type":"BreadcrumbList","@id":"https:\/\/derpsairer.it\/it\/produkt\/sextner-almkaese-formaggio-a-pasta-semidura-finemente-speziato-dellalto-adige-kopie-2\/#breadcrumb","itemListElement":[{"@type":"ListItem","position":1,"name":"Home","item":"https:\/\/derpsairer.it\/it\/il-negozio-di-speck-der-psairer\/"},{"@type":"ListItem","position":2,"name":"Shop","item":"https:\/\/derpsairer.it\/shop\/"},{"@type":"ListItem","position":3,"name":"Grauk\u00e4se \u2013 formaggio magro dal sapore intenso"}]},{"@type":"WebSite","@id":"https:\/\/derpsairer.it\/it\/#website","url":"https:\/\/derpsairer.it\/it\/","name":"Der Psairer - Speck, Wurst, K\u00e4se","description":"Speck, Wurst und K\u00e4s aus Passeiertal in S\u00fcdtirol online bestellen.","publisher":{"@id":"https:\/\/derpsairer.it\/it\/#organization"},"potentialAction":[{"@type":"SearchAction","target":{"@type":"EntryPoint","urlTemplate":"https:\/\/derpsairer.it\/it\/?s={search_term_string}"},"query-input":{"@type":"PropertyValueSpecification","valueRequired":true,"valueName":"search_term_string"}}],"inLanguage":"it-IT"},{"@type":"Organization","@id":"https:\/\/derpsairer.it\/it\/#organization","name":"Der Psairer - Speck, Wurst, K\u00e4se","url":"https:\/\/derpsairer.it\/it\/","logo":{"@type":"ImageObject","inLanguage":"it-IT","@id":"https:\/\/derpsairer.it\/it\/#\/schema\/logo\/image\/","url":"https:\/\/derpsairer.it\/wp-22\/wp-content\/uploads\/2020\/03\/DER-PSAIRER-LOGO-2x.png","contentUrl":"https:\/\/derpsairer.it\/wp-22\/wp-content\/uploads\/2020\/03\/DER-PSAIRER-LOGO-2x.png","width":500,"height":500,"caption":"Der Psairer - Speck, Wurst, K\u00e4se"},"image":{"@id":"https:\/\/derpsairer.it\/it\/#\/schema\/logo\/image\/"},"sameAs":["https:\/\/www.facebook.com\/profile.php?id=100063648246860"]}]}},"_links":{"self":[{"href":"https:\/\/derpsairer.it\/it\/wp-json\/wp\/v2\/product\/5966","targetHints":{"allow":["GET"]}}],"collection":[{"href":"https:\/\/derpsairer.it\/it\/wp-json\/wp\/v2\/product"}],"about":[{"href":"https:\/\/derpsairer.it\/it\/wp-json\/wp\/v2\/types\/product"}],"wp:featuredmedia":[{"embeddable":true,"href":"https:\/\/derpsairer.it\/it\/wp-json\/wp\/v2\/media\/5968"}],"wp:attachment":[{"href":"https:\/\/derpsairer.it\/it\/wp-json\/wp\/v2\/media?parent=5966"}],"wp:term":[{"taxonomy":"product_brand","embeddable":true,"href":"https:\/\/derpsairer.it\/it\/wp-json\/wp\/v2\/product_brand?post=5966"},{"taxonomy":"product_cat","embeddable":true,"href":"https:\/\/derpsairer.it\/it\/wp-json\/wp\/v2\/product_cat?post=5966"},{"taxonomy":"product_tag","embeddable":true,"href":"https:\/\/derpsairer.it\/it\/wp-json\/wp\/v2\/product_tag?post=5966"}],"curies":[{"name":"wp","href":"https:\/\/api.w.org\/{rel}","templated":true}]}}