{"id":6512,"date":"2026-03-27T15:38:49","date_gmt":"2026-03-27T14:38:49","guid":{"rendered":"https:\/\/derpsairer.it\/?post_type=product&#038;p=6512"},"modified":"2026-03-27T16:00:12","modified_gmt":"2026-03-27T15:00:12","slug":"preparato-per-canederli-allo-speck-kopie-2","status":"publish","type":"product","link":"https:\/\/derpsairer.it\/it\/produkt\/preparato-per-canederli-allo-speck-kopie-2\/","title":{"rendered":"Preparato per canederli allo speck (Kopie)"},"content":{"rendered":"<p data-start=\"87\" data-end=\"518\">Questo preparato per canederli allo speck di Stamser Gourmet permette di preparare facilmente i tradizionali canederli allo speck. La miscela viene mescolata con latte e uova, lasciata riposare brevemente e poi modellata in canederli. Dopo la cottura, si ottengono canederli succosi e aromatici con un tipico sapore sostanzioso. Ideale come piatto principale o contorno e particolarmente buono in combinazione con formaggio grattugiato.   <\/p>\n<ul>\n<li>meglio se con <a href=\"https:\/\/derpsairer.it\/it\/produkt\/granmonte-formaggio-da-grattugiare\/\">formaggio grattugiato GranMonte<\/a><\/li>\n<\/ul>\n<p>Contenuto: 260 g (per circa 4-6 canederli)<\/p>\n","protected":false},"excerpt":{"rendered":"<p>\u2022 Ricetta tradizionale<br data-start=\"957\" data-end=\"960\">\u2022 Facile preparazione<br data-start=\"982\" data-end=\"985\">\u2022 Sapore sostanzioso<br data-start=\"1008\" data-end=\"1011\">\u2022 Per sei canederli<br data-start=\"1029\" data-end=\"1032\">\u2022 Ideale come piatto principale<\/p>\n","protected":false},"featured_media":6514,"template":"","meta":[],"product_brand":[],"product_cat":[191],"product_tag":[2500,2499,2585,2279,1520,1517,1524,2854,2008],"class_list":{"0":"post-6512","1":"product","2":"type-product","3":"status-publish","4":"has-post-thumbnail","6":"product_cat-altre-delizie","7":"product_tag-contorno","8":"product_tag-cucina-alpina","9":"product_tag-cucina-casalinga","10":"product_tag-merenda-3","11":"product_tag-miscela-per-canederli","12":"product_tag-preparato","13":"product_tag-specialita-altoatesina","14":"product_tag-specialita-di-formaggio","15":"product_tag-tradizionale","17":"first","18":"instock","19":"shipping-taxable","20":"purchasable","21":"product-type-simple"},"yoast_head":"<!-- This site is optimized with the Yoast SEO plugin v27.3 - https:\/\/yoast.com\/product\/yoast-seo-wordpress\/ -->\n<title>Preparato per canederli allo speck \u2013 Il gusto originale dei canederli altoatesini - Der Psairer - Speck, Wurst, K\u00e4se<\/title>\n<meta name=\"description\" content=\"Preparato per canederli allo speck di Stamser Gourmet per canederli classici. Facile da preparare, dal sapore sostanzioso e ideale come piatto principale.\" \/>\n<meta name=\"robots\" content=\"index, follow, max-snippet:-1, max-image-preview:large, max-video-preview:-1\" \/>\n<link rel=\"canonical\" href=\"https:\/\/derpsairer.it\/it\/produkt\/preparato-per-canederli-allo-speck-kopie-2\/\" \/>\n<meta property=\"og:locale\" content=\"it_IT\" \/>\n<meta property=\"og:type\" content=\"article\" \/>\n<meta property=\"og:title\" content=\"Preparato per canederli allo speck \u2013 Il gusto originale dei canederli altoatesini - Der Psairer - Speck, Wurst, K\u00e4se\" \/>\n<meta property=\"og:description\" content=\"Preparato per canederli allo speck di Stamser Gourmet per canederli classici. Facile da preparare, dal sapore sostanzioso e ideale come piatto principale.\" \/>\n<meta property=\"og:url\" content=\"https:\/\/derpsairer.it\/it\/produkt\/preparato-per-canederli-allo-speck-kopie-2\/\" \/>\n<meta property=\"og:site_name\" content=\"Der Psairer - Speck, Wurst, K\u00e4se\" \/>\n<meta property=\"article:publisher\" content=\"https:\/\/www.facebook.com\/profile.php?id=100063648246860\" \/>\n<meta property=\"article:modified_time\" content=\"2026-03-27T15:00:12+00:00\" \/>\n<meta property=\"og:image\" content=\"https:\/\/derpsairer.it\/wp-22\/wp-content\/uploads\/2026\/03\/Kaesepressknoedel.jpg\" \/>\n\t<meta property=\"og:image:width\" content=\"600\" \/>\n\t<meta property=\"og:image:height\" content=\"400\" \/>\n\t<meta property=\"og:image:type\" content=\"image\/jpeg\" \/>\n<script type=\"application\/ld+json\" class=\"yoast-schema-graph\">{\"@context\":\"https:\\\/\\\/schema.org\",\"@graph\":[{\"@type\":\"WebPage\",\"@id\":\"https:\\\/\\\/derpsairer.it\\\/it\\\/produkt\\\/preparato-per-canederli-allo-speck-kopie-2\\\/\",\"url\":\"https:\\\/\\\/derpsairer.it\\\/it\\\/produkt\\\/preparato-per-canederli-allo-speck-kopie-2\\\/\",\"name\":\"Preparato per canederli allo speck \u2013 Il gusto originale dei canederli altoatesini - Der Psairer - Speck, Wurst, K\u00e4se\",\"isPartOf\":{\"@id\":\"https:\\\/\\\/derpsairer.it\\\/it\\\/#website\"},\"primaryImageOfPage\":{\"@id\":\"https:\\\/\\\/derpsairer.it\\\/it\\\/produkt\\\/preparato-per-canederli-allo-speck-kopie-2\\\/#primaryimage\"},\"image\":{\"@id\":\"https:\\\/\\\/derpsairer.it\\\/it\\\/produkt\\\/preparato-per-canederli-allo-speck-kopie-2\\\/#primaryimage\"},\"thumbnailUrl\":\"https:\\\/\\\/derpsairer.it\\\/wp-22\\\/wp-content\\\/uploads\\\/2026\\\/03\\\/Kaesepressknoedel.jpg\",\"datePublished\":\"2026-03-27T14:38:49+00:00\",\"dateModified\":\"2026-03-27T15:00:12+00:00\",\"description\":\"Preparato per canederli allo speck di Stamser Gourmet per canederli classici. Facile da preparare, dal sapore sostanzioso e ideale come piatto principale.\",\"breadcrumb\":{\"@id\":\"https:\\\/\\\/derpsairer.it\\\/it\\\/produkt\\\/preparato-per-canederli-allo-speck-kopie-2\\\/#breadcrumb\"},\"inLanguage\":\"it-IT\",\"potentialAction\":[{\"@type\":\"ReadAction\",\"target\":[\"https:\\\/\\\/derpsairer.it\\\/it\\\/produkt\\\/preparato-per-canederli-allo-speck-kopie-2\\\/\"]}]},{\"@type\":\"ImageObject\",\"inLanguage\":\"it-IT\",\"@id\":\"https:\\\/\\\/derpsairer.it\\\/it\\\/produkt\\\/preparato-per-canederli-allo-speck-kopie-2\\\/#primaryimage\",\"url\":\"https:\\\/\\\/derpsairer.it\\\/wp-22\\\/wp-content\\\/uploads\\\/2026\\\/03\\\/Kaesepressknoedel.jpg\",\"contentUrl\":\"https:\\\/\\\/derpsairer.it\\\/wp-22\\\/wp-content\\\/uploads\\\/2026\\\/03\\\/Kaesepressknoedel.jpg\",\"width\":600,\"height\":400},{\"@type\":\"BreadcrumbList\",\"@id\":\"https:\\\/\\\/derpsairer.it\\\/it\\\/produkt\\\/preparato-per-canederli-allo-speck-kopie-2\\\/#breadcrumb\",\"itemListElement\":[{\"@type\":\"ListItem\",\"position\":1,\"name\":\"Home\",\"item\":\"https:\\\/\\\/derpsairer.it\\\/it\\\/il-negozio-di-speck-der-psairer\\\/\"},{\"@type\":\"ListItem\",\"position\":2,\"name\":\"Shop\",\"item\":\"https:\\\/\\\/derpsairer.it\\\/shop\\\/\"},{\"@type\":\"ListItem\",\"position\":3,\"name\":\"Preparato per canederli allo speck (Kopie)\"}]},{\"@type\":\"WebSite\",\"@id\":\"https:\\\/\\\/derpsairer.it\\\/it\\\/#website\",\"url\":\"https:\\\/\\\/derpsairer.it\\\/it\\\/\",\"name\":\"Der Psairer - Speck, Wurst, K\u00e4se\",\"description\":\"Speck, Wurst und K\u00e4s aus Passeiertal in S\u00fcdtirol online bestellen.\",\"publisher\":{\"@id\":\"https:\\\/\\\/derpsairer.it\\\/it\\\/#organization\"},\"potentialAction\":[{\"@type\":\"SearchAction\",\"target\":{\"@type\":\"EntryPoint\",\"urlTemplate\":\"https:\\\/\\\/derpsairer.it\\\/it\\\/?s={search_term_string}\"},\"query-input\":{\"@type\":\"PropertyValueSpecification\",\"valueRequired\":true,\"valueName\":\"search_term_string\"}}],\"inLanguage\":\"it-IT\"},{\"@type\":\"Organization\",\"@id\":\"https:\\\/\\\/derpsairer.it\\\/it\\\/#organization\",\"name\":\"Der Psairer - Speck, Wurst, K\u00e4se\",\"url\":\"https:\\\/\\\/derpsairer.it\\\/it\\\/\",\"logo\":{\"@type\":\"ImageObject\",\"inLanguage\":\"it-IT\",\"@id\":\"https:\\\/\\\/derpsairer.it\\\/it\\\/#\\\/schema\\\/logo\\\/image\\\/\",\"url\":\"https:\\\/\\\/derpsairer.it\\\/wp-22\\\/wp-content\\\/uploads\\\/2020\\\/03\\\/DER-PSAIRER-LOGO-2x.png\",\"contentUrl\":\"https:\\\/\\\/derpsairer.it\\\/wp-22\\\/wp-content\\\/uploads\\\/2020\\\/03\\\/DER-PSAIRER-LOGO-2x.png\",\"width\":500,\"height\":500,\"caption\":\"Der Psairer - Speck, Wurst, K\u00e4se\"},\"image\":{\"@id\":\"https:\\\/\\\/derpsairer.it\\\/it\\\/#\\\/schema\\\/logo\\\/image\\\/\"},\"sameAs\":[\"https:\\\/\\\/www.facebook.com\\\/profile.php?id=100063648246860\"]}]}<\/script>\n<!-- \/ Yoast SEO plugin. -->","yoast_head_json":{"title":"Preparato per canederli allo speck \u2013 Il gusto originale dei canederli altoatesini - Der Psairer - Speck, Wurst, K\u00e4se","description":"Preparato per canederli allo speck di Stamser Gourmet per canederli classici. Facile da preparare, dal sapore sostanzioso e ideale come piatto principale.","robots":{"index":"index","follow":"follow","max-snippet":"max-snippet:-1","max-image-preview":"max-image-preview:large","max-video-preview":"max-video-preview:-1"},"canonical":"https:\/\/derpsairer.it\/it\/produkt\/preparato-per-canederli-allo-speck-kopie-2\/","og_locale":"it_IT","og_type":"article","og_title":"Preparato per canederli allo speck \u2013 Il gusto originale dei canederli altoatesini - Der Psairer - Speck, Wurst, K\u00e4se","og_description":"Preparato per canederli allo speck di Stamser Gourmet per canederli classici. Facile da preparare, dal sapore sostanzioso e ideale come piatto principale.","og_url":"https:\/\/derpsairer.it\/it\/produkt\/preparato-per-canederli-allo-speck-kopie-2\/","og_site_name":"Der Psairer - Speck, Wurst, K\u00e4se","article_publisher":"https:\/\/www.facebook.com\/profile.php?id=100063648246860","article_modified_time":"2026-03-27T15:00:12+00:00","og_image":[{"width":600,"height":400,"url":"https:\/\/derpsairer.it\/wp-22\/wp-content\/uploads\/2026\/03\/Kaesepressknoedel.jpg","type":"image\/jpeg"}],"schema":{"@context":"https:\/\/schema.org","@graph":[{"@type":"WebPage","@id":"https:\/\/derpsairer.it\/it\/produkt\/preparato-per-canederli-allo-speck-kopie-2\/","url":"https:\/\/derpsairer.it\/it\/produkt\/preparato-per-canederli-allo-speck-kopie-2\/","name":"Preparato per canederli allo speck \u2013 Il gusto originale dei canederli altoatesini - Der Psairer - Speck, Wurst, K\u00e4se","isPartOf":{"@id":"https:\/\/derpsairer.it\/it\/#website"},"primaryImageOfPage":{"@id":"https:\/\/derpsairer.it\/it\/produkt\/preparato-per-canederli-allo-speck-kopie-2\/#primaryimage"},"image":{"@id":"https:\/\/derpsairer.it\/it\/produkt\/preparato-per-canederli-allo-speck-kopie-2\/#primaryimage"},"thumbnailUrl":"https:\/\/derpsairer.it\/wp-22\/wp-content\/uploads\/2026\/03\/Kaesepressknoedel.jpg","datePublished":"2026-03-27T14:38:49+00:00","dateModified":"2026-03-27T15:00:12+00:00","description":"Preparato per canederli allo speck di Stamser Gourmet per canederli classici. Facile da preparare, dal sapore sostanzioso e ideale come piatto principale.","breadcrumb":{"@id":"https:\/\/derpsairer.it\/it\/produkt\/preparato-per-canederli-allo-speck-kopie-2\/#breadcrumb"},"inLanguage":"it-IT","potentialAction":[{"@type":"ReadAction","target":["https:\/\/derpsairer.it\/it\/produkt\/preparato-per-canederli-allo-speck-kopie-2\/"]}]},{"@type":"ImageObject","inLanguage":"it-IT","@id":"https:\/\/derpsairer.it\/it\/produkt\/preparato-per-canederli-allo-speck-kopie-2\/#primaryimage","url":"https:\/\/derpsairer.it\/wp-22\/wp-content\/uploads\/2026\/03\/Kaesepressknoedel.jpg","contentUrl":"https:\/\/derpsairer.it\/wp-22\/wp-content\/uploads\/2026\/03\/Kaesepressknoedel.jpg","width":600,"height":400},{"@type":"BreadcrumbList","@id":"https:\/\/derpsairer.it\/it\/produkt\/preparato-per-canederli-allo-speck-kopie-2\/#breadcrumb","itemListElement":[{"@type":"ListItem","position":1,"name":"Home","item":"https:\/\/derpsairer.it\/it\/il-negozio-di-speck-der-psairer\/"},{"@type":"ListItem","position":2,"name":"Shop","item":"https:\/\/derpsairer.it\/shop\/"},{"@type":"ListItem","position":3,"name":"Preparato per canederli allo speck (Kopie)"}]},{"@type":"WebSite","@id":"https:\/\/derpsairer.it\/it\/#website","url":"https:\/\/derpsairer.it\/it\/","name":"Der Psairer - Speck, Wurst, K\u00e4se","description":"Speck, Wurst und K\u00e4s aus Passeiertal in S\u00fcdtirol online bestellen.","publisher":{"@id":"https:\/\/derpsairer.it\/it\/#organization"},"potentialAction":[{"@type":"SearchAction","target":{"@type":"EntryPoint","urlTemplate":"https:\/\/derpsairer.it\/it\/?s={search_term_string}"},"query-input":{"@type":"PropertyValueSpecification","valueRequired":true,"valueName":"search_term_string"}}],"inLanguage":"it-IT"},{"@type":"Organization","@id":"https:\/\/derpsairer.it\/it\/#organization","name":"Der Psairer - Speck, Wurst, K\u00e4se","url":"https:\/\/derpsairer.it\/it\/","logo":{"@type":"ImageObject","inLanguage":"it-IT","@id":"https:\/\/derpsairer.it\/it\/#\/schema\/logo\/image\/","url":"https:\/\/derpsairer.it\/wp-22\/wp-content\/uploads\/2020\/03\/DER-PSAIRER-LOGO-2x.png","contentUrl":"https:\/\/derpsairer.it\/wp-22\/wp-content\/uploads\/2020\/03\/DER-PSAIRER-LOGO-2x.png","width":500,"height":500,"caption":"Der Psairer - Speck, Wurst, K\u00e4se"},"image":{"@id":"https:\/\/derpsairer.it\/it\/#\/schema\/logo\/image\/"},"sameAs":["https:\/\/www.facebook.com\/profile.php?id=100063648246860"]}]}},"_links":{"self":[{"href":"https:\/\/derpsairer.it\/it\/wp-json\/wp\/v2\/product\/6512","targetHints":{"allow":["GET"]}}],"collection":[{"href":"https:\/\/derpsairer.it\/it\/wp-json\/wp\/v2\/product"}],"about":[{"href":"https:\/\/derpsairer.it\/it\/wp-json\/wp\/v2\/types\/product"}],"wp:featuredmedia":[{"embeddable":true,"href":"https:\/\/derpsairer.it\/it\/wp-json\/wp\/v2\/media\/6514"}],"wp:attachment":[{"href":"https:\/\/derpsairer.it\/it\/wp-json\/wp\/v2\/media?parent=6512"}],"wp:term":[{"taxonomy":"product_brand","embeddable":true,"href":"https:\/\/derpsairer.it\/it\/wp-json\/wp\/v2\/product_brand?post=6512"},{"taxonomy":"product_cat","embeddable":true,"href":"https:\/\/derpsairer.it\/it\/wp-json\/wp\/v2\/product_cat?post=6512"},{"taxonomy":"product_tag","embeddable":true,"href":"https:\/\/derpsairer.it\/it\/wp-json\/wp\/v2\/product_tag?post=6512"}],"curies":[{"name":"wp","href":"https:\/\/api.w.org\/{rel}","templated":true}]}}