{"id":6598,"date":"2026-04-25T14:09:31","date_gmt":"2026-04-25T12:09:31","guid":{"rendered":"https:\/\/derpsairer.it\/?post_type=product&#038;p=6598"},"modified":"2026-04-25T14:46:12","modified_gmt":"2026-04-25T12:46:12","slug":"succo-di-mela-lenis-naturale-torbido-e-a-lungo-fresco-kopie","status":"publish","type":"product","link":"https:\/\/derpsairer.it\/it\/produkt\/succo-di-mela-lenis-naturale-torbido-e-a-lungo-fresco-kopie\/","title":{"rendered":"Lenis Succo di Mela 1 Litro \u2013 classicamente fruttato da mele alpine"},"content":{"rendered":"<p data-start=\"79\" data-end=\"585\">Lenis Succo di Mela \u00e8 il classico piacere ottenuto al 100% da mele alpine dolci e deliziose dell&#8217;Alto Adige. Fruttato, equilibrato e piacevolmente delicato al gusto, convince con la sua freschezza naturale e il suo aroma corposo. Lavorato con cura, conserva l&#8217;autentico carattere delle mele. La pratica bottiglia da 1 litro \u00e8 ideale per il piacere quotidiano e si abbina perfettamente a ogni stagione e momento della giornata \u2013 puro, fresco o come accompagnamento ai pasti.   <\/p>\n<p data-start=\"641\" data-end=\"794\">Contenuto: 1 l.<\/p>\n","protected":false},"excerpt":{"rendered":"<p>\u2022 100% Succo di Mela<br \/>\n\u2022 Mele alpine dolci<br \/>\n\u2022 Gusto fruttato-delicato<br \/>\n\u2022 Pratica bottiglia da 1 litro<br \/>\n\u2022 Per ogni giorno<\/p>\n","protected":false},"featured_media":6609,"template":"","meta":[],"product_brand":[],"product_cat":[191,4009],"product_tag":[3924,1945,4022,2770,2185,4021,2788,1952,4015,4011,4010,4018],"class_list":{"0":"post-6598","1":"product","2":"type-product","3":"status-publish","4":"has-post-thumbnail","6":"product_cat-altre-delizie","7":"product_cat-succo-di-mela","8":"product_tag-1-litro","9":"product_tag-alto-adige","10":"product_tag-bottiglia-succo-di-mela","11":"product_tag-classico","12":"product_tag-mela","13":"product_tag-mela-alpina","14":"product_tag-naturale-2","15":"product_tag-rinfresco","16":"product_tag-succo-di-frutta","17":"product_tag-succo-di-mela","18":"product_tag-succo-di-mela-lenis","19":"product_tag-succo-diretto","21":"first","22":"instock","23":"shipping-taxable","24":"purchasable","25":"product-type-simple"},"yoast_head":"<!-- This site is optimized with the Yoast SEO plugin v27.4 - https:\/\/yoast.com\/product\/yoast-seo-wordpress\/ -->\n<title>Lenis Succo di Mela \u2013 succo di mela classico 1 Litro - Der Psairer - Speck, Wurst, K\u00e4se<\/title>\n<meta name=\"description\" content=\"Lenis Succo di Mela da mele alpine al 100% in bottiglia da 1 litro. Fruttato, delicato e ideale per ogni giorno.\" \/>\n<meta name=\"robots\" content=\"index, follow, max-snippet:-1, max-image-preview:large, max-video-preview:-1\" \/>\n<link rel=\"canonical\" href=\"https:\/\/derpsairer.it\/it\/produkt\/succo-di-mela-lenis-naturale-torbido-e-a-lungo-fresco-kopie\/\" \/>\n<meta property=\"og:locale\" content=\"it_IT\" \/>\n<meta property=\"og:type\" content=\"article\" \/>\n<meta property=\"og:title\" content=\"Lenis Succo di Mela \u2013 succo di mela classico 1 Litro - Der Psairer - Speck, Wurst, K\u00e4se\" \/>\n<meta property=\"og:description\" content=\"Lenis Succo di Mela da mele alpine al 100% in bottiglia da 1 litro. Fruttato, delicato e ideale per ogni giorno.\" \/>\n<meta property=\"og:url\" content=\"https:\/\/derpsairer.it\/it\/produkt\/succo-di-mela-lenis-naturale-torbido-e-a-lungo-fresco-kopie\/\" \/>\n<meta property=\"og:site_name\" content=\"Der Psairer - Speck, Wurst, K\u00e4se\" \/>\n<meta property=\"article:publisher\" content=\"https:\/\/www.facebook.com\/profile.php?id=100063648246860\" \/>\n<meta property=\"article:modified_time\" content=\"2026-04-25T12:46:12+00:00\" \/>\n<meta property=\"og:image\" content=\"https:\/\/derpsairer.it\/wp-22\/wp-content\/uploads\/2026\/04\/Lenis-1l-min-scaled.png\" \/>\n\t<meta property=\"og:image:width\" content=\"2555\" \/>\n\t<meta property=\"og:image:height\" content=\"2560\" \/>\n\t<meta property=\"og:image:type\" content=\"image\/png\" \/>\n<script type=\"application\/ld+json\" class=\"yoast-schema-graph\">{\"@context\":\"https:\\\/\\\/schema.org\",\"@graph\":[{\"@type\":\"WebPage\",\"@id\":\"https:\\\/\\\/derpsairer.it\\\/it\\\/produkt\\\/succo-di-mela-lenis-naturale-torbido-e-a-lungo-fresco-kopie\\\/\",\"url\":\"https:\\\/\\\/derpsairer.it\\\/it\\\/produkt\\\/succo-di-mela-lenis-naturale-torbido-e-a-lungo-fresco-kopie\\\/\",\"name\":\"Lenis Succo di Mela \u2013 succo di mela classico 1 Litro - Der Psairer - Speck, Wurst, K\u00e4se\",\"isPartOf\":{\"@id\":\"https:\\\/\\\/derpsairer.it\\\/it\\\/#website\"},\"primaryImageOfPage\":{\"@id\":\"https:\\\/\\\/derpsairer.it\\\/it\\\/produkt\\\/succo-di-mela-lenis-naturale-torbido-e-a-lungo-fresco-kopie\\\/#primaryimage\"},\"image\":{\"@id\":\"https:\\\/\\\/derpsairer.it\\\/it\\\/produkt\\\/succo-di-mela-lenis-naturale-torbido-e-a-lungo-fresco-kopie\\\/#primaryimage\"},\"thumbnailUrl\":\"https:\\\/\\\/derpsairer.it\\\/wp-22\\\/wp-content\\\/uploads\\\/2026\\\/04\\\/Lenis-1l-min-scaled.png\",\"datePublished\":\"2026-04-25T12:09:31+00:00\",\"dateModified\":\"2026-04-25T12:46:12+00:00\",\"description\":\"Lenis Succo di Mela da mele alpine al 100% in bottiglia da 1 litro. Fruttato, delicato e ideale per ogni giorno.\",\"breadcrumb\":{\"@id\":\"https:\\\/\\\/derpsairer.it\\\/it\\\/produkt\\\/succo-di-mela-lenis-naturale-torbido-e-a-lungo-fresco-kopie\\\/#breadcrumb\"},\"inLanguage\":\"it-IT\",\"potentialAction\":[{\"@type\":\"ReadAction\",\"target\":[\"https:\\\/\\\/derpsairer.it\\\/it\\\/produkt\\\/succo-di-mela-lenis-naturale-torbido-e-a-lungo-fresco-kopie\\\/\"]}]},{\"@type\":\"ImageObject\",\"inLanguage\":\"it-IT\",\"@id\":\"https:\\\/\\\/derpsairer.it\\\/it\\\/produkt\\\/succo-di-mela-lenis-naturale-torbido-e-a-lungo-fresco-kopie\\\/#primaryimage\",\"url\":\"https:\\\/\\\/derpsairer.it\\\/wp-22\\\/wp-content\\\/uploads\\\/2026\\\/04\\\/Lenis-1l-min-scaled.png\",\"contentUrl\":\"https:\\\/\\\/derpsairer.it\\\/wp-22\\\/wp-content\\\/uploads\\\/2026\\\/04\\\/Lenis-1l-min-scaled.png\",\"width\":2555,\"height\":2560},{\"@type\":\"BreadcrumbList\",\"@id\":\"https:\\\/\\\/derpsairer.it\\\/it\\\/produkt\\\/succo-di-mela-lenis-naturale-torbido-e-a-lungo-fresco-kopie\\\/#breadcrumb\",\"itemListElement\":[{\"@type\":\"ListItem\",\"position\":1,\"name\":\"Home\",\"item\":\"https:\\\/\\\/derpsairer.it\\\/it\\\/il-negozio-di-speck-der-psairer\\\/\"},{\"@type\":\"ListItem\",\"position\":2,\"name\":\"Shop\",\"item\":\"https:\\\/\\\/derpsairer.it\\\/shop\\\/\"},{\"@type\":\"ListItem\",\"position\":3,\"name\":\"Lenis Succo di Mela 1 Litro \u2013 classicamente fruttato da mele alpine\"}]},{\"@type\":\"WebSite\",\"@id\":\"https:\\\/\\\/derpsairer.it\\\/it\\\/#website\",\"url\":\"https:\\\/\\\/derpsairer.it\\\/it\\\/\",\"name\":\"Der Psairer - Speck, Wurst, K\u00e4se\",\"description\":\"Speck, Wurst und K\u00e4s aus Passeiertal in S\u00fcdtirol online bestellen.\",\"publisher\":{\"@id\":\"https:\\\/\\\/derpsairer.it\\\/it\\\/#organization\"},\"potentialAction\":[{\"@type\":\"SearchAction\",\"target\":{\"@type\":\"EntryPoint\",\"urlTemplate\":\"https:\\\/\\\/derpsairer.it\\\/it\\\/?s={search_term_string}\"},\"query-input\":{\"@type\":\"PropertyValueSpecification\",\"valueRequired\":true,\"valueName\":\"search_term_string\"}}],\"inLanguage\":\"it-IT\"},{\"@type\":\"Organization\",\"@id\":\"https:\\\/\\\/derpsairer.it\\\/it\\\/#organization\",\"name\":\"Der Psairer - Speck, Wurst, K\u00e4se\",\"url\":\"https:\\\/\\\/derpsairer.it\\\/it\\\/\",\"logo\":{\"@type\":\"ImageObject\",\"inLanguage\":\"it-IT\",\"@id\":\"https:\\\/\\\/derpsairer.it\\\/it\\\/#\\\/schema\\\/logo\\\/image\\\/\",\"url\":\"https:\\\/\\\/derpsairer.it\\\/wp-22\\\/wp-content\\\/uploads\\\/2020\\\/03\\\/DER-PSAIRER-LOGO-2x.png\",\"contentUrl\":\"https:\\\/\\\/derpsairer.it\\\/wp-22\\\/wp-content\\\/uploads\\\/2020\\\/03\\\/DER-PSAIRER-LOGO-2x.png\",\"width\":500,\"height\":500,\"caption\":\"Der Psairer - Speck, Wurst, K\u00e4se\"},\"image\":{\"@id\":\"https:\\\/\\\/derpsairer.it\\\/it\\\/#\\\/schema\\\/logo\\\/image\\\/\"},\"sameAs\":[\"https:\\\/\\\/www.facebook.com\\\/profile.php?id=100063648246860\"]}]}<\/script>\n<!-- \/ Yoast SEO plugin. -->","yoast_head_json":{"title":"Lenis Succo di Mela \u2013 succo di mela classico 1 Litro - Der Psairer - Speck, Wurst, K\u00e4se","description":"Lenis Succo di Mela da mele alpine al 100% in bottiglia da 1 litro. Fruttato, delicato e ideale per ogni giorno.","robots":{"index":"index","follow":"follow","max-snippet":"max-snippet:-1","max-image-preview":"max-image-preview:large","max-video-preview":"max-video-preview:-1"},"canonical":"https:\/\/derpsairer.it\/it\/produkt\/succo-di-mela-lenis-naturale-torbido-e-a-lungo-fresco-kopie\/","og_locale":"it_IT","og_type":"article","og_title":"Lenis Succo di Mela \u2013 succo di mela classico 1 Litro - Der Psairer - Speck, Wurst, K\u00e4se","og_description":"Lenis Succo di Mela da mele alpine al 100% in bottiglia da 1 litro. Fruttato, delicato e ideale per ogni giorno.","og_url":"https:\/\/derpsairer.it\/it\/produkt\/succo-di-mela-lenis-naturale-torbido-e-a-lungo-fresco-kopie\/","og_site_name":"Der Psairer - Speck, Wurst, K\u00e4se","article_publisher":"https:\/\/www.facebook.com\/profile.php?id=100063648246860","article_modified_time":"2026-04-25T12:46:12+00:00","og_image":[{"width":2555,"height":2560,"url":"https:\/\/derpsairer.it\/wp-22\/wp-content\/uploads\/2026\/04\/Lenis-1l-min-scaled.png","type":"image\/png"}],"schema":{"@context":"https:\/\/schema.org","@graph":[{"@type":"WebPage","@id":"https:\/\/derpsairer.it\/it\/produkt\/succo-di-mela-lenis-naturale-torbido-e-a-lungo-fresco-kopie\/","url":"https:\/\/derpsairer.it\/it\/produkt\/succo-di-mela-lenis-naturale-torbido-e-a-lungo-fresco-kopie\/","name":"Lenis Succo di Mela \u2013 succo di mela classico 1 Litro - Der Psairer - Speck, Wurst, K\u00e4se","isPartOf":{"@id":"https:\/\/derpsairer.it\/it\/#website"},"primaryImageOfPage":{"@id":"https:\/\/derpsairer.it\/it\/produkt\/succo-di-mela-lenis-naturale-torbido-e-a-lungo-fresco-kopie\/#primaryimage"},"image":{"@id":"https:\/\/derpsairer.it\/it\/produkt\/succo-di-mela-lenis-naturale-torbido-e-a-lungo-fresco-kopie\/#primaryimage"},"thumbnailUrl":"https:\/\/derpsairer.it\/wp-22\/wp-content\/uploads\/2026\/04\/Lenis-1l-min-scaled.png","datePublished":"2026-04-25T12:09:31+00:00","dateModified":"2026-04-25T12:46:12+00:00","description":"Lenis Succo di Mela da mele alpine al 100% in bottiglia da 1 litro. Fruttato, delicato e ideale per ogni giorno.","breadcrumb":{"@id":"https:\/\/derpsairer.it\/it\/produkt\/succo-di-mela-lenis-naturale-torbido-e-a-lungo-fresco-kopie\/#breadcrumb"},"inLanguage":"it-IT","potentialAction":[{"@type":"ReadAction","target":["https:\/\/derpsairer.it\/it\/produkt\/succo-di-mela-lenis-naturale-torbido-e-a-lungo-fresco-kopie\/"]}]},{"@type":"ImageObject","inLanguage":"it-IT","@id":"https:\/\/derpsairer.it\/it\/produkt\/succo-di-mela-lenis-naturale-torbido-e-a-lungo-fresco-kopie\/#primaryimage","url":"https:\/\/derpsairer.it\/wp-22\/wp-content\/uploads\/2026\/04\/Lenis-1l-min-scaled.png","contentUrl":"https:\/\/derpsairer.it\/wp-22\/wp-content\/uploads\/2026\/04\/Lenis-1l-min-scaled.png","width":2555,"height":2560},{"@type":"BreadcrumbList","@id":"https:\/\/derpsairer.it\/it\/produkt\/succo-di-mela-lenis-naturale-torbido-e-a-lungo-fresco-kopie\/#breadcrumb","itemListElement":[{"@type":"ListItem","position":1,"name":"Home","item":"https:\/\/derpsairer.it\/it\/il-negozio-di-speck-der-psairer\/"},{"@type":"ListItem","position":2,"name":"Shop","item":"https:\/\/derpsairer.it\/shop\/"},{"@type":"ListItem","position":3,"name":"Lenis Succo di Mela 1 Litro \u2013 classicamente fruttato da mele alpine"}]},{"@type":"WebSite","@id":"https:\/\/derpsairer.it\/it\/#website","url":"https:\/\/derpsairer.it\/it\/","name":"Der Psairer - Speck, Wurst, K\u00e4se","description":"Speck, Wurst und K\u00e4s aus Passeiertal in S\u00fcdtirol online bestellen.","publisher":{"@id":"https:\/\/derpsairer.it\/it\/#organization"},"potentialAction":[{"@type":"SearchAction","target":{"@type":"EntryPoint","urlTemplate":"https:\/\/derpsairer.it\/it\/?s={search_term_string}"},"query-input":{"@type":"PropertyValueSpecification","valueRequired":true,"valueName":"search_term_string"}}],"inLanguage":"it-IT"},{"@type":"Organization","@id":"https:\/\/derpsairer.it\/it\/#organization","name":"Der Psairer - Speck, Wurst, K\u00e4se","url":"https:\/\/derpsairer.it\/it\/","logo":{"@type":"ImageObject","inLanguage":"it-IT","@id":"https:\/\/derpsairer.it\/it\/#\/schema\/logo\/image\/","url":"https:\/\/derpsairer.it\/wp-22\/wp-content\/uploads\/2020\/03\/DER-PSAIRER-LOGO-2x.png","contentUrl":"https:\/\/derpsairer.it\/wp-22\/wp-content\/uploads\/2020\/03\/DER-PSAIRER-LOGO-2x.png","width":500,"height":500,"caption":"Der Psairer - Speck, Wurst, K\u00e4se"},"image":{"@id":"https:\/\/derpsairer.it\/it\/#\/schema\/logo\/image\/"},"sameAs":["https:\/\/www.facebook.com\/profile.php?id=100063648246860"]}]}},"_links":{"self":[{"href":"https:\/\/derpsairer.it\/it\/wp-json\/wp\/v2\/product\/6598","targetHints":{"allow":["GET"]}}],"collection":[{"href":"https:\/\/derpsairer.it\/it\/wp-json\/wp\/v2\/product"}],"about":[{"href":"https:\/\/derpsairer.it\/it\/wp-json\/wp\/v2\/types\/product"}],"wp:featuredmedia":[{"embeddable":true,"href":"https:\/\/derpsairer.it\/it\/wp-json\/wp\/v2\/media\/6609"}],"wp:attachment":[{"href":"https:\/\/derpsairer.it\/it\/wp-json\/wp\/v2\/media?parent=6598"}],"wp:term":[{"taxonomy":"product_brand","embeddable":true,"href":"https:\/\/derpsairer.it\/it\/wp-json\/wp\/v2\/product_brand?post=6598"},{"taxonomy":"product_cat","embeddable":true,"href":"https:\/\/derpsairer.it\/it\/wp-json\/wp\/v2\/product_cat?post=6598"},{"taxonomy":"product_tag","embeddable":true,"href":"https:\/\/derpsairer.it\/it\/wp-json\/wp\/v2\/product_tag?post=6598"}],"curies":[{"name":"wp","href":"https:\/\/api.w.org\/{rel}","templated":true}]}}