{"id":6614,"date":"2026-04-25T15:27:04","date_gmt":"2026-04-25T13:27:04","guid":{"rendered":"https:\/\/derpsairer.it\/?post_type=product&#038;p=6614"},"modified":"2026-04-25T15:37:45","modified_gmt":"2026-04-25T13:37:45","slug":"lenis-succo-di-mela-1-litro-classicamente-fruttato-da-mele-alpine-kopie-2","status":"publish","type":"product","link":"https:\/\/derpsairer.it\/it\/produkt\/lenis-succo-di-mela-1-litro-classicamente-fruttato-da-mele-alpine-kopie-2\/","title":{"rendered":"Succo di mela Kissabel Lenis \u2013 succo diretto da mele a polpa rossa"},"content":{"rendered":"<p data-start=\"79\" data-end=\"585\">Il succo di mela Kissabel Lenis \u00e8 uno speciale succo diretto da mele Kissabel a polpa rossa al 100%. Queste mele straordinarie sono rosse fuori e dentro e donano al succo il suo colore intenso e un gusto particolarmente dolce e pieno. Spremuto delicatamente, conserva l\u2019aroma naturale dei frutti e regala un\u2019esperienza di gusto inconfondibile. Ideale da bere puro come fresca bevanda fruttata o come speciale compagno in ogni momento della giornata.   <\/p>\n<p data-start=\"641\" data-end=\"794\">Contenuto: 750 ml<\/p>\n","protected":false},"excerpt":{"rendered":"<p>\u2022 Succo diretto 100%<br \/>\n\u2022 Mele Kissabel a polpa rossa<br \/>\n\u2022 Colore rosso intenso<br \/>\n\u2022 Gusto particolarmente dolce<br \/>\n\u2022 Aroma pieno<\/p>\n","protected":false},"featured_media":6616,"template":"","meta":[],"product_brand":[],"product_cat":[191,4009],"product_tag":[1945,2455,4029,2185,4028,2788,4015,4011,4027,4010,4030,4018],"class_list":{"0":"post-6614","1":"product","2":"type-product","3":"status-publish","4":"has-post-thumbnail","6":"product_cat-altre-delizie","7":"product_cat-succo-di-mela","8":"product_tag-alto-adige","9":"product_tag-dolce","10":"product_tag-kissabel","11":"product_tag-mela","12":"product_tag-mela-a-polpa-rossa","13":"product_tag-naturale-2","14":"product_tag-succo-di-frutta","15":"product_tag-succo-di-mela","16":"product_tag-succo-di-mela-kissabel","17":"product_tag-succo-di-mela-lenis","18":"product_tag-succo-di-mela-speciale","19":"product_tag-succo-diretto","21":"first","22":"instock","23":"shipping-taxable","24":"purchasable","25":"product-type-simple"},"yoast_head":"<!-- This site is optimized with the Yoast SEO plugin v27.4 - https:\/\/yoast.com\/product\/yoast-seo-wordpress\/ -->\n<title>Succo di mela Kissabel \u2013 succo diretto da mele a polpa rossa - Der Psairer - Speck, Wurst, K\u00e4se<\/title>\n<meta name=\"description\" content=\"Succo di mela Kissabel da mele a polpa rossa al 100%. Dolce, intenso e particolarmente aromatico come succo diretto puro.\" \/>\n<meta name=\"robots\" content=\"index, follow, max-snippet:-1, max-image-preview:large, max-video-preview:-1\" \/>\n<link rel=\"canonical\" href=\"https:\/\/derpsairer.it\/it\/produkt\/lenis-succo-di-mela-1-litro-classicamente-fruttato-da-mele-alpine-kopie-2\/\" \/>\n<meta property=\"og:locale\" content=\"it_IT\" \/>\n<meta property=\"og:type\" content=\"article\" \/>\n<meta property=\"og:title\" content=\"Succo di mela Kissabel \u2013 succo diretto da mele a polpa rossa - Der Psairer - Speck, Wurst, K\u00e4se\" \/>\n<meta property=\"og:description\" content=\"Succo di mela Kissabel da mele a polpa rossa al 100%. Dolce, intenso e particolarmente aromatico come succo diretto puro.\" \/>\n<meta property=\"og:url\" content=\"https:\/\/derpsairer.it\/it\/produkt\/lenis-succo-di-mela-1-litro-classicamente-fruttato-da-mele-alpine-kopie-2\/\" \/>\n<meta property=\"og:site_name\" content=\"Der Psairer - Speck, Wurst, K\u00e4se\" \/>\n<meta property=\"article:publisher\" content=\"https:\/\/www.facebook.com\/profile.php?id=100063648246860\" \/>\n<meta property=\"article:modified_time\" content=\"2026-04-25T13:37:45+00:00\" \/>\n<meta property=\"og:image\" content=\"https:\/\/derpsairer.it\/wp-22\/wp-content\/uploads\/2026\/04\/Lenis-1l-Kissabel-min-scaled.png\" \/>\n\t<meta property=\"og:image:width\" content=\"2555\" \/>\n\t<meta property=\"og:image:height\" content=\"2560\" \/>\n\t<meta property=\"og:image:type\" content=\"image\/png\" \/>\n<script type=\"application\/ld+json\" class=\"yoast-schema-graph\">{\"@context\":\"https:\\\/\\\/schema.org\",\"@graph\":[{\"@type\":\"WebPage\",\"@id\":\"https:\\\/\\\/derpsairer.it\\\/it\\\/produkt\\\/lenis-succo-di-mela-1-litro-classicamente-fruttato-da-mele-alpine-kopie-2\\\/\",\"url\":\"https:\\\/\\\/derpsairer.it\\\/it\\\/produkt\\\/lenis-succo-di-mela-1-litro-classicamente-fruttato-da-mele-alpine-kopie-2\\\/\",\"name\":\"Succo di mela Kissabel \u2013 succo diretto da mele a polpa rossa - Der Psairer - Speck, Wurst, K\u00e4se\",\"isPartOf\":{\"@id\":\"https:\\\/\\\/derpsairer.it\\\/it\\\/#website\"},\"primaryImageOfPage\":{\"@id\":\"https:\\\/\\\/derpsairer.it\\\/it\\\/produkt\\\/lenis-succo-di-mela-1-litro-classicamente-fruttato-da-mele-alpine-kopie-2\\\/#primaryimage\"},\"image\":{\"@id\":\"https:\\\/\\\/derpsairer.it\\\/it\\\/produkt\\\/lenis-succo-di-mela-1-litro-classicamente-fruttato-da-mele-alpine-kopie-2\\\/#primaryimage\"},\"thumbnailUrl\":\"https:\\\/\\\/derpsairer.it\\\/wp-22\\\/wp-content\\\/uploads\\\/2026\\\/04\\\/Lenis-1l-Kissabel-min-scaled.png\",\"datePublished\":\"2026-04-25T13:27:04+00:00\",\"dateModified\":\"2026-04-25T13:37:45+00:00\",\"description\":\"Succo di mela Kissabel da mele a polpa rossa al 100%. Dolce, intenso e particolarmente aromatico come succo diretto puro.\",\"breadcrumb\":{\"@id\":\"https:\\\/\\\/derpsairer.it\\\/it\\\/produkt\\\/lenis-succo-di-mela-1-litro-classicamente-fruttato-da-mele-alpine-kopie-2\\\/#breadcrumb\"},\"inLanguage\":\"it-IT\",\"potentialAction\":[{\"@type\":\"ReadAction\",\"target\":[\"https:\\\/\\\/derpsairer.it\\\/it\\\/produkt\\\/lenis-succo-di-mela-1-litro-classicamente-fruttato-da-mele-alpine-kopie-2\\\/\"]}]},{\"@type\":\"ImageObject\",\"inLanguage\":\"it-IT\",\"@id\":\"https:\\\/\\\/derpsairer.it\\\/it\\\/produkt\\\/lenis-succo-di-mela-1-litro-classicamente-fruttato-da-mele-alpine-kopie-2\\\/#primaryimage\",\"url\":\"https:\\\/\\\/derpsairer.it\\\/wp-22\\\/wp-content\\\/uploads\\\/2026\\\/04\\\/Lenis-1l-Kissabel-min-scaled.png\",\"contentUrl\":\"https:\\\/\\\/derpsairer.it\\\/wp-22\\\/wp-content\\\/uploads\\\/2026\\\/04\\\/Lenis-1l-Kissabel-min-scaled.png\",\"width\":2555,\"height\":2560},{\"@type\":\"BreadcrumbList\",\"@id\":\"https:\\\/\\\/derpsairer.it\\\/it\\\/produkt\\\/lenis-succo-di-mela-1-litro-classicamente-fruttato-da-mele-alpine-kopie-2\\\/#breadcrumb\",\"itemListElement\":[{\"@type\":\"ListItem\",\"position\":1,\"name\":\"Home\",\"item\":\"https:\\\/\\\/derpsairer.it\\\/it\\\/il-negozio-di-speck-der-psairer\\\/\"},{\"@type\":\"ListItem\",\"position\":2,\"name\":\"Shop\",\"item\":\"https:\\\/\\\/derpsairer.it\\\/shop\\\/\"},{\"@type\":\"ListItem\",\"position\":3,\"name\":\"Succo di mela Kissabel Lenis \u2013 succo diretto da mele a polpa rossa\"}]},{\"@type\":\"WebSite\",\"@id\":\"https:\\\/\\\/derpsairer.it\\\/it\\\/#website\",\"url\":\"https:\\\/\\\/derpsairer.it\\\/it\\\/\",\"name\":\"Der Psairer - Speck, Wurst, K\u00e4se\",\"description\":\"Speck, Wurst und K\u00e4s aus Passeiertal in S\u00fcdtirol online bestellen.\",\"publisher\":{\"@id\":\"https:\\\/\\\/derpsairer.it\\\/it\\\/#organization\"},\"potentialAction\":[{\"@type\":\"SearchAction\",\"target\":{\"@type\":\"EntryPoint\",\"urlTemplate\":\"https:\\\/\\\/derpsairer.it\\\/it\\\/?s={search_term_string}\"},\"query-input\":{\"@type\":\"PropertyValueSpecification\",\"valueRequired\":true,\"valueName\":\"search_term_string\"}}],\"inLanguage\":\"it-IT\"},{\"@type\":\"Organization\",\"@id\":\"https:\\\/\\\/derpsairer.it\\\/it\\\/#organization\",\"name\":\"Der Psairer - Speck, Wurst, K\u00e4se\",\"url\":\"https:\\\/\\\/derpsairer.it\\\/it\\\/\",\"logo\":{\"@type\":\"ImageObject\",\"inLanguage\":\"it-IT\",\"@id\":\"https:\\\/\\\/derpsairer.it\\\/it\\\/#\\\/schema\\\/logo\\\/image\\\/\",\"url\":\"https:\\\/\\\/derpsairer.it\\\/wp-22\\\/wp-content\\\/uploads\\\/2020\\\/03\\\/DER-PSAIRER-LOGO-2x.png\",\"contentUrl\":\"https:\\\/\\\/derpsairer.it\\\/wp-22\\\/wp-content\\\/uploads\\\/2020\\\/03\\\/DER-PSAIRER-LOGO-2x.png\",\"width\":500,\"height\":500,\"caption\":\"Der Psairer - Speck, Wurst, K\u00e4se\"},\"image\":{\"@id\":\"https:\\\/\\\/derpsairer.it\\\/it\\\/#\\\/schema\\\/logo\\\/image\\\/\"},\"sameAs\":[\"https:\\\/\\\/www.facebook.com\\\/profile.php?id=100063648246860\"]}]}<\/script>\n<!-- \/ Yoast SEO plugin. -->","yoast_head_json":{"title":"Succo di mela Kissabel \u2013 succo diretto da mele a polpa rossa - Der Psairer - Speck, Wurst, K\u00e4se","description":"Succo di mela Kissabel da mele a polpa rossa al 100%. Dolce, intenso e particolarmente aromatico come succo diretto puro.","robots":{"index":"index","follow":"follow","max-snippet":"max-snippet:-1","max-image-preview":"max-image-preview:large","max-video-preview":"max-video-preview:-1"},"canonical":"https:\/\/derpsairer.it\/it\/produkt\/lenis-succo-di-mela-1-litro-classicamente-fruttato-da-mele-alpine-kopie-2\/","og_locale":"it_IT","og_type":"article","og_title":"Succo di mela Kissabel \u2013 succo diretto da mele a polpa rossa - Der Psairer - Speck, Wurst, K\u00e4se","og_description":"Succo di mela Kissabel da mele a polpa rossa al 100%. Dolce, intenso e particolarmente aromatico come succo diretto puro.","og_url":"https:\/\/derpsairer.it\/it\/produkt\/lenis-succo-di-mela-1-litro-classicamente-fruttato-da-mele-alpine-kopie-2\/","og_site_name":"Der Psairer - Speck, Wurst, K\u00e4se","article_publisher":"https:\/\/www.facebook.com\/profile.php?id=100063648246860","article_modified_time":"2026-04-25T13:37:45+00:00","og_image":[{"width":2555,"height":2560,"url":"https:\/\/derpsairer.it\/wp-22\/wp-content\/uploads\/2026\/04\/Lenis-1l-Kissabel-min-scaled.png","type":"image\/png"}],"schema":{"@context":"https:\/\/schema.org","@graph":[{"@type":"WebPage","@id":"https:\/\/derpsairer.it\/it\/produkt\/lenis-succo-di-mela-1-litro-classicamente-fruttato-da-mele-alpine-kopie-2\/","url":"https:\/\/derpsairer.it\/it\/produkt\/lenis-succo-di-mela-1-litro-classicamente-fruttato-da-mele-alpine-kopie-2\/","name":"Succo di mela Kissabel \u2013 succo diretto da mele a polpa rossa - Der Psairer - Speck, Wurst, K\u00e4se","isPartOf":{"@id":"https:\/\/derpsairer.it\/it\/#website"},"primaryImageOfPage":{"@id":"https:\/\/derpsairer.it\/it\/produkt\/lenis-succo-di-mela-1-litro-classicamente-fruttato-da-mele-alpine-kopie-2\/#primaryimage"},"image":{"@id":"https:\/\/derpsairer.it\/it\/produkt\/lenis-succo-di-mela-1-litro-classicamente-fruttato-da-mele-alpine-kopie-2\/#primaryimage"},"thumbnailUrl":"https:\/\/derpsairer.it\/wp-22\/wp-content\/uploads\/2026\/04\/Lenis-1l-Kissabel-min-scaled.png","datePublished":"2026-04-25T13:27:04+00:00","dateModified":"2026-04-25T13:37:45+00:00","description":"Succo di mela Kissabel da mele a polpa rossa al 100%. Dolce, intenso e particolarmente aromatico come succo diretto puro.","breadcrumb":{"@id":"https:\/\/derpsairer.it\/it\/produkt\/lenis-succo-di-mela-1-litro-classicamente-fruttato-da-mele-alpine-kopie-2\/#breadcrumb"},"inLanguage":"it-IT","potentialAction":[{"@type":"ReadAction","target":["https:\/\/derpsairer.it\/it\/produkt\/lenis-succo-di-mela-1-litro-classicamente-fruttato-da-mele-alpine-kopie-2\/"]}]},{"@type":"ImageObject","inLanguage":"it-IT","@id":"https:\/\/derpsairer.it\/it\/produkt\/lenis-succo-di-mela-1-litro-classicamente-fruttato-da-mele-alpine-kopie-2\/#primaryimage","url":"https:\/\/derpsairer.it\/wp-22\/wp-content\/uploads\/2026\/04\/Lenis-1l-Kissabel-min-scaled.png","contentUrl":"https:\/\/derpsairer.it\/wp-22\/wp-content\/uploads\/2026\/04\/Lenis-1l-Kissabel-min-scaled.png","width":2555,"height":2560},{"@type":"BreadcrumbList","@id":"https:\/\/derpsairer.it\/it\/produkt\/lenis-succo-di-mela-1-litro-classicamente-fruttato-da-mele-alpine-kopie-2\/#breadcrumb","itemListElement":[{"@type":"ListItem","position":1,"name":"Home","item":"https:\/\/derpsairer.it\/it\/il-negozio-di-speck-der-psairer\/"},{"@type":"ListItem","position":2,"name":"Shop","item":"https:\/\/derpsairer.it\/shop\/"},{"@type":"ListItem","position":3,"name":"Succo di mela Kissabel Lenis \u2013 succo diretto da mele a polpa rossa"}]},{"@type":"WebSite","@id":"https:\/\/derpsairer.it\/it\/#website","url":"https:\/\/derpsairer.it\/it\/","name":"Der Psairer - Speck, Wurst, K\u00e4se","description":"Speck, Wurst und K\u00e4s aus Passeiertal in S\u00fcdtirol online bestellen.","publisher":{"@id":"https:\/\/derpsairer.it\/it\/#organization"},"potentialAction":[{"@type":"SearchAction","target":{"@type":"EntryPoint","urlTemplate":"https:\/\/derpsairer.it\/it\/?s={search_term_string}"},"query-input":{"@type":"PropertyValueSpecification","valueRequired":true,"valueName":"search_term_string"}}],"inLanguage":"it-IT"},{"@type":"Organization","@id":"https:\/\/derpsairer.it\/it\/#organization","name":"Der Psairer - Speck, Wurst, K\u00e4se","url":"https:\/\/derpsairer.it\/it\/","logo":{"@type":"ImageObject","inLanguage":"it-IT","@id":"https:\/\/derpsairer.it\/it\/#\/schema\/logo\/image\/","url":"https:\/\/derpsairer.it\/wp-22\/wp-content\/uploads\/2020\/03\/DER-PSAIRER-LOGO-2x.png","contentUrl":"https:\/\/derpsairer.it\/wp-22\/wp-content\/uploads\/2020\/03\/DER-PSAIRER-LOGO-2x.png","width":500,"height":500,"caption":"Der Psairer - Speck, Wurst, K\u00e4se"},"image":{"@id":"https:\/\/derpsairer.it\/it\/#\/schema\/logo\/image\/"},"sameAs":["https:\/\/www.facebook.com\/profile.php?id=100063648246860"]}]}},"_links":{"self":[{"href":"https:\/\/derpsairer.it\/it\/wp-json\/wp\/v2\/product\/6614","targetHints":{"allow":["GET"]}}],"collection":[{"href":"https:\/\/derpsairer.it\/it\/wp-json\/wp\/v2\/product"}],"about":[{"href":"https:\/\/derpsairer.it\/it\/wp-json\/wp\/v2\/types\/product"}],"wp:featuredmedia":[{"embeddable":true,"href":"https:\/\/derpsairer.it\/it\/wp-json\/wp\/v2\/media\/6616"}],"wp:attachment":[{"href":"https:\/\/derpsairer.it\/it\/wp-json\/wp\/v2\/media?parent=6614"}],"wp:term":[{"taxonomy":"product_brand","embeddable":true,"href":"https:\/\/derpsairer.it\/it\/wp-json\/wp\/v2\/product_brand?post=6614"},{"taxonomy":"product_cat","embeddable":true,"href":"https:\/\/derpsairer.it\/it\/wp-json\/wp\/v2\/product_cat?post=6614"},{"taxonomy":"product_tag","embeddable":true,"href":"https:\/\/derpsairer.it\/it\/wp-json\/wp\/v2\/product_tag?post=6614"}],"curies":[{"name":"wp","href":"https:\/\/api.w.org\/{rel}","templated":true}]}}