{"id":6618,"date":"2026-04-25T15:36:45","date_gmt":"2026-04-25T13:36:45","guid":{"rendered":"https:\/\/derpsairer.it\/?post_type=product&#038;p=6618"},"modified":"2026-04-25T15:43:04","modified_gmt":"2026-04-25T13:43:04","slug":"lenis-succo-di-mela-1-litro-classicamente-fruttato-da-mele-alpine-kopie","status":"publish","type":"product","link":"https:\/\/derpsairer.it\/it\/produkt\/lenis-succo-di-mela-1-litro-classicamente-fruttato-da-mele-alpine-kopie\/","title":{"rendered":"Lenis succo di mela Bioland torbido naturale \u2013 succo diretto biologico di mele"},"content":{"rendered":"<p data-start=\"79\" data-end=\"585\">Lenis succo di mela Bioland torbido naturale \u00e8 un succo diretto biologico ottenuto da mele accuratamente selezionate provenienti da coltivazioni Bioland controllate. Dalla gestione dei frutteti allo stoccaggio fino alla lavorazione delicata, ogni fase \u00e8 certificata e controllata secondo le rigorose linee guida Bioland. Il succo torbido naturale, non filtrato, conquista con il suo gusto naturalmente fruttato e una freschezza piacevolmente equilibrata. Gustato puro o leggermente diluito con acqua, sprigiona tutto l\u2019aroma delle mele coltivate biologicamente in qualsiasi momento della giornata.   <\/p>\n<p data-start=\"641\" data-end=\"794\">Contenuto: 750 ml<\/p>\n","protected":false},"excerpt":{"rendered":"<p>\u2022 Certificato Bioland<br \/>\n\u2022 Succo diretto torbido naturale<br \/>\n\u2022 Coltivazione biologica<br \/>\n\u2022 Gusto non filtrato<br \/>\n\u2022 Da gustare puro o diluito<\/p>\n","protected":false},"featured_media":6620,"template":"","meta":[],"product_brand":[],"product_cat":[191,4009],"product_tag":[1945,4037,3135,2185,4012,4038,4015,4011,4036,4035,4010,4018],"class_list":{"0":"post-6618","1":"product","2":"type-product","3":"status-publish","4":"has-post-thumbnail","6":"product_cat-altre-delizie","7":"product_cat-succo-di-mela","8":"product_tag-alto-adige","9":"product_tag-bioland","10":"product_tag-biologico-2","11":"product_tag-mela","12":"product_tag-naturalmente-torbido","13":"product_tag-non-filtrato","14":"product_tag-succo-di-frutta","15":"product_tag-succo-di-mela","16":"product_tag-succo-di-mela-bio","17":"product_tag-succo-di-mela-bioland","18":"product_tag-succo-di-mela-lenis","19":"product_tag-succo-diretto","21":"first","22":"instock","23":"shipping-taxable","24":"purchasable","25":"product-type-simple"},"yoast_head":"<!-- This site is optimized with the Yoast SEO plugin v27.4 - https:\/\/yoast.com\/product\/yoast-seo-wordpress\/ -->\n<title>Succo di mela Bioland \u2013 succo diretto torbido naturale dall\u2019Alto Adige - Der Psairer - Speck, Wurst, K\u00e4se<\/title>\n<meta name=\"description\" content=\"Lenis succo di mela da mele alpine al 100% nella bottiglia da 1 litro. Fruttato, delicato e ideale per ogni giorno. Succo di mela Bioland torbido naturale da agricoltura biologica. Succo diretto non filtrato dal gusto pieno per ogni giorno.\" \/>\n<meta name=\"robots\" content=\"index, follow, max-snippet:-1, max-image-preview:large, max-video-preview:-1\" \/>\n<link rel=\"canonical\" href=\"https:\/\/derpsairer.it\/it\/produkt\/lenis-succo-di-mela-1-litro-classicamente-fruttato-da-mele-alpine-kopie\/\" \/>\n<meta property=\"og:locale\" content=\"it_IT\" \/>\n<meta property=\"og:type\" content=\"article\" \/>\n<meta property=\"og:title\" content=\"Succo di mela Bioland \u2013 succo diretto torbido naturale dall\u2019Alto Adige - Der Psairer - Speck, Wurst, K\u00e4se\" \/>\n<meta property=\"og:description\" content=\"Lenis succo di mela da mele alpine al 100% nella bottiglia da 1 litro. Fruttato, delicato e ideale per ogni giorno. Succo di mela Bioland torbido naturale da agricoltura biologica. Succo diretto non filtrato dal gusto pieno per ogni giorno.\" \/>\n<meta property=\"og:url\" content=\"https:\/\/derpsairer.it\/it\/produkt\/lenis-succo-di-mela-1-litro-classicamente-fruttato-da-mele-alpine-kopie\/\" \/>\n<meta property=\"og:site_name\" content=\"Der Psairer - Speck, Wurst, K\u00e4se\" \/>\n<meta property=\"article:publisher\" content=\"https:\/\/www.facebook.com\/profile.php?id=100063648246860\" \/>\n<meta property=\"article:modified_time\" content=\"2026-04-25T13:43:04+00:00\" \/>\n<meta property=\"og:image\" content=\"https:\/\/derpsairer.it\/wp-22\/wp-content\/uploads\/2026\/04\/Lenis-Selection-min.png\" \/>\n\t<meta property=\"og:image:width\" content=\"2500\" \/>\n\t<meta property=\"og:image:height\" content=\"2504\" \/>\n\t<meta property=\"og:image:type\" content=\"image\/png\" \/>\n<script type=\"application\/ld+json\" class=\"yoast-schema-graph\">{\"@context\":\"https:\\\/\\\/schema.org\",\"@graph\":[{\"@type\":\"WebPage\",\"@id\":\"https:\\\/\\\/derpsairer.it\\\/it\\\/produkt\\\/lenis-succo-di-mela-1-litro-classicamente-fruttato-da-mele-alpine-kopie\\\/\",\"url\":\"https:\\\/\\\/derpsairer.it\\\/it\\\/produkt\\\/lenis-succo-di-mela-1-litro-classicamente-fruttato-da-mele-alpine-kopie\\\/\",\"name\":\"Succo di mela Bioland \u2013 succo diretto torbido naturale dall\u2019Alto Adige - Der Psairer - Speck, Wurst, K\u00e4se\",\"isPartOf\":{\"@id\":\"https:\\\/\\\/derpsairer.it\\\/it\\\/#website\"},\"primaryImageOfPage\":{\"@id\":\"https:\\\/\\\/derpsairer.it\\\/it\\\/produkt\\\/lenis-succo-di-mela-1-litro-classicamente-fruttato-da-mele-alpine-kopie\\\/#primaryimage\"},\"image\":{\"@id\":\"https:\\\/\\\/derpsairer.it\\\/it\\\/produkt\\\/lenis-succo-di-mela-1-litro-classicamente-fruttato-da-mele-alpine-kopie\\\/#primaryimage\"},\"thumbnailUrl\":\"https:\\\/\\\/derpsairer.it\\\/wp-22\\\/wp-content\\\/uploads\\\/2026\\\/04\\\/Lenis-Selection-min.png\",\"datePublished\":\"2026-04-25T13:36:45+00:00\",\"dateModified\":\"2026-04-25T13:43:04+00:00\",\"description\":\"Lenis succo di mela da mele alpine al 100% nella bottiglia da 1 litro. Fruttato, delicato e ideale per ogni giorno. Succo di mela Bioland torbido naturale da agricoltura biologica. Succo diretto non filtrato dal gusto pieno per ogni giorno.\",\"breadcrumb\":{\"@id\":\"https:\\\/\\\/derpsairer.it\\\/it\\\/produkt\\\/lenis-succo-di-mela-1-litro-classicamente-fruttato-da-mele-alpine-kopie\\\/#breadcrumb\"},\"inLanguage\":\"it-IT\",\"potentialAction\":[{\"@type\":\"ReadAction\",\"target\":[\"https:\\\/\\\/derpsairer.it\\\/it\\\/produkt\\\/lenis-succo-di-mela-1-litro-classicamente-fruttato-da-mele-alpine-kopie\\\/\"]}]},{\"@type\":\"ImageObject\",\"inLanguage\":\"it-IT\",\"@id\":\"https:\\\/\\\/derpsairer.it\\\/it\\\/produkt\\\/lenis-succo-di-mela-1-litro-classicamente-fruttato-da-mele-alpine-kopie\\\/#primaryimage\",\"url\":\"https:\\\/\\\/derpsairer.it\\\/wp-22\\\/wp-content\\\/uploads\\\/2026\\\/04\\\/Lenis-Selection-min.png\",\"contentUrl\":\"https:\\\/\\\/derpsairer.it\\\/wp-22\\\/wp-content\\\/uploads\\\/2026\\\/04\\\/Lenis-Selection-min.png\",\"width\":2500,\"height\":2504},{\"@type\":\"BreadcrumbList\",\"@id\":\"https:\\\/\\\/derpsairer.it\\\/it\\\/produkt\\\/lenis-succo-di-mela-1-litro-classicamente-fruttato-da-mele-alpine-kopie\\\/#breadcrumb\",\"itemListElement\":[{\"@type\":\"ListItem\",\"position\":1,\"name\":\"Home\",\"item\":\"https:\\\/\\\/derpsairer.it\\\/it\\\/il-negozio-di-speck-der-psairer\\\/\"},{\"@type\":\"ListItem\",\"position\":2,\"name\":\"Shop\",\"item\":\"https:\\\/\\\/derpsairer.it\\\/shop\\\/\"},{\"@type\":\"ListItem\",\"position\":3,\"name\":\"Lenis succo di mela Bioland torbido naturale \u2013 succo diretto biologico di mele\"}]},{\"@type\":\"WebSite\",\"@id\":\"https:\\\/\\\/derpsairer.it\\\/it\\\/#website\",\"url\":\"https:\\\/\\\/derpsairer.it\\\/it\\\/\",\"name\":\"Der Psairer - Speck, Wurst, K\u00e4se\",\"description\":\"Speck, Wurst und K\u00e4s aus Passeiertal in S\u00fcdtirol online bestellen.\",\"publisher\":{\"@id\":\"https:\\\/\\\/derpsairer.it\\\/it\\\/#organization\"},\"potentialAction\":[{\"@type\":\"SearchAction\",\"target\":{\"@type\":\"EntryPoint\",\"urlTemplate\":\"https:\\\/\\\/derpsairer.it\\\/it\\\/?s={search_term_string}\"},\"query-input\":{\"@type\":\"PropertyValueSpecification\",\"valueRequired\":true,\"valueName\":\"search_term_string\"}}],\"inLanguage\":\"it-IT\"},{\"@type\":\"Organization\",\"@id\":\"https:\\\/\\\/derpsairer.it\\\/it\\\/#organization\",\"name\":\"Der Psairer - Speck, Wurst, K\u00e4se\",\"url\":\"https:\\\/\\\/derpsairer.it\\\/it\\\/\",\"logo\":{\"@type\":\"ImageObject\",\"inLanguage\":\"it-IT\",\"@id\":\"https:\\\/\\\/derpsairer.it\\\/it\\\/#\\\/schema\\\/logo\\\/image\\\/\",\"url\":\"https:\\\/\\\/derpsairer.it\\\/wp-22\\\/wp-content\\\/uploads\\\/2020\\\/03\\\/DER-PSAIRER-LOGO-2x.png\",\"contentUrl\":\"https:\\\/\\\/derpsairer.it\\\/wp-22\\\/wp-content\\\/uploads\\\/2020\\\/03\\\/DER-PSAIRER-LOGO-2x.png\",\"width\":500,\"height\":500,\"caption\":\"Der Psairer - Speck, Wurst, K\u00e4se\"},\"image\":{\"@id\":\"https:\\\/\\\/derpsairer.it\\\/it\\\/#\\\/schema\\\/logo\\\/image\\\/\"},\"sameAs\":[\"https:\\\/\\\/www.facebook.com\\\/profile.php?id=100063648246860\"]}]}<\/script>\n<!-- \/ Yoast SEO plugin. -->","yoast_head_json":{"title":"Succo di mela Bioland \u2013 succo diretto torbido naturale dall\u2019Alto Adige - Der Psairer - Speck, Wurst, K\u00e4se","description":"Lenis succo di mela da mele alpine al 100% nella bottiglia da 1 litro. Fruttato, delicato e ideale per ogni giorno. Succo di mela Bioland torbido naturale da agricoltura biologica. Succo diretto non filtrato dal gusto pieno per ogni giorno.","robots":{"index":"index","follow":"follow","max-snippet":"max-snippet:-1","max-image-preview":"max-image-preview:large","max-video-preview":"max-video-preview:-1"},"canonical":"https:\/\/derpsairer.it\/it\/produkt\/lenis-succo-di-mela-1-litro-classicamente-fruttato-da-mele-alpine-kopie\/","og_locale":"it_IT","og_type":"article","og_title":"Succo di mela Bioland \u2013 succo diretto torbido naturale dall\u2019Alto Adige - Der Psairer - Speck, Wurst, K\u00e4se","og_description":"Lenis succo di mela da mele alpine al 100% nella bottiglia da 1 litro. Fruttato, delicato e ideale per ogni giorno. Succo di mela Bioland torbido naturale da agricoltura biologica. Succo diretto non filtrato dal gusto pieno per ogni giorno.","og_url":"https:\/\/derpsairer.it\/it\/produkt\/lenis-succo-di-mela-1-litro-classicamente-fruttato-da-mele-alpine-kopie\/","og_site_name":"Der Psairer - Speck, Wurst, K\u00e4se","article_publisher":"https:\/\/www.facebook.com\/profile.php?id=100063648246860","article_modified_time":"2026-04-25T13:43:04+00:00","og_image":[{"width":2500,"height":2504,"url":"https:\/\/derpsairer.it\/wp-22\/wp-content\/uploads\/2026\/04\/Lenis-Selection-min.png","type":"image\/png"}],"schema":{"@context":"https:\/\/schema.org","@graph":[{"@type":"WebPage","@id":"https:\/\/derpsairer.it\/it\/produkt\/lenis-succo-di-mela-1-litro-classicamente-fruttato-da-mele-alpine-kopie\/","url":"https:\/\/derpsairer.it\/it\/produkt\/lenis-succo-di-mela-1-litro-classicamente-fruttato-da-mele-alpine-kopie\/","name":"Succo di mela Bioland \u2013 succo diretto torbido naturale dall\u2019Alto Adige - Der Psairer - Speck, Wurst, K\u00e4se","isPartOf":{"@id":"https:\/\/derpsairer.it\/it\/#website"},"primaryImageOfPage":{"@id":"https:\/\/derpsairer.it\/it\/produkt\/lenis-succo-di-mela-1-litro-classicamente-fruttato-da-mele-alpine-kopie\/#primaryimage"},"image":{"@id":"https:\/\/derpsairer.it\/it\/produkt\/lenis-succo-di-mela-1-litro-classicamente-fruttato-da-mele-alpine-kopie\/#primaryimage"},"thumbnailUrl":"https:\/\/derpsairer.it\/wp-22\/wp-content\/uploads\/2026\/04\/Lenis-Selection-min.png","datePublished":"2026-04-25T13:36:45+00:00","dateModified":"2026-04-25T13:43:04+00:00","description":"Lenis succo di mela da mele alpine al 100% nella bottiglia da 1 litro. Fruttato, delicato e ideale per ogni giorno. Succo di mela Bioland torbido naturale da agricoltura biologica. Succo diretto non filtrato dal gusto pieno per ogni giorno.","breadcrumb":{"@id":"https:\/\/derpsairer.it\/it\/produkt\/lenis-succo-di-mela-1-litro-classicamente-fruttato-da-mele-alpine-kopie\/#breadcrumb"},"inLanguage":"it-IT","potentialAction":[{"@type":"ReadAction","target":["https:\/\/derpsairer.it\/it\/produkt\/lenis-succo-di-mela-1-litro-classicamente-fruttato-da-mele-alpine-kopie\/"]}]},{"@type":"ImageObject","inLanguage":"it-IT","@id":"https:\/\/derpsairer.it\/it\/produkt\/lenis-succo-di-mela-1-litro-classicamente-fruttato-da-mele-alpine-kopie\/#primaryimage","url":"https:\/\/derpsairer.it\/wp-22\/wp-content\/uploads\/2026\/04\/Lenis-Selection-min.png","contentUrl":"https:\/\/derpsairer.it\/wp-22\/wp-content\/uploads\/2026\/04\/Lenis-Selection-min.png","width":2500,"height":2504},{"@type":"BreadcrumbList","@id":"https:\/\/derpsairer.it\/it\/produkt\/lenis-succo-di-mela-1-litro-classicamente-fruttato-da-mele-alpine-kopie\/#breadcrumb","itemListElement":[{"@type":"ListItem","position":1,"name":"Home","item":"https:\/\/derpsairer.it\/it\/il-negozio-di-speck-der-psairer\/"},{"@type":"ListItem","position":2,"name":"Shop","item":"https:\/\/derpsairer.it\/shop\/"},{"@type":"ListItem","position":3,"name":"Lenis succo di mela Bioland torbido naturale \u2013 succo diretto biologico di mele"}]},{"@type":"WebSite","@id":"https:\/\/derpsairer.it\/it\/#website","url":"https:\/\/derpsairer.it\/it\/","name":"Der Psairer - Speck, Wurst, K\u00e4se","description":"Speck, Wurst und K\u00e4s aus Passeiertal in S\u00fcdtirol online bestellen.","publisher":{"@id":"https:\/\/derpsairer.it\/it\/#organization"},"potentialAction":[{"@type":"SearchAction","target":{"@type":"EntryPoint","urlTemplate":"https:\/\/derpsairer.it\/it\/?s={search_term_string}"},"query-input":{"@type":"PropertyValueSpecification","valueRequired":true,"valueName":"search_term_string"}}],"inLanguage":"it-IT"},{"@type":"Organization","@id":"https:\/\/derpsairer.it\/it\/#organization","name":"Der Psairer - Speck, Wurst, K\u00e4se","url":"https:\/\/derpsairer.it\/it\/","logo":{"@type":"ImageObject","inLanguage":"it-IT","@id":"https:\/\/derpsairer.it\/it\/#\/schema\/logo\/image\/","url":"https:\/\/derpsairer.it\/wp-22\/wp-content\/uploads\/2020\/03\/DER-PSAIRER-LOGO-2x.png","contentUrl":"https:\/\/derpsairer.it\/wp-22\/wp-content\/uploads\/2020\/03\/DER-PSAIRER-LOGO-2x.png","width":500,"height":500,"caption":"Der Psairer - Speck, Wurst, K\u00e4se"},"image":{"@id":"https:\/\/derpsairer.it\/it\/#\/schema\/logo\/image\/"},"sameAs":["https:\/\/www.facebook.com\/profile.php?id=100063648246860"]}]}},"_links":{"self":[{"href":"https:\/\/derpsairer.it\/it\/wp-json\/wp\/v2\/product\/6618","targetHints":{"allow":["GET"]}}],"collection":[{"href":"https:\/\/derpsairer.it\/it\/wp-json\/wp\/v2\/product"}],"about":[{"href":"https:\/\/derpsairer.it\/it\/wp-json\/wp\/v2\/types\/product"}],"wp:featuredmedia":[{"embeddable":true,"href":"https:\/\/derpsairer.it\/it\/wp-json\/wp\/v2\/media\/6620"}],"wp:attachment":[{"href":"https:\/\/derpsairer.it\/it\/wp-json\/wp\/v2\/media?parent=6618"}],"wp:term":[{"taxonomy":"product_brand","embeddable":true,"href":"https:\/\/derpsairer.it\/it\/wp-json\/wp\/v2\/product_brand?post=6618"},{"taxonomy":"product_cat","embeddable":true,"href":"https:\/\/derpsairer.it\/it\/wp-json\/wp\/v2\/product_cat?post=6618"},{"taxonomy":"product_tag","embeddable":true,"href":"https:\/\/derpsairer.it\/it\/wp-json\/wp\/v2\/product_tag?post=6618"}],"curies":[{"name":"wp","href":"https:\/\/api.w.org\/{rel}","templated":true}]}}