{"id":6625,"date":"2026-04-25T15:43:05","date_gmt":"2026-04-25T13:43:05","guid":{"rendered":"https:\/\/derpsairer.it\/?post_type=product&#038;p=6625"},"modified":"2026-04-25T16:36:08","modified_gmt":"2026-04-25T14:36:08","slug":"miele-di-bosco-miele-trentino-corposo-e-naturale-kopie-2","status":"publish","type":"product","link":"https:\/\/derpsairer.it\/it\/produkt\/miele-di-bosco-miele-trentino-corposo-e-naturale-kopie-2\/","title":{"rendered":"Miele di rododendro della Val Passiria \u2013 finemente aromatico e purissimo"},"content":{"rendered":"[vc_row type=&#8221;in_container&#8221; full_screen_row_position=&#8221;middle&#8221; column_margin=&#8221;default&#8221; column_direction=&#8221;default&#8221; column_direction_tablet=&#8221;default&#8221; column_direction_phone=&#8221;default&#8221; scene_position=&#8221;center&#8221; text_color=&#8221;dark&#8221; text_align=&#8221;left&#8221; row_border_radius=&#8221;none&#8221; row_border_radius_applies=&#8221;bg&#8221; overflow=&#8221;visible&#8221; overlay_strength=&#8221;0.3&#8243; gradient_direction=&#8221;left_to_right&#8221; shape_divider_position=&#8221;bottom&#8221; bg_image_animation=&#8221;none&#8221;][vc_column column_padding=&#8221;no-extra-padding&#8221; column_padding_tablet=&#8221;inherit&#8221; column_padding_phone=&#8221;inherit&#8221; column_padding_position=&#8221;all&#8221; column_element_direction_desktop=&#8221;default&#8221; column_element_spacing=&#8221;default&#8221; desktop_text_alignment=&#8221;default&#8221; tablet_text_alignment=&#8221;default&#8221; phone_text_alignment=&#8221;default&#8221; background_color_opacity=&#8221;1&#8243; background_hover_color_opacity=&#8221;1&#8243; column_backdrop_filter=&#8221;none&#8221; column_shadow=&#8221;none&#8221; column_border_radius=&#8221;none&#8221; column_link_target=&#8221;_self&#8221; column_position=&#8221;default&#8221; gradient_direction=&#8221;left_to_right&#8221; overlay_strength=&#8221;0.3&#8243; width=&#8221;1\/1&#8243; tablet_width_inherit=&#8221;default&#8221; animation_type=&#8221;default&#8221; bg_image_animation=&#8221;none&#8221; border_type=&#8221;simple&#8221; column_border_width=&#8221;none&#8221; column_border_style=&#8221;solid&#8221;][vc_column_text css=&#8221;&#8221; text_direction=&#8221;default&#8221;]\n<p data-start=\"74\" data-end=\"652\">Il miele di rododendro della Val Passiria \u00e8 una specialit\u00e0 particolare proveniente dalle zone d&#8217;alta quota dell&#8217;Alto Adige. Ottenuto dal nettare del rododendro, questo miele convince per il suo aroma fine e floreale e per una dolcezza piacevolmente delicata. La sua consistenza, da cremosa a leggermente fluida, lo rende versatile: ideale a colazione, come dolcificante naturale per t\u00e8 o yogurt e per raffinare i dessert. Purissimo e lavorato con cura, questo miele rappresenta il gusto autentico del mondo alpino.   <\/p>\n<p>Disponibile in porzioni da:<\/p>\n<ul>\n<li>7,50 \u20ac\/250 g in vasetto<\/li>\n<li>12,00 \u20ac\/500 g in vasetto<\/li>\n<\/ul>\n[\/vc_column_text][\/vc_column][\/vc_row]\n","protected":false},"excerpt":{"rendered":"<p>\u2022 Miele di rododendro purissimo<br \/>\n\u2022 Fine aroma floreale<br \/>\n\u2022 Dolcezza naturale e delicata<br \/>\n\u2022 Dalla Val Passiria<br \/>\n\u2022 Ideale per colazione e t\u00e8<\/p>\n","protected":false},"featured_media":6632,"template":"","meta":[],"product_brand":[],"product_cat":[146],"product_tag":[1945,2364,1119,1122,4045,4044,1118,4046,4047,4048,2002],"class_list":{"0":"post-6625","1":"product","2":"type-product","3":"status-publish","4":"has-post-thumbnail","6":"product_cat-miele","7":"product_tag-alto-adige","8":"product_tag-cremoso","9":"product_tag-miele","10":"product_tag-miele-dapicoltore","11":"product_tag-miele-di-montagna","12":"product_tag-miele-di-rododendro","13":"product_tag-miele-millefiori","14":"product_tag-purissimo","15":"product_tag-rododendro","16":"product_tag-specialita-di-miele","17":"product_tag-val-passiria","18":"product_shipping_class-fino-a-2-kg","20":"first","21":"instock","22":"shipping-taxable","23":"purchasable","24":"product-type-variable","25":"has-default-attributes"},"yoast_head":"<!-- This site is optimized with the Yoast SEO plugin v27.4 - https:\/\/yoast.com\/product\/yoast-seo-wordpress\/ -->\n<title>Miele di rododendro Val Passiria \u2013 miele purissimo dell&#039;Alto Adige - Der Psairer - Speck, Wurst, K\u00e4se<\/title>\n<meta name=\"description\" content=\"Miele di rododendro della Val Passiria dall&#039;Alto Adige con un fine aroma floreale, dolcezza delicata e gusto purissimo.\" \/>\n<meta name=\"robots\" content=\"index, follow, max-snippet:-1, max-image-preview:large, max-video-preview:-1\" \/>\n<link rel=\"canonical\" href=\"https:\/\/derpsairer.it\/it\/produkt\/miele-di-bosco-miele-trentino-corposo-e-naturale-kopie-2\/\" \/>\n<meta property=\"og:locale\" content=\"it_IT\" \/>\n<meta property=\"og:type\" content=\"article\" \/>\n<meta property=\"og:title\" content=\"Miele di rododendro Val Passiria \u2013 miele purissimo dell&#039;Alto Adige - Der Psairer - Speck, Wurst, K\u00e4se\" \/>\n<meta property=\"og:description\" content=\"Miele di rododendro della Val Passiria dall&#039;Alto Adige con un fine aroma floreale, dolcezza delicata e gusto purissimo.\" \/>\n<meta property=\"og:url\" content=\"https:\/\/derpsairer.it\/it\/produkt\/miele-di-bosco-miele-trentino-corposo-e-naturale-kopie-2\/\" \/>\n<meta property=\"og:site_name\" content=\"Der Psairer - Speck, Wurst, K\u00e4se\" \/>\n<meta property=\"article:publisher\" content=\"https:\/\/www.facebook.com\/profile.php?id=100063648246860\" \/>\n<meta property=\"article:modified_time\" content=\"2026-04-25T14:36:08+00:00\" \/>\n<meta property=\"og:image\" content=\"https:\/\/derpsairer.it\/wp-22\/wp-content\/uploads\/2026\/04\/20260425_154454-removebg-preview.png\" \/>\n\t<meta property=\"og:image:width\" content=\"500\" \/>\n\t<meta property=\"og:image:height\" content=\"500\" \/>\n\t<meta property=\"og:image:type\" content=\"image\/png\" \/>\n<meta name=\"twitter:label1\" content=\"Tempo di lettura stimato\" \/>\n\t<meta name=\"twitter:data1\" content=\"1 minute\" \/>\n<script type=\"application\/ld+json\" class=\"yoast-schema-graph\">{\"@context\":\"https:\\\/\\\/schema.org\",\"@graph\":[{\"@type\":\"WebPage\",\"@id\":\"https:\\\/\\\/derpsairer.it\\\/it\\\/produkt\\\/miele-di-bosco-miele-trentino-corposo-e-naturale-kopie-2\\\/\",\"url\":\"https:\\\/\\\/derpsairer.it\\\/it\\\/produkt\\\/miele-di-bosco-miele-trentino-corposo-e-naturale-kopie-2\\\/\",\"name\":\"Miele di rododendro Val Passiria \u2013 miele purissimo dell'Alto Adige - Der Psairer - Speck, Wurst, K\u00e4se\",\"isPartOf\":{\"@id\":\"https:\\\/\\\/derpsairer.it\\\/it\\\/#website\"},\"primaryImageOfPage\":{\"@id\":\"https:\\\/\\\/derpsairer.it\\\/it\\\/produkt\\\/miele-di-bosco-miele-trentino-corposo-e-naturale-kopie-2\\\/#primaryimage\"},\"image\":{\"@id\":\"https:\\\/\\\/derpsairer.it\\\/it\\\/produkt\\\/miele-di-bosco-miele-trentino-corposo-e-naturale-kopie-2\\\/#primaryimage\"},\"thumbnailUrl\":\"https:\\\/\\\/derpsairer.it\\\/wp-22\\\/wp-content\\\/uploads\\\/2026\\\/04\\\/20260425_154454-removebg-preview.png\",\"datePublished\":\"2026-04-25T13:43:05+00:00\",\"dateModified\":\"2026-04-25T14:36:08+00:00\",\"description\":\"Miele di rododendro della Val Passiria dall'Alto Adige con un fine aroma floreale, dolcezza delicata e gusto purissimo.\",\"breadcrumb\":{\"@id\":\"https:\\\/\\\/derpsairer.it\\\/it\\\/produkt\\\/miele-di-bosco-miele-trentino-corposo-e-naturale-kopie-2\\\/#breadcrumb\"},\"inLanguage\":\"it-IT\",\"potentialAction\":[{\"@type\":\"ReadAction\",\"target\":[\"https:\\\/\\\/derpsairer.it\\\/it\\\/produkt\\\/miele-di-bosco-miele-trentino-corposo-e-naturale-kopie-2\\\/\"]}]},{\"@type\":\"ImageObject\",\"inLanguage\":\"it-IT\",\"@id\":\"https:\\\/\\\/derpsairer.it\\\/it\\\/produkt\\\/miele-di-bosco-miele-trentino-corposo-e-naturale-kopie-2\\\/#primaryimage\",\"url\":\"https:\\\/\\\/derpsairer.it\\\/wp-22\\\/wp-content\\\/uploads\\\/2026\\\/04\\\/20260425_154454-removebg-preview.png\",\"contentUrl\":\"https:\\\/\\\/derpsairer.it\\\/wp-22\\\/wp-content\\\/uploads\\\/2026\\\/04\\\/20260425_154454-removebg-preview.png\",\"width\":500,\"height\":500},{\"@type\":\"BreadcrumbList\",\"@id\":\"https:\\\/\\\/derpsairer.it\\\/it\\\/produkt\\\/miele-di-bosco-miele-trentino-corposo-e-naturale-kopie-2\\\/#breadcrumb\",\"itemListElement\":[{\"@type\":\"ListItem\",\"position\":1,\"name\":\"Home\",\"item\":\"https:\\\/\\\/derpsairer.it\\\/it\\\/il-negozio-di-speck-der-psairer\\\/\"},{\"@type\":\"ListItem\",\"position\":2,\"name\":\"Shop\",\"item\":\"https:\\\/\\\/derpsairer.it\\\/shop\\\/\"},{\"@type\":\"ListItem\",\"position\":3,\"name\":\"Miele di rododendro della Val Passiria \u2013 finemente aromatico e purissimo\"}]},{\"@type\":\"WebSite\",\"@id\":\"https:\\\/\\\/derpsairer.it\\\/it\\\/#website\",\"url\":\"https:\\\/\\\/derpsairer.it\\\/it\\\/\",\"name\":\"Der Psairer - Speck, Wurst, K\u00e4se\",\"description\":\"Speck, Wurst und K\u00e4s aus Passeiertal in S\u00fcdtirol online bestellen.\",\"publisher\":{\"@id\":\"https:\\\/\\\/derpsairer.it\\\/it\\\/#organization\"},\"potentialAction\":[{\"@type\":\"SearchAction\",\"target\":{\"@type\":\"EntryPoint\",\"urlTemplate\":\"https:\\\/\\\/derpsairer.it\\\/it\\\/?s={search_term_string}\"},\"query-input\":{\"@type\":\"PropertyValueSpecification\",\"valueRequired\":true,\"valueName\":\"search_term_string\"}}],\"inLanguage\":\"it-IT\"},{\"@type\":\"Organization\",\"@id\":\"https:\\\/\\\/derpsairer.it\\\/it\\\/#organization\",\"name\":\"Der Psairer - Speck, Wurst, K\u00e4se\",\"url\":\"https:\\\/\\\/derpsairer.it\\\/it\\\/\",\"logo\":{\"@type\":\"ImageObject\",\"inLanguage\":\"it-IT\",\"@id\":\"https:\\\/\\\/derpsairer.it\\\/it\\\/#\\\/schema\\\/logo\\\/image\\\/\",\"url\":\"https:\\\/\\\/derpsairer.it\\\/wp-22\\\/wp-content\\\/uploads\\\/2020\\\/03\\\/DER-PSAIRER-LOGO-2x.png\",\"contentUrl\":\"https:\\\/\\\/derpsairer.it\\\/wp-22\\\/wp-content\\\/uploads\\\/2020\\\/03\\\/DER-PSAIRER-LOGO-2x.png\",\"width\":500,\"height\":500,\"caption\":\"Der Psairer - Speck, Wurst, K\u00e4se\"},\"image\":{\"@id\":\"https:\\\/\\\/derpsairer.it\\\/it\\\/#\\\/schema\\\/logo\\\/image\\\/\"},\"sameAs\":[\"https:\\\/\\\/www.facebook.com\\\/profile.php?id=100063648246860\"]}]}<\/script>\n<!-- \/ Yoast SEO plugin. -->","yoast_head_json":{"title":"Miele di rododendro Val Passiria \u2013 miele purissimo dell'Alto Adige - Der Psairer - Speck, Wurst, K\u00e4se","description":"Miele di rododendro della Val Passiria dall'Alto Adige con un fine aroma floreale, dolcezza delicata e gusto purissimo.","robots":{"index":"index","follow":"follow","max-snippet":"max-snippet:-1","max-image-preview":"max-image-preview:large","max-video-preview":"max-video-preview:-1"},"canonical":"https:\/\/derpsairer.it\/it\/produkt\/miele-di-bosco-miele-trentino-corposo-e-naturale-kopie-2\/","og_locale":"it_IT","og_type":"article","og_title":"Miele di rododendro Val Passiria \u2013 miele purissimo dell'Alto Adige - Der Psairer - Speck, Wurst, K\u00e4se","og_description":"Miele di rododendro della Val Passiria dall'Alto Adige con un fine aroma floreale, dolcezza delicata e gusto purissimo.","og_url":"https:\/\/derpsairer.it\/it\/produkt\/miele-di-bosco-miele-trentino-corposo-e-naturale-kopie-2\/","og_site_name":"Der Psairer - Speck, Wurst, K\u00e4se","article_publisher":"https:\/\/www.facebook.com\/profile.php?id=100063648246860","article_modified_time":"2026-04-25T14:36:08+00:00","og_image":[{"width":500,"height":500,"url":"https:\/\/derpsairer.it\/wp-22\/wp-content\/uploads\/2026\/04\/20260425_154454-removebg-preview.png","type":"image\/png"}],"twitter_misc":{"Tempo di lettura stimato":"1 minute"},"schema":{"@context":"https:\/\/schema.org","@graph":[{"@type":"WebPage","@id":"https:\/\/derpsairer.it\/it\/produkt\/miele-di-bosco-miele-trentino-corposo-e-naturale-kopie-2\/","url":"https:\/\/derpsairer.it\/it\/produkt\/miele-di-bosco-miele-trentino-corposo-e-naturale-kopie-2\/","name":"Miele di rododendro Val Passiria \u2013 miele purissimo dell'Alto Adige - Der Psairer - Speck, Wurst, K\u00e4se","isPartOf":{"@id":"https:\/\/derpsairer.it\/it\/#website"},"primaryImageOfPage":{"@id":"https:\/\/derpsairer.it\/it\/produkt\/miele-di-bosco-miele-trentino-corposo-e-naturale-kopie-2\/#primaryimage"},"image":{"@id":"https:\/\/derpsairer.it\/it\/produkt\/miele-di-bosco-miele-trentino-corposo-e-naturale-kopie-2\/#primaryimage"},"thumbnailUrl":"https:\/\/derpsairer.it\/wp-22\/wp-content\/uploads\/2026\/04\/20260425_154454-removebg-preview.png","datePublished":"2026-04-25T13:43:05+00:00","dateModified":"2026-04-25T14:36:08+00:00","description":"Miele di rododendro della Val Passiria dall'Alto Adige con un fine aroma floreale, dolcezza delicata e gusto purissimo.","breadcrumb":{"@id":"https:\/\/derpsairer.it\/it\/produkt\/miele-di-bosco-miele-trentino-corposo-e-naturale-kopie-2\/#breadcrumb"},"inLanguage":"it-IT","potentialAction":[{"@type":"ReadAction","target":["https:\/\/derpsairer.it\/it\/produkt\/miele-di-bosco-miele-trentino-corposo-e-naturale-kopie-2\/"]}]},{"@type":"ImageObject","inLanguage":"it-IT","@id":"https:\/\/derpsairer.it\/it\/produkt\/miele-di-bosco-miele-trentino-corposo-e-naturale-kopie-2\/#primaryimage","url":"https:\/\/derpsairer.it\/wp-22\/wp-content\/uploads\/2026\/04\/20260425_154454-removebg-preview.png","contentUrl":"https:\/\/derpsairer.it\/wp-22\/wp-content\/uploads\/2026\/04\/20260425_154454-removebg-preview.png","width":500,"height":500},{"@type":"BreadcrumbList","@id":"https:\/\/derpsairer.it\/it\/produkt\/miele-di-bosco-miele-trentino-corposo-e-naturale-kopie-2\/#breadcrumb","itemListElement":[{"@type":"ListItem","position":1,"name":"Home","item":"https:\/\/derpsairer.it\/it\/il-negozio-di-speck-der-psairer\/"},{"@type":"ListItem","position":2,"name":"Shop","item":"https:\/\/derpsairer.it\/shop\/"},{"@type":"ListItem","position":3,"name":"Miele di rododendro della Val Passiria \u2013 finemente aromatico e purissimo"}]},{"@type":"WebSite","@id":"https:\/\/derpsairer.it\/it\/#website","url":"https:\/\/derpsairer.it\/it\/","name":"Der Psairer - Speck, Wurst, K\u00e4se","description":"Speck, Wurst und K\u00e4s aus Passeiertal in S\u00fcdtirol online bestellen.","publisher":{"@id":"https:\/\/derpsairer.it\/it\/#organization"},"potentialAction":[{"@type":"SearchAction","target":{"@type":"EntryPoint","urlTemplate":"https:\/\/derpsairer.it\/it\/?s={search_term_string}"},"query-input":{"@type":"PropertyValueSpecification","valueRequired":true,"valueName":"search_term_string"}}],"inLanguage":"it-IT"},{"@type":"Organization","@id":"https:\/\/derpsairer.it\/it\/#organization","name":"Der Psairer - Speck, Wurst, K\u00e4se","url":"https:\/\/derpsairer.it\/it\/","logo":{"@type":"ImageObject","inLanguage":"it-IT","@id":"https:\/\/derpsairer.it\/it\/#\/schema\/logo\/image\/","url":"https:\/\/derpsairer.it\/wp-22\/wp-content\/uploads\/2020\/03\/DER-PSAIRER-LOGO-2x.png","contentUrl":"https:\/\/derpsairer.it\/wp-22\/wp-content\/uploads\/2020\/03\/DER-PSAIRER-LOGO-2x.png","width":500,"height":500,"caption":"Der Psairer - Speck, Wurst, K\u00e4se"},"image":{"@id":"https:\/\/derpsairer.it\/it\/#\/schema\/logo\/image\/"},"sameAs":["https:\/\/www.facebook.com\/profile.php?id=100063648246860"]}]}},"_links":{"self":[{"href":"https:\/\/derpsairer.it\/it\/wp-json\/wp\/v2\/product\/6625","targetHints":{"allow":["GET"]}}],"collection":[{"href":"https:\/\/derpsairer.it\/it\/wp-json\/wp\/v2\/product"}],"about":[{"href":"https:\/\/derpsairer.it\/it\/wp-json\/wp\/v2\/types\/product"}],"wp:featuredmedia":[{"embeddable":true,"href":"https:\/\/derpsairer.it\/it\/wp-json\/wp\/v2\/media\/6632"}],"wp:attachment":[{"href":"https:\/\/derpsairer.it\/it\/wp-json\/wp\/v2\/media?parent=6625"}],"wp:term":[{"taxonomy":"product_brand","embeddable":true,"href":"https:\/\/derpsairer.it\/it\/wp-json\/wp\/v2\/product_brand?post=6625"},{"taxonomy":"product_cat","embeddable":true,"href":"https:\/\/derpsairer.it\/it\/wp-json\/wp\/v2\/product_cat?post=6625"},{"taxonomy":"product_tag","embeddable":true,"href":"https:\/\/derpsairer.it\/it\/wp-json\/wp\/v2\/product_tag?post=6625"}],"curies":[{"name":"wp","href":"https:\/\/api.w.org\/{rel}","templated":true}]}}