{"id":6655,"date":"2026-04-25T18:10:56","date_gmt":"2026-04-25T16:10:56","guid":{"rendered":"https:\/\/derpsairer.it\/?post_type=product&#038;p=6655"},"modified":"2026-04-25T18:25:40","modified_gmt":"2026-04-25T16:25:40","slug":"sciroppo-ai-frutti-di-bosco-schmiedhof-sciroppo-fruttato-della-val-passiria-kopie","status":"publish","type":"product","link":"https:\/\/derpsairer.it\/it\/produkt\/sciroppo-ai-frutti-di-bosco-schmiedhof-sciroppo-fruttato-della-val-passiria-kopie\/","title":{"rendered":"Sciroppo di fiori di sambuco contadino di Fi\u00e8 allo Sciliar \u2013 floreale e rinfrescante"},"content":{"rendered":"<div class=\"content--title\">\n<p data-start=\"85\" data-end=\"624\">Lo sciroppo di fiori di sambuco contadino di Fi\u00e8 allo Sciliar convince per il suo aroma fine e floreale e la sua dolcezza piacevolmente equilibrata. Prodotto con fiori di sambuco accuratamente selezionati, porta nel bicchiere il tipico gusto dell&#8217;inizio dell&#8217;estate. Il suo profilo olfattivo intenso e la nota fresca lo rendono ideale come bevanda rinfrescante con acqua, per affinare il prosecco o per dessert e dolci. Prodotto con cura, questo sciroppo \u00e8 sinonimo di piacere naturale dell&#8217;Alto Adige.   <\/p>\n<p data-start=\"881\" data-end=\"1198\">Contenuto: 500 ml<\/p>\n<\/div>\n","protected":false},"excerpt":{"rendered":"<p>\u2022 Fine aroma di fiori di sambuco<br \/>\n\u2022 Piacevole dolcezza floreale<br \/>\n\u2022 Da Fi\u00e8 allo Sciliar<br \/>\n\u2022 Ideale per bevande e dessert<br \/>\n\u2022 Sciroppo contadino dell&#8217;Alto Adige<\/p>\n","protected":false},"featured_media":6657,"template":"","meta":[],"product_brand":[],"product_cat":[146],"product_tag":[1945,3165,2523,2131,4055,4054,2578,1952,2133,4056,2154],"class_list":{"0":"post-6655","1":"product","2":"type-product","3":"status-publish","4":"has-post-thumbnail","6":"product_cat-miele","7":"product_tag-alto-adige","8":"product_tag-bevanda","9":"product_tag-dessert-2","10":"product_tag-fatto-in-casa","11":"product_tag-fie-allo-sciliar","12":"product_tag-fiori-di-sambuco-2","13":"product_tag-fiorito","14":"product_tag-rinfresco","15":"product_tag-sciroppo","16":"product_tag-sciroppo-contadino","17":"product_tag-sciroppo-di-fiori-di-sambuco","19":"first","20":"instock","21":"shipping-taxable","22":"purchasable","23":"product-type-simple"},"yoast_head":"<!-- This site is optimized with the Yoast SEO plugin v27.4 - https:\/\/yoast.com\/product\/yoast-seo-wordpress\/ -->\n<title>Sciroppo di fiori di sambuco Fi\u00e8 \u2013 sciroppo contadino dell&#039;Alto Adige - Der Psairer - Speck, Wurst, K\u00e4se<\/title>\n<meta name=\"description\" content=\"Sciroppo di fiori di sambuco Fi\u00e8 dall&#039;Alto Adige con fine aroma floreale e dolcezza naturale per bevande rinfrescanti.\" \/>\n<meta name=\"robots\" content=\"index, follow, max-snippet:-1, max-image-preview:large, max-video-preview:-1\" \/>\n<link rel=\"canonical\" href=\"https:\/\/derpsairer.it\/it\/produkt\/sciroppo-ai-frutti-di-bosco-schmiedhof-sciroppo-fruttato-della-val-passiria-kopie\/\" \/>\n<meta property=\"og:locale\" content=\"it_IT\" \/>\n<meta property=\"og:type\" content=\"article\" \/>\n<meta property=\"og:title\" content=\"Sciroppo di fiori di sambuco Fi\u00e8 \u2013 sciroppo contadino dell&#039;Alto Adige - Der Psairer - Speck, Wurst, K\u00e4se\" \/>\n<meta property=\"og:description\" content=\"Sciroppo di fiori di sambuco Fi\u00e8 dall&#039;Alto Adige con fine aroma floreale e dolcezza naturale per bevande rinfrescanti.\" \/>\n<meta property=\"og:url\" content=\"https:\/\/derpsairer.it\/it\/produkt\/sciroppo-ai-frutti-di-bosco-schmiedhof-sciroppo-fruttato-della-val-passiria-kopie\/\" \/>\n<meta property=\"og:site_name\" content=\"Der Psairer - Speck, Wurst, K\u00e4se\" \/>\n<meta property=\"article:publisher\" content=\"https:\/\/www.facebook.com\/profile.php?id=100063648246860\" \/>\n<meta property=\"article:modified_time\" content=\"2026-04-25T16:25:40+00:00\" \/>\n<meta property=\"og:image\" content=\"https:\/\/derpsairer.it\/wp-22\/wp-content\/uploads\/2026\/04\/20260425_180550-removebg-preview.png\" \/>\n\t<meta property=\"og:image:width\" content=\"500\" \/>\n\t<meta property=\"og:image:height\" content=\"500\" \/>\n\t<meta property=\"og:image:type\" content=\"image\/png\" \/>\n<script type=\"application\/ld+json\" class=\"yoast-schema-graph\">{\"@context\":\"https:\\\/\\\/schema.org\",\"@graph\":[{\"@type\":\"WebPage\",\"@id\":\"https:\\\/\\\/derpsairer.it\\\/it\\\/produkt\\\/sciroppo-ai-frutti-di-bosco-schmiedhof-sciroppo-fruttato-della-val-passiria-kopie\\\/\",\"url\":\"https:\\\/\\\/derpsairer.it\\\/it\\\/produkt\\\/sciroppo-ai-frutti-di-bosco-schmiedhof-sciroppo-fruttato-della-val-passiria-kopie\\\/\",\"name\":\"Sciroppo di fiori di sambuco Fi\u00e8 \u2013 sciroppo contadino dell'Alto Adige - Der Psairer - Speck, Wurst, K\u00e4se\",\"isPartOf\":{\"@id\":\"https:\\\/\\\/derpsairer.it\\\/it\\\/#website\"},\"primaryImageOfPage\":{\"@id\":\"https:\\\/\\\/derpsairer.it\\\/it\\\/produkt\\\/sciroppo-ai-frutti-di-bosco-schmiedhof-sciroppo-fruttato-della-val-passiria-kopie\\\/#primaryimage\"},\"image\":{\"@id\":\"https:\\\/\\\/derpsairer.it\\\/it\\\/produkt\\\/sciroppo-ai-frutti-di-bosco-schmiedhof-sciroppo-fruttato-della-val-passiria-kopie\\\/#primaryimage\"},\"thumbnailUrl\":\"https:\\\/\\\/derpsairer.it\\\/wp-22\\\/wp-content\\\/uploads\\\/2026\\\/04\\\/20260425_180550-removebg-preview.png\",\"datePublished\":\"2026-04-25T16:10:56+00:00\",\"dateModified\":\"2026-04-25T16:25:40+00:00\",\"description\":\"Sciroppo di fiori di sambuco Fi\u00e8 dall'Alto Adige con fine aroma floreale e dolcezza naturale per bevande rinfrescanti.\",\"breadcrumb\":{\"@id\":\"https:\\\/\\\/derpsairer.it\\\/it\\\/produkt\\\/sciroppo-ai-frutti-di-bosco-schmiedhof-sciroppo-fruttato-della-val-passiria-kopie\\\/#breadcrumb\"},\"inLanguage\":\"it-IT\",\"potentialAction\":[{\"@type\":\"ReadAction\",\"target\":[\"https:\\\/\\\/derpsairer.it\\\/it\\\/produkt\\\/sciroppo-ai-frutti-di-bosco-schmiedhof-sciroppo-fruttato-della-val-passiria-kopie\\\/\"]}]},{\"@type\":\"ImageObject\",\"inLanguage\":\"it-IT\",\"@id\":\"https:\\\/\\\/derpsairer.it\\\/it\\\/produkt\\\/sciroppo-ai-frutti-di-bosco-schmiedhof-sciroppo-fruttato-della-val-passiria-kopie\\\/#primaryimage\",\"url\":\"https:\\\/\\\/derpsairer.it\\\/wp-22\\\/wp-content\\\/uploads\\\/2026\\\/04\\\/20260425_180550-removebg-preview.png\",\"contentUrl\":\"https:\\\/\\\/derpsairer.it\\\/wp-22\\\/wp-content\\\/uploads\\\/2026\\\/04\\\/20260425_180550-removebg-preview.png\",\"width\":500,\"height\":500},{\"@type\":\"BreadcrumbList\",\"@id\":\"https:\\\/\\\/derpsairer.it\\\/it\\\/produkt\\\/sciroppo-ai-frutti-di-bosco-schmiedhof-sciroppo-fruttato-della-val-passiria-kopie\\\/#breadcrumb\",\"itemListElement\":[{\"@type\":\"ListItem\",\"position\":1,\"name\":\"Home\",\"item\":\"https:\\\/\\\/derpsairer.it\\\/it\\\/il-negozio-di-speck-der-psairer\\\/\"},{\"@type\":\"ListItem\",\"position\":2,\"name\":\"Shop\",\"item\":\"https:\\\/\\\/derpsairer.it\\\/shop\\\/\"},{\"@type\":\"ListItem\",\"position\":3,\"name\":\"Sciroppo di fiori di sambuco contadino di Fi\u00e8 allo Sciliar \u2013 floreale e rinfrescante\"}]},{\"@type\":\"WebSite\",\"@id\":\"https:\\\/\\\/derpsairer.it\\\/it\\\/#website\",\"url\":\"https:\\\/\\\/derpsairer.it\\\/it\\\/\",\"name\":\"Der Psairer - Speck, Wurst, K\u00e4se\",\"description\":\"Speck, Wurst und K\u00e4s aus Passeiertal in S\u00fcdtirol online bestellen.\",\"publisher\":{\"@id\":\"https:\\\/\\\/derpsairer.it\\\/it\\\/#organization\"},\"potentialAction\":[{\"@type\":\"SearchAction\",\"target\":{\"@type\":\"EntryPoint\",\"urlTemplate\":\"https:\\\/\\\/derpsairer.it\\\/it\\\/?s={search_term_string}\"},\"query-input\":{\"@type\":\"PropertyValueSpecification\",\"valueRequired\":true,\"valueName\":\"search_term_string\"}}],\"inLanguage\":\"it-IT\"},{\"@type\":\"Organization\",\"@id\":\"https:\\\/\\\/derpsairer.it\\\/it\\\/#organization\",\"name\":\"Der Psairer - Speck, Wurst, K\u00e4se\",\"url\":\"https:\\\/\\\/derpsairer.it\\\/it\\\/\",\"logo\":{\"@type\":\"ImageObject\",\"inLanguage\":\"it-IT\",\"@id\":\"https:\\\/\\\/derpsairer.it\\\/it\\\/#\\\/schema\\\/logo\\\/image\\\/\",\"url\":\"https:\\\/\\\/derpsairer.it\\\/wp-22\\\/wp-content\\\/uploads\\\/2020\\\/03\\\/DER-PSAIRER-LOGO-2x.png\",\"contentUrl\":\"https:\\\/\\\/derpsairer.it\\\/wp-22\\\/wp-content\\\/uploads\\\/2020\\\/03\\\/DER-PSAIRER-LOGO-2x.png\",\"width\":500,\"height\":500,\"caption\":\"Der Psairer - Speck, Wurst, K\u00e4se\"},\"image\":{\"@id\":\"https:\\\/\\\/derpsairer.it\\\/it\\\/#\\\/schema\\\/logo\\\/image\\\/\"},\"sameAs\":[\"https:\\\/\\\/www.facebook.com\\\/profile.php?id=100063648246860\"]}]}<\/script>\n<!-- \/ Yoast SEO plugin. -->","yoast_head_json":{"title":"Sciroppo di fiori di sambuco Fi\u00e8 \u2013 sciroppo contadino dell'Alto Adige - Der Psairer - Speck, Wurst, K\u00e4se","description":"Sciroppo di fiori di sambuco Fi\u00e8 dall'Alto Adige con fine aroma floreale e dolcezza naturale per bevande rinfrescanti.","robots":{"index":"index","follow":"follow","max-snippet":"max-snippet:-1","max-image-preview":"max-image-preview:large","max-video-preview":"max-video-preview:-1"},"canonical":"https:\/\/derpsairer.it\/it\/produkt\/sciroppo-ai-frutti-di-bosco-schmiedhof-sciroppo-fruttato-della-val-passiria-kopie\/","og_locale":"it_IT","og_type":"article","og_title":"Sciroppo di fiori di sambuco Fi\u00e8 \u2013 sciroppo contadino dell'Alto Adige - Der Psairer - Speck, Wurst, K\u00e4se","og_description":"Sciroppo di fiori di sambuco Fi\u00e8 dall'Alto Adige con fine aroma floreale e dolcezza naturale per bevande rinfrescanti.","og_url":"https:\/\/derpsairer.it\/it\/produkt\/sciroppo-ai-frutti-di-bosco-schmiedhof-sciroppo-fruttato-della-val-passiria-kopie\/","og_site_name":"Der Psairer - Speck, Wurst, K\u00e4se","article_publisher":"https:\/\/www.facebook.com\/profile.php?id=100063648246860","article_modified_time":"2026-04-25T16:25:40+00:00","og_image":[{"width":500,"height":500,"url":"https:\/\/derpsairer.it\/wp-22\/wp-content\/uploads\/2026\/04\/20260425_180550-removebg-preview.png","type":"image\/png"}],"schema":{"@context":"https:\/\/schema.org","@graph":[{"@type":"WebPage","@id":"https:\/\/derpsairer.it\/it\/produkt\/sciroppo-ai-frutti-di-bosco-schmiedhof-sciroppo-fruttato-della-val-passiria-kopie\/","url":"https:\/\/derpsairer.it\/it\/produkt\/sciroppo-ai-frutti-di-bosco-schmiedhof-sciroppo-fruttato-della-val-passiria-kopie\/","name":"Sciroppo di fiori di sambuco Fi\u00e8 \u2013 sciroppo contadino dell'Alto Adige - Der Psairer - Speck, Wurst, K\u00e4se","isPartOf":{"@id":"https:\/\/derpsairer.it\/it\/#website"},"primaryImageOfPage":{"@id":"https:\/\/derpsairer.it\/it\/produkt\/sciroppo-ai-frutti-di-bosco-schmiedhof-sciroppo-fruttato-della-val-passiria-kopie\/#primaryimage"},"image":{"@id":"https:\/\/derpsairer.it\/it\/produkt\/sciroppo-ai-frutti-di-bosco-schmiedhof-sciroppo-fruttato-della-val-passiria-kopie\/#primaryimage"},"thumbnailUrl":"https:\/\/derpsairer.it\/wp-22\/wp-content\/uploads\/2026\/04\/20260425_180550-removebg-preview.png","datePublished":"2026-04-25T16:10:56+00:00","dateModified":"2026-04-25T16:25:40+00:00","description":"Sciroppo di fiori di sambuco Fi\u00e8 dall'Alto Adige con fine aroma floreale e dolcezza naturale per bevande rinfrescanti.","breadcrumb":{"@id":"https:\/\/derpsairer.it\/it\/produkt\/sciroppo-ai-frutti-di-bosco-schmiedhof-sciroppo-fruttato-della-val-passiria-kopie\/#breadcrumb"},"inLanguage":"it-IT","potentialAction":[{"@type":"ReadAction","target":["https:\/\/derpsairer.it\/it\/produkt\/sciroppo-ai-frutti-di-bosco-schmiedhof-sciroppo-fruttato-della-val-passiria-kopie\/"]}]},{"@type":"ImageObject","inLanguage":"it-IT","@id":"https:\/\/derpsairer.it\/it\/produkt\/sciroppo-ai-frutti-di-bosco-schmiedhof-sciroppo-fruttato-della-val-passiria-kopie\/#primaryimage","url":"https:\/\/derpsairer.it\/wp-22\/wp-content\/uploads\/2026\/04\/20260425_180550-removebg-preview.png","contentUrl":"https:\/\/derpsairer.it\/wp-22\/wp-content\/uploads\/2026\/04\/20260425_180550-removebg-preview.png","width":500,"height":500},{"@type":"BreadcrumbList","@id":"https:\/\/derpsairer.it\/it\/produkt\/sciroppo-ai-frutti-di-bosco-schmiedhof-sciroppo-fruttato-della-val-passiria-kopie\/#breadcrumb","itemListElement":[{"@type":"ListItem","position":1,"name":"Home","item":"https:\/\/derpsairer.it\/it\/il-negozio-di-speck-der-psairer\/"},{"@type":"ListItem","position":2,"name":"Shop","item":"https:\/\/derpsairer.it\/shop\/"},{"@type":"ListItem","position":3,"name":"Sciroppo di fiori di sambuco contadino di Fi\u00e8 allo Sciliar \u2013 floreale e rinfrescante"}]},{"@type":"WebSite","@id":"https:\/\/derpsairer.it\/it\/#website","url":"https:\/\/derpsairer.it\/it\/","name":"Der Psairer - Speck, Wurst, K\u00e4se","description":"Speck, Wurst und K\u00e4s aus Passeiertal in S\u00fcdtirol online bestellen.","publisher":{"@id":"https:\/\/derpsairer.it\/it\/#organization"},"potentialAction":[{"@type":"SearchAction","target":{"@type":"EntryPoint","urlTemplate":"https:\/\/derpsairer.it\/it\/?s={search_term_string}"},"query-input":{"@type":"PropertyValueSpecification","valueRequired":true,"valueName":"search_term_string"}}],"inLanguage":"it-IT"},{"@type":"Organization","@id":"https:\/\/derpsairer.it\/it\/#organization","name":"Der Psairer - Speck, Wurst, K\u00e4se","url":"https:\/\/derpsairer.it\/it\/","logo":{"@type":"ImageObject","inLanguage":"it-IT","@id":"https:\/\/derpsairer.it\/it\/#\/schema\/logo\/image\/","url":"https:\/\/derpsairer.it\/wp-22\/wp-content\/uploads\/2020\/03\/DER-PSAIRER-LOGO-2x.png","contentUrl":"https:\/\/derpsairer.it\/wp-22\/wp-content\/uploads\/2020\/03\/DER-PSAIRER-LOGO-2x.png","width":500,"height":500,"caption":"Der Psairer - Speck, Wurst, K\u00e4se"},"image":{"@id":"https:\/\/derpsairer.it\/it\/#\/schema\/logo\/image\/"},"sameAs":["https:\/\/www.facebook.com\/profile.php?id=100063648246860"]}]}},"_links":{"self":[{"href":"https:\/\/derpsairer.it\/it\/wp-json\/wp\/v2\/product\/6655","targetHints":{"allow":["GET"]}}],"collection":[{"href":"https:\/\/derpsairer.it\/it\/wp-json\/wp\/v2\/product"}],"about":[{"href":"https:\/\/derpsairer.it\/it\/wp-json\/wp\/v2\/types\/product"}],"wp:featuredmedia":[{"embeddable":true,"href":"https:\/\/derpsairer.it\/it\/wp-json\/wp\/v2\/media\/6657"}],"wp:attachment":[{"href":"https:\/\/derpsairer.it\/it\/wp-json\/wp\/v2\/media?parent=6655"}],"wp:term":[{"taxonomy":"product_brand","embeddable":true,"href":"https:\/\/derpsairer.it\/it\/wp-json\/wp\/v2\/product_brand?post=6655"},{"taxonomy":"product_cat","embeddable":true,"href":"https:\/\/derpsairer.it\/it\/wp-json\/wp\/v2\/product_cat?post=6655"},{"taxonomy":"product_tag","embeddable":true,"href":"https:\/\/derpsairer.it\/it\/wp-json\/wp\/v2\/product_tag?post=6655"}],"curies":[{"name":"wp","href":"https:\/\/api.w.org\/{rel}","templated":true}]}}